{"id":61,"date":"2021-05-18T15:31:56","date_gmt":"2021-05-18T18:31:56","guid":{"rendered":"https:\/\/wp.ufpel.edu.br\/hidrosens\/?page_id=61"},"modified":"2021-05-20T09:20:55","modified_gmt":"2021-05-20T12:20:55","slug":"publicacoes","status":"publish","type":"page","link":"https:\/\/wp.ufpel.edu.br\/hidrosens\/publicacoes\/","title":{"rendered":"Publica\u00e7\u00f5es"},"content":{"rendered":"<ol>\n<li>Machado, L, Contreira-Pereira, L. DESENVOLVIMENTO DE UM TURBID\u00cdMETRO DE BAIXO CUSTO PARA MONITORAMENTO IN SITU DE \u00c1GUAS NATURAIS. XXIX CIC, 6\u00aa SIEEPE UFPEL 2020<\/li>\n<li>Vergara, T. C.; Gir\u00f3, M. X.; Contreira-Pereira, L. AN\u00c1LISE DE MATERIAIS PARA O DESENVOLVIMENTO DE UM SENSOR DE CONDUTIVIDADE EL\u00c9TRICA DE \u00c1GUAS NATURAIS. XXIX CIC. UFPel, 2019.<\/li>\n<\/ol>\n","protected":false},"excerpt":{"rendered":"<p>Machado, L, Contreira-Pereira, L. DESENVOLVIMENTO DE UM TURBID\u00cdMETRO DE BAIXO CUSTO PARA MONITORAMENTO IN SITU DE \u00c1GUAS NATURAIS. XXIX CIC, 6\u00aa SIEEPE UFPEL 2020 Vergara, T. C.; Gir\u00f3, M. X.; Contreira-Pereira, L. AN\u00c1LISE DE MATERIAIS PARA O DESENVOLVIMENTO DE UM SENSOR DE CONDUTIVIDADE EL\u00c9TRICA DE \u00c1GUAS NATURAIS. XXIX CIC. UFPel, 2019.<\/p>\n","protected":false},"author":1144,"featured_media":0,"parent":0,"menu_order":0,"comment_status":"closed","ping_status":"closed","template":"","meta":{"footnotes":""},"class_list":["post-61","page","type-page","status-publish","hentry"],"_links":{"self":[{"href":"https:\/\/wp.ufpel.edu.br\/hidrosens\/wp-json\/wp\/v2\/pages\/61","targetHints":{"allow":["GET"]}}],"collection":[{"href":"https:\/\/wp.ufpel.edu.br\/hidrosens\/wp-json\/wp\/v2\/pages"}],"about":[{"href":"https:\/\/wp.ufpel.edu.br\/hidrosens\/wp-json\/wp\/v2\/types\/page"}],"author":[{"embeddable":true,"href":"https:\/\/wp.ufpel.edu.br\/hidrosens\/wp-json\/wp\/v2\/users\/1144"}],"replies":[{"embeddable":true,"href":"https:\/\/wp.ufpel.edu.br\/hidrosens\/wp-json\/wp\/v2\/comments?post=61"}],"version-history":[{"count":4,"href":"https:\/\/wp.ufpel.edu.br\/hidrosens\/wp-json\/wp\/v2\/pages\/61\/revisions"}],"predecessor-version":[{"id":68,"href":"https:\/\/wp.ufpel.edu.br\/hidrosens\/wp-json\/wp\/v2\/pages\/61\/revisions\/68"}],"wp:attachment":[{"href":"https:\/\/wp.ufpel.edu.br\/hidrosens\/wp-json\/wp\/v2\/media?parent=61"}],"curies":[{"name":"wp","href":"https:\/\/api.w.org\/{rel}","templated":true}]}}