{"id":26,"date":"2021-05-07T13:55:17","date_gmt":"2021-05-07T16:55:17","guid":{"rendered":"https:\/\/wp.ufpel.edu.br\/hidrosens\/?page_id=26"},"modified":"2025-05-27T23:33:07","modified_gmt":"2025-05-28T02:33:07","slug":"integrantes","status":"publish","type":"page","link":"https:\/\/wp.ufpel.edu.br\/hidrosens\/integrantes\/","title":{"rendered":"Integrantes"},"content":{"rendered":"<p><strong>Coordenador:<\/strong><\/p>\n<p><img loading=\"lazy\" decoding=\"async\" class=\"alignnone wp-image-45 size-thumbnail\" src=\"https:\/\/wp.ufpel.edu.br\/hidrosens\/files\/2021\/05\/20201103_164701-200x200.jpg\" alt=\"\" width=\"200\" height=\"200\" \/><\/p>\n<p>Prof. Dr. Leonardo Contreira Pereira (Engenharia H\u00eddrica)<\/p>\n<p><strong>Pesquisadores:<\/strong><\/p>\n<p><img loading=\"lazy\" decoding=\"async\" class=\"alignnone wp-image-90\" src=\"https:\/\/wp.ufpel.edu.br\/hidrosens\/files\/2025\/05\/Ze-400x400.png\" alt=\"\" width=\"199\" height=\"199\" srcset=\"https:\/\/wp.ufpel.edu.br\/hidrosens\/files\/2025\/05\/Ze-400x400.png 400w, https:\/\/wp.ufpel.edu.br\/hidrosens\/files\/2025\/05\/Ze-200x200.png 200w, https:\/\/wp.ufpel.edu.br\/hidrosens\/files\/2025\/05\/Ze.png 473w\" sizes=\"auto, (max-width: 199px) 100vw, 199px\" \/><\/p>\n<p>Jos\u00e9 das Neves Fonseca (Eng. Eletr\u00f4nica)<\/p>\n<p><img loading=\"lazy\" decoding=\"async\" class=\"alignnone wp-image-99\" src=\"https:\/\/wp.ufpel.edu.br\/hidrosens\/files\/2025\/05\/Raphael-400x400.png\" alt=\"\" width=\"201\" height=\"201\" srcset=\"https:\/\/wp.ufpel.edu.br\/hidrosens\/files\/2025\/05\/Raphael-400x400.png 400w, https:\/\/wp.ufpel.edu.br\/hidrosens\/files\/2025\/05\/Raphael-200x200.png 200w, https:\/\/wp.ufpel.edu.br\/hidrosens\/files\/2025\/05\/Raphael.png 640w\" sizes=\"auto, (max-width: 201px) 100vw, 201px\" \/><\/p>\n<p>Raphael Ambr\u00f3sio Bezerra (Eng. Computa\u00e7\u00e3o)<\/p>\n<p><img loading=\"lazy\" decoding=\"async\" class=\"alignnone wp-image-100\" src=\"https:\/\/wp.ufpel.edu.br\/hidrosens\/files\/2025\/05\/Brenda-400x400.png\" alt=\"\" width=\"202\" height=\"202\" srcset=\"https:\/\/wp.ufpel.edu.br\/hidrosens\/files\/2025\/05\/Brenda-400x400.png 400w, https:\/\/wp.ufpel.edu.br\/hidrosens\/files\/2025\/05\/Brenda-200x200.png 200w, https:\/\/wp.ufpel.edu.br\/hidrosens\/files\/2025\/05\/Brenda.png 640w\" sizes=\"auto, (max-width: 202px) 100vw, 202px\" \/><\/p>\n<p>Brenda Lima (Eng. H\u00eddrica)<\/p>\n<p><img loading=\"lazy\" decoding=\"async\" class=\"alignnone wp-image-101\" src=\"https:\/\/wp.ufpel.edu.br\/hidrosens\/files\/2025\/05\/Sandra-400x400.png\" alt=\"\" width=\"203\" height=\"203\" srcset=\"https:\/\/wp.ufpel.edu.br\/hidrosens\/files\/2025\/05\/Sandra-400x400.png 400w, https:\/\/wp.ufpel.edu.br\/hidrosens\/files\/2025\/05\/Sandra-200x200.png 200w, https:\/\/wp.ufpel.edu.br\/hidrosens\/files\/2025\/05\/Sandra.png 540w\" sizes=\"auto, (max-width: 203px) 100vw, 203px\" \/><\/p>\n<p>Sandra Beatriz Pereira da Silva (Eng. H\u00eddrica)<\/p>\n<p><img loading=\"lazy\" decoding=\"async\" class=\"alignnone wp-image-102 \" src=\"https:\/\/wp.ufpel.edu.br\/hidrosens\/files\/2025\/05\/Lessandra-e1748398818672-360x400.jpeg\" alt=\"\" width=\"205\" height=\"228\" srcset=\"https:\/\/wp.ufpel.edu.br\/hidrosens\/files\/2025\/05\/Lessandra-e1748398818672-360x400.jpeg 360w, https:\/\/wp.ufpel.edu.br\/hidrosens\/files\/2025\/05\/Lessandra-e1748398818672-923x1024.jpeg 923w, https:\/\/wp.ufpel.edu.br\/hidrosens\/files\/2025\/05\/Lessandra-e1748398818672-768x852.jpeg 768w, https:\/\/wp.ufpel.edu.br\/hidrosens\/files\/2025\/05\/Lessandra-e1748398818672-750x832.jpeg 750w, https:\/\/wp.ufpel.edu.br\/hidrosens\/files\/2025\/05\/Lessandra-e1748398818672.jpeg 1012w\" sizes=\"auto, (max-width: 205px) 100vw, 205px\" \/><\/p>\n<p>Lessandra Vilela (Eng. H\u00eddrica)<\/p>\n<p><img loading=\"lazy\" decoding=\"async\" class=\"alignnone wp-image-103\" src=\"https:\/\/wp.ufpel.edu.br\/hidrosens\/files\/2025\/05\/joao-400x400.png\" alt=\"\" width=\"206\" height=\"206\" srcset=\"https:\/\/wp.ufpel.edu.br\/hidrosens\/files\/2025\/05\/joao-400x400.png 400w, https:\/\/wp.ufpel.edu.br\/hidrosens\/files\/2025\/05\/joao-200x200.png 200w, https:\/\/wp.ufpel.edu.br\/hidrosens\/files\/2025\/05\/joao.png 640w\" sizes=\"auto, (max-width: 206px) 100vw, 206px\" \/><\/p>\n<p>Jo\u00e3o Carlos da Rosa Schuch<\/p>\n<p><strong>Integrantes Antigos:<\/strong><\/p>\n<p>Felipe \u00c1vila Silva<\/p>\n<p>Luis Miguel de \u00c1vila Mattos<\/p>\n<p>Lorenzo Valente<\/p>\n<p>Let\u00edcia Caroline Silva Costa<\/p>\n<p>Luiza Jardim Machado<\/p>\n<p>Tuany Vergara<\/p>\n<p>Camila Nunes<\/p>\n<p>&nbsp;<\/p>\n","protected":false},"excerpt":{"rendered":"<p>Coordenador: Prof. Dr. Leonardo Contreira Pereira (Engenharia H\u00eddrica) Pesquisadores: Jos\u00e9 das Neves Fonseca (Eng. Eletr\u00f4nica) Raphael Ambr\u00f3sio Bezerra (Eng. Computa\u00e7\u00e3o) Brenda Lima (Eng. H\u00eddrica) Sandra Beatriz Pereira da Silva (Eng. H\u00eddrica) Lessandra Vilela (Eng. H\u00eddrica) Jo\u00e3o Carlos da Rosa Schuch Integrantes Antigos: Felipe \u00c1vila Silva Luis Miguel de \u00c1vila Mattos Lorenzo Valente Let\u00edcia Caroline Silva &hellip; <\/p>\n<p class=\"link-more\"><a href=\"https:\/\/wp.ufpel.edu.br\/hidrosens\/integrantes\/\" class=\"more-link\">Continue lendo<span class=\"screen-reader-text\"> &#8220;Integrantes&#8221;<\/span><\/a><\/p>\n","protected":false},"author":1144,"featured_media":0,"parent":0,"menu_order":0,"comment_status":"closed","ping_status":"closed","template":"","meta":{"footnotes":""},"class_list":["post-26","page","type-page","status-publish","hentry"],"_links":{"self":[{"href":"https:\/\/wp.ufpel.edu.br\/hidrosens\/wp-json\/wp\/v2\/pages\/26","targetHints":{"allow":["GET"]}}],"collection":[{"href":"https:\/\/wp.ufpel.edu.br\/hidrosens\/wp-json\/wp\/v2\/pages"}],"about":[{"href":"https:\/\/wp.ufpel.edu.br\/hidrosens\/wp-json\/wp\/v2\/types\/page"}],"author":[{"embeddable":true,"href":"https:\/\/wp.ufpel.edu.br\/hidrosens\/wp-json\/wp\/v2\/users\/1144"}],"replies":[{"embeddable":true,"href":"https:\/\/wp.ufpel.edu.br\/hidrosens\/wp-json\/wp\/v2\/comments?post=26"}],"version-history":[{"count":5,"href":"https:\/\/wp.ufpel.edu.br\/hidrosens\/wp-json\/wp\/v2\/pages\/26\/revisions"}],"predecessor-version":[{"id":104,"href":"https:\/\/wp.ufpel.edu.br\/hidrosens\/wp-json\/wp\/v2\/pages\/26\/revisions\/104"}],"wp:attachment":[{"href":"https:\/\/wp.ufpel.edu.br\/hidrosens\/wp-json\/wp\/v2\/media?parent=26"}],"curies":[{"name":"wp","href":"https:\/\/api.w.org\/{rel}","templated":true}]}}