{"id":88,"date":"2015-11-02T21:28:27","date_gmt":"2015-11-02T23:28:27","guid":{"rendered":"https:\/\/wp.ufpel.edu.br\/hidrologiaemodelagemhidrologica\/?page_id=88"},"modified":"2021-03-04T16:07:15","modified_gmt":"2021-03-04T19:07:15","slug":"livroscapitulos","status":"publish","type":"page","link":"https:\/\/wp.ufpel.edu.br\/hidrologiaemodelagemhidrologica\/publicacoes\/livroscapitulos\/","title":{"rendered":"Livros\/Cap\u00edtulos"},"content":{"rendered":"<ul style=\"text-align: justify\">\n<li style=\"text-align: justify\"><span style=\"color: #000000\"><strong>Livros publicados<\/strong><\/span><\/li>\n<\/ul>\n<ol style=\"text-align: justify\">\n<li style=\"text-align: justify\"><span class=\"Apple-style-span\" style=\"color: #000000\">ANTHONJ, C. BESKOW, S. DORNELLES, F. FUSHITA, A. T. GALHARTE, C. A. GALVAO, P. GATTI JUNIOR, P. GUCKER, B. HILDEBRANDT, A. KARTHE, D. KNILLMANN, S. KOTSILA, P. KRAUZE, K. SILVA, A. K. L. LEHMANN, P. MOURA, P. PERIOTTO, N. A. RODRIGUES FILHO, J. L. SANTOS, D. R. L. SELGE, F. SILVA, T. SOARES, R. M. STROHBACH, M. SUHOGUSOFF, A. WAHNFRIED, I. , <a class=\"tooltip autores-et-al-plus\" style=\"color: #000000\">et al.<\/a>; <strong>Water in Urban Regions: Building Future Knowledge to Integrate Land Use, Ecosystem Services and Human Health.<\/strong> 1. ed. Berlim\/Rio de Janeiro: Academia Brasileira de Ci\u00eancias &#8211; Die Junge Akademi &#8211; Nationale Akademie der Wissenschaften, 2014. v. 1. 32p .<\/span><\/li>\n<li><span style=\"color: #000000\">MELLO, C. R. ;\u00a0SILVA, A. M. ; BESKOW, S. <strong>Hidrologia de superf\u00edcie: princ\u00edpios e aplica\u00e7\u00f5es<\/strong>. 2. ed. Lavras: UFLA, 2020. 531p .<\/span><\/li>\n<\/ol>\n<ul style=\"text-align: justify\">\n<li><span style=\"color: #000000\"><strong>Cap\u00edtulos de livros publicados<\/strong><\/span><\/li>\n<\/ul>\n<ol>\n<li style=\"text-align: justify\"><span class=\"Apple-style-span\" style=\"color: #000000\">BESKOW, S. ; CALDEIRA, T. L. . <strong>Eventos hidrol\u00f3gicos extremos<\/strong>. In: Claudimir Rodrigues. (Org.). Programa Gestor de Recursos H\u00eddricos. 1\u00aaed.Santa Cruz do Sul: Essere Nel Mondo, 2015, v. , p. 17-21.<\/span><\/li>\n<li style=\"text-align: justify\"><span class=\"Apple-style-span\" style=\"color: #000000\">BESKOW, S. ; CALDEIRA, T. L. ; FARIA, L. C. ; Nunes, G. S. .<strong> Legisla\u00e7\u00e3o para autorizar o uso da \u00e1gua em uma bacia hidrogr\u00e1fica<\/strong>. In: Claudimir Rodrigues. (Org.). Programa Gestor de Recursos H\u00eddricos. 1\u00aaed.Santa Cruz do Sul: Essere Nel Mondo, 2015, v. , p. 22-24.<\/span><\/li>\n<li style=\"text-align: justify\"><span class=\"Apple-style-span\" style=\"color: #000000\">BESKOW, S. ; CALDEIRA, T. L. ; FARIA, L. C. .<strong> Quantifica\u00e7\u00e3o dos recursos h\u00eddricos.<\/strong> In: Claudimir Rodrigues. (Org.). Programa Gestor de Recursos H\u00eddricos. 1\u00aaed.Santa Cruz do Sul: Essere Nel Mondo, 2015, v. , p. 13-16.<\/span><\/li>\n<li style=\"text-align: justify\"><span class=\"Apple-style-span\" style=\"color: #000000\">BESKOW, S. ; Souza, M. R. ; LUZ, E. P. .<strong> Ciclo hidrol\u00f3gico<\/strong>. In: Claudimir Rodrigues. (Org.). Programa Gestor de Recursos H\u00eddricos. 1\u00aaed.Santa Cruz do Sul: Essere nel Mondo, 2015, v. , p. 6-12.<\/span><\/li>\n<li style=\"text-align: justify\"><span class=\"Apple-style-span\" style=\"color: #000000\">HORN, J. F. C. ; BAUMHARDT, E. ; CRUZ, J. C. . <strong>BALAN\u00c7O H\u00cdDRICO E MONITORAMENTO EM FLORESTAS PLANTADAS COMO SUBS\u00cdDIO AO PLANEJAMENTO EM MICROBACIAS.<\/strong> Amaz\u00f4nia, Recursos H\u00eddricos e Di\u00e1logo S\u00f3cio Ambiental. Curitiba: Editora CRV, 2011, v. , p. 187-193.<\/span><\/li>\n<li style=\"text-align: justify\"><span class=\"Apple-style-span\" style=\"color: #000000\">SILVA, D. D. ; ELESBON, A. A. A. ; MARQUES, F. de A. ; GUEDES, H. A. S. . <strong>ASPECTOS HIDROL\u00d3GICOS E ECOHIDROLOGIA.<\/strong> In: SILVA, Demetrius David da. (Org.). CONSERVA\u00c7\u00c3O DE SOLO E \u00c1GUA, ASPECTOS HIDROL\u00d3GICOS, ECOHIDROLOGIA E USOS M\u00daLTIPLOS DE \u00c1GUA. 1ed.Vi\u00e7osa-MG: CRRH\/UFV, 2010, v. 1, p. 219-266.<\/span><\/li>\n<li style=\"text-align: justify\"><span class=\"Apple-style-span\" style=\"color: #000000\"><b>HORN, J. F. C.<\/b> ; BAUMHARDT, E. ; CRUZ, J. C. . <strong>BALAN\u00c7O H\u00cdDRICO E MONITORAMENTO EM FLORESTAS PLANTADAS COMO SUBS\u00cdDIO AO PLANEJAMENTO EM MICROBACIAS.<\/strong> Amaz\u00f4nia, Recursos H\u00eddricos e Di\u00e1logo S\u00f3cio Ambiental. Curitiba: Editora CRV, 2011, v. , p. 187-193.<\/span><\/li>\n<\/ol>\n","protected":false},"excerpt":{"rendered":"<p>Livros publicados ANTHONJ, C. BESKOW, S. DORNELLES, F. FUSHITA, A. T. GALHARTE, C. A. GALVAO, P. GATTI JUNIOR, P. GUCKER, B. HILDEBRANDT, A. KARTHE, D. KNILLMANN, S. KOTSILA, P. KRAUZE, K. SILVA, A. K. L. LEHMANN, P. MOURA, P. PERIOTTO, N. A. RODRIGUES FILHO, J. L. SANTOS, D. R. L. SELGE, F. SILVA, T. SOARES, [&hellip;]<\/p>\n","protected":false},"author":570,"featured_media":0,"parent":79,"menu_order":0,"comment_status":"closed","ping_status":"closed","template":"","meta":{"jetpack_post_was_ever_published":false,"footnotes":""},"class_list":["post-88","page","type-page","status-publish","hentry"],"jetpack_sharing_enabled":true,"jetpack_shortlink":"https:\/\/wp.me\/P6ZlNg-1q","jetpack-related-posts":[],"_links":{"self":[{"href":"https:\/\/wp.ufpel.edu.br\/hidrologiaemodelagemhidrologica\/wp-json\/wp\/v2\/pages\/88","targetHints":{"allow":["GET"]}}],"collection":[{"href":"https:\/\/wp.ufpel.edu.br\/hidrologiaemodelagemhidrologica\/wp-json\/wp\/v2\/pages"}],"about":[{"href":"https:\/\/wp.ufpel.edu.br\/hidrologiaemodelagemhidrologica\/wp-json\/wp\/v2\/types\/page"}],"author":[{"embeddable":true,"href":"https:\/\/wp.ufpel.edu.br\/hidrologiaemodelagemhidrologica\/wp-json\/wp\/v2\/users\/570"}],"replies":[{"embeddable":true,"href":"https:\/\/wp.ufpel.edu.br\/hidrologiaemodelagemhidrologica\/wp-json\/wp\/v2\/comments?post=88"}],"version-history":[{"count":10,"href":"https:\/\/wp.ufpel.edu.br\/hidrologiaemodelagemhidrologica\/wp-json\/wp\/v2\/pages\/88\/revisions"}],"predecessor-version":[{"id":1908,"href":"https:\/\/wp.ufpel.edu.br\/hidrologiaemodelagemhidrologica\/wp-json\/wp\/v2\/pages\/88\/revisions\/1908"}],"up":[{"embeddable":true,"href":"https:\/\/wp.ufpel.edu.br\/hidrologiaemodelagemhidrologica\/wp-json\/wp\/v2\/pages\/79"}],"wp:attachment":[{"href":"https:\/\/wp.ufpel.edu.br\/hidrologiaemodelagemhidrologica\/wp-json\/wp\/v2\/media?parent=88"}],"curies":[{"name":"wp","href":"https:\/\/api.w.org\/{rel}","templated":true}]}}