{"id":743,"date":"2016-05-04T13:09:59","date_gmt":"2016-05-04T16:09:59","guid":{"rendered":"https:\/\/wp.ufpel.edu.br\/hidrologiaemodelagemhidrologica\/?page_id=743"},"modified":"2016-05-04T13:09:59","modified_gmt":"2016-05-04T16:09:59","slug":"i-congresso-internacional-de-hidrossedimentologia-2015","status":"publish","type":"page","link":"https:\/\/wp.ufpel.edu.br\/hidrologiaemodelagemhidrologica\/i-congresso-internacional-de-hidrossedimentologia-2015\/","title":{"rendered":"I Congresso Internacional de Hidrossedimentologia &#8211; 2015"},"content":{"rendered":"<p style=\"text-align: justify\">Foi realizado em Porto Alegre nos dias 30 de novembro e 1\u00b0 de dezembro de 2015, o 1\u00b0 Congresso Internacional de Hidrossedimentologia. Este evento reuniu mais de 100 pesquisadores e estudantes da \u00e1rea, contando com a presen\u00e7a em uma das palestras do renomado pesquisador Vijay Singh da Texas A &amp; M University.<\/p>\n<p style=\"text-align: justify\">Nesse evento, os integrantes do Grupo de Pesquisa em Hidrologia e Modelagem Hidrol\u00f3gica em Bacias Hidrogr\u00e1ficas, Prof. Matheus Fonseca Dur\u00e3es (UFPR), Prof. Carlos Rog\u00e9rio de Mello (UFLA) e Prof. Samuel Beskow (UFPel) foram premiados, com um Certificado de Destaque, pelo trabalho &#8220;Produ\u00e7\u00e3o de Sedimentos na Bacia Hidrogr\u00e1fica do rio Paraopeba \u2013 MG&#8221;.<\/p>\n<p style=\"text-align: justify\">O referido trabalho foi selecionado para compor a publica\u00e7\u00e3o da revista cient\u00edfica International Journal of River Basin Management, em sua edi\u00e7\u00e3o especial &#8220;River Sedimentology: researches, strategies and Technologies&#8221;. Ap\u00f3s a submiss\u00e3o e avalia\u00e7\u00e3o por partes dos revisores da revista, o artigo foi aceito para publica\u00e7\u00e3o, com o seguinte t\u00edtulo: &#8220;Sediment yield in Paraopeba river basin \u2013 MG, Brazil&#8221;.<\/p>\n<p><img data-recalc-dims=\"1\" data-attachment-id=\"541\" data-permalink=\"https:\/\/wp.ufpel.edu.br\/hidrologiaemodelagemhidrologica\/2015\/12\/15\/trabalho-desenvolvido-pelo-grupo-de-pesquisa-e-premiado-como-destaque-de-congresso-de-hidrossedimentologia\/premiacao-congresso-hidrossedimentologia\/\" data-orig-file=\"https:\/\/i0.wp.com\/wp.ufpel.edu.br\/hidrologiaemodelagemhidrologica\/files\/2015\/12\/premiacao-congresso-hidrossedimentologia.png?fit=183%2C242&amp;ssl=1\" data-orig-size=\"183,242\" data-comments-opened=\"0\" data-image-meta=\"{&quot;aperture&quot;:&quot;0&quot;,&quot;credit&quot;:&quot;&quot;,&quot;camera&quot;:&quot;&quot;,&quot;caption&quot;:&quot;&quot;,&quot;created_timestamp&quot;:&quot;0&quot;,&quot;copyright&quot;:&quot;&quot;,&quot;focal_length&quot;:&quot;0&quot;,&quot;iso&quot;:&quot;0&quot;,&quot;shutter_speed&quot;:&quot;0&quot;,&quot;title&quot;:&quot;&quot;,&quot;orientation&quot;:&quot;0&quot;}\" data-image-title=\"premiacao congresso hidrossedimentologia\" data-image-description=\"\" data-image-caption=\"\" data-medium-file=\"https:\/\/i0.wp.com\/wp.ufpel.edu.br\/hidrologiaemodelagemhidrologica\/files\/2015\/12\/premiacao-congresso-hidrossedimentologia.png?fit=183%2C242&amp;ssl=1\" data-large-file=\"https:\/\/i0.wp.com\/wp.ufpel.edu.br\/hidrologiaemodelagemhidrologica\/files\/2015\/12\/premiacao-congresso-hidrossedimentologia.png?fit=183%2C220&amp;ssl=1\" class=\"aligncenter wp-image-541 size-full\" src=\"https:\/\/i0.wp.com\/wp.ufpel.edu.br\/hidrologiaemodelagemhidrologica\/files\/2015\/12\/premiacao-congresso-hidrossedimentologia.png?resize=183%2C242&#038;ssl=1\" alt=\"Prof. Matheus Dur\u00e3es recebe do organizador do evento, Prof Cristiano Poleto, o certificado de destaque do evento.\" width=\"183\" height=\"242\" srcset=\"https:\/\/i0.wp.com\/wp.ufpel.edu.br\/hidrologiaemodelagemhidrologica\/files\/2015\/12\/premiacao-congresso-hidrossedimentologia.png?w=183&amp;ssl=1 183w, https:\/\/i0.wp.com\/wp.ufpel.edu.br\/hidrologiaemodelagemhidrologica\/files\/2015\/12\/premiacao-congresso-hidrossedimentologia.png?resize=120%2C159&amp;ssl=1 120w\" sizes=\"(max-width: 183px) 100vw, 183px\" \/><\/p>\n","protected":false},"excerpt":{"rendered":"<p>Foi realizado em Porto Alegre nos dias 30 de novembro e 1\u00b0 de dezembro de 2015, o 1\u00b0 Congresso Internacional de Hidrossedimentologia. Este evento reuniu mais de 100 pesquisadores e estudantes da \u00e1rea, contando com a presen\u00e7a em uma das palestras do renomado pesquisador Vijay Singh da Texas A &amp; M University. Nesse evento, os [&hellip;]<\/p>\n","protected":false},"author":570,"featured_media":0,"parent":0,"menu_order":0,"comment_status":"closed","ping_status":"closed","template":"","meta":{"jetpack_post_was_ever_published":false,"footnotes":""},"class_list":["post-743","page","type-page","status-publish","hentry"],"jetpack_sharing_enabled":true,"jetpack_shortlink":"https:\/\/wp.me\/P6ZlNg-bZ","jetpack-related-posts":[],"_links":{"self":[{"href":"https:\/\/wp.ufpel.edu.br\/hidrologiaemodelagemhidrologica\/wp-json\/wp\/v2\/pages\/743","targetHints":{"allow":["GET"]}}],"collection":[{"href":"https:\/\/wp.ufpel.edu.br\/hidrologiaemodelagemhidrologica\/wp-json\/wp\/v2\/pages"}],"about":[{"href":"https:\/\/wp.ufpel.edu.br\/hidrologiaemodelagemhidrologica\/wp-json\/wp\/v2\/types\/page"}],"author":[{"embeddable":true,"href":"https:\/\/wp.ufpel.edu.br\/hidrologiaemodelagemhidrologica\/wp-json\/wp\/v2\/users\/570"}],"replies":[{"embeddable":true,"href":"https:\/\/wp.ufpel.edu.br\/hidrologiaemodelagemhidrologica\/wp-json\/wp\/v2\/comments?post=743"}],"version-history":[{"count":1,"href":"https:\/\/wp.ufpel.edu.br\/hidrologiaemodelagemhidrologica\/wp-json\/wp\/v2\/pages\/743\/revisions"}],"predecessor-version":[{"id":744,"href":"https:\/\/wp.ufpel.edu.br\/hidrologiaemodelagemhidrologica\/wp-json\/wp\/v2\/pages\/743\/revisions\/744"}],"wp:attachment":[{"href":"https:\/\/wp.ufpel.edu.br\/hidrologiaemodelagemhidrologica\/wp-json\/wp\/v2\/media?parent=743"}],"curies":[{"name":"wp","href":"https:\/\/api.w.org\/{rel}","templated":true}]}}