{"id":705,"date":"2016-03-31T21:29:07","date_gmt":"2016-04-01T00:29:07","guid":{"rendered":"https:\/\/wp.ufpel.edu.br\/hidrologiaemodelagemhidrologica\/?page_id=705"},"modified":"2016-03-31T21:46:31","modified_gmt":"2016-04-01T00:46:31","slug":"xxii-congresso-de-iniciacao-cientifica-da-universidade-federal-de-pelotas-2013","status":"publish","type":"page","link":"https:\/\/wp.ufpel.edu.br\/hidrologiaemodelagemhidrologica\/xxii-congresso-de-iniciacao-cientifica-da-universidade-federal-de-pelotas-2013\/","title":{"rendered":"XXII Congresso de Inicia\u00e7\u00e3o Cient\u00edfica da Universidade Federal de Pelotas &#8211; 2013"},"content":{"rendered":"<p class=\"Standard\" style=\"text-align: justify;line-height: 150%\"><span style=\"font-family: 'Arial','sans-serif'\">T\u00edtulo do trabalho: <strong>M\u00f3dulo de aquisi\u00e7\u00e3o e an\u00e1lise de dados hidrol\u00f3gicos para o modelo hidrol\u00f3gico LASH.<\/strong><\/span><\/p>\n<p class=\"Standard\" style=\"text-align: justify;line-height: 150%\"><span style=\"font-family: 'Arial','sans-serif'\">Autores: <strong>CORR\u00caA, Leonardo de Lima<\/strong>; CALDEIRA, Tamara Leitzke; SOUZA, Mayara Roberta; SIM\u00d5ES, Matheus Chagas; RODRIGUES, Andressa Nizolli; BESKOW, Samuel.<\/span><\/p>\n<p class=\"Standard\" style=\"text-align: justify;line-height: 150%\"><span style=\"font-family: 'Arial','sans-serif'\">Congresso de Inicia\u00e7\u00e3o Cient\u00edfica da Universidade Federal de Pelotas.<\/span><\/p>\n<p class=\"Standard\" style=\"text-align: justify;line-height: 150%\"><span style=\"font-family: 'Arial','sans-serif'\">Ano: 2013.<\/span><\/p>\n<p class=\"Standard\" style=\"text-align: justify;line-height: 150%\"><span style=\"font-family: 'Arial','sans-serif'\">Local: Pelotas \u2013 RS.<\/span><\/p>\n<p class=\"Standard\" style=\"text-align: justify;line-height: 150%\"><span style=\"font-family: 'Arial','sans-serif'\">Premia\u00e7\u00e3o: 3\u00ba lugar das Engenharias no XXII Congresso de Inicia\u00e7\u00e3o Cient\u00edfica da Universidade Federal de Pelotas &#8211; Modalidade oral (\u00fanica modalidade existente).<\/span><\/p>\n<p class=\"Standard\" style=\"text-align: justify;line-height: 150%\"><span style=\"font-family: 'Arial','sans-serif'\">O trabalho em quest\u00e3o buscou descrever e avaliar o desempenho do m\u00f3dulo de aquisi\u00e7\u00e3o e an\u00e1lise de dados hidrol\u00f3gicos, nomeado como System of Hydrological Data Acquisition and Analysis (SYHDA), o qual foi projetado para rodar tanto dentro do ambiente LASH assim como de forma independente. O modelo hidrol\u00f3gico Lavras Simulation of Hydrology (LASH), na sua segunda vers\u00e3o, permite a simula\u00e7\u00e3o hidrol\u00f3gica em bacias hidrogr\u00e1ficas monitoradas e n\u00e3o monitoradas, especialmente aquelas com defici\u00eancia de base de dados. De acordo com os resultados obtidos neste trabalho, constatou-se que o SYHDA tem potencial para ser empregado como ferramenta de aquisi\u00e7\u00e3o e an\u00e1lise de dados hidrol\u00f3gicos por parte de t\u00e9cnicos da \u00e1rea de recursos h\u00eddricos. Al\u00e9m disso, o novo m\u00f3dulo desenvolvido facilitar\u00e1 a elabora\u00e7\u00e3o do banco de dados pluviom\u00e9trico e fluviom\u00e9trico para simula\u00e7\u00e3o com o modelo hidrol\u00f3gico LASH, desta forma tornando este modelo mais aplic\u00e1vel e beneficiando os usu\u00e1rios no que se refere \u00e0 gest\u00e3o de recursos h\u00eddricos em bacias hidrogr\u00e1ficas.<\/span><\/p>\n<p class=\"Standard\" style=\"text-align: justify;line-height: 150%\">\n<p class=\"Standard\" style=\"text-align: justify;line-height: 150%\"><img data-recalc-dims=\"1\" data-attachment-id=\"438\" data-permalink=\"https:\/\/wp.ufpel.edu.br\/hidrologiaemodelagemhidrologica\/galeria-de-fotos\/1454719_519524108154493_2035192538_n\/\" data-orig-file=\"https:\/\/i0.wp.com\/wp.ufpel.edu.br\/hidrologiaemodelagemhidrologica\/files\/2015\/11\/1454719_519524108154493_2035192538_n.jpg?fit=960%2C720&amp;ssl=1\" data-orig-size=\"960,720\" data-comments-opened=\"0\" data-image-meta=\"{&quot;aperture&quot;:&quot;0&quot;,&quot;credit&quot;:&quot;&quot;,&quot;camera&quot;:&quot;&quot;,&quot;caption&quot;:&quot;&quot;,&quot;created_timestamp&quot;:&quot;0&quot;,&quot;copyright&quot;:&quot;&quot;,&quot;focal_length&quot;:&quot;0&quot;,&quot;iso&quot;:&quot;0&quot;,&quot;shutter_speed&quot;:&quot;0&quot;,&quot;title&quot;:&quot;&quot;,&quot;orientation&quot;:&quot;0&quot;}\" data-image-title=\"1454719_519524108154493_2035192538_n\" data-image-description=\"\" data-image-caption=\"\" data-medium-file=\"https:\/\/i0.wp.com\/wp.ufpel.edu.br\/hidrologiaemodelagemhidrologica\/files\/2015\/11\/1454719_519524108154493_2035192538_n.jpg?fit=400%2C300&amp;ssl=1\" data-large-file=\"https:\/\/i0.wp.com\/wp.ufpel.edu.br\/hidrologiaemodelagemhidrologica\/files\/2015\/11\/1454719_519524108154493_2035192538_n.jpg?fit=960%2C220&amp;ssl=1\" class=\"size-full wp-image-438 aligncenter\" src=\"https:\/\/i0.wp.com\/wp.ufpel.edu.br\/hidrologiaemodelagemhidrologica\/files\/2015\/11\/1454719_519524108154493_2035192538_n.jpg?resize=960%2C720&#038;ssl=1\" alt=\"1454719_519524108154493_2035192538_n\" width=\"960\" height=\"720\" srcset=\"https:\/\/i0.wp.com\/wp.ufpel.edu.br\/hidrologiaemodelagemhidrologica\/files\/2015\/11\/1454719_519524108154493_2035192538_n.jpg?w=960&amp;ssl=1 960w, https:\/\/i0.wp.com\/wp.ufpel.edu.br\/hidrologiaemodelagemhidrologica\/files\/2015\/11\/1454719_519524108154493_2035192538_n.jpg?resize=212%2C159&amp;ssl=1 212w, https:\/\/i0.wp.com\/wp.ufpel.edu.br\/hidrologiaemodelagemhidrologica\/files\/2015\/11\/1454719_519524108154493_2035192538_n.jpg?resize=424%2C318&amp;ssl=1 424w, https:\/\/i0.wp.com\/wp.ufpel.edu.br\/hidrologiaemodelagemhidrologica\/files\/2015\/11\/1454719_519524108154493_2035192538_n.jpg?resize=768%2C576&amp;ssl=1 768w\" sizes=\"(max-width: 960px) 100vw, 960px\" \/><\/p>\n","protected":false},"excerpt":{"rendered":"<p>T\u00edtulo do trabalho: M\u00f3dulo de aquisi\u00e7\u00e3o e an\u00e1lise de dados hidrol\u00f3gicos para o modelo hidrol\u00f3gico LASH. Autores: CORR\u00caA, Leonardo de Lima; CALDEIRA, Tamara Leitzke; SOUZA, Mayara Roberta; SIM\u00d5ES, Matheus Chagas; RODRIGUES, Andressa Nizolli; BESKOW, Samuel. Congresso de Inicia\u00e7\u00e3o Cient\u00edfica da Universidade Federal de Pelotas. Ano: 2013. Local: Pelotas \u2013 RS. Premia\u00e7\u00e3o: 3\u00ba lugar das Engenharias [&hellip;]<\/p>\n","protected":false},"author":570,"featured_media":0,"parent":0,"menu_order":0,"comment_status":"closed","ping_status":"closed","template":"","meta":{"jetpack_post_was_ever_published":false,"footnotes":""},"class_list":["post-705","page","type-page","status-publish","hentry"],"jetpack_sharing_enabled":true,"jetpack_shortlink":"https:\/\/wp.me\/P6ZlNg-bn","jetpack-related-posts":[],"_links":{"self":[{"href":"https:\/\/wp.ufpel.edu.br\/hidrologiaemodelagemhidrologica\/wp-json\/wp\/v2\/pages\/705","targetHints":{"allow":["GET"]}}],"collection":[{"href":"https:\/\/wp.ufpel.edu.br\/hidrologiaemodelagemhidrologica\/wp-json\/wp\/v2\/pages"}],"about":[{"href":"https:\/\/wp.ufpel.edu.br\/hidrologiaemodelagemhidrologica\/wp-json\/wp\/v2\/types\/page"}],"author":[{"embeddable":true,"href":"https:\/\/wp.ufpel.edu.br\/hidrologiaemodelagemhidrologica\/wp-json\/wp\/v2\/users\/570"}],"replies":[{"embeddable":true,"href":"https:\/\/wp.ufpel.edu.br\/hidrologiaemodelagemhidrologica\/wp-json\/wp\/v2\/comments?post=705"}],"version-history":[{"count":3,"href":"https:\/\/wp.ufpel.edu.br\/hidrologiaemodelagemhidrologica\/wp-json\/wp\/v2\/pages\/705\/revisions"}],"predecessor-version":[{"id":710,"href":"https:\/\/wp.ufpel.edu.br\/hidrologiaemodelagemhidrologica\/wp-json\/wp\/v2\/pages\/705\/revisions\/710"}],"wp:attachment":[{"href":"https:\/\/wp.ufpel.edu.br\/hidrologiaemodelagemhidrologica\/wp-json\/wp\/v2\/media?parent=705"}],"curies":[{"name":"wp","href":"https:\/\/api.w.org\/{rel}","templated":true}]}}