{"id":650,"date":"2012-11-25T19:30:01","date_gmt":"2012-11-25T21:30:01","guid":{"rendered":"https:\/\/wp.ufpel.edu.br\/hidrologiaemodelagemhidrologica\/?page_id=650"},"modified":"2016-03-28T16:44:58","modified_gmt":"2016-03-28T19:44:58","slug":"xxi-congresso-de-iniciacao-cientifica-da-universidade-federal-de-pelotas-2012","status":"publish","type":"page","link":"https:\/\/wp.ufpel.edu.br\/hidrologiaemodelagemhidrologica\/xxi-congresso-de-iniciacao-cientifica-da-universidade-federal-de-pelotas-2012\/","title":{"rendered":"XXI Congresso de Inicia\u00e7\u00e3o Cientifica da Universidade Federal de Pelotas &#8211; 2012"},"content":{"rendered":"<p style=\"text-align: justify\">Em novembro de 2012, o aluno de gradua\u00e7\u00e3o <strong>Edison Hund Lucas<\/strong> do 6\u00b0 semestre de Ci\u00eancia da Computa\u00e7\u00e3o apresentou o trabalho intitulado \u201c<strong>Desenvolvimento do m\u00f3dulo de integra\u00e7\u00e3o de mapas e banco de dados para o modelo Lavras Simulation of Hydrology (LASH)<\/strong>\u201d, no XXI Congresso de Inicia\u00e7\u00e3o Cientifica da Universidade Federal de Pelotas. Sendo este trabalho contemplado com o 3\u00ba lugar na modalidade P\u00f4ster na grande \u00e1rea de Engenharias.<\/p>\n<p style=\"text-align: justify\">O trabalho contemplado teve por objetivo apresentar o desenvolvimento e aplica\u00e7\u00e3o de um m\u00f3dulo de integra\u00e7\u00e3o dos mapas importados no formato do Sistema de Informa\u00e7\u00f5es Geogr\u00e1ficas ArcGIS com os bancos de dados de solo e do seu uso e ocupa\u00e7\u00e3o, tomando como refer\u00eancia os dados da bacia hidrogr\u00e1fica do Arroio Pelotas, \u00e0 montante da Ponte Cordeiro de Farias, em Pelotas-RS. Os resultados obtidos com o trabalho permitiram observar que o \u00a0desenvolvimento do m\u00f3dulo de integra\u00e7\u00e3o de mapas e banco de dados no modelo LASH permite que este modelo seja aplicado no modo distribu\u00eddo por sub-bacias, tornando o processamento mais r\u00e1pido e possibilitando a simula\u00e7\u00e3o de bacias hidrogr\u00e1ficas maiores.<\/p>\n<p style=\"text-align: justify\">Este trabalho foi uma a\u00e7\u00e3o colaborativa entre a Universidade Federal de Pelotas (UFPel) e a Universidade Federal de Lavras (UFLA).<\/p>\n<p><img data-recalc-dims=\"1\" data-attachment-id=\"440\" data-permalink=\"https:\/\/wp.ufpel.edu.br\/hidrologiaemodelagemhidrologica\/galeria-de-fotos\/premio_cic2012_edson\/\" data-orig-file=\"https:\/\/i0.wp.com\/wp.ufpel.edu.br\/hidrologiaemodelagemhidrologica\/files\/2015\/11\/Premio_CIC2012_Edson.jpg?fit=3888%2C2592&amp;ssl=1\" data-orig-size=\"3888,2592\" data-comments-opened=\"0\" data-image-meta=\"{&quot;aperture&quot;:&quot;5.6&quot;,&quot;credit&quot;:&quot;&quot;,&quot;camera&quot;:&quot;Canon EOS 40D&quot;,&quot;caption&quot;:&quot;&quot;,&quot;created_timestamp&quot;:&quot;1354130271&quot;,&quot;copyright&quot;:&quot;&quot;,&quot;focal_length&quot;:&quot;28&quot;,&quot;iso&quot;:&quot;800&quot;,&quot;shutter_speed&quot;:&quot;0.008&quot;,&quot;title&quot;:&quot;&quot;,&quot;orientation&quot;:&quot;1&quot;}\" data-image-title=\"Premio_CIC2012_Edson\" data-image-description=\"\" data-image-caption=\"\" data-medium-file=\"https:\/\/i0.wp.com\/wp.ufpel.edu.br\/hidrologiaemodelagemhidrologica\/files\/2015\/11\/Premio_CIC2012_Edson.jpg?fit=400%2C267&amp;ssl=1\" data-large-file=\"https:\/\/i0.wp.com\/wp.ufpel.edu.br\/hidrologiaemodelagemhidrologica\/files\/2015\/11\/Premio_CIC2012_Edson.jpg?fit=984%2C220&amp;ssl=1\" class=\"size-full wp-image-440\" src=\"https:\/\/i0.wp.com\/wp.ufpel.edu.br\/hidrologiaemodelagemhidrologica\/files\/2015\/11\/Premio_CIC2012_Edson.jpg?resize=3888%2C2592&#038;ssl=1\" alt=\"Premia\u00e7\u00e3o do trabalho do Edison no Congresso de Inicia\u00e7\u00e3o Cientifica em 2011 - Samuel, Edison.\" width=\"3888\" height=\"2592\" srcset=\"https:\/\/i0.wp.com\/wp.ufpel.edu.br\/hidrologiaemodelagemhidrologica\/files\/2015\/11\/Premio_CIC2012_Edson.jpg?w=3888&amp;ssl=1 3888w, https:\/\/i0.wp.com\/wp.ufpel.edu.br\/hidrologiaemodelagemhidrologica\/files\/2015\/11\/Premio_CIC2012_Edson.jpg?resize=212%2C141&amp;ssl=1 212w, https:\/\/i0.wp.com\/wp.ufpel.edu.br\/hidrologiaemodelagemhidrologica\/files\/2015\/11\/Premio_CIC2012_Edson.jpg?resize=424%2C283&amp;ssl=1 424w, https:\/\/i0.wp.com\/wp.ufpel.edu.br\/hidrologiaemodelagemhidrologica\/files\/2015\/11\/Premio_CIC2012_Edson.jpg?resize=768%2C512&amp;ssl=1 768w, https:\/\/i0.wp.com\/wp.ufpel.edu.br\/hidrologiaemodelagemhidrologica\/files\/2015\/11\/Premio_CIC2012_Edson.jpg?w=2000&amp;ssl=1 2000w, https:\/\/i0.wp.com\/wp.ufpel.edu.br\/hidrologiaemodelagemhidrologica\/files\/2015\/11\/Premio_CIC2012_Edson.jpg?w=3000&amp;ssl=1 3000w\" sizes=\"(max-width: 1000px) 100vw, 1000px\" \/><\/p>\n","protected":false},"excerpt":{"rendered":"<p>Em novembro de 2012, o aluno de gradua\u00e7\u00e3o Edison Hund Lucas do 6\u00b0 semestre de Ci\u00eancia da Computa\u00e7\u00e3o apresentou o trabalho intitulado \u201cDesenvolvimento do m\u00f3dulo de integra\u00e7\u00e3o de mapas e banco de dados para o modelo Lavras Simulation of Hydrology (LASH)\u201d, no XXI Congresso de Inicia\u00e7\u00e3o Cientifica da Universidade Federal de Pelotas. Sendo este trabalho [&hellip;]<\/p>\n","protected":false},"author":570,"featured_media":0,"parent":0,"menu_order":0,"comment_status":"closed","ping_status":"closed","template":"","meta":{"jetpack_post_was_ever_published":false,"footnotes":""},"class_list":["post-650","page","type-page","status-publish","hentry"],"jetpack_sharing_enabled":true,"jetpack_shortlink":"https:\/\/wp.me\/P6ZlNg-au","jetpack-related-posts":[],"_links":{"self":[{"href":"https:\/\/wp.ufpel.edu.br\/hidrologiaemodelagemhidrologica\/wp-json\/wp\/v2\/pages\/650","targetHints":{"allow":["GET"]}}],"collection":[{"href":"https:\/\/wp.ufpel.edu.br\/hidrologiaemodelagemhidrologica\/wp-json\/wp\/v2\/pages"}],"about":[{"href":"https:\/\/wp.ufpel.edu.br\/hidrologiaemodelagemhidrologica\/wp-json\/wp\/v2\/types\/page"}],"author":[{"embeddable":true,"href":"https:\/\/wp.ufpel.edu.br\/hidrologiaemodelagemhidrologica\/wp-json\/wp\/v2\/users\/570"}],"replies":[{"embeddable":true,"href":"https:\/\/wp.ufpel.edu.br\/hidrologiaemodelagemhidrologica\/wp-json\/wp\/v2\/comments?post=650"}],"version-history":[{"count":5,"href":"https:\/\/wp.ufpel.edu.br\/hidrologiaemodelagemhidrologica\/wp-json\/wp\/v2\/pages\/650\/revisions"}],"predecessor-version":[{"id":702,"href":"https:\/\/wp.ufpel.edu.br\/hidrologiaemodelagemhidrologica\/wp-json\/wp\/v2\/pages\/650\/revisions\/702"}],"wp:attachment":[{"href":"https:\/\/wp.ufpel.edu.br\/hidrologiaemodelagemhidrologica\/wp-json\/wp\/v2\/media?parent=650"}],"curies":[{"name":"wp","href":"https:\/\/api.w.org\/{rel}","templated":true}]}}