{"id":632,"date":"2015-11-15T10:53:17","date_gmt":"2015-11-15T12:53:17","guid":{"rendered":"https:\/\/wp.ufpel.edu.br\/hidrologiaemodelagemhidrologica\/?page_id=632"},"modified":"2016-03-16T11:15:03","modified_gmt":"2016-03-16T14:15:03","slug":"xxi-simposio-brasileiro-de-recursos-hidricos-2015","status":"publish","type":"page","link":"https:\/\/wp.ufpel.edu.br\/hidrologiaemodelagemhidrologica\/xxi-simposio-brasileiro-de-recursos-hidricos-2015\/","title":{"rendered":"XXI Simp\u00f3sio Brasileiro de Recursos H\u00eddricos &#8211; 2015"},"content":{"rendered":"<p>Em novembro de 2015, a aluna de gradua\u00e7\u00e3o <strong>Marcelle Martins Vargas<\/strong>, do 6\u00ba semestre do curso de Engenharia H\u00eddrica realizou a apresenta\u00e7\u00e3o de tr\u00eas trabalhos, na modalidade resumo completo, no XXI Simp\u00f3sio Brasileiro de Recursos H\u00eddricos. Dentre os quais, o trabalho intitulado <strong>&#8220;T\u00e9cnicas de Intelig\u00eancia Artificial para Regionaliza\u00e7\u00e3o da Vaz\u00e3o Q<sub>90<\/sub> no Rio Grande do Sul&#8221;<\/strong>, ficou entre os 8 melhores em meio a 597 trabalhos de escritores potenciais e com menos de 30 anos a receberem o pr\u00eamio Jovem Pesquisador 2015 &#8211; Edi\u00e7\u00e3o Professor Robin Clarke.<\/p>\n<p>Al\u00e9m de receber reconhecimento cient\u00edfico, o trabalho traz um estudo complexo muito importante para a Hidrologia, mesclando conhecimentos computacionais com atributos sazonais referentes ao estado do Rio Grande do Sul para regionaliza\u00e7\u00e3o de bacias hidrogr\u00e1ficas em rela\u00e7\u00e3o \u00e0 vaz\u00e3o de refer\u00eancia Q<sub>90<\/sub>. Leonardo de Lima Corr\u00eaa, bolsista junto ao Laborat\u00f3rio no per\u00edodo de 2012 \u00e0 2015 e ex-aluno do curso de Ci\u00eancia da Computa\u00e7\u00e3o da Universidade Federal de Pelotas (UFPel), desenvolveu a ferramenta, em seu Trabalho de Conclus\u00e3o de Curso, que permitiu a clusteriza\u00e7\u00e3o de bacias hidrogr\u00e1ficas no estado com base na vaz\u00e3o de refer\u00eancia Q<sub>90<\/sub>. Muito importante para tomadas de decis\u00f5es quanto a licenciamentos ou usos dos recursos h\u00eddricos.<\/p>\n<p>Al\u00e9m de Marcelle, integram a pesquisa o professor Samuel Beskow, do curso de Engenharia H\u00eddrica da UFPel; o estudante de p\u00f3s-gradua\u00e7\u00e3o em Computa\u00e7\u00e3o Leonardo de Lima Corr\u00eaa, da Universidade Federal do Rio Grande do Sul (UFRGS); o professor Matheus Fonseca Dur\u00e3es, do Departamento de Solos e Engenharia Agr\u00edcola da Universidade Federal do Paran\u00e1 (UFPR); a estudante de P\u00f3s-Gradua\u00e7\u00e3o em\u00a0Recursos H\u00eddricos da\u00a0UFPel, Tamara Leitzke Caldeira; o professor Carlos Rog\u00e9rio de Mello, do Departamento de Engenharia da Universidade Federal de Lavras (UFLA); e o professor Marilton Sanchotene de Aguiar, do curso de Ci\u00eancia da Computa\u00e7\u00e3o da UFPel.<\/p>\n<p>&nbsp;<\/p>\n<p><img data-recalc-dims=\"1\" data-attachment-id=\"634\" data-permalink=\"https:\/\/wp.ufpel.edu.br\/hidrologiaemodelagemhidrologica\/xxi-simposio-brasileiro-de-recursos-hidricos-2015\/dscn6379\/\" data-orig-file=\"https:\/\/i0.wp.com\/wp.ufpel.edu.br\/hidrologiaemodelagemhidrologica\/files\/2016\/03\/DSCN6379.jpg?fit=4608%2C3456&amp;ssl=1\" data-orig-size=\"4608,3456\" data-comments-opened=\"0\" data-image-meta=\"{&quot;aperture&quot;:&quot;3&quot;,&quot;credit&quot;:&quot;&quot;,&quot;camera&quot;:&quot;COOLPIX P510&quot;,&quot;caption&quot;:&quot;&quot;,&quot;created_timestamp&quot;:&quot;1448440247&quot;,&quot;copyright&quot;:&quot;&quot;,&quot;focal_length&quot;:&quot;4.3&quot;,&quot;iso&quot;:&quot;400&quot;,&quot;shutter_speed&quot;:&quot;0.033333333333333&quot;,&quot;title&quot;:&quot;&quot;,&quot;orientation&quot;:&quot;1&quot;}\" data-image-title=\"DSCN6379\" data-image-description=\"\" data-image-caption=\"\" data-medium-file=\"https:\/\/i0.wp.com\/wp.ufpel.edu.br\/hidrologiaemodelagemhidrologica\/files\/2016\/03\/DSCN6379.jpg?fit=400%2C300&amp;ssl=1\" data-large-file=\"https:\/\/i0.wp.com\/wp.ufpel.edu.br\/hidrologiaemodelagemhidrologica\/files\/2016\/03\/DSCN6379.jpg?fit=984%2C220&amp;ssl=1\" class=\"aligncenter wp-image-634 size-full\" src=\"https:\/\/i0.wp.com\/wp.ufpel.edu.br\/hidrologiaemodelagemhidrologica\/files\/2016\/03\/DSCN6379.jpg?resize=4608%2C3456&#038;ssl=1\" alt=\"DSCN6379\" width=\"4608\" height=\"3456\" srcset=\"https:\/\/i0.wp.com\/wp.ufpel.edu.br\/hidrologiaemodelagemhidrologica\/files\/2016\/03\/DSCN6379.jpg?w=4608&amp;ssl=1 4608w, https:\/\/i0.wp.com\/wp.ufpel.edu.br\/hidrologiaemodelagemhidrologica\/files\/2016\/03\/DSCN6379.jpg?resize=212%2C159&amp;ssl=1 212w, https:\/\/i0.wp.com\/wp.ufpel.edu.br\/hidrologiaemodelagemhidrologica\/files\/2016\/03\/DSCN6379.jpg?resize=424%2C318&amp;ssl=1 424w, https:\/\/i0.wp.com\/wp.ufpel.edu.br\/hidrologiaemodelagemhidrologica\/files\/2016\/03\/DSCN6379.jpg?resize=768%2C576&amp;ssl=1 768w, https:\/\/i0.wp.com\/wp.ufpel.edu.br\/hidrologiaemodelagemhidrologica\/files\/2016\/03\/DSCN6379.jpg?w=2000&amp;ssl=1 2000w, https:\/\/i0.wp.com\/wp.ufpel.edu.br\/hidrologiaemodelagemhidrologica\/files\/2016\/03\/DSCN6379.jpg?w=3000&amp;ssl=1 3000w\" sizes=\"(max-width: 1000px) 100vw, 1000px\" \/><\/p>\n","protected":false},"excerpt":{"rendered":"<p>Em novembro de 2015, a aluna de gradua\u00e7\u00e3o Marcelle Martins Vargas, do 6\u00ba semestre do curso de Engenharia H\u00eddrica realizou a apresenta\u00e7\u00e3o de tr\u00eas trabalhos, na modalidade resumo completo, no XXI Simp\u00f3sio Brasileiro de Recursos H\u00eddricos. Dentre os quais, o trabalho intitulado &#8220;T\u00e9cnicas de Intelig\u00eancia Artificial para Regionaliza\u00e7\u00e3o da Vaz\u00e3o Q90 no Rio Grande do [&hellip;]<\/p>\n","protected":false},"author":570,"featured_media":0,"parent":0,"menu_order":0,"comment_status":"closed","ping_status":"closed","template":"","meta":{"jetpack_post_was_ever_published":false,"footnotes":""},"class_list":["post-632","page","type-page","status-publish","hentry"],"jetpack_sharing_enabled":true,"jetpack_shortlink":"https:\/\/wp.me\/P6ZlNg-ac","jetpack-related-posts":[],"_links":{"self":[{"href":"https:\/\/wp.ufpel.edu.br\/hidrologiaemodelagemhidrologica\/wp-json\/wp\/v2\/pages\/632","targetHints":{"allow":["GET"]}}],"collection":[{"href":"https:\/\/wp.ufpel.edu.br\/hidrologiaemodelagemhidrologica\/wp-json\/wp\/v2\/pages"}],"about":[{"href":"https:\/\/wp.ufpel.edu.br\/hidrologiaemodelagemhidrologica\/wp-json\/wp\/v2\/types\/page"}],"author":[{"embeddable":true,"href":"https:\/\/wp.ufpel.edu.br\/hidrologiaemodelagemhidrologica\/wp-json\/wp\/v2\/users\/570"}],"replies":[{"embeddable":true,"href":"https:\/\/wp.ufpel.edu.br\/hidrologiaemodelagemhidrologica\/wp-json\/wp\/v2\/comments?post=632"}],"version-history":[{"count":3,"href":"https:\/\/wp.ufpel.edu.br\/hidrologiaemodelagemhidrologica\/wp-json\/wp\/v2\/pages\/632\/revisions"}],"predecessor-version":[{"id":641,"href":"https:\/\/wp.ufpel.edu.br\/hidrologiaemodelagemhidrologica\/wp-json\/wp\/v2\/pages\/632\/revisions\/641"}],"wp:attachment":[{"href":"https:\/\/wp.ufpel.edu.br\/hidrologiaemodelagemhidrologica\/wp-json\/wp\/v2\/media?parent=632"}],"curies":[{"name":"wp","href":"https:\/\/api.w.org\/{rel}","templated":true}]}}