{"id":569,"date":"2016-03-02T10:45:41","date_gmt":"2016-03-02T13:45:41","guid":{"rendered":"https:\/\/wp.ufpel.edu.br\/hidrologiaemodelagemhidrologica\/?page_id=569"},"modified":"2020-04-15T17:35:14","modified_gmt":"2020-04-15T20:35:14","slug":"premiacoesdistincoes","status":"publish","type":"page","link":"https:\/\/wp.ufpel.edu.br\/hidrologiaemodelagemhidrologica\/premiacoesdistincoes\/","title":{"rendered":"Distin\u00e7\u00f5es"},"content":{"rendered":"<p><span style=\"color: #000000\"><img data-recalc-dims=\"1\" data-attachment-id=\"1669\" data-permalink=\"https:\/\/wp.ufpel.edu.br\/hidrologiaemodelagemhidrologica\/premiacoesdistincoes\/mair\/\" data-orig-file=\"https:\/\/i0.wp.com\/wp.ufpel.edu.br\/hidrologiaemodelagemhidrologica\/files\/2020\/04\/mair.jpg?fit=960%2C1280&amp;ssl=1\" data-orig-size=\"960,1280\" data-comments-opened=\"0\" data-image-meta=\"{&quot;aperture&quot;:&quot;0&quot;,&quot;credit&quot;:&quot;&quot;,&quot;camera&quot;:&quot;&quot;,&quot;caption&quot;:&quot;&quot;,&quot;created_timestamp&quot;:&quot;0&quot;,&quot;copyright&quot;:&quot;&quot;,&quot;focal_length&quot;:&quot;0&quot;,&quot;iso&quot;:&quot;0&quot;,&quot;shutter_speed&quot;:&quot;0&quot;,&quot;title&quot;:&quot;&quot;,&quot;orientation&quot;:&quot;0&quot;}\" data-image-title=\"mair\" data-image-description=\"\" data-image-caption=\"\" data-medium-file=\"https:\/\/i0.wp.com\/wp.ufpel.edu.br\/hidrologiaemodelagemhidrologica\/files\/2020\/04\/mair.jpg?fit=300%2C400&amp;ssl=1\" data-large-file=\"https:\/\/i0.wp.com\/wp.ufpel.edu.br\/hidrologiaemodelagemhidrologica\/files\/2020\/04\/mair.jpg?fit=768%2C1024&amp;ssl=1\" class=\"alignleft wp-image-1669\" src=\"https:\/\/i0.wp.com\/wp.ufpel.edu.br\/hidrologiaemodelagemhidrologica\/files\/2020\/04\/mair.jpg?resize=200%2C200&#038;ssl=1\" alt=\"\" width=\"200\" height=\"200\" srcset=\"https:\/\/i0.wp.com\/wp.ufpel.edu.br\/hidrologiaemodelagemhidrologica\/files\/2020\/04\/mair.jpg?resize=200%2C200&amp;ssl=1 200w, https:\/\/i0.wp.com\/wp.ufpel.edu.br\/hidrologiaemodelagemhidrologica\/files\/2020\/04\/mair.jpg?zoom=2&amp;resize=200%2C200&amp;ssl=1 400w, https:\/\/i0.wp.com\/wp.ufpel.edu.br\/hidrologiaemodelagemhidrologica\/files\/2020\/04\/mair.jpg?zoom=3&amp;resize=200%2C200&amp;ssl=1 600w\" sizes=\"(max-width: 200px) 100vw, 200px\" \/><\/span><\/p>\n<p>&nbsp;<\/p>\n<p>&nbsp;<\/p>\n<p><span style=\"color: #000000\"><a style=\"color: #000000\" href=\"https:\/\/wp.ufpel.edu.br\/hidrologiaemodelagemhidrologica\/xxi-encontro-de-pos-graduacao-enpos-da-universidade-federal-de-pelotas-2019\/\" target=\"_blank\" rel=\"noopener noreferrer\">XXI Encontro de P\u00f3s-Gradua\u00e7\u00e3o (ENPOS) da Universidade Federal de Pelotas &#8211; 2019<\/a><\/span><\/p>\n<p>&nbsp;<\/p>\n<p>&nbsp;<\/p>\n<p>&nbsp;<\/p>\n<p><span style=\"color: #000000\"><a style=\"color: #000000\" href=\"https:\/\/wp.ufpel.edu.br\/hidrologiaemodelagemhidrologica\/xxv-congresso-de-iniciacao-cientifica-da-universidade-federal-de-pelotas-2016\/\" target=\"_blank\" rel=\"noopener noreferrer\"><img data-recalc-dims=\"1\" data-attachment-id=\"947\" data-permalink=\"https:\/\/wp.ufpel.edu.br\/hidrologiaemodelagemhidrologica\/xxv-congresso-de-iniciacao-cientifica-da-universidade-federal-de-pelotas-2016\/17198578_722459097913523_464277001_n\/\" data-orig-file=\"https:\/\/i0.wp.com\/wp.ufpel.edu.br\/hidrologiaemodelagemhidrologica\/files\/2017\/03\/17198578_722459097913523_464277001_n.jpg?fit=720%2C960&amp;ssl=1\" data-orig-size=\"720,960\" data-comments-opened=\"0\" data-image-meta=\"{&quot;aperture&quot;:&quot;0&quot;,&quot;credit&quot;:&quot;&quot;,&quot;camera&quot;:&quot;&quot;,&quot;caption&quot;:&quot;&quot;,&quot;created_timestamp&quot;:&quot;0&quot;,&quot;copyright&quot;:&quot;&quot;,&quot;focal_length&quot;:&quot;0&quot;,&quot;iso&quot;:&quot;0&quot;,&quot;shutter_speed&quot;:&quot;0&quot;,&quot;title&quot;:&quot;&quot;,&quot;orientation&quot;:&quot;0&quot;}\" data-image-title=\"17198578_722459097913523_464277001_n\" data-image-description=\"\" data-image-caption=\"\" data-medium-file=\"https:\/\/i0.wp.com\/wp.ufpel.edu.br\/hidrologiaemodelagemhidrologica\/files\/2017\/03\/17198578_722459097913523_464277001_n.jpg?fit=239%2C318&amp;ssl=1\" data-large-file=\"https:\/\/i0.wp.com\/wp.ufpel.edu.br\/hidrologiaemodelagemhidrologica\/files\/2017\/03\/17198578_722459097913523_464277001_n.jpg?fit=720%2C220&amp;ssl=1\" class=\"alignleft wp-image-947\" src=\"https:\/\/i0.wp.com\/wp.ufpel.edu.br\/hidrologiaemodelagemhidrologica\/files\/2017\/03\/17198578_722459097913523_464277001_n.jpg?resize=200%2C267&#038;ssl=1\" alt=\"\" width=\"200\" height=\"267\" srcset=\"https:\/\/i0.wp.com\/wp.ufpel.edu.br\/hidrologiaemodelagemhidrologica\/files\/2017\/03\/17198578_722459097913523_464277001_n.jpg?resize=119%2C159&amp;ssl=1 119w, https:\/\/i0.wp.com\/wp.ufpel.edu.br\/hidrologiaemodelagemhidrologica\/files\/2017\/03\/17198578_722459097913523_464277001_n.jpg?resize=239%2C318&amp;ssl=1 239w, https:\/\/i0.wp.com\/wp.ufpel.edu.br\/hidrologiaemodelagemhidrologica\/files\/2017\/03\/17198578_722459097913523_464277001_n.jpg?w=720&amp;ssl=1 720w\" sizes=\"(max-width: 200px) 100vw, 200px\" \/><\/a><\/span><\/p>\n<p>&nbsp;<\/p>\n<p>&nbsp;<\/p>\n<p>&nbsp;<\/p>\n<p><span style=\"color: #000000\"><a style=\"color: #000000\" href=\"https:\/\/wp.ufpel.edu.br\/hidrologiaemodelagemhidrologica\/xxv-congresso-de-iniciacao-cientifica-da-universidade-federal-de-pelotas-2016\/\" target=\"_blank\" rel=\"noopener noreferrer\">XXV Congresso de Inicia\u00e7\u00e3o Cient\u00edfica da Universidade Federal de Pelotas &#8211; 2016<\/a><\/span><\/p>\n<p>&nbsp;<\/p>\n<p>&nbsp;<\/p>\n<p>&nbsp;<\/p>\n<p>&nbsp;<\/p>\n<p><span style=\"color: #000000\"><a style=\"color: #000000\" href=\"https:\/\/wp.ufpel.edu.br\/hidrologiaemodelagemhidrologica\/xxi-simposio-brasileiro-de-recursos-hidricos-2015\/\" target=\"_blank\" rel=\"noopener noreferrer\"><img data-recalc-dims=\"1\" data-attachment-id=\"634\" data-permalink=\"https:\/\/wp.ufpel.edu.br\/hidrologiaemodelagemhidrologica\/xxi-simposio-brasileiro-de-recursos-hidricos-2015\/dscn6379\/\" data-orig-file=\"https:\/\/i0.wp.com\/wp.ufpel.edu.br\/hidrologiaemodelagemhidrologica\/files\/2016\/03\/DSCN6379.jpg?fit=4608%2C3456&amp;ssl=1\" data-orig-size=\"4608,3456\" data-comments-opened=\"0\" data-image-meta=\"{&quot;aperture&quot;:&quot;3&quot;,&quot;credit&quot;:&quot;&quot;,&quot;camera&quot;:&quot;COOLPIX P510&quot;,&quot;caption&quot;:&quot;&quot;,&quot;created_timestamp&quot;:&quot;1448440247&quot;,&quot;copyright&quot;:&quot;&quot;,&quot;focal_length&quot;:&quot;4.3&quot;,&quot;iso&quot;:&quot;400&quot;,&quot;shutter_speed&quot;:&quot;0.033333333333333&quot;,&quot;title&quot;:&quot;&quot;,&quot;orientation&quot;:&quot;1&quot;}\" data-image-title=\"DSCN6379\" data-image-description=\"\" data-image-caption=\"\" data-medium-file=\"https:\/\/i0.wp.com\/wp.ufpel.edu.br\/hidrologiaemodelagemhidrologica\/files\/2016\/03\/DSCN6379.jpg?fit=400%2C300&amp;ssl=1\" data-large-file=\"https:\/\/i0.wp.com\/wp.ufpel.edu.br\/hidrologiaemodelagemhidrologica\/files\/2016\/03\/DSCN6379.jpg?fit=984%2C220&amp;ssl=1\" class=\"alignleft wp-image-634\" src=\"https:\/\/i0.wp.com\/wp.ufpel.edu.br\/hidrologiaemodelagemhidrologica\/files\/2016\/03\/DSCN6379.jpg?resize=200%2C150&#038;ssl=1\" alt=\"DSCN6379\" width=\"200\" height=\"150\" srcset=\"https:\/\/i0.wp.com\/wp.ufpel.edu.br\/hidrologiaemodelagemhidrologica\/files\/2016\/03\/DSCN6379.jpg?resize=212%2C159&amp;ssl=1 212w, https:\/\/i0.wp.com\/wp.ufpel.edu.br\/hidrologiaemodelagemhidrologica\/files\/2016\/03\/DSCN6379.jpg?resize=424%2C318&amp;ssl=1 424w, https:\/\/i0.wp.com\/wp.ufpel.edu.br\/hidrologiaemodelagemhidrologica\/files\/2016\/03\/DSCN6379.jpg?resize=768%2C576&amp;ssl=1 768w, https:\/\/i0.wp.com\/wp.ufpel.edu.br\/hidrologiaemodelagemhidrologica\/files\/2016\/03\/DSCN6379.jpg?w=2000&amp;ssl=1 2000w, https:\/\/i0.wp.com\/wp.ufpel.edu.br\/hidrologiaemodelagemhidrologica\/files\/2016\/03\/DSCN6379.jpg?w=3000&amp;ssl=1 3000w\" sizes=\"(max-width: 200px) 100vw, 200px\" \/><\/a><\/span><\/p>\n<p>&nbsp;<\/p>\n<p>&nbsp;<\/p>\n<p><span style=\"color: #000000\"><a style=\"color: #000000\" href=\"https:\/\/wp.ufpel.edu.br\/hidrologiaemodelagemhidrologica\/xxi-simposio-brasileiro-de-recursos-hidricos-2015\/\" target=\"_blank\" rel=\"noopener noreferrer\">XXI Simp\u00f3sio Brasileiro de Recursos H\u00eddricos &#8211; 2015<\/a><\/span><\/p>\n<p>&nbsp;<\/p>\n<p>&nbsp;<\/p>\n<p>&nbsp;<\/p>\n<p><span style=\"color: #000000\"><a style=\"color: #000000\" href=\"http:\/\/wp.me\/P6ZlNg-bZ\"><img data-recalc-dims=\"1\" data-attachment-id=\"541\" data-permalink=\"https:\/\/wp.ufpel.edu.br\/hidrologiaemodelagemhidrologica\/2015\/12\/15\/trabalho-desenvolvido-pelo-grupo-de-pesquisa-e-premiado-como-destaque-de-congresso-de-hidrossedimentologia\/premiacao-congresso-hidrossedimentologia\/\" data-orig-file=\"https:\/\/i0.wp.com\/wp.ufpel.edu.br\/hidrologiaemodelagemhidrologica\/files\/2015\/12\/premiacao-congresso-hidrossedimentologia.png?fit=183%2C242&amp;ssl=1\" data-orig-size=\"183,242\" data-comments-opened=\"0\" data-image-meta=\"{&quot;aperture&quot;:&quot;0&quot;,&quot;credit&quot;:&quot;&quot;,&quot;camera&quot;:&quot;&quot;,&quot;caption&quot;:&quot;&quot;,&quot;created_timestamp&quot;:&quot;0&quot;,&quot;copyright&quot;:&quot;&quot;,&quot;focal_length&quot;:&quot;0&quot;,&quot;iso&quot;:&quot;0&quot;,&quot;shutter_speed&quot;:&quot;0&quot;,&quot;title&quot;:&quot;&quot;,&quot;orientation&quot;:&quot;0&quot;}\" data-image-title=\"premiacao congresso hidrossedimentologia\" data-image-description=\"\" data-image-caption=\"\" data-medium-file=\"https:\/\/i0.wp.com\/wp.ufpel.edu.br\/hidrologiaemodelagemhidrologica\/files\/2015\/12\/premiacao-congresso-hidrossedimentologia.png?fit=183%2C242&amp;ssl=1\" data-large-file=\"https:\/\/i0.wp.com\/wp.ufpel.edu.br\/hidrologiaemodelagemhidrologica\/files\/2015\/12\/premiacao-congresso-hidrossedimentologia.png?fit=183%2C220&amp;ssl=1\" class=\"alignleft wp-image-541\" src=\"https:\/\/i0.wp.com\/wp.ufpel.edu.br\/hidrologiaemodelagemhidrologica\/files\/2015\/12\/premiacao-congresso-hidrossedimentologia.png?resize=200%2C264&#038;ssl=1\" alt=\"premiacao congresso hidrossedimentologia\" width=\"200\" height=\"264\" srcset=\"https:\/\/i0.wp.com\/wp.ufpel.edu.br\/hidrologiaemodelagemhidrologica\/files\/2015\/12\/premiacao-congresso-hidrossedimentologia.png?resize=120%2C159&amp;ssl=1 120w, https:\/\/i0.wp.com\/wp.ufpel.edu.br\/hidrologiaemodelagemhidrologica\/files\/2015\/12\/premiacao-congresso-hidrossedimentologia.png?w=183&amp;ssl=1 183w\" sizes=\"(max-width: 200px) 100vw, 200px\" \/><\/a><\/span><\/p>\n<p>&nbsp;<\/p>\n<p>&nbsp;<\/p>\n<p>&nbsp;<\/p>\n<p><span style=\"color: #000000\"><a style=\"color: #000000\" href=\"http:\/\/wp.me\/P6ZlNg-bZ\">I\u00a0Congresso Internacional de Hidrossedimentologia &#8211; 2015<\/a><\/span><\/p>\n<p>&nbsp;<\/p>\n<p>&nbsp;<\/p>\n<p>&nbsp;<\/p>\n<p>&nbsp;<\/p>\n<p>&nbsp;<\/p>\n<p><span style=\"color: #000000\"><img data-recalc-dims=\"1\" data-attachment-id=\"679\" data-permalink=\"https:\/\/wp.ufpel.edu.br\/hidrologiaemodelagemhidrologica\/premio-fundacao-bunge-juventude-2013\/entrega-medalha\/\" data-orig-file=\"https:\/\/i0.wp.com\/wp.ufpel.edu.br\/hidrologiaemodelagemhidrologica\/files\/2016\/03\/entrega-medalha.png?fit=568%2C376&amp;ssl=1\" data-orig-size=\"568,376\" data-comments-opened=\"0\" data-image-meta=\"{&quot;aperture&quot;:&quot;0&quot;,&quot;credit&quot;:&quot;&quot;,&quot;camera&quot;:&quot;&quot;,&quot;caption&quot;:&quot;&quot;,&quot;created_timestamp&quot;:&quot;0&quot;,&quot;copyright&quot;:&quot;&quot;,&quot;focal_length&quot;:&quot;0&quot;,&quot;iso&quot;:&quot;0&quot;,&quot;shutter_speed&quot;:&quot;0&quot;,&quot;title&quot;:&quot;&quot;,&quot;orientation&quot;:&quot;0&quot;}\" data-image-title=\"entrega medalha\" data-image-description=\"\" data-image-caption=\"\" data-medium-file=\"https:\/\/i0.wp.com\/wp.ufpel.edu.br\/hidrologiaemodelagemhidrologica\/files\/2016\/03\/entrega-medalha.png?fit=400%2C265&amp;ssl=1\" data-large-file=\"https:\/\/i0.wp.com\/wp.ufpel.edu.br\/hidrologiaemodelagemhidrologica\/files\/2016\/03\/entrega-medalha.png?fit=568%2C220&amp;ssl=1\" class=\"alignleft wp-image-679\" src=\"https:\/\/i0.wp.com\/wp.ufpel.edu.br\/hidrologiaemodelagemhidrologica\/files\/2016\/03\/entrega-medalha.png?resize=200%2C132&#038;ssl=1\" alt=\"entrega medalha\" width=\"200\" height=\"132\" srcset=\"https:\/\/i0.wp.com\/wp.ufpel.edu.br\/hidrologiaemodelagemhidrologica\/files\/2016\/03\/entrega-medalha.png?resize=212%2C140&amp;ssl=1 212w, https:\/\/i0.wp.com\/wp.ufpel.edu.br\/hidrologiaemodelagemhidrologica\/files\/2016\/03\/entrega-medalha.png?resize=424%2C281&amp;ssl=1 424w, https:\/\/i0.wp.com\/wp.ufpel.edu.br\/hidrologiaemodelagemhidrologica\/files\/2016\/03\/entrega-medalha.png?w=568&amp;ssl=1 568w\" sizes=\"(max-width: 200px) 100vw, 200px\" \/><\/span><\/p>\n<p>&nbsp;<\/p>\n<p>&nbsp;<\/p>\n<p><span style=\"color: #000000\"><a style=\"color: #000000\" href=\"https:\/\/wp.ufpel.edu.br\/hidrologiaemodelagemhidrologica\/premio-fundacao-bunge-juventude-2013\/\" target=\"_blank\" rel=\"noopener noreferrer\">Pr\u00eamio Funda\u00e7\u00e3o Bunge Juventude 2013<\/a><\/span><\/p>\n<p>&nbsp;<\/p>\n<p>&nbsp;<\/p>\n<p><span style=\"color: #000000\"><img data-recalc-dims=\"1\" data-attachment-id=\"438\" data-permalink=\"https:\/\/wp.ufpel.edu.br\/hidrologiaemodelagemhidrologica\/galeria-de-fotos\/1454719_519524108154493_2035192538_n\/\" data-orig-file=\"https:\/\/i0.wp.com\/wp.ufpel.edu.br\/hidrologiaemodelagemhidrologica\/files\/2015\/11\/1454719_519524108154493_2035192538_n.jpg?fit=960%2C720&amp;ssl=1\" data-orig-size=\"960,720\" data-comments-opened=\"0\" data-image-meta=\"{&quot;aperture&quot;:&quot;0&quot;,&quot;credit&quot;:&quot;&quot;,&quot;camera&quot;:&quot;&quot;,&quot;caption&quot;:&quot;&quot;,&quot;created_timestamp&quot;:&quot;0&quot;,&quot;copyright&quot;:&quot;&quot;,&quot;focal_length&quot;:&quot;0&quot;,&quot;iso&quot;:&quot;0&quot;,&quot;shutter_speed&quot;:&quot;0&quot;,&quot;title&quot;:&quot;&quot;,&quot;orientation&quot;:&quot;0&quot;}\" data-image-title=\"1454719_519524108154493_2035192538_n\" data-image-description=\"\" data-image-caption=\"\" data-medium-file=\"https:\/\/i0.wp.com\/wp.ufpel.edu.br\/hidrologiaemodelagemhidrologica\/files\/2015\/11\/1454719_519524108154493_2035192538_n.jpg?fit=400%2C300&amp;ssl=1\" data-large-file=\"https:\/\/i0.wp.com\/wp.ufpel.edu.br\/hidrologiaemodelagemhidrologica\/files\/2015\/11\/1454719_519524108154493_2035192538_n.jpg?fit=960%2C220&amp;ssl=1\" class=\"alignleft wp-image-438\" src=\"https:\/\/i0.wp.com\/wp.ufpel.edu.br\/hidrologiaemodelagemhidrologica\/files\/2015\/11\/1454719_519524108154493_2035192538_n.jpg?resize=200%2C150&#038;ssl=1\" alt=\"1454719_519524108154493_2035192538_n\" width=\"200\" height=\"150\" srcset=\"https:\/\/i0.wp.com\/wp.ufpel.edu.br\/hidrologiaemodelagemhidrologica\/files\/2015\/11\/1454719_519524108154493_2035192538_n.jpg?resize=212%2C159&amp;ssl=1 212w, https:\/\/i0.wp.com\/wp.ufpel.edu.br\/hidrologiaemodelagemhidrologica\/files\/2015\/11\/1454719_519524108154493_2035192538_n.jpg?resize=424%2C318&amp;ssl=1 424w, https:\/\/i0.wp.com\/wp.ufpel.edu.br\/hidrologiaemodelagemhidrologica\/files\/2015\/11\/1454719_519524108154493_2035192538_n.jpg?resize=768%2C576&amp;ssl=1 768w, https:\/\/i0.wp.com\/wp.ufpel.edu.br\/hidrologiaemodelagemhidrologica\/files\/2015\/11\/1454719_519524108154493_2035192538_n.jpg?w=960&amp;ssl=1 960w\" sizes=\"(max-width: 200px) 100vw, 200px\" \/><\/span><\/p>\n<p>&nbsp;<\/p>\n<p>&nbsp;<\/p>\n<p><span style=\"color: #000000\"><a style=\"color: #000000\" href=\"http:\/\/wp.me\/P6ZlNg-bn\" target=\"_blank\" rel=\"noopener noreferrer\">XXII Congresso de Inicia\u00e7\u00e3o Cient\u00edfica da Universidade Federal de Pelotas &#8211; 2013<\/a><\/span><\/p>\n<p>&nbsp;<\/p>\n<p>&nbsp;<\/p>\n<p><span style=\"color: #000000\"><a style=\"color: #000000\" href=\"https:\/\/wp.ufpel.edu.br\/hidrologiaemodelagemhidrologica\/xxi-congresso-de-iniciacao-cientifica-da-universidade-federal-de-pelotas-2012\/\" target=\"_blank\" rel=\"noopener noreferrer\"><img data-recalc-dims=\"1\" data-attachment-id=\"440\" data-permalink=\"https:\/\/wp.ufpel.edu.br\/hidrologiaemodelagemhidrologica\/galeria-de-fotos\/premio_cic2012_edson\/\" data-orig-file=\"https:\/\/i0.wp.com\/wp.ufpel.edu.br\/hidrologiaemodelagemhidrologica\/files\/2015\/11\/Premio_CIC2012_Edson.jpg?fit=3888%2C2592&amp;ssl=1\" data-orig-size=\"3888,2592\" data-comments-opened=\"0\" data-image-meta=\"{&quot;aperture&quot;:&quot;5.6&quot;,&quot;credit&quot;:&quot;&quot;,&quot;camera&quot;:&quot;Canon EOS 40D&quot;,&quot;caption&quot;:&quot;&quot;,&quot;created_timestamp&quot;:&quot;1354130271&quot;,&quot;copyright&quot;:&quot;&quot;,&quot;focal_length&quot;:&quot;28&quot;,&quot;iso&quot;:&quot;800&quot;,&quot;shutter_speed&quot;:&quot;0.008&quot;,&quot;title&quot;:&quot;&quot;,&quot;orientation&quot;:&quot;1&quot;}\" data-image-title=\"Premio_CIC2012_Edson\" data-image-description=\"\" data-image-caption=\"\" data-medium-file=\"https:\/\/i0.wp.com\/wp.ufpel.edu.br\/hidrologiaemodelagemhidrologica\/files\/2015\/11\/Premio_CIC2012_Edson.jpg?fit=400%2C267&amp;ssl=1\" data-large-file=\"https:\/\/i0.wp.com\/wp.ufpel.edu.br\/hidrologiaemodelagemhidrologica\/files\/2015\/11\/Premio_CIC2012_Edson.jpg?fit=984%2C220&amp;ssl=1\" class=\"alignleft wp-image-440\" src=\"https:\/\/i0.wp.com\/wp.ufpel.edu.br\/hidrologiaemodelagemhidrologica\/files\/2015\/11\/Premio_CIC2012_Edson.jpg?resize=200%2C133&#038;ssl=1\" alt=\"Premio_CIC2012_Edson\" width=\"200\" height=\"133\" srcset=\"https:\/\/i0.wp.com\/wp.ufpel.edu.br\/hidrologiaemodelagemhidrologica\/files\/2015\/11\/Premio_CIC2012_Edson.jpg?resize=212%2C141&amp;ssl=1 212w, https:\/\/i0.wp.com\/wp.ufpel.edu.br\/hidrologiaemodelagemhidrologica\/files\/2015\/11\/Premio_CIC2012_Edson.jpg?resize=424%2C283&amp;ssl=1 424w, https:\/\/i0.wp.com\/wp.ufpel.edu.br\/hidrologiaemodelagemhidrologica\/files\/2015\/11\/Premio_CIC2012_Edson.jpg?resize=768%2C512&amp;ssl=1 768w, https:\/\/i0.wp.com\/wp.ufpel.edu.br\/hidrologiaemodelagemhidrologica\/files\/2015\/11\/Premio_CIC2012_Edson.jpg?w=2000&amp;ssl=1 2000w, https:\/\/i0.wp.com\/wp.ufpel.edu.br\/hidrologiaemodelagemhidrologica\/files\/2015\/11\/Premio_CIC2012_Edson.jpg?w=3000&amp;ssl=1 3000w\" sizes=\"(max-width: 200px) 100vw, 200px\" \/><\/a><\/span><\/p>\n<p>&nbsp;<\/p>\n<p><span style=\"color: #000000\"><a style=\"color: #000000\" href=\"https:\/\/wp.ufpel.edu.br\/hidrologiaemodelagemhidrologica\/xxi-congresso-de-iniciacao-cientifica-da-universidade-federal-de-pelotas-2012\/\" target=\"_blank\" rel=\"noopener noreferrer\">XXI Congresso de Inicia\u00e7\u00e3o Cientifica da Universidade Federal de Pelotas &#8211; 2012<\/a><\/span><\/p>\n","protected":false},"excerpt":{"rendered":"<p>&nbsp; &nbsp; XXI Encontro de P\u00f3s-Gradua\u00e7\u00e3o (ENPOS) da Universidade Federal de Pelotas &#8211; 2019 &nbsp; &nbsp; &nbsp; &nbsp; &nbsp; &nbsp; XXV Congresso de Inicia\u00e7\u00e3o Cient\u00edfica da Universidade Federal de Pelotas &#8211; 2016 &nbsp; &nbsp; &nbsp; &nbsp; &nbsp; &nbsp; XXI Simp\u00f3sio Brasileiro de Recursos H\u00eddricos &#8211; 2015 &nbsp; &nbsp; &nbsp; &nbsp; &nbsp; &nbsp; I\u00a0Congresso Internacional de [&hellip;]<\/p>\n","protected":false},"author":570,"featured_media":0,"parent":0,"menu_order":0,"comment_status":"closed","ping_status":"closed","template":"","meta":{"jetpack_post_was_ever_published":false,"footnotes":""},"class_list":["post-569","page","type-page","status-publish","hentry"],"jetpack_sharing_enabled":true,"jetpack_shortlink":"https:\/\/wp.me\/P6ZlNg-9b","jetpack-related-posts":[],"_links":{"self":[{"href":"https:\/\/wp.ufpel.edu.br\/hidrologiaemodelagemhidrologica\/wp-json\/wp\/v2\/pages\/569","targetHints":{"allow":["GET"]}}],"collection":[{"href":"https:\/\/wp.ufpel.edu.br\/hidrologiaemodelagemhidrologica\/wp-json\/wp\/v2\/pages"}],"about":[{"href":"https:\/\/wp.ufpel.edu.br\/hidrologiaemodelagemhidrologica\/wp-json\/wp\/v2\/types\/page"}],"author":[{"embeddable":true,"href":"https:\/\/wp.ufpel.edu.br\/hidrologiaemodelagemhidrologica\/wp-json\/wp\/v2\/users\/570"}],"replies":[{"embeddable":true,"href":"https:\/\/wp.ufpel.edu.br\/hidrologiaemodelagemhidrologica\/wp-json\/wp\/v2\/comments?post=569"}],"version-history":[{"count":17,"href":"https:\/\/wp.ufpel.edu.br\/hidrologiaemodelagemhidrologica\/wp-json\/wp\/v2\/pages\/569\/revisions"}],"predecessor-version":[{"id":1672,"href":"https:\/\/wp.ufpel.edu.br\/hidrologiaemodelagemhidrologica\/wp-json\/wp\/v2\/pages\/569\/revisions\/1672"}],"wp:attachment":[{"href":"https:\/\/wp.ufpel.edu.br\/hidrologiaemodelagemhidrologica\/wp-json\/wp\/v2\/media?parent=569"}],"curies":[{"name":"wp","href":"https:\/\/api.w.org\/{rel}","templated":true}]}}