{"id":49,"date":"2015-10-28T14:22:53","date_gmt":"2015-10-28T16:22:53","guid":{"rendered":"https:\/\/wp.ufpel.edu.br\/hidrologiaemodelagemhidrologica\/?page_id=49"},"modified":"2020-05-26T10:03:31","modified_gmt":"2020-05-26T13:03:31","slug":"softwares-registrados","status":"publish","type":"page","link":"https:\/\/wp.ufpel.edu.br\/hidrologiaemodelagemhidrologica\/softwares-registrados\/","title":{"rendered":"Softwares"},"content":{"rendered":"<p><span style=\"color: #000000\">1.<\/span> <strong><span style=\"color: #003366\">SYHDA<\/span><\/strong><\/p>\n<p style=\"text-align: justify\"><a href=\"https:\/\/wp.ufpel.edu.br\/hidrologiaemodelagemhidrologica\/syhda\/\" target=\"_blank\" rel=\"noopener noreferrer\"><img data-recalc-dims=\"1\" data-attachment-id=\"998\" data-permalink=\"https:\/\/wp.ufpel.edu.br\/hidrologiaemodelagemhidrologica\/softwares-registrados\/syhda-final-preferencial\/\" data-orig-file=\"https:\/\/i0.wp.com\/wp.ufpel.edu.br\/hidrologiaemodelagemhidrologica\/files\/2015\/10\/SYHDA-final-preferencial.png?fit=2362%2C2362&amp;ssl=1\" data-orig-size=\"2362,2362\" data-comments-opened=\"0\" data-image-meta=\"{&quot;aperture&quot;:&quot;0&quot;,&quot;credit&quot;:&quot;&quot;,&quot;camera&quot;:&quot;&quot;,&quot;caption&quot;:&quot;&quot;,&quot;created_timestamp&quot;:&quot;0&quot;,&quot;copyright&quot;:&quot;&quot;,&quot;focal_length&quot;:&quot;0&quot;,&quot;iso&quot;:&quot;0&quot;,&quot;shutter_speed&quot;:&quot;0&quot;,&quot;title&quot;:&quot;&quot;,&quot;orientation&quot;:&quot;0&quot;}\" data-image-title=\"SYHDA final preferencial\" data-image-description=\"\" data-image-caption=\"\" data-medium-file=\"https:\/\/i0.wp.com\/wp.ufpel.edu.br\/hidrologiaemodelagemhidrologica\/files\/2015\/10\/SYHDA-final-preferencial.png?fit=318%2C318&amp;ssl=1\" data-large-file=\"https:\/\/i0.wp.com\/wp.ufpel.edu.br\/hidrologiaemodelagemhidrologica\/files\/2015\/10\/SYHDA-final-preferencial.png?fit=984%2C220&amp;ssl=1\" class=\"alignright wp-image-998\" src=\"https:\/\/i0.wp.com\/wp.ufpel.edu.br\/hidrologiaemodelagemhidrologica\/files\/2015\/10\/SYHDA-final-preferencial.png?resize=180%2C180&#038;ssl=1\" alt=\"\" width=\"180\" height=\"180\" srcset=\"https:\/\/i0.wp.com\/wp.ufpel.edu.br\/hidrologiaemodelagemhidrologica\/files\/2015\/10\/SYHDA-final-preferencial.png?resize=159%2C159&amp;ssl=1 159w, https:\/\/i0.wp.com\/wp.ufpel.edu.br\/hidrologiaemodelagemhidrologica\/files\/2015\/10\/SYHDA-final-preferencial.png?resize=318%2C318&amp;ssl=1 318w, https:\/\/i0.wp.com\/wp.ufpel.edu.br\/hidrologiaemodelagemhidrologica\/files\/2015\/10\/SYHDA-final-preferencial.png?resize=768%2C768&amp;ssl=1 768w, https:\/\/i0.wp.com\/wp.ufpel.edu.br\/hidrologiaemodelagemhidrologica\/files\/2015\/10\/SYHDA-final-preferencial.png?w=2000&amp;ssl=1 2000w\" sizes=\"(max-width: 180px) 100vw, 180px\" \/><\/a><\/p>\n<p style=\"text-align: justify\">Aplicativo computacional para aquisi\u00e7\u00e3o e an\u00e1lise de dados hidrol\u00f3gicos.<\/p>\n<ul>\n<li style=\"text-align: justify\">Data de Registro: 11\/11\/2015<\/li>\n<li style=\"text-align: justify\">Data do Certificado de Registro: 19\/04\/2016<\/li>\n<li style=\"text-align: justify\">N\u00ba de Registro:\u00a0BR5120150013076<\/li>\n<li style=\"text-align: justify\">Autores:\u00a0Samuel Beskow, Tamara Leitzke Caldeira, Leonardo de Lima Corr\u00eaa.<\/li>\n<li style=\"text-align: justify\">Titular:\u00a0Universidade Federal de Pelotas &#8211; UFPel.<\/li>\n<\/ul>\n<p>Para mais informa\u00e7\u00f5es clique <span style=\"color: #0000ff\"><a style=\"color: #0000ff\" href=\"https:\/\/wp.ufpel.edu.br\/hidrologiaemodelagemhidrologica\/syhda\/\" target=\"_blank\" rel=\"noopener noreferrer\"><span style=\"text-decoration: underline\">aqui<\/span><\/a><\/span>.<\/p>\n<p>&nbsp;<\/p>\n<p><span style=\"color: #003366\"><strong>\u00a0<\/strong><span style=\"color: #000000\"> 2.<\/span><strong> ArcLASH<\/strong><\/span><\/p>\n<p><a href=\"https:\/\/wp.ufpel.edu.br\/hidrologiaemodelagemhidrologica\/arclash\/\" target=\"_blank\" rel=\"noopener noreferrer\"><img data-recalc-dims=\"1\" data-attachment-id=\"997\" data-permalink=\"https:\/\/wp.ufpel.edu.br\/hidrologiaemodelagemhidrologica\/softwares-registrados\/arclash-final-preferencial\/\" data-orig-file=\"https:\/\/i0.wp.com\/wp.ufpel.edu.br\/hidrologiaemodelagemhidrologica\/files\/2015\/10\/ArcLash-final-preferencial.png?fit=2362%2C2362&amp;ssl=1\" data-orig-size=\"2362,2362\" data-comments-opened=\"0\" data-image-meta=\"{&quot;aperture&quot;:&quot;0&quot;,&quot;credit&quot;:&quot;&quot;,&quot;camera&quot;:&quot;&quot;,&quot;caption&quot;:&quot;&quot;,&quot;created_timestamp&quot;:&quot;0&quot;,&quot;copyright&quot;:&quot;&quot;,&quot;focal_length&quot;:&quot;0&quot;,&quot;iso&quot;:&quot;0&quot;,&quot;shutter_speed&quot;:&quot;0&quot;,&quot;title&quot;:&quot;&quot;,&quot;orientation&quot;:&quot;0&quot;}\" data-image-title=\"ArcLash final preferencial\" data-image-description=\"\" data-image-caption=\"\" data-medium-file=\"https:\/\/i0.wp.com\/wp.ufpel.edu.br\/hidrologiaemodelagemhidrologica\/files\/2015\/10\/ArcLash-final-preferencial.png?fit=318%2C318&amp;ssl=1\" data-large-file=\"https:\/\/i0.wp.com\/wp.ufpel.edu.br\/hidrologiaemodelagemhidrologica\/files\/2015\/10\/ArcLash-final-preferencial.png?fit=984%2C220&amp;ssl=1\" class=\"alignright wp-image-997\" src=\"https:\/\/i0.wp.com\/wp.ufpel.edu.br\/hidrologiaemodelagemhidrologica\/files\/2015\/10\/ArcLash-final-preferencial.png?resize=180%2C180&#038;ssl=1\" alt=\"\" width=\"180\" height=\"180\" srcset=\"https:\/\/i0.wp.com\/wp.ufpel.edu.br\/hidrologiaemodelagemhidrologica\/files\/2015\/10\/ArcLash-final-preferencial.png?resize=159%2C159&amp;ssl=1 159w, https:\/\/i0.wp.com\/wp.ufpel.edu.br\/hidrologiaemodelagemhidrologica\/files\/2015\/10\/ArcLash-final-preferencial.png?resize=318%2C318&amp;ssl=1 318w, https:\/\/i0.wp.com\/wp.ufpel.edu.br\/hidrologiaemodelagemhidrologica\/files\/2015\/10\/ArcLash-final-preferencial.png?resize=768%2C768&amp;ssl=1 768w, https:\/\/i0.wp.com\/wp.ufpel.edu.br\/hidrologiaemodelagemhidrologica\/files\/2015\/10\/ArcLash-final-preferencial.png?w=2000&amp;ssl=1 2000w\" sizes=\"(max-width: 180px) 100vw, 180px\" \/><\/a><\/p>\n<p style=\"text-align: justify\">Realiza o processamento autom\u00e1tico, em ambiente SIG, da base de dados espaciais para o modelo hidrol\u00f3gico LASH.<\/p>\n<ul style=\"text-align: justify\">\n<li style=\"text-align: justify\">Data de Registro: 11\/11\/2015<\/li>\n<li style=\"text-align: justify\">Data do Certificado de Registro: 31\/05\/2016<\/li>\n<li style=\"text-align: justify\">N\u00ba de Registro:\u00a0BR5120150013092<\/li>\n<li style=\"text-align: justify\">Autores:\u00a0Samuel Beskow, Tamara Leitzke Caldeira, Carlos Rog\u00e9rio do Mello, Marcelo Ribeiro Viola, Edison Hund Lucas.<\/li>\n<li style=\"text-align: justify\">Titular:\u00a0Universidade Federal de Pelotas &#8211; UFPel e\u00a0Universidade Federal de Lavras &#8211; UFLA.<\/li>\n<\/ul>\n<p>Para mais informa\u00e7\u00f5es clique <span style=\"text-decoration: underline;color: #0000ff\"><a style=\"color: #0000ff;text-decoration: underline\" href=\"https:\/\/wp.ufpel.edu.br\/hidrologiaemodelagemhidrologica\/arclash\/\" target=\"_blank\" rel=\"noopener noreferrer\">aqui<\/a><\/span>.<\/p>\n<p>&nbsp;<\/p>\n<p><span style=\"color: #000000\">3.<\/span> <strong><span style=\"color: #003366\">GAM-IDF<\/span><\/strong><\/p>\n<p><img data-recalc-dims=\"1\" data-attachment-id=\"1777\" data-permalink=\"https:\/\/wp.ufpel.edu.br\/hidrologiaemodelagemhidrologica\/softwares-registrados\/gam-idf-logo_text\/\" data-orig-file=\"https:\/\/i0.wp.com\/wp.ufpel.edu.br\/hidrologiaemodelagemhidrologica\/files\/2020\/05\/GAM-IDF-logo_text.png?fit=3245%2C1097&amp;ssl=1\" data-orig-size=\"3245,1097\" data-comments-opened=\"0\" data-image-meta=\"{&quot;aperture&quot;:&quot;0&quot;,&quot;credit&quot;:&quot;&quot;,&quot;camera&quot;:&quot;&quot;,&quot;caption&quot;:&quot;&quot;,&quot;created_timestamp&quot;:&quot;0&quot;,&quot;copyright&quot;:&quot;&quot;,&quot;focal_length&quot;:&quot;0&quot;,&quot;iso&quot;:&quot;0&quot;,&quot;shutter_speed&quot;:&quot;0&quot;,&quot;title&quot;:&quot;&quot;,&quot;orientation&quot;:&quot;0&quot;}\" data-image-title=\"GAM-IDF logo_text\" data-image-description=\"\" data-image-caption=\"\" data-medium-file=\"https:\/\/i0.wp.com\/wp.ufpel.edu.br\/hidrologiaemodelagemhidrologica\/files\/2020\/05\/GAM-IDF-logo_text.png?fit=400%2C135&amp;ssl=1\" data-large-file=\"https:\/\/i0.wp.com\/wp.ufpel.edu.br\/hidrologiaemodelagemhidrologica\/files\/2020\/05\/GAM-IDF-logo_text.png?fit=1024%2C346&amp;ssl=1\" class=\"alignright wp-image-1777 \" src=\"https:\/\/i0.wp.com\/wp.ufpel.edu.br\/hidrologiaemodelagemhidrologica\/files\/2020\/05\/GAM-IDF-logo_text.png?resize=215%2C73&#038;ssl=1\" alt=\"\" width=\"215\" height=\"73\" srcset=\"https:\/\/i0.wp.com\/wp.ufpel.edu.br\/hidrologiaemodelagemhidrologica\/files\/2020\/05\/GAM-IDF-logo_text.png?w=3245&amp;ssl=1 3245w, https:\/\/i0.wp.com\/wp.ufpel.edu.br\/hidrologiaemodelagemhidrologica\/files\/2020\/05\/GAM-IDF-logo_text.png?resize=400%2C135&amp;ssl=1 400w, https:\/\/i0.wp.com\/wp.ufpel.edu.br\/hidrologiaemodelagemhidrologica\/files\/2020\/05\/GAM-IDF-logo_text.png?resize=1024%2C346&amp;ssl=1 1024w, https:\/\/i0.wp.com\/wp.ufpel.edu.br\/hidrologiaemodelagemhidrologica\/files\/2020\/05\/GAM-IDF-logo_text.png?resize=768%2C260&amp;ssl=1 768w, https:\/\/i0.wp.com\/wp.ufpel.edu.br\/hidrologiaemodelagemhidrologica\/files\/2020\/05\/GAM-IDF-logo_text.png?resize=1536%2C519&amp;ssl=1 1536w, https:\/\/i0.wp.com\/wp.ufpel.edu.br\/hidrologiaemodelagemhidrologica\/files\/2020\/05\/GAM-IDF-logo_text.png?resize=2048%2C692&amp;ssl=1 2048w, https:\/\/i0.wp.com\/wp.ufpel.edu.br\/hidrologiaemodelagemhidrologica\/files\/2020\/05\/GAM-IDF-logo_text.png?w=3000&amp;ssl=1 3000w\" sizes=\"(max-width: 215px) 100vw, 215px\" \/>Aplicativo computacional para obten\u00e7\u00e3o dos par\u00e2metros da equa\u00e7\u00e3o das curvas Intensidade-Dura\u00e7\u00e3o-Frequ\u00eancia por meio de algor\u00edtimos gen\u00e9ticos.<\/p>\n<ul>\n<li style=\"text-align: justify\">Data de Registro:<\/li>\n<li style=\"text-align: justify\">Data do Certificado de Registro:<\/li>\n<li style=\"text-align: justify\">N\u00ba de Registro:<\/li>\n<li style=\"text-align: justify\">Autores: Marcelle Martins Vargas, Ma\u00edra Martim de Moura, Zandra Almeida da Cunha, Jo\u00e3o Pedro de Morais da Silveira, Samuel Beskow e Tamara Leitzke Caldeira Beskow<\/li>\n<li style=\"text-align: justify\">Titulares: Marcelle Martins Vargas, Ma\u00edra Martim de Moura, Zandra Almeida da Cunha, Jo\u00e3o Pedro de Morais da Silveira, Samuel Beskow e Tamara Leitzke Caldeira Beskow<\/li>\n<\/ul>\n<p>Para mais informa\u00e7\u00f5es clique <span style=\"color: #0000ff\"><a style=\"color: #0000ff\" href=\"https:\/\/wp.me\/P6ZlNg-sH\" target=\"_blank\" rel=\"noopener noreferrer\">aqui<\/a><\/span>.<\/p>\n<p>&nbsp;<\/p>\n<p><span style=\"color: #003366\"><span style=\"color: #000000\">4.<\/span><strong>\u00a0Watershed Isochrones:<\/strong><\/span><\/p>\n<p style=\"text-align: justify\">Tem como objetivo gerar Is\u00f3cronas e Histograma Tempo-\u00c1rea para bacias hidrogr\u00e1ficas em ambiente de SIG.<\/p>\n<ul style=\"text-align: justify\">\n<li style=\"text-align: justify\">Data de Registro: 11\/11\/2015<\/li>\n<li style=\"text-align: justify\">Data do Certificado de Registro: 31\/05\/2016<\/li>\n<li style=\"text-align: justify\">N\u00ba de Registro:\u00a0BR5120150013084<\/li>\n<li style=\"text-align: justify\">Autores:\u00a0Samuel Beskow, Tamara Leitzke Caldeira, Marlon Mahl.<\/li>\n<li style=\"text-align: justify\">Titular:\u00a0Universidade Federal de Pelotas &#8211; UFPel.<\/li>\n<\/ul>\n<p style=\"text-align: justify\">Para mais informa\u00e7\u00f5es clique <span style=\"text-decoration: underline;color: #0000ff\"><a style=\"color: #0000ff;text-decoration: underline\" href=\"http:\/\/wp.me\/P6ZlNg-3M\" target=\"_blank\" rel=\"noopener noreferrer\">aqui<\/a><\/span>.<\/p>\n<p><span style=\"color: #003366\"><strong>\u00a0 \u00a0<\/strong><\/span><span style=\"color: #003366\"><strong>\u00a0<\/strong><\/span><\/p>\n<p><span style=\"color: #003366\"><strong> \u00a0<\/strong><\/span><\/p>\n","protected":false},"excerpt":{"rendered":"<p>1. SYHDA Aplicativo computacional para aquisi\u00e7\u00e3o e an\u00e1lise de dados hidrol\u00f3gicos. Data de Registro: 11\/11\/2015 Data do Certificado de Registro: 19\/04\/2016 N\u00ba de Registro:\u00a0BR5120150013076 Autores:\u00a0Samuel Beskow, Tamara Leitzke Caldeira, Leonardo de Lima Corr\u00eaa. Titular:\u00a0Universidade Federal de Pelotas &#8211; UFPel. Para mais informa\u00e7\u00f5es clique aqui. &nbsp; \u00a0 2. ArcLASH Realiza o processamento autom\u00e1tico, em ambiente SIG, [&hellip;]<\/p>\n","protected":false},"author":570,"featured_media":0,"parent":0,"menu_order":0,"comment_status":"closed","ping_status":"closed","template":"page-sem-sidebar.php","meta":{"jetpack_post_was_ever_published":false,"footnotes":""},"class_list":["post-49","page","type-page","status-publish","hentry"],"jetpack_sharing_enabled":true,"jetpack_shortlink":"https:\/\/wp.me\/P6ZlNg-N","jetpack-related-posts":[],"_links":{"self":[{"href":"https:\/\/wp.ufpel.edu.br\/hidrologiaemodelagemhidrologica\/wp-json\/wp\/v2\/pages\/49","targetHints":{"allow":["GET"]}}],"collection":[{"href":"https:\/\/wp.ufpel.edu.br\/hidrologiaemodelagemhidrologica\/wp-json\/wp\/v2\/pages"}],"about":[{"href":"https:\/\/wp.ufpel.edu.br\/hidrologiaemodelagemhidrologica\/wp-json\/wp\/v2\/types\/page"}],"author":[{"embeddable":true,"href":"https:\/\/wp.ufpel.edu.br\/hidrologiaemodelagemhidrologica\/wp-json\/wp\/v2\/users\/570"}],"replies":[{"embeddable":true,"href":"https:\/\/wp.ufpel.edu.br\/hidrologiaemodelagemhidrologica\/wp-json\/wp\/v2\/comments?post=49"}],"version-history":[{"count":38,"href":"https:\/\/wp.ufpel.edu.br\/hidrologiaemodelagemhidrologica\/wp-json\/wp\/v2\/pages\/49\/revisions"}],"predecessor-version":[{"id":1787,"href":"https:\/\/wp.ufpel.edu.br\/hidrologiaemodelagemhidrologica\/wp-json\/wp\/v2\/pages\/49\/revisions\/1787"}],"wp:attachment":[{"href":"https:\/\/wp.ufpel.edu.br\/hidrologiaemodelagemhidrologica\/wp-json\/wp\/v2\/media?parent=49"}],"curies":[{"name":"wp","href":"https:\/\/api.w.org\/{rel}","templated":true}]}}