{"id":33,"date":"2015-10-28T10:48:45","date_gmt":"2015-10-28T12:48:45","guid":{"rendered":"https:\/\/wp.ufpel.edu.br\/hidrologiaemodelagemhidrologica\/?page_id=33"},"modified":"2023-09-05T11:00:35","modified_gmt":"2023-09-05T14:00:35","slug":"egressos","status":"publish","type":"page","link":"https:\/\/wp.ufpel.edu.br\/hidrologiaemodelagemhidrologica\/integrantes\/egressos\/","title":{"rendered":"Egressos"},"content":{"rendered":"<ol>\n<li><span style=\"color: #000000;\">P\u00f3s-Gradua\u00e7\u00e3o<\/span><\/li>\n<\/ol>\n<p><span style=\"color: #000000;\">Leandro Sanzi Aquino (Programa de P\u00f3s-Gradua\u00e7\u00e3o em Agronomia)<\/span><\/p>\n<p><span style=\"color: #000000;\">Gabriela Schiavon Nunes (Programa de P\u00f3s Gradua\u00e7\u00e3o em Recursos H\u00eddricos)<\/span><\/p>\n<p><span style=\"color: #000000;\">L\u00e9o Fernandes \u00c1vila (P\u00f3s-Doutorado)<\/span><\/p>\n<p><span style=\"color: #000000;\">Rodrigo C\u00e9sar de Vasconcellos dos Santos (Programa de P\u00f3s-Gradua\u00e7\u00e3o em Recursos H\u00eddricos)<\/span><\/p>\n<p><span style=\"color: #000000;\">Alice Alonzo Steinmetz (Programa de P\u00f3s-Gradua\u00e7\u00e3o em Recursos H\u00eddricos)<\/span><\/p>\n<p><span style=\"color: #000000;\">Viviane Dorneles (Programa de P\u00f3s-Gradua\u00e7\u00e3o em Recursos H\u00eddricos)<\/span><\/p>\n<p><span style=\"color: #000000;\">Tamiris Ara\u00fajo Duarte Rodrigues (Programa de P\u00f3s-Gradua\u00e7\u00e3o em Recursos H\u00eddricos)<\/span><\/p>\n<p><span style=\"color: #000000;\">Cristian Larri Pires Veber (Programa de P\u00f3s-Gradua\u00e7\u00e3o em Recursos H\u00eddricos)<\/span><\/p>\n<p><span style=\"color: #000000;\">Mauricio Fornalski Soares (Programa de P\u00f3s-Gradua\u00e7\u00e3o em Recursos H\u00eddricos)<\/span><\/p>\n<p><span style=\"color: #000000;\">Ma\u00edra Martim de Moura (Programa de P\u00f3s-Gradua\u00e7\u00e3o em Recursos H\u00eddricos)<\/span><\/p>\n<p>Fel\u00edcio Cassalho <span style=\"color: #000000;\">(Programa de P\u00f3s-Gradua\u00e7\u00e3o em Recursos H\u00eddricos)<\/span><\/p>\n<p>Marcelle Martins Vargas <span style=\"color: #000000;\">(Programa de P\u00f3s-Gradua\u00e7\u00e3o em Recursos H\u00eddricos)<\/span><\/p>\n<p>&nbsp;<\/p>\n<p><span style=\"color: #000000;\">2. Gradua\u00e7\u00e3o<\/span><\/p>\n<p><span style=\"color: #000000;\">Ana Carolina Farias de Oliveira (Gradua\u00e7\u00e3o em Engenharia H\u00eddrica\/UFPel)<\/span><\/p>\n<p><span style=\"color: #000000;\">Aryane Ara\u00fajo Rodrigues (Gradua\u00e7\u00e3o em Engenharia H\u00eddrica\/UFPel)<\/span><\/p>\n<p><span style=\"color: #000000;\">Bruna Moreira Sell (Gradua\u00e7\u00e3o em Engenharia H\u00eddrica\/UFPel)<\/span><\/p>\n<p><span style=\"color: #000000;\">Daiana Nieswald Minks (Gradua\u00e7\u00e3o em Engenharia H\u00eddrica\/UFPel)<\/span><\/p>\n<p><span style=\"color: #000000;\">Diego Sebastian Ricci Morteo (Gradua\u00e7\u00e3o em Engenharia H\u00eddrica\/UFPel)<\/span><\/p>\n<p><span style=\"color: #000000;\">Edison Hund (Gradua\u00e7\u00e3o em Ci\u00eancia da Computa\u00e7\u00e3o\/UFPel)<\/span><\/p>\n<p><span style=\"color: #000000;\">Eduardo de Lima Corr\u00eaa (Gradua\u00e7\u00e3o em Ci\u00eancia da Computa\u00e7\u00e3o\/UFPel)<\/span><\/p>\n<p><span style=\"color: #000000;\">Everton Luz (Gradua\u00e7\u00e3o em Engenharia H\u00eddrica\/UFPel)<\/span><\/p>\n<p><span style=\"color: #000000;\">Gilvan Ritter (Gradua\u00e7\u00e3o em Ci\u00eancia da Computa\u00e7\u00e3o\/UFPel)<\/span><\/p>\n<p><span style=\"color: #000000;\">Laura Kestner (Gradua\u00e7\u00e3o em Engenharia H\u00eddrica\/UFPel)<\/span><\/p>\n<p><span style=\"color: #000000;\">Leonardo de Lima Corr\u00eaa (Gradua\u00e7\u00e3o em Ci\u00eancia da Computa\u00e7\u00e3o\/UFPel)<\/span><\/p>\n<p><span style=\"color: #000000;\">Leonardo Rodrigues (Gradua\u00e7\u00e3o em Ci\u00eancia da Computa\u00e7\u00e3o\/UFPel)<\/span><\/p>\n<p><span style=\"color: #000000;\">Marlon Mahl (Gradua\u00e7\u00e3o em Ci\u00eancia da Computa\u00e7\u00e3o\/UFPel)<\/span><\/p>\n<p><span style=\"color: #000000;\">Matheus Schroeder dos Santos (Gradua\u00e7\u00e3o em Engenharia H\u00eddrica\/UFPel)<\/span><\/p>\n<p><span style=\"color: #000000;\">Matheus Chagas Sim\u00f5es (Gradua\u00e7\u00e3o em Engenharia H\u00eddrica\/UFPel)<\/span><\/p>\n<p><span style=\"color: #000000;\">Mayara Roberta de Souza (Gradua\u00e7\u00e3o em Engenharia H\u00eddrica\/UFPel)<\/span><\/p>\n<p><span style=\"color: #000000;\">Michaela B\u00e1rbara Neto (Gradua\u00e7\u00e3o em Engenharia H\u00eddrica\/UFPel)<\/span><\/p>\n<p><span style=\"color: #000000;\">Mikael Poetsch (Gradua\u00e7\u00e3o em Ci\u00eancia da Computa\u00e7\u00e3o\/UFPel)<\/span><\/p>\n<p><span style=\"color: #000000;\">Nath\u00e1lia da Silva Chites (Gradua\u00e7\u00e3o em Engenharia H\u00eddrica\/UFPel)<\/span><\/p>\n<p><span style=\"color: #000000;\">Rafael Rutz dos Santos (Gradua\u00e7\u00e3o em Engenharia da Computa\u00e7\u00e3o\/UFPel)<\/span><\/p>\n<p>Ramon Pelle (Gradua\u00e7\u00e3o em Engenharia da Computa\u00e7\u00e3o\/UFPel)<\/p>\n<p><span style=\"color: #000000;\">Rodolfo Caringi Majer (Gradua\u00e7\u00e3o em Engenharia H\u00eddrica\/UFPel)<\/span><\/p>\n<p><span style=\"color: #000000;\">T\u00falio Oliveira (Gradua\u00e7\u00e3o em Engenharia Civil\/UFPel)<\/span><\/p>\n<p><span style=\"color: #000000;\">Wendell Antunes da Silva (Gradua\u00e7\u00e3o em Agronomia\/UFPel)<\/span><\/p>\n<p><span style=\"color: #000000;\">Renan Vidal (Gradua\u00e7\u00e3o em Engenharia H\u00eddrica\/UFPel)<\/span><\/p>\n<p><span style=\"color: #000000;\">Maria Paula Tormam (Gradua\u00e7\u00e3o em Engenharia Civil\/UFPel)<\/span><\/p>\n<p><span style=\"color: #000000;\">Jamilson do Nascimento (Gradua\u00e7\u00e3o em Engenharia Agr\u00edcola\/UFPel)<\/span><\/p>\n<p>&nbsp;<\/p>\n","protected":false},"excerpt":{"rendered":"<p>P\u00f3s-Gradua\u00e7\u00e3o Leandro Sanzi Aquino (Programa de P\u00f3s-Gradua\u00e7\u00e3o em Agronomia) Gabriela Schiavon Nunes (Programa de P\u00f3s Gradua\u00e7\u00e3o em Recursos H\u00eddricos) L\u00e9o Fernandes \u00c1vila (P\u00f3s-Doutorado) Rodrigo C\u00e9sar de Vasconcellos dos Santos (Programa de P\u00f3s-Gradua\u00e7\u00e3o em Recursos H\u00eddricos) Alice Alonzo Steinmetz (Programa de P\u00f3s-Gradua\u00e7\u00e3o em Recursos H\u00eddricos) Viviane Dorneles (Programa de P\u00f3s-Gradua\u00e7\u00e3o em Recursos H\u00eddricos) Tamiris Ara\u00fajo Duarte [&hellip;]<\/p>\n","protected":false},"author":570,"featured_media":0,"parent":9,"menu_order":0,"comment_status":"closed","ping_status":"closed","template":"","meta":{"jetpack_post_was_ever_published":false,"footnotes":""},"class_list":["post-33","page","type-page","status-publish","hentry"],"jetpack_sharing_enabled":true,"jetpack_shortlink":"https:\/\/wp.me\/P6ZlNg-x","jetpack-related-posts":[],"_links":{"self":[{"href":"https:\/\/wp.ufpel.edu.br\/hidrologiaemodelagemhidrologica\/wp-json\/wp\/v2\/pages\/33","targetHints":{"allow":["GET"]}}],"collection":[{"href":"https:\/\/wp.ufpel.edu.br\/hidrologiaemodelagemhidrologica\/wp-json\/wp\/v2\/pages"}],"about":[{"href":"https:\/\/wp.ufpel.edu.br\/hidrologiaemodelagemhidrologica\/wp-json\/wp\/v2\/types\/page"}],"author":[{"embeddable":true,"href":"https:\/\/wp.ufpel.edu.br\/hidrologiaemodelagemhidrologica\/wp-json\/wp\/v2\/users\/570"}],"replies":[{"embeddable":true,"href":"https:\/\/wp.ufpel.edu.br\/hidrologiaemodelagemhidrologica\/wp-json\/wp\/v2\/comments?post=33"}],"version-history":[{"count":25,"href":"https:\/\/wp.ufpel.edu.br\/hidrologiaemodelagemhidrologica\/wp-json\/wp\/v2\/pages\/33\/revisions"}],"predecessor-version":[{"id":2207,"href":"https:\/\/wp.ufpel.edu.br\/hidrologiaemodelagemhidrologica\/wp-json\/wp\/v2\/pages\/33\/revisions\/2207"}],"up":[{"embeddable":true,"href":"https:\/\/wp.ufpel.edu.br\/hidrologiaemodelagemhidrologica\/wp-json\/wp\/v2\/pages\/9"}],"wp:attachment":[{"href":"https:\/\/wp.ufpel.edu.br\/hidrologiaemodelagemhidrologica\/wp-json\/wp\/v2\/media?parent=33"}],"curies":[{"name":"wp","href":"https:\/\/api.w.org\/{rel}","templated":true}]}}