{"id":290,"date":"2015-12-16T16:52:04","date_gmt":"2015-12-16T18:52:04","guid":{"rendered":"https:\/\/wp.ufpel.edu.br\/hidrologiaemodelagemhidrologica\/?page_id=290"},"modified":"2021-09-15T08:40:30","modified_gmt":"2021-09-15T11:40:30","slug":"syhda","status":"publish","type":"page","link":"https:\/\/wp.ufpel.edu.br\/hidrologiaemodelagemhidrologica\/syhda\/","title":{"rendered":"SYHDA"},"content":{"rendered":"<p style=\"text-align: justify\"><span style=\"color: #000000\">O software System of Hydrological Data Acquisition and Analysis (SYHDA) foi desenvolvido por integrantes do Grupo de Pesquisa em Hidrologia e Modelagem Hidrol\u00f3gica em Bacias Hidrogr\u00e1ficas\/CNPq da Universidade Federal de Pelotas (UFPel). Este software permite ao usu\u00e1rio o manuseio de dados hidrol\u00f3gicos de chuva e vaz\u00e3o obtidos junto aos principais bancos de dados brasileiros (HidroWEB \u2013 ANA, INMET), al\u00e9m de bancos de dados em formato de planilhas (*xlsx).<\/span><\/p>\n<p style=\"text-align: justify\"><span style=\"color: #000000\">O SYHDA possibilita a constitui\u00e7\u00e3o de s\u00e9ries hidrol\u00f3gicas em diferentes intervalos de tempo, considerando ou n\u00e3o crit\u00e9rios de falhas. O software oferece op\u00e7\u00f5es para estruturar s\u00e9ries de acordo com o ano civil e o ano hidrol\u00f3gico. No tocante \u00e0 an\u00e1lise de s\u00e9ries hidrol\u00f3gicas em SYHDA, destacam-se algumas de suas funcionalidades: estat\u00edsticas descritivas, elabora\u00e7\u00e3o de curvas de perman\u00eancia, an\u00e1lise de sazonalidade de vaz\u00f5es, modelagem probabil\u00edstica com distribui\u00e7\u00f5es tradicionais e multipar\u00e2metros e diferentes t\u00e9cnicas de ajuste dos par\u00e2metros, testes de ader\u00eancia e estat\u00edsticas para an\u00e1lises regionais de frequ\u00eancia. A principal caracter\u00edstica do SYHDA \u00e9 executar rapidamente an\u00e1lises laboriosas e complexas de modo repetitivo para um grande conjunto de s\u00e9ries hidrol\u00f3gicas, subsidiando estudos hidrol\u00f3gicos baseados em metodologias que s\u00e3o consideradas do estado-da-arte.<\/span><\/p>\n<p style=\"text-align: justify\"><span style=\"color: #000000\">Para mais informa\u00e7\u00f5es: SYHDA \u2013\u00a0<a style=\"color: #000000\" href=\"http:\/\/www.scielo.br\/scielo.php?script=sci_arttext&amp;pid=S2318-03312019000100401\">System of Hydrological Data Acquisition and Analysis<\/a>.<\/span><\/p>\n<p style=\"text-align: justify\"><span style=\"color: #000000\">Para realizar a solicita\u00e7\u00e3o de download do SYHDA, preencha o <a style=\"color: #000000\" href=\"https:\/\/forms.gle\/CT6AYvXiQYZMFG4Y8\" target=\"_blank\" rel=\"noopener noreferrer\">formul\u00e1rio<\/a>. <\/span><span style=\"color: #000000\"><em>Ap\u00f3s o preenchimento do formul\u00e1rio, retornaremos com as informa\u00e7\u00f5es em at\u00e9 7 dias uteis. Em caso de n\u00e3o recebimento do e-mail com o download, verifique a sua caixa de spam.\u00a0<\/em><\/span><\/p>\n<p style=\"text-align: justify\"><span style=\"color: #000000\">A vers\u00e3o atual do SYHDA \u00e9 uma vers\u00e3o beta. Nem todas as funcionalidades est\u00e3o dispon\u00edveis nesta vers\u00e3o. Caso o usu\u00e1rio precise utillizar funcionalidades que n\u00e3o foram disponibilizadas nesta vers\u00e3o (link do artigo), entre em contato com o Grupo de Pesquisa em Hidrologia e Modelagem Hidrol\u00f3gica em Bacias Hidrogr\u00e1ficas.<\/span><\/p>\n<p><a href=\"https:\/\/i0.wp.com\/wp.ufpel.edu.br\/hidrologiaemodelagemhidrologica\/files\/2019\/09\/SYHDA-final-preferencial.png?ssl=1\"><img data-recalc-dims=\"1\" data-attachment-id=\"1494\" data-permalink=\"https:\/\/wp.ufpel.edu.br\/hidrologiaemodelagemhidrologica\/syhda\/syhda-final-preferencial-2\/\" data-orig-file=\"https:\/\/i0.wp.com\/wp.ufpel.edu.br\/hidrologiaemodelagemhidrologica\/files\/2019\/09\/SYHDA-final-preferencial.png?fit=318%2C318&amp;ssl=1\" data-orig-size=\"318,318\" data-comments-opened=\"0\" data-image-meta=\"{&quot;aperture&quot;:&quot;0&quot;,&quot;credit&quot;:&quot;&quot;,&quot;camera&quot;:&quot;&quot;,&quot;caption&quot;:&quot;&quot;,&quot;created_timestamp&quot;:&quot;0&quot;,&quot;copyright&quot;:&quot;&quot;,&quot;focal_length&quot;:&quot;0&quot;,&quot;iso&quot;:&quot;0&quot;,&quot;shutter_speed&quot;:&quot;0&quot;,&quot;title&quot;:&quot;&quot;,&quot;orientation&quot;:&quot;0&quot;}\" data-image-title=\"SYHDA-final-preferencial\" data-image-description=\"\" data-image-caption=\"\" data-medium-file=\"https:\/\/i0.wp.com\/wp.ufpel.edu.br\/hidrologiaemodelagemhidrologica\/files\/2019\/09\/SYHDA-final-preferencial.png?fit=318%2C318&amp;ssl=1\" data-large-file=\"https:\/\/i0.wp.com\/wp.ufpel.edu.br\/hidrologiaemodelagemhidrologica\/files\/2019\/09\/SYHDA-final-preferencial.png?fit=318%2C318&amp;ssl=1\" class=\"aligncenter size-full wp-image-1494\" src=\"https:\/\/i0.wp.com\/wp.ufpel.edu.br\/hidrologiaemodelagemhidrologica\/files\/2019\/09\/SYHDA-final-preferencial.png?resize=318%2C318&#038;ssl=1\" alt=\"\" width=\"318\" height=\"318\" srcset=\"https:\/\/i0.wp.com\/wp.ufpel.edu.br\/hidrologiaemodelagemhidrologica\/files\/2019\/09\/SYHDA-final-preferencial.png?w=318&amp;ssl=1 318w, https:\/\/i0.wp.com\/wp.ufpel.edu.br\/hidrologiaemodelagemhidrologica\/files\/2019\/09\/SYHDA-final-preferencial.png?resize=200%2C200&amp;ssl=1 200w\" sizes=\"(max-width: 318px) 100vw, 318px\" \/><\/a><\/p>\n","protected":false},"excerpt":{"rendered":"<p>O software System of Hydrological Data Acquisition and Analysis (SYHDA) foi desenvolvido por integrantes do Grupo de Pesquisa em Hidrologia e Modelagem Hidrol\u00f3gica em Bacias Hidrogr\u00e1ficas\/CNPq da Universidade Federal de Pelotas (UFPel). Este software permite ao usu\u00e1rio o manuseio de dados hidrol\u00f3gicos de chuva e vaz\u00e3o obtidos junto aos principais bancos de dados brasileiros (HidroWEB [&hellip;]<\/p>\n","protected":false},"author":570,"featured_media":0,"parent":0,"menu_order":0,"comment_status":"closed","ping_status":"closed","template":"","meta":{"jetpack_post_was_ever_published":false,"footnotes":""},"class_list":["post-290","page","type-page","status-publish","hentry"],"jetpack_sharing_enabled":true,"jetpack_shortlink":"https:\/\/wp.me\/P6ZlNg-4G","jetpack-related-posts":[],"_links":{"self":[{"href":"https:\/\/wp.ufpel.edu.br\/hidrologiaemodelagemhidrologica\/wp-json\/wp\/v2\/pages\/290","targetHints":{"allow":["GET"]}}],"collection":[{"href":"https:\/\/wp.ufpel.edu.br\/hidrologiaemodelagemhidrologica\/wp-json\/wp\/v2\/pages"}],"about":[{"href":"https:\/\/wp.ufpel.edu.br\/hidrologiaemodelagemhidrologica\/wp-json\/wp\/v2\/types\/page"}],"author":[{"embeddable":true,"href":"https:\/\/wp.ufpel.edu.br\/hidrologiaemodelagemhidrologica\/wp-json\/wp\/v2\/users\/570"}],"replies":[{"embeddable":true,"href":"https:\/\/wp.ufpel.edu.br\/hidrologiaemodelagemhidrologica\/wp-json\/wp\/v2\/comments?post=290"}],"version-history":[{"count":19,"href":"https:\/\/wp.ufpel.edu.br\/hidrologiaemodelagemhidrologica\/wp-json\/wp\/v2\/pages\/290\/revisions"}],"predecessor-version":[{"id":1942,"href":"https:\/\/wp.ufpel.edu.br\/hidrologiaemodelagemhidrologica\/wp-json\/wp\/v2\/pages\/290\/revisions\/1942"}],"wp:attachment":[{"href":"https:\/\/wp.ufpel.edu.br\/hidrologiaemodelagemhidrologica\/wp-json\/wp\/v2\/media?parent=290"}],"curies":[{"name":"wp","href":"https:\/\/api.w.org\/{rel}","templated":true}]}}