{"id":234,"date":"2015-12-04T14:56:48","date_gmt":"2015-12-04T16:56:48","guid":{"rendered":"https:\/\/wp.ufpel.edu.br\/hidrologiaemodelagemhidrologica\/?page_id=234"},"modified":"2020-05-26T10:54:04","modified_gmt":"2020-05-26T13:54:04","slug":"watershed-isochrones","status":"publish","type":"page","link":"https:\/\/wp.ufpel.edu.br\/hidrologiaemodelagemhidrologica\/watershed-isochrones\/","title":{"rendered":"Watershed Isochrones"},"content":{"rendered":"<p><span style=\"color: #000000\"><strong>\u00a0 \u00a0 \u00a0<\/strong>1.<strong> LOCAL DE DESENVOLVIMENTO DO PROGRAMA<\/strong><\/span><\/p>\n<p style=\"text-align: justify\"><span style=\"color: #000000\">O programa denominado <em>Watershed Isochrones<\/em> foi desenvolvido no Laborat\u00f3rio de Hidrologia e Modelagem Hidrol\u00f3gica, vinculado ao curso de Engenharia H\u00eddrica e ao Programa de P\u00f3s-Gradua\u00e7\u00e3o em Recursos H\u00eddricos, da Universidade Federal de Pelotas, na cidade de Pelotas, Rio Grande do Sul.<\/span><\/p>\n<p style=\"text-align: justify\"><span style=\"color: #000000\"><strong>\u00a0 \u00a0 \u00a0<\/strong>2.<strong> LINGUAGEM DE PROGRAMA\u00c7\u00c3O EMPREGADA<\/strong><\/span><\/p>\n<p style=\"text-align: justify\"><span style=\"color: #000000\">Este programa foi desenvolvido, na forma de script, para ser executado atrav\u00e9s do ArcGIS, que \u00e9 um conjunto integrado de softwares para Sistemas de Informa\u00e7\u00f5es Geogr\u00e1ficas (SIG), o qual fornece uma s\u00e9rie de funcionalidades para a realiza\u00e7\u00e3o de an\u00e1lise, mapeamento e manipula\u00e7\u00e3o de dados geogr\u00e1ficos. Python foi a linguagem de programa\u00e7\u00e3o adotada para o desenvolvimento do programa <em>Watershed<\/em> <em>Isochrones<\/em>, utilizando especialmente a biblioteca <em>arcpy<\/em>, que cont\u00e9m um conjunto de procedimentos de geoprocessamento destinados a aplica\u00e7\u00f5es no ambiente do ArcGIS.<\/span><\/p>\n<p style=\"text-align: justify\"><span style=\"color: #000000\"><strong>\u00a0 \u00a0 \u00a0<\/strong> 3.<strong> CONFIGURA\u00c7\u00c3O M\u00cdNIMA PARA UTILIZA\u00c7\u00c3O DO PROGRAMA<\/strong><\/span><\/p>\n<p style=\"text-align: justify\"><span style=\"color: #000000\">A fim de utilizar o programa, se faz necess\u00e1rio um computador com algumas configura\u00e7\u00f5es m\u00ednimas, a saber: processador com velocidade de 2.2 GHz e mem\u00f3ria RAM de 2 GB. Al\u00e9m disso, o usu\u00e1rio tamb\u00e9m necessita de uma licen\u00e7a do SIG ArcGIS na vers\u00e3o 10.1 ou superior e a extens\u00e3o <em>Spatial Analyst.<\/em><\/span><\/p>\n<p style=\"text-align: justify\"><span style=\"color: #000000\"><strong>\u00a0 \u00a0 \u00a0 <\/strong>4.<strong> OBJETIVO DO PROGRAMA<\/strong><\/span><\/p>\n<p style=\"text-align: justify\"><span style=\"color: #000000\">O objetivo do programa \u00e9 definir o tempo de viagem de cada c\u00e9lula da bacia hidrogr\u00e1fica at\u00e9 a se\u00e7\u00e3o de controle e ent\u00e3o tra\u00e7ar as is\u00f3cronas e o respectivo Histograma Tempo-\u00c1rea (HTA). As is\u00f3cronas correspondem a linhas sobre pontos da bacia que tem o mesmo tempo de viagem at\u00e9 a se\u00e7\u00e3o de controle, enquanto o HTA diz respeito a um gr\u00e1fico que relaciona o tempo de viagem do escoamento superficial direto e o percentual da \u00e1rea da bacia que est\u00e1 contribuindo com a vaz\u00e3o na se\u00e7\u00e3o de controle. Para atingir este objetivo, o programa <em>Watershed<\/em> <em>Isochrones<\/em> foi desenvolvido de modo a executar, seguindo uma sequ\u00eancia l\u00f3gica, uma s\u00e9rie de opera\u00e7\u00f5es de geoprocessamento e de hidrologia e modelagem hidrol\u00f3gica, as quais s\u00e3o sumarizadas no fluxograma do programa, o qual se encontra em anexo.<\/span><\/p>\n<p style=\"text-align: justify\"><span style=\"color: #000000\"><strong>\u00a0 \u00a0 \u00a0 <\/strong>5.<strong> INTERFACE DO PROGRAMA E INFORMA\u00c7\u00d5ES DE ENTRADA<\/strong><\/span><\/p>\n<p><span style=\"color: #000000\">Ap\u00f3s a instala\u00e7\u00e3o, o programa \u00e9 acessado dentro do ambiente do SIG ArcGIS, atrav\u00e9s do ArcToolBox, conforme ilustrado na Figura 1.<\/span><\/p>\n<p>&nbsp;<\/p>\n<div id=\"attachment_239\" style=\"width: 1377px\" class=\"wp-caption aligncenter\"><a style=\"color: #000000\" href=\"https:\/\/i0.wp.com\/wp.ufpel.edu.br\/hidrologiaemodelagemhidrologica\/files\/2015\/12\/isocronas_arcgis.png?ssl=1\"><img data-recalc-dims=\"1\" aria-describedby=\"caption-attachment-239\" data-attachment-id=\"239\" data-permalink=\"https:\/\/wp.ufpel.edu.br\/hidrologiaemodelagemhidrologica\/watershed-isochrones\/isocronas_arcgis-2\/\" data-orig-file=\"https:\/\/i0.wp.com\/wp.ufpel.edu.br\/hidrologiaemodelagemhidrologica\/files\/2015\/12\/isocronas_arcgis.png?fit=1367%2C728&amp;ssl=1\" data-orig-size=\"1367,728\" data-comments-opened=\"0\" data-image-meta=\"{&quot;aperture&quot;:&quot;0&quot;,&quot;credit&quot;:&quot;&quot;,&quot;camera&quot;:&quot;&quot;,&quot;caption&quot;:&quot;&quot;,&quot;created_timestamp&quot;:&quot;0&quot;,&quot;copyright&quot;:&quot;&quot;,&quot;focal_length&quot;:&quot;0&quot;,&quot;iso&quot;:&quot;0&quot;,&quot;shutter_speed&quot;:&quot;0&quot;,&quot;title&quot;:&quot;&quot;,&quot;orientation&quot;:&quot;0&quot;}\" data-image-title=\"isocronas_arcgis\" data-image-description=\"\" data-image-caption=\"\" data-medium-file=\"https:\/\/i0.wp.com\/wp.ufpel.edu.br\/hidrologiaemodelagemhidrologica\/files\/2015\/12\/isocronas_arcgis.png?fit=400%2C213&amp;ssl=1\" data-large-file=\"https:\/\/i0.wp.com\/wp.ufpel.edu.br\/hidrologiaemodelagemhidrologica\/files\/2015\/12\/isocronas_arcgis.png?fit=984%2C220&amp;ssl=1\" class=\"wp-image-239 size-full\" src=\"https:\/\/i0.wp.com\/wp.ufpel.edu.br\/hidrologiaemodelagemhidrologica\/files\/2015\/12\/isocronas_arcgis.png?resize=1367%2C728&#038;ssl=1\" alt=\"isocronas_arcgis\" width=\"1367\" height=\"728\" srcset=\"https:\/\/i0.wp.com\/wp.ufpel.edu.br\/hidrologiaemodelagemhidrologica\/files\/2015\/12\/isocronas_arcgis.png?w=1367&amp;ssl=1 1367w, https:\/\/i0.wp.com\/wp.ufpel.edu.br\/hidrologiaemodelagemhidrologica\/files\/2015\/12\/isocronas_arcgis.png?resize=212%2C113&amp;ssl=1 212w, https:\/\/i0.wp.com\/wp.ufpel.edu.br\/hidrologiaemodelagemhidrologica\/files\/2015\/12\/isocronas_arcgis.png?resize=424%2C226&amp;ssl=1 424w\" sizes=\"(max-width: 1000px) 100vw, 1000px\" \/><\/a><p id=\"caption-attachment-239\" class=\"wp-caption-text\"><span style=\"color: #000000\">Figura 1 \u2013 Acesso do programa Watershed Isochrones no SIG ArcGIS<\/span><\/p><\/div>\n<p style=\"text-align: justify\"><span style=\"color: #000000\">A Figura 1 ilustra as informa\u00e7\u00f5es que o usu\u00e1rio deve inserir para executar o programa, permitindo constatar a facilidade de utiliza\u00e7\u00e3o da ferramenta por parte do usu\u00e1rio. Uma vantagem da ferramenta \u00e9 a necessidade de demandar apenas o mapa representando o modelo digital de eleva\u00e7\u00e3o (DEM) e a localiza\u00e7\u00e3o da se\u00e7\u00e3o de controle (Outlet), ambos no formato do ArcGIS. As demais informa\u00e7\u00f5es s\u00e3o op\u00e7\u00f5es que o usu\u00e1rio deve escolher para melhor atender as suas necessidades.<\/span><\/p>\n<p style=\"text-align: justify\"><span style=\"color: #000000\">Maiores informa\u00e7\u00f5es acerca dos dados de entrada, procedimentos empregados e dados de sa\u00edda podem ser acessados no tutorial do programa, o qual \u00e9 armazenado na pasta onde o programa \u00e9 instalado no computador.<\/span><\/p>\n<p style=\"text-align: justify\"><span style=\"color: #000000\"><strong>\u00a0 \u00a0 \u00a0<\/strong> 6.<strong> RESULTADOS GERADOS PELO PROGRAMA<\/strong><\/span><\/p>\n<p style=\"text-align: justify\"><span style=\"color: #000000\">Como resultado do processamento, o programa <em>Watershed<\/em> <em>Isochrones<\/em> gera um mapa representando o tempo de viagem de cada c\u00e9lula at\u00e9 a se\u00e7\u00e3o de controle da bacia e outro mapa contendo as is\u00f3cronas de acordo com o intervalo de tempo pr\u00e9-definido pelo usu\u00e1rio. De forma complementar, a ferramenta tamb\u00e9m gera, na foram de gr\u00e1ficos e planilhas, o HTA acumulado e o relativo. Na Figura 2 podem ser observados alguns resultados originados a partir do programa para um exemplo de aplica\u00e7\u00e3o.<\/span><\/p>\n<div id=\"attachment_240\" style=\"width: 902px\" class=\"wp-caption aligncenter\"><a style=\"color: #000000\" href=\"https:\/\/i0.wp.com\/wp.ufpel.edu.br\/hidrologiaemodelagemhidrologica\/files\/2015\/12\/figura-2-isocronas.jpg?ssl=1\"><img data-recalc-dims=\"1\" aria-describedby=\"caption-attachment-240\" data-attachment-id=\"240\" data-permalink=\"https:\/\/wp.ufpel.edu.br\/hidrologiaemodelagemhidrologica\/watershed-isochrones\/figura-2-isocronas\/\" data-orig-file=\"https:\/\/i0.wp.com\/wp.ufpel.edu.br\/hidrologiaemodelagemhidrologica\/files\/2015\/12\/figura-2-isocronas.jpg?fit=892%2C409&amp;ssl=1\" data-orig-size=\"892,409\" data-comments-opened=\"0\" data-image-meta=\"{&quot;aperture&quot;:&quot;0&quot;,&quot;credit&quot;:&quot;Zandra .&quot;,&quot;camera&quot;:&quot;&quot;,&quot;caption&quot;:&quot;&quot;,&quot;created_timestamp&quot;:&quot;1449241978&quot;,&quot;copyright&quot;:&quot;&quot;,&quot;focal_length&quot;:&quot;0&quot;,&quot;iso&quot;:&quot;0&quot;,&quot;shutter_speed&quot;:&quot;0&quot;,&quot;title&quot;:&quot;&quot;,&quot;orientation&quot;:&quot;0&quot;}\" data-image-title=\"figura 2 isocronas\" data-image-description=\"\" data-image-caption=\"\" data-medium-file=\"https:\/\/i0.wp.com\/wp.ufpel.edu.br\/hidrologiaemodelagemhidrologica\/files\/2015\/12\/figura-2-isocronas.jpg?fit=400%2C183&amp;ssl=1\" data-large-file=\"https:\/\/i0.wp.com\/wp.ufpel.edu.br\/hidrologiaemodelagemhidrologica\/files\/2015\/12\/figura-2-isocronas.jpg?fit=892%2C220&amp;ssl=1\" class=\"wp-image-240 size-full\" src=\"https:\/\/i0.wp.com\/wp.ufpel.edu.br\/hidrologiaemodelagemhidrologica\/files\/2015\/12\/figura-2-isocronas.jpg?resize=892%2C409&#038;ssl=1\" alt=\"figura 2 isocronas\" width=\"892\" height=\"409\" srcset=\"https:\/\/i0.wp.com\/wp.ufpel.edu.br\/hidrologiaemodelagemhidrologica\/files\/2015\/12\/figura-2-isocronas.jpg?w=892&amp;ssl=1 892w, https:\/\/i0.wp.com\/wp.ufpel.edu.br\/hidrologiaemodelagemhidrologica\/files\/2015\/12\/figura-2-isocronas.jpg?resize=212%2C97&amp;ssl=1 212w, https:\/\/i0.wp.com\/wp.ufpel.edu.br\/hidrologiaemodelagemhidrologica\/files\/2015\/12\/figura-2-isocronas.jpg?resize=424%2C194&amp;ssl=1 424w\" sizes=\"(max-width: 892px) 100vw, 892px\" \/><\/a><p id=\"caption-attachment-240\" class=\"wp-caption-text\"><span style=\"color: #000000\">Figura 2 \u2013 Modelo digital de eleva\u00e7\u00e3o (DEM) utilizado e se\u00e7\u00e3o de controle (Outlet) do exemplo de aplica\u00e7\u00e3o e alguns resultados originados pelo programa (mapas de tempo de viagem e is\u00f3cronas, HTA acumulado na forma de gr\u00e1fico).<\/span><\/p><\/div>\n","protected":false},"excerpt":{"rendered":"<p>\u00a0 \u00a0 \u00a01. LOCAL DE DESENVOLVIMENTO DO PROGRAMA O programa denominado Watershed Isochrones foi desenvolvido no Laborat\u00f3rio de Hidrologia e Modelagem Hidrol\u00f3gica, vinculado ao curso de Engenharia H\u00eddrica e ao Programa de P\u00f3s-Gradua\u00e7\u00e3o em Recursos H\u00eddricos, da Universidade Federal de Pelotas, na cidade de Pelotas, Rio Grande do Sul. \u00a0 \u00a0 \u00a02. LINGUAGEM DE PROGRAMA\u00c7\u00c3O [&hellip;]<\/p>\n","protected":false},"author":570,"featured_media":0,"parent":0,"menu_order":0,"comment_status":"closed","ping_status":"closed","template":"","meta":{"jetpack_post_was_ever_published":false,"footnotes":""},"class_list":["post-234","page","type-page","status-publish","hentry"],"jetpack_sharing_enabled":true,"jetpack_shortlink":"https:\/\/wp.me\/P6ZlNg-3M","jetpack-related-posts":[],"_links":{"self":[{"href":"https:\/\/wp.ufpel.edu.br\/hidrologiaemodelagemhidrologica\/wp-json\/wp\/v2\/pages\/234","targetHints":{"allow":["GET"]}}],"collection":[{"href":"https:\/\/wp.ufpel.edu.br\/hidrologiaemodelagemhidrologica\/wp-json\/wp\/v2\/pages"}],"about":[{"href":"https:\/\/wp.ufpel.edu.br\/hidrologiaemodelagemhidrologica\/wp-json\/wp\/v2\/types\/page"}],"author":[{"embeddable":true,"href":"https:\/\/wp.ufpel.edu.br\/hidrologiaemodelagemhidrologica\/wp-json\/wp\/v2\/users\/570"}],"replies":[{"embeddable":true,"href":"https:\/\/wp.ufpel.edu.br\/hidrologiaemodelagemhidrologica\/wp-json\/wp\/v2\/comments?post=234"}],"version-history":[{"count":11,"href":"https:\/\/wp.ufpel.edu.br\/hidrologiaemodelagemhidrologica\/wp-json\/wp\/v2\/pages\/234\/revisions"}],"predecessor-version":[{"id":1807,"href":"https:\/\/wp.ufpel.edu.br\/hidrologiaemodelagemhidrologica\/wp-json\/wp\/v2\/pages\/234\/revisions\/1807"}],"wp:attachment":[{"href":"https:\/\/wp.ufpel.edu.br\/hidrologiaemodelagemhidrologica\/wp-json\/wp\/v2\/media?parent=234"}],"curies":[{"name":"wp","href":"https:\/\/api.w.org\/{rel}","templated":true}]}}