{"id":2209,"date":"2023-09-05T11:09:08","date_gmt":"2023-09-05T14:09:08","guid":{"rendered":"https:\/\/wp.ufpel.edu.br\/hidrologiaemodelagemhidrologica\/?page_id=2209"},"modified":"2023-09-05T11:46:09","modified_gmt":"2023-09-05T14:46:09","slug":"coeficientes-da-equacao-idf-para-o-estado-do-rio-grande-do-sul","status":"publish","type":"page","link":"https:\/\/wp.ufpel.edu.br\/hidrologiaemodelagemhidrologica\/coeficientes-da-equacao-idf-para-o-estado-do-rio-grande-do-sul\/","title":{"rendered":"Coeficientes da equa\u00e7\u00e3o IDF para o Estado do Rio Grande do Sul"},"content":{"rendered":"<p>O conhecimento sobre as caracter\u00edsticas da chuva \u00e9 imprescind\u00edvel \u00e0 gest\u00e3o dos recursos h\u00eddricos, e para a elabora\u00e7\u00e3o de estudos e projetos da engenharia de recursos h\u00eddricos, como estruturas de conten\u00e7\u00e3o de \u00e1guas, controle da eros\u00e3o h\u00eddrica e de enchentes, drenagem do solo, estradas, barragens, entre outros. Neste \u00e2mbito, a rela\u00e7\u00e3o Intensidade-Dura\u00e7\u00e3o-Frequ\u00eancia (IDF) tem sido uma das ferramentas mais utilizadas para tal finalidade.<\/p>\n<p>Diante da import\u00e2ncia destas informa\u00e7\u00f5es e do labor contido na sua obten\u00e7\u00e3o, na disserta\u00e7\u00e3o de mestrado de Aryane Araujo Rodrigues foram desenvolvidas mais de 11300 equa\u00e7\u00f5es IDF para o estado do Rio Grande do Sul (RS). As equa\u00e7\u00f5es foram obtidas a partir de 258 s\u00e9ries de chuva do RS e, utilizando modelagem probabil\u00edstica e interpola\u00e7\u00e3o geoestat\u00edstica, foram gerados mapas dos coeficientes da equa\u00e7\u00e3o IDF para todo o estado (uma equa\u00e7\u00e3o a cada 5 km).<\/p>\n<p>Ao recortar o mapa (raster) para a \u00e1rea de estudo desejada, \u00e9 obtido o valor m\u00e9dio dos coeficientes de v\u00e1rias equa\u00e7\u00f5es IDF contidas na \u00e1rea de estudo, que levam em considera\u00e7\u00e3o a variabilidade espacial da chuva. Estes valores m\u00e9dios s\u00e3o os coeficientes da equa\u00e7\u00e3o IDF a ser utilizada pelo usu\u00e1rio para obter a intensidade da chuva. Os coeficientes c e d s\u00e3o constantes e os seus valores est\u00e3o indicados no mapa.<\/p>\n<ul>\n<li>O material foi disponibilizado para download no formato compactado .ZIP, e consiste em:<br \/>\nArquivos matriciais (rasteres) dos coeficientes a e b da equa\u00e7\u00e3o IDF para todo o RS, no formato .GeoTIFF (para serem utilizados em softwares de Sistema de Informa\u00e7\u00f5es Geogr\u00e1ficas (SIG);<\/li>\n<li>Mapas tem\u00e1ticos (cartas) para uso digital e impresso, em escala 1:5.000.000, no formato .PDF.<\/li>\n<\/ul>\n<p>Para citar os mapas, utilize a seguinte refer\u00eancia:<\/p>\n<p>RODRIGUES, A. A.; SIQUEIRA, T. M.; BESKOW, T. L. C.; BESKOW, S; TIMM, L. C, Mapas dos Coeficientes da Equa\u00e7\u00e3o Intensidade-Dura\u00e7\u00e3o-Frequ\u00eancia de chuvas para o Estado do Rio Grande do Sul, Brasil. Pelotas, 2023, 1\u00aa Edi\u00e7\u00e3o. ISBN: 978-65-00-79691-9. Dispon\u00edvel em: <a href=\"https:\/\/wp.ufpel.edu.br\/hidrologiaemodelagemhidrologica\/downloads\/\">https:\/\/wp.ufpel.edu.br\/hidrologiaemodelagemhidrologica\/downloads\/<\/a><\/p>\n<p style=\"text-align: center;\"><strong>Para fazer o download clique: <a href=\"https:\/\/wp.ufpel.edu.br\/hidrologiaemodelagemhidrologica\/files\/2023\/09\/Coeficientes_IDF_RS-1.zip\">Coeficientes_IDF_RS<\/a><\/strong><\/p>\n","protected":false},"excerpt":{"rendered":"<p>O conhecimento sobre as caracter\u00edsticas da chuva \u00e9 imprescind\u00edvel \u00e0 gest\u00e3o dos recursos h\u00eddricos, e para a elabora\u00e7\u00e3o de estudos e projetos da engenharia de recursos h\u00eddricos, como estruturas de conten\u00e7\u00e3o de \u00e1guas, controle da eros\u00e3o h\u00eddrica e de enchentes, drenagem do solo, estradas, barragens, entre outros. Neste \u00e2mbito, a rela\u00e7\u00e3o Intensidade-Dura\u00e7\u00e3o-Frequ\u00eancia (IDF) tem sido [&hellip;]<\/p>\n","protected":false},"author":570,"featured_media":0,"parent":0,"menu_order":0,"comment_status":"closed","ping_status":"closed","template":"","meta":{"jetpack_post_was_ever_published":false,"footnotes":""},"class_list":["post-2209","page","type-page","status-publish","hentry"],"jetpack_sharing_enabled":true,"jetpack_shortlink":"https:\/\/wp.me\/P6ZlNg-zD","jetpack-related-posts":[],"_links":{"self":[{"href":"https:\/\/wp.ufpel.edu.br\/hidrologiaemodelagemhidrologica\/wp-json\/wp\/v2\/pages\/2209","targetHints":{"allow":["GET"]}}],"collection":[{"href":"https:\/\/wp.ufpel.edu.br\/hidrologiaemodelagemhidrologica\/wp-json\/wp\/v2\/pages"}],"about":[{"href":"https:\/\/wp.ufpel.edu.br\/hidrologiaemodelagemhidrologica\/wp-json\/wp\/v2\/types\/page"}],"author":[{"embeddable":true,"href":"https:\/\/wp.ufpel.edu.br\/hidrologiaemodelagemhidrologica\/wp-json\/wp\/v2\/users\/570"}],"replies":[{"embeddable":true,"href":"https:\/\/wp.ufpel.edu.br\/hidrologiaemodelagemhidrologica\/wp-json\/wp\/v2\/comments?post=2209"}],"version-history":[{"count":5,"href":"https:\/\/wp.ufpel.edu.br\/hidrologiaemodelagemhidrologica\/wp-json\/wp\/v2\/pages\/2209\/revisions"}],"predecessor-version":[{"id":2218,"href":"https:\/\/wp.ufpel.edu.br\/hidrologiaemodelagemhidrologica\/wp-json\/wp\/v2\/pages\/2209\/revisions\/2218"}],"wp:attachment":[{"href":"https:\/\/wp.ufpel.edu.br\/hidrologiaemodelagemhidrologica\/wp-json\/wp\/v2\/media?parent=2209"}],"curies":[{"name":"wp","href":"https:\/\/api.w.org\/{rel}","templated":true}]}}