{"id":2181,"date":"2023-09-01T10:39:20","date_gmt":"2023-09-01T13:39:20","guid":{"rendered":"https:\/\/wp.ufpel.edu.br\/hidrologiaemodelagemhidrologica\/?page_id=2181"},"modified":"2023-09-01T10:52:25","modified_gmt":"2023-09-01T13:52:25","slug":"idfgeo-2","status":"publish","type":"page","link":"https:\/\/wp.ufpel.edu.br\/hidrologiaemodelagemhidrologica\/idfgeo-2\/","title":{"rendered":"IDFGeo"},"content":{"rendered":"<p>A IDFGeo \u00e9 uma ferramenta <em>web<\/em> desenvolvida por membros do Grupo de Pesquisa em Hidrologia e Modelagem Hidrol\u00f3gica em Bacias Hidrogr\u00e1ficas (GPHidro\/CNPq) vinculado \u00e0 Universidade Federal de Pelotas (UFPel), a saber: Aryane Araujo Rodrigues, Felipe Saraiva dos Santos, Tamara Leitzke Caldeira Beskow, Tirzah Moreira Siqueira e Samuel Beskow.<\/p>\n<p>Seu objetivo \u00e9 disponibilizar equa\u00e7\u00f5es IDF e a chuva de projeto para locais monitorados e n\u00e3o-monitorados no estado do Rio Grande do Sul\/Brasil. A ferramenta foi desenvolvida na linguagem de programa\u00e7\u00e3o R, HTML e CSS, e consiste de dois m\u00f3dulos principais: Equa\u00e7\u00f5es IDF para locais monitorados e Equa\u00e7\u00f5es IDF para locais n\u00e3o-monitorados; e de dois m\u00f3dulos informativos (Como usar e Sobre).<\/p>\n<p><img data-recalc-dims=\"1\" data-attachment-id=\"2191\" data-permalink=\"https:\/\/wp.ufpel.edu.br\/hidrologiaemodelagemhidrologica\/idfgeo-2\/inicio-2\/\" data-orig-file=\"https:\/\/i0.wp.com\/wp.ufpel.edu.br\/hidrologiaemodelagemhidrologica\/files\/2023\/09\/inicio.png?fit=1920%2C989&amp;ssl=1\" data-orig-size=\"1920,989\" data-comments-opened=\"0\" data-image-meta=\"{&quot;aperture&quot;:&quot;0&quot;,&quot;credit&quot;:&quot;&quot;,&quot;camera&quot;:&quot;&quot;,&quot;caption&quot;:&quot;&quot;,&quot;created_timestamp&quot;:&quot;0&quot;,&quot;copyright&quot;:&quot;&quot;,&quot;focal_length&quot;:&quot;0&quot;,&quot;iso&quot;:&quot;0&quot;,&quot;shutter_speed&quot;:&quot;0&quot;,&quot;title&quot;:&quot;&quot;,&quot;orientation&quot;:&quot;0&quot;}\" data-image-title=\"inicio\" data-image-description=\"\" data-image-caption=\"\" data-medium-file=\"https:\/\/i0.wp.com\/wp.ufpel.edu.br\/hidrologiaemodelagemhidrologica\/files\/2023\/09\/inicio.png?fit=400%2C206&amp;ssl=1\" data-large-file=\"https:\/\/i0.wp.com\/wp.ufpel.edu.br\/hidrologiaemodelagemhidrologica\/files\/2023\/09\/inicio.png?fit=1024%2C527&amp;ssl=1\" class=\"wp-image-2191 aligncenter\" src=\"https:\/\/i0.wp.com\/wp.ufpel.edu.br\/hidrologiaemodelagemhidrologica\/files\/2023\/09\/inicio.png?resize=515%2C265&#038;ssl=1\" alt=\"\" width=\"515\" height=\"265\" srcset=\"https:\/\/i0.wp.com\/wp.ufpel.edu.br\/hidrologiaemodelagemhidrologica\/files\/2023\/09\/inicio.png?resize=400%2C206&amp;ssl=1 400w, https:\/\/i0.wp.com\/wp.ufpel.edu.br\/hidrologiaemodelagemhidrologica\/files\/2023\/09\/inicio.png?resize=1024%2C527&amp;ssl=1 1024w, https:\/\/i0.wp.com\/wp.ufpel.edu.br\/hidrologiaemodelagemhidrologica\/files\/2023\/09\/inicio.png?resize=768%2C396&amp;ssl=1 768w, https:\/\/i0.wp.com\/wp.ufpel.edu.br\/hidrologiaemodelagemhidrologica\/files\/2023\/09\/inicio.png?resize=1536%2C791&amp;ssl=1 1536w, https:\/\/i0.wp.com\/wp.ufpel.edu.br\/hidrologiaemodelagemhidrologica\/files\/2023\/09\/inicio.png?w=1920&amp;ssl=1 1920w\" sizes=\"(max-width: 515px) 100vw, 515px\" \/><\/p>\n<p style=\"text-align: center;\"><span style=\"font-size: 10pt;\">Figura 1 &#8211; Interface inicial da IDFGeo<\/span><\/p>\n<p>O nome \u201cIDFGeo\u201d foi pensado para refletir seus principais aspectos: as equa\u00e7\u00f5es IDF e o uso da geoestat\u00edstica como t\u00e9cnica de interpola\u00e7\u00e3o espacial, que permitiu a estimativa dos coeficientes da equa\u00e7\u00e3o IDF para os locais n\u00e3o-monitorados, em alta resolu\u00e7\u00e3o espacial.<\/p>\n<p>Dentre os destaques da ferramenta, est\u00e3o:<\/p>\n<ul>\n<li>a qualidade das equa\u00e7\u00f5es IDF disponibilizadas, ajustadas com base em s\u00e9ries hist\u00f3ricas com pelo menos 30 anos, sem tend\u00eancia temporal e modeladas a partir de distribui\u00e7\u00f5es probabil\u00edsticas multiparam\u00e9tricas;<\/li>\n<li>a disponibilidade de mais de 11 mil equa\u00e7\u00f5es IDF que contemplam todo o territ\u00f3rio ga\u00facho, facilitando a obten\u00e7\u00e3o de uma equa\u00e7\u00e3o para o exato local de interesse do usu\u00e1rio;<\/li>\n<li>a possibilidade de exporta\u00e7\u00e3o de at\u00e9 10 equa\u00e7\u00f5es por vez;<\/li>\n<li>a visualiza\u00e7\u00e3o de todas as informa\u00e7\u00f5es pertinentes sobre as s\u00e9ries hist\u00f3ricas, bem como das equa\u00e7\u00f5es IDF;<\/li>\n<li>a possibilidade de utilizar uma calculadora para obter diretamente a chuva de projeto, a partir da escolha de uma equa\u00e7\u00e3o IDF, da dura\u00e7\u00e3o e tempo de retorno da chuva<\/li>\n<\/ul>\n<p>Diante da import\u00e2ncia destas informa\u00e7\u00f5es e do labor contido na sua obten\u00e7\u00e3o, acredita-se que a IDFGeo \u00e9 uma ferramenta de grande valia, pois a sua concep\u00e7\u00e3o permite a aquisi\u00e7\u00e3o de equa\u00e7\u00f5es IDF e da intensidade da chuva de forma simples e r\u00e1pida, em uma interface amigavel e sem a necessidade de instala\u00e7\u00e3o. Assim, o usu\u00e1rio pode utiliz\u00e1-la em computadores, tablets e smartphones.<\/p>\n<p>Al\u00e9m disso, apesar desta ser a primeira vers\u00e3o da ferramenta, \u00e9 pretens\u00e3o dos desenvolvedores seguir atualizando-a n\u00e3o somente com informa\u00e7\u00f5es para o estado do Rio Grande do Sul, mas para todo o Brasil, bem como com as equa\u00e7\u00f5es IDF sob influ\u00eancia de cen\u00e1rios clim\u00e1ticos futuros projetados por alguns modelos clim\u00e1ticos.<\/p>\n<p style=\"text-align: center;\">Para acessar a IDFGeo clique <a href=\"https:\/\/gphidro.shinyapps.io\/idfgeo\/\"><strong>aqui<\/strong>.<\/a><\/p>\n","protected":false},"excerpt":{"rendered":"<p>A IDFGeo \u00e9 uma ferramenta web desenvolvida por membros do Grupo de Pesquisa em Hidrologia e Modelagem Hidrol\u00f3gica em Bacias Hidrogr\u00e1ficas (GPHidro\/CNPq) vinculado \u00e0 Universidade Federal de Pelotas (UFPel), a saber: Aryane Araujo Rodrigues, Felipe Saraiva dos Santos, Tamara Leitzke Caldeira Beskow, Tirzah Moreira Siqueira e Samuel Beskow. Seu objetivo \u00e9 disponibilizar equa\u00e7\u00f5es IDF e [&hellip;]<\/p>\n","protected":false},"author":570,"featured_media":0,"parent":0,"menu_order":0,"comment_status":"closed","ping_status":"closed","template":"","meta":{"jetpack_post_was_ever_published":false,"footnotes":""},"class_list":["post-2181","page","type-page","status-publish","hentry"],"jetpack_sharing_enabled":true,"jetpack_shortlink":"https:\/\/wp.me\/P6ZlNg-zb","jetpack-related-posts":[],"_links":{"self":[{"href":"https:\/\/wp.ufpel.edu.br\/hidrologiaemodelagemhidrologica\/wp-json\/wp\/v2\/pages\/2181","targetHints":{"allow":["GET"]}}],"collection":[{"href":"https:\/\/wp.ufpel.edu.br\/hidrologiaemodelagemhidrologica\/wp-json\/wp\/v2\/pages"}],"about":[{"href":"https:\/\/wp.ufpel.edu.br\/hidrologiaemodelagemhidrologica\/wp-json\/wp\/v2\/types\/page"}],"author":[{"embeddable":true,"href":"https:\/\/wp.ufpel.edu.br\/hidrologiaemodelagemhidrologica\/wp-json\/wp\/v2\/users\/570"}],"replies":[{"embeddable":true,"href":"https:\/\/wp.ufpel.edu.br\/hidrologiaemodelagemhidrologica\/wp-json\/wp\/v2\/comments?post=2181"}],"version-history":[{"count":5,"href":"https:\/\/wp.ufpel.edu.br\/hidrologiaemodelagemhidrologica\/wp-json\/wp\/v2\/pages\/2181\/revisions"}],"predecessor-version":[{"id":2194,"href":"https:\/\/wp.ufpel.edu.br\/hidrologiaemodelagemhidrologica\/wp-json\/wp\/v2\/pages\/2181\/revisions\/2194"}],"wp:attachment":[{"href":"https:\/\/wp.ufpel.edu.br\/hidrologiaemodelagemhidrologica\/wp-json\/wp\/v2\/media?parent=2181"}],"curies":[{"name":"wp","href":"https:\/\/api.w.org\/{rel}","templated":true}]}}