{"id":181,"date":"2015-11-30T14:21:38","date_gmt":"2015-11-30T16:21:38","guid":{"rendered":"https:\/\/wp.ufpel.edu.br\/hidrologiaemodelagemhidrologica\/?page_id=181"},"modified":"2021-07-08T08:52:52","modified_gmt":"2021-07-08T11:52:52","slug":"concluidas","status":"publish","type":"page","link":"https:\/\/wp.ufpel.edu.br\/hidrologiaemodelagemhidrologica\/dissertacaoteses\/concluidas\/","title":{"rendered":"Conclu\u00eddas"},"content":{"rendered":"<p style=\"text-align: justify\"><span style=\"color: #000000\"><strong>Trabalhos de Conclus\u00e3o de Curso<\/strong><\/span><\/p>\n<p style=\"text-align: justify\"><span style=\"color: #000000\">Discente: Tamara Leitzke Caldeira<\/span><br \/>\n<span style=\"color: #000000\">Curso: Engenharia H\u00eddrica<\/span><br \/>\n<span style=\"color: #000000\">T\u00edtulo do trabalho de conclus\u00e3o de curso: <a style=\"color: #000000\" href=\"http:\/\/pergamum.ufpel.edu.br:8080\/pergamumweb\/vinculos\/000062\/000062EE.pdf\" target=\"_blank\" rel=\"noopener noreferrer\">Regionaliza\u00e7\u00e3o de chuvas intensas no estado do Rio Grande do Sul<\/a><\/span><br \/>\n<span style=\"color: #000000\">Orienta\u00e7\u00e3o: Samuel Beskow<\/span><br \/>\n<span style=\"color: #000000\">Data de defesa: 07\/02\/2014<\/span><\/p>\n<p style=\"text-align: justify\"><span style=\"color: #000000\">Discente: Rodolfo Caringi Majer<\/span><br \/>\n<span style=\"color: #000000\">Curso: Engenharia H\u00eddrica<\/span><br \/>\n<span style=\"color: #000000\">T\u00edtulo do trabalho de conclus\u00e3o de curso: <a style=\"color: #000000\" href=\"http:\/\/pergamum.ufpel.edu.br:8080\/pergamumweb\/vinculos\/0000a5\/0000a543.pdf\" target=\"_blank\" rel=\"noopener noreferrer\">Representa\u00e7\u00e3o de curvas de perman\u00eancia de vaz\u00f5es para bacias hidrogr\u00e1ficas situadas no estado do Rio Grande do Sul<\/a><\/span><br \/>\n<span style=\"color: #000000\">Orienta\u00e7\u00e3o: Samuel Beskow<\/span><br \/>\n<span style=\"color: #000000\">Data de defesa: 22\/08\/2017<\/span><\/p>\n<p style=\"text-align: justify\"><span style=\"color: #000000\">Discente: Felicio Cassalho<\/span><br \/>\n<span style=\"color: #000000\">Curso: Engenharia H\u00eddrica<\/span><br \/>\n<span style=\"color: #000000\">T\u00edtulo do trabalho de conclus\u00e3o de curso: <a style=\"color: #000000\" href=\"http:\/\/pergamum.ufpel.edu.br:8080\/pergamumweb\/vinculos\/0000ab\/0000abac.pdf\" target=\"_blank\" rel=\"noopener noreferrer\">An\u00e1lise de frequ\u00eancia de cheias no Rio Grande do Sul<\/a><\/span><br \/>\n<span style=\"color: #000000\">Orienta\u00e7\u00e3o: Samuel Beskow<\/span><br \/>\n<span style=\"color: #000000\">Data de defesa: 24\/11\/2017<\/span><\/p>\n<p style=\"text-align: justify\"><span style=\"color: #000000\">Discente: Leonardo Corr\u00eaa Rodrigues<\/span><br \/>\n<span style=\"color: #000000\">Curso: Ci\u00eancia da Computa\u00e7\u00e3o<\/span><br \/>\n<span style=\"color: #000000\">T\u00edtulo do trabalho de conclus\u00e3o de curso: <a style=\"color: #000000\" href=\"http:\/\/pergamum.ufpel.edu.br:8080\/pergamumweb\/vinculos\/0000c4\/0000c4f0.pdf\" target=\"_blank\" rel=\"noopener noreferrer\">An\u00e1lise de estrat\u00e9gias de paralelismo em CPU e GPU para o modelo Lavras Simulation of Hydrology<\/a><\/span><br \/>\n<span style=\"color: #000000\">Orienta\u00e7\u00e3o: Marilton Sanchotene de Aguiar (orientador) e Samuel Beskow (co-orientador)<\/span><br \/>\n<span style=\"color: #000000\">Data de defesa: 11\/07\/2018<\/span><\/p>\n<p style=\"text-align: justify\"><span style=\"color: #000000\">Discente: Marcelle Martins Vargas<\/span><br \/>\n<span style=\"color: #000000\">Curso: Engenharia H\u00eddrica<\/span><br \/>\n<span style=\"color: #000000\">T\u00edtulo do trabalho de conclus\u00e3o de curso: <a style=\"color: #000000\" href=\"http:\/\/pergamum.ufpel.edu.br:8080\/pergamumweb\/vinculos\/0000c5\/0000c564.pdf\" target=\"_blank\" rel=\"noopener noreferrer\">Estimativa de hidrogramas de cheias utilizando o modelo hidrol\u00f3gico LISEM: estudo de caso em sub-bacia do arroio Pelotas (Rio Grande do Sul)<\/a><\/span><br \/>\n<span style=\"color: #000000\">Orienta\u00e7\u00e3o: Samuel Beskow<\/span><br \/>\n<span style=\"color: #000000\">Data de defesa: 07\/12\/2018<\/span><\/p>\n<p style=\"text-align: justify\"><span style=\"color: #000000\">Discente: Aryane Araujo Rodrigues<\/span><br \/>\n<span style=\"color: #000000\">Curso: Engenharia H\u00eddrica<\/span><br \/>\n<span style=\"color: #000000\">T\u00edtulo do trabalho de conclus\u00e3o de curso: <a style=\"color: #000000\" href=\"http:\/\/pergamum.ufpel.edu.br:8080\/pergamumweb\/vinculos\/0000c5\/0000c513.pdf\" target=\"_blank\" rel=\"noopener noreferrer\">Equa\u00e7\u00e3o Universal de Perda de Solo Revisada para predi\u00e7\u00e3o da eros\u00e3o h\u00eddrica: estudo de caso na bacia hidrogr\u00e1fica da barragem do arroio Duro<\/a><\/span><br \/>\n<span style=\"color: #000000\">Orienta\u00e7\u00e3o: Samuel Beskow<\/span><br \/>\n<span style=\"color: #000000\">Data de defesa: 07\/12\/2018<\/span><\/p>\n<p style=\"text-align: justify\"><span style=\"color: #000000\">Discente: Mariana Bono dos Santos<\/span><br \/>\n<span style=\"color: #000000\">Curso: Engenharia H\u00eddrica<\/span><br \/>\n<span style=\"color: #000000\">T\u00edtulo do trabalho de conclus\u00e3o de curso: <a style=\"color: #000000\" href=\"http:\/\/pergamum.ufpel.edu.br:8080\/pergamumweb\/vinculos\/0000c5\/0000c560.pdf\" target=\"_blank\" rel=\"noopener noreferrer\">Avalia\u00e7\u00e3o do fator de pico do hidrograma unit\u00e1rio adimensional para estimativa de cheias<\/a><\/span><br \/>\n<span style=\"color: #000000\">Orienta\u00e7\u00e3o: Samuel Beskow (orientador) e Alice Alonzo Steinmetz (co-orientadora)<\/span><br \/>\n<span style=\"color: #000000\">Data de defesa: 10\/12\/2018<\/span><\/p>\n<p style=\"text-align: justify\"><span style=\"color: #000000\">Discente: Maria Clotilde Carre Chagas Neta<\/span><br \/>\n<span style=\"color: #000000\">Curso: Engenharia H\u00eddrica<\/span><br \/>\n<span style=\"color: #000000\">T\u00edtulo do trabalho de conclus\u00e3o de curso: <a style=\"color: #000000\" href=\"http:\/\/pergamum.ufpel.edu.br:8080\/pergamumweb\/vinculos\/0000c5\/0000c531.pdf\" target=\"_blank\" rel=\"noopener noreferrer\">Estimativa do potencial de perda de solo anual para a ilha vulc\u00e2nica do Fogo, Cabo Verde<\/a><\/span><br \/>\n<span style=\"color: #000000\">Orienta\u00e7\u00e3o: Samuel Beskow<\/span><br \/>\n<span style=\"color: #000000\">Data de defesa: 10\/12\/2018<\/span><\/p>\n<p style=\"text-align: justify\"><span style=\"color: #000000\">Discente: Zandra Almeida da Cunha<\/span><br \/>\n<span style=\"color: #000000\">Curso: Engenharia H\u00eddrica<\/span><br \/>\n<span style=\"color: #000000\">T\u00edtulo do trabalho de conclus\u00e3o de curso: <a style=\"color: #000000\" href=\"http:\/\/pergamum.ufpel.edu.br:8080\/pergamumweb\/vinculos\/0000c5\/0000c537.pdf\" target=\"_blank\" rel=\"noopener noreferrer\">Aplicabilidade do m\u00e9todo N\u00famero da Curva (CN\/SCS) com base em eventos observados chuva-vaz\u00e3o: estudo de caso em sub-bacia hidrogr\u00e1fica do arroio Pelotas<\/a><\/span><br \/>\n<span style=\"color: #000000\">Orienta\u00e7\u00e3o: Samuel Beskow (orientador) e Ma\u00edra Martim de Moura (co-orientadora)<\/span><br \/>\n<span style=\"color: #000000\">Data de defesa: 10\/12\/2018<\/span><\/p>\n<p style=\"text-align: justify\"><span style=\"color: #000000\">Discente: Laura Kerstner<\/span><br \/>\n<span style=\"color: #000000\">Curso: Engenharia H\u00eddrica<\/span><br \/>\n<span style=\"color: #000000\">T\u00edtulo do trabalho de conclus\u00e3o de curso: <a style=\"color: #000000\" href=\"http:\/\/pergamum.ufpel.edu.br:8080\/pergamumweb\/vinculos\/0000c5\/0000c539.pdf\" target=\"_blank\" rel=\"noopener noreferrer\">Avalia\u00e7\u00e3o de impactos de altera\u00e7\u00e3o no uso e cobertura do solo sobre o comportamento hidrol\u00f3gico de bacias hidrogr\u00e1ficas<\/a><\/span><br \/>\n<span style=\"color: #000000\">Orienta\u00e7\u00e3o: Samuel Beskow<\/span><br \/>\n<span style=\"color: #000000\">Data de defesa: 10\/12\/2018<\/span><\/p>\n<p style=\"text-align: justify\"><span style=\"color: #000000\"><strong>Disserta\u00e7\u00f5es<\/strong><\/span><\/p>\n<p style=\"text-align: justify\"><span style=\"color: #000000\">Discente: Gabriela Schiavon Nunes<\/span><br \/>\n<span style=\"color: #000000\">T\u00edtulo da disserta\u00e7\u00e3o: <a style=\"color: #000000\" href=\"http:\/\/guaiaca.ufpel.edu.br:8080\/handle\/ri\/2829\" target=\"_blank\" rel=\"noopener noreferrer\">Aplicabilidade de modelos de hidrograma unit\u00e1rio em bacias hidrogr\u00e1ficas hidrologicamente distintas<\/a><\/span><br \/>\n<span style=\"color: #000000\">Orienta\u00e7\u00e3o: Samuel Beskow<\/span><br \/>\n<span style=\"color: #000000\">Data de defesa: 26\/08\/2015<\/span><\/p>\n<p style=\"text-align: justify\"><span style=\"color: #000000\">Discente: Cristian Larri Pires Veber<\/span><br \/>\n<span style=\"color: #000000\">T\u00edtulo da disserta\u00e7\u00e3o:<a style=\"color: #000000\" href=\"http:\/\/guaiaca.ufpel.edu.br:8080\/handle\/prefix\/3252\" target=\"_blank\" rel=\"noopener noreferrer\"> Desempenho de modelos de hidrograma unit\u00e1rio em pequenas bacias hidrogr\u00e1ficas<\/a><\/span><br \/>\n<span style=\"color: #000000\">Orienta\u00e7\u00e3o: Samuel Beskow<\/span><br \/>\n<span style=\"color: #000000\">Data de defesa: 12\/08\/2016<\/span><\/p>\n<p style=\"text-align: justify\"><span style=\"color: #000000\">Discente: Tamara Leitzke Caldeira<\/span><br \/>\n<span style=\"color: #000000\">T\u00edtulo da disserta\u00e7\u00e3o: <a style=\"color: #000000\" href=\"http:\/\/guaiaca.ufpel.edu.br:8080\/handle\/ri\/2833\" target=\"_blank\" rel=\"noopener noreferrer\">Aprimoramento computacional do modelo Lavras Simulation of Hydrology (LASH): Aplica\u00e7\u00e3o em duas bacias do Rio Grande do Sul<\/a><\/span><br \/>\n<span style=\"color: #000000\">Orienta\u00e7\u00e3o: Carlos Rog\u00e9rio de Mello<\/span><br \/>\n<span style=\"color: #000000\">Data de defesa: 26\/02\/2016<\/span><\/p>\n<p style=\"text-align: justify\"><span style=\"color: #000000\">Discente: Alice Alonzo Steinmetz<\/span><br \/>\n<span style=\"color: #000000\">T\u00edtulo da disserta\u00e7\u00e3o: <a style=\"color: #000000\" href=\"http:\/\/guaiaca.ufpel.edu.br:8080\/handle\/prefix\/3690\" target=\"_blank\" rel=\"noopener noreferrer\">Modelagem distribu\u00edda de cheias nas bacias hidrogr\u00e1ficas dos arroios Cadeia e Caneleira (RS) usando a teoria do hidrograma unit\u00e1rio<\/a><\/span><br \/>\n<span style=\"color: #000000\">Orienta\u00e7\u00e3o: Samuel Beskow<\/span><br \/>\n<span style=\"color: #000000\">Data de defesa: 06\/03\/2017<\/span><\/p>\n<p style=\"text-align: justify\"><span style=\"color: #000000\">Discente: Maur\u00edcio Fornalski Soares<\/span><br \/>\n<span style=\"color: #000000\">T\u00edtulo da disserta\u00e7\u00e3o: <a style=\"color: #000000\" href=\"http:\/\/guaiaca.ufpel.edu.br:8080\/handle\/prefix\/3984\" target=\"_blank\" rel=\"noopener noreferrer\">Variabilidade espacial dos atributos f\u00edsico-h\u00eddricos e do carbono org\u00e2nico do solo de uma bacia hidrogr\u00e1fica de cabeceira em Cangu\u00e7u &#8211; RS<\/a><\/span><br \/>\n<span style=\"color: #000000\">Orienta\u00e7\u00e3o: Lu\u00eds Carlos Timm (orientador) e Samuel Beskow (co-orientador)<\/span><br \/>\n<span style=\"color: #000000\">Data de defesa: 06\/02\/2018<\/span><\/p>\n<p style=\"text-align: justify\"><span style=\"color: #000000\">Discente: Ma\u00edra Martim de Moura<\/span><br \/>\n<span style=\"color: #000000\">T\u00edtulo da disserta\u00e7\u00e3o: <a style=\"color: #000000\" href=\"http:\/\/guaiaca.ufpel.edu.br:8080\/handle\/prefix\/3982\" target=\"_blank\" rel=\"noopener noreferrer\">Influ\u00eancia de diferentes fontes e escalas de informa\u00e7\u00e3o do relevo sobre a estimativa de cheias a partir do Hidrograma Unit\u00e1rio Instant\u00e2neo de Nash<\/a><\/span><br \/>\n<span style=\"color: #000000\">Orienta\u00e7\u00e3o: Samuel Beskow (orientador), Fabr\u00edcio da Silva Terra (co-orientador)<\/span><br \/>\n<span style=\"color: #000000\">Data de defesa: 01\/03\/2018<\/span><\/p>\n<p style=\"text-align: justify\"><span style=\"color: #000000\">Discente: Carina Kr\u00fcger Bork<\/span><br \/>\n<span style=\"color: #000000\">T\u00edtulo da disserta\u00e7\u00e3o: <a style=\"color: #000000\" href=\"http:\/\/guaiaca.ufpel.edu.br:8080\/handle\/prefix\/3981\" target=\"_blank\" rel=\"noopener noreferrer\">Regionaliza\u00e7\u00e3o de vaz\u00f5es m\u00ednimas para o Estado do Rio Grande do Sul<\/a><\/span><br \/>\n<span style=\"color: #000000\">Orienta\u00e7\u00e3o: Hugo Alexandre Soares Guedes (orientador), Samuel Beskow (co-orientador)<\/span><br \/>\n<span style=\"color: #000000\">Data de defesa: 06\/03\/2018<\/span><\/p>\n<p style=\"text-align: justify\"><span style=\"color: #000000\">Discente: J\u00e9ssica Fernanda Ogassawara<\/span><br \/>\n<span style=\"color: #000000\">T\u00edtulo da disserta\u00e7\u00e3o: <a style=\"color: #000000\" href=\"http:\/\/guaiaca.ufpel.edu.br:8080\/handle\/prefix\/5774\" target=\"_blank\" rel=\"noopener\">Modelagem de cotas de cheias a partir de vaz\u00f5es derivadas de hidrogramas unit\u00e1rios instant\u00e2neos geomorfol\u00f3gicos<\/a><\/span><br \/>\n<span style=\"color: #000000\">Orienta\u00e7\u00e3o: Samuel Beskow (orientador) e Maur\u00edcio Dai Pra (co-orientador)<\/span><br \/>\n<span style=\"color: #000000\">Data de defesa: 25\/02\/2019<\/span><\/p>\n<p style=\"text-align: justify\"><span style=\"color: #000000\">Discente: Nelva Bugoni Riquetti<\/span><br \/>\n<span style=\"color: #000000\">T\u00edtulo da disserta\u00e7\u00e3o: <a style=\"color: #000000\" href=\"http:\/\/guaiaca.ufpel.edu.br:8080\/handle\/prefix\/5775\" target=\"_blank\" rel=\"noopener\">Modelagem de padr\u00f5es espa\u00e7o-temporal da erosividade da chuva na Am\u00e9rica do Sul<\/a><\/span><br \/>\n<span style=\"color: #000000\">Orienta\u00e7\u00e3o: Carlos Rog\u00e9rio de Mello<\/span><br \/>\n<span style=\"color: #000000\">Data de defesa: 25\/02\/2019<\/span><\/p>\n<p style=\"text-align: justify\"><span style=\"color: #000000\">Discente: Aryane Araujo Rodrigues<\/span><br \/>\n<span style=\"color: #000000\">T\u00edtulo da disserta\u00e7\u00e3o: Variabilidade espacial dos coeficientes da equa\u00e7\u00e3o Intensidade-Dura\u00e7\u00e3o-Frequ\u00eancia (IDF) de chuvas no estado do Rio Grande do Sul<\/span><br \/>\n<span style=\"color: #000000\">Orienta\u00e7\u00e3o: Tirzah Moreira Siqueira (orientadora), Tamara Leitzke Caldeira Beskow (coorientadora)<\/span><br \/>\n<span style=\"color: #000000\">Data de defesa: 04\/03\/2021<\/span><\/p>\n<p style=\"text-align: justify\"><span style=\"color: #000000\">Discente: Marcelle Martins Vargas<\/span><br \/>\n<span style=\"color: #000000\">T\u00edtulo da disserta\u00e7\u00e3o: <a style=\"color: #000000\" href=\"http:\/\/guaiaca.ufpel.edu.br\/handle\/prefix\/7474\" target=\"_blank\" rel=\"noopener\">Concep\u00e7\u00e3o do modelo hidrol\u00f3gico LASH em MATLAB\u00ae: aprimoramento da propaga\u00e7\u00e3o em rios e da calibra\u00e7\u00e3o<\/a><\/span><br \/>\n<span style=\"color: #000000\">Orienta\u00e7\u00e3o: Samuel Beskow (orientador), Carlos Rog\u00e9rio de Mello (coorientador)<\/span><br \/>\n<span style=\"color: #000000\">Data de defesa: 25\/02\/2021<\/span><\/p>\n<p style=\"text-align: justify\"><span style=\"color: #000000\">Discente: Tamiris Ara\u00fajo Duarte Castro<\/span><br \/>\n<span style=\"color: #000000\">T\u00edtulo da disserta\u00e7\u00e3o: <a style=\"color: #000000\" href=\"http:\/\/guaiaca.ufpel.edu.br:8080\/handle\/prefix\/7653\" target=\"_blank\" rel=\"noopener\">Aplicabilidade de m\u00e9todos autom\u00e1ticos de separa\u00e7\u00e3o de escoamento de base<\/a><\/span><br \/>\n<span style=\"color: #000000\">Orienta\u00e7\u00e3o: Samuel Beskow (orientador), Juliana Pertille (coorientadora)<\/span><br \/>\n<span style=\"color: #000000\">Data de defesa: 05\/03\/2021<\/span><\/p>\n<p style=\"text-align: justify\"><span style=\"color: #000000\">Discente: Zandra Almeida da Cunha<\/span><br \/>\n<span style=\"color: #000000\">T\u00edtulo da disserta\u00e7\u00e3o: <a style=\"color: #000000\" href=\"http:\/\/guaiaca.ufpel.edu.br\/handle\/prefix\/7475\" target=\"_blank\" rel=\"noopener\">Avalia\u00e7\u00e3o dos impactos de cen\u00e1rios de mudan\u00e7as no uso do solo na hidrologia da bacia hidrogr\u00e1fica do rio Xingu<\/a><\/span><br \/>\n<span style=\"color: #000000\">Orienta\u00e7\u00e3o: Carlos Rog\u00e9rio de Mello (orientador), Samuel Beskow (coorientador)<\/span><br \/>\n<span style=\"color: #000000\">Data de defesa: 23\/02\/2021<\/span><\/p>\n<p style=\"text-align: justify\"><span style=\"color: #000000\"><strong>Teses<\/strong><\/span><\/p>\n<p style=\"text-align: justify\"><span style=\"color: #000000\">Discente: Leandro Sanzi Aquino<\/span><br \/>\n<span style=\"color: #000000\">T\u00edtulo da tese: Modelagem hidrol\u00f3gica na regi\u00e3o sul do Rio Grande do Sul utilizando os modelos SWAT e LASH&#8217;<\/span><br \/>\n<span style=\"color: #000000\">Orienta\u00e7\u00e3o: Lu\u00eds Carlos Timm (orientador), Samuel Beskow (co-orientador) e Vitor Emanuel Quevedo Tavares (co-orientador)<\/span><br \/>\n<span style=\"color: #000000\">Data de defesa: 30\/07\/2014<\/span><\/p>\n<p style=\"text-align: justify\"><span style=\"color: #000000\">Discente: Tamara Leitzke Caldeira<\/span><br \/>\n<span style=\"color: #000000\">T\u00edtulo da tese: <a style=\"color: #000000\" href=\"http:\/\/guaiaca.ufpel.edu.br:8080\/handle\/prefix\/4529\" target=\"_blank\" rel=\"noopener noreferrer\">Modelagem do impacto das mudan\u00e7as clim\u00e1ticas sobre a hidrologia de sub-bacias da transfronteiri\u00e7a Mirin-S\u00e3o Gon\u00e7alo<\/a><\/span><br \/>\n<span style=\"color: #000000\">Orienta\u00e7\u00e3o: Lu\u00eds Carlos Timm (orientador), Andr\u00e9 Becker Nunes (co-orientador)<\/span><br \/>\n<span style=\"color: #000000\">Data de defesa: 21\/03\/2019<\/span><\/p>\n<p style=\"text-align: justify\"><span style=\"color: #000000\">Discente: Rodrigo C\u00e9sar de Vasconcellos dos Santos<\/span><br \/>\n<span style=\"color: #000000\">T\u00edtulo da tese: <a style=\"color: #000000\" href=\"http:\/\/guaiaca.ufpel.edu.br:8080\/handle\/prefix\/7499\" target=\"_blank\" rel=\"noopener\">Variabilidade espacial da condutividade hidr\u00e1ulica do solo saturado e implica\u00e7\u00f5es no escoamento superficial direto em escala de bacia hidrogr\u00e1fica<\/a><\/span><br \/>\n<span style=\"color: #000000\">Orienta\u00e7\u00e3o: Lu\u00eds Carlos Timm (orientador), Tirzah Moreira Siqueira (co-orientadora), Samuel Beskow (co-orientador)<\/span><br \/>\n<span style=\"color: #000000\">Data de defesa: 27\/03\/2020<\/span><\/p>\n<p style=\"text-align: justify\"><span style=\"color: #000000\">Discente: Alice Alonzo Steinmetz<\/span><br \/>\n<span style=\"color: #000000\">T\u00edtulo da tese: <a style=\"color: #000000\" href=\"http:\/\/guaiaca.ufpel.edu.br:8080\/handle\/prefix\/7497\" target=\"_blank\" rel=\"noopener\">Avalia\u00e7\u00e3o do modelo SWAT como ferramenta para gest\u00e3o de recursos h\u00eddricos na bacia hidrogr\u00e1fica Mirim-S\u00e3o Gon\u00e7alo<\/a><\/span><br \/>\n<span style=\"color: #000000\">Orienta\u00e7\u00e3o: Samuel Beskow<\/span><br \/>\n<span style=\"color: #000000\">Data de defesa: 17\/04\/2020<\/span><\/p>\n<p style=\"text-align: justify\"><span style=\"color: #000000\">Discente: Viviane Rodrigues Dorneles<\/span><br \/>\n<span style=\"color: #000000\">T\u00edtulo da tese: <a style=\"color: #000000\" href=\"http:\/\/guaiaca.ufpel.edu.br:8080\/handle\/prefix\/7501\" target=\"_blank\" rel=\"noopener\">Quantifica\u00e7\u00e3o e modelagem dos processos hidrossedimentol\u00f3gicos em sub-bacias do Arroio Pelotas visando \u00e0 conserva\u00e7\u00e3o do solo e da \u00e1gua<\/a><\/span><br \/>\n<span style=\"color: #000000\">Orienta\u00e7\u00e3o: Samuel Beskow (orientador), Maria C\u00e2ndida Moitinho Nunes (coorientadora)<\/span><br \/>\n<span style=\"color: #000000\">Data de defesa: 29\/07\/2020<\/span><\/p>\n<p><span style=\"color: #000000\">Discente: Cristian Larri Pires Veber<\/span><br \/>\n<span style=\"color: #000000\">T\u00edtulo da tese: Adapta\u00e7\u00e3o do modelo openLISEM (Spatial Model for Runoff, Floods and Erosion) para estimativa de cheias em uma sub-bacia do arroio Pelotas\/RS<\/span><br \/>\n<span style=\"color: #000000\">Orienta\u00e7\u00e3o: Fabr\u00edcio da Silva Terra (orientador), Samuel Beskow (coorientador)<\/span><br \/>\n<span style=\"color: #000000\">Data de defesa: 12\/03\/2021<\/span><\/p>\n","protected":false},"excerpt":{"rendered":"<p>Trabalhos de Conclus\u00e3o de Curso Discente: Tamara Leitzke Caldeira Curso: Engenharia H\u00eddrica T\u00edtulo do trabalho de conclus\u00e3o de curso: Regionaliza\u00e7\u00e3o de chuvas intensas no estado do Rio Grande do Sul Orienta\u00e7\u00e3o: Samuel Beskow Data de defesa: 07\/02\/2014 Discente: Rodolfo Caringi Majer Curso: Engenharia H\u00eddrica T\u00edtulo do trabalho de conclus\u00e3o de curso: Representa\u00e7\u00e3o de curvas de [&hellip;]<\/p>\n","protected":false},"author":570,"featured_media":0,"parent":175,"menu_order":0,"comment_status":"closed","ping_status":"closed","template":"","meta":{"jetpack_post_was_ever_published":false,"footnotes":""},"class_list":["post-181","page","type-page","status-publish","hentry"],"jetpack_sharing_enabled":true,"jetpack_shortlink":"https:\/\/wp.me\/P6ZlNg-2V","jetpack-related-posts":[],"_links":{"self":[{"href":"https:\/\/wp.ufpel.edu.br\/hidrologiaemodelagemhidrologica\/wp-json\/wp\/v2\/pages\/181","targetHints":{"allow":["GET"]}}],"collection":[{"href":"https:\/\/wp.ufpel.edu.br\/hidrologiaemodelagemhidrologica\/wp-json\/wp\/v2\/pages"}],"about":[{"href":"https:\/\/wp.ufpel.edu.br\/hidrologiaemodelagemhidrologica\/wp-json\/wp\/v2\/types\/page"}],"author":[{"embeddable":true,"href":"https:\/\/wp.ufpel.edu.br\/hidrologiaemodelagemhidrologica\/wp-json\/wp\/v2\/users\/570"}],"replies":[{"embeddable":true,"href":"https:\/\/wp.ufpel.edu.br\/hidrologiaemodelagemhidrologica\/wp-json\/wp\/v2\/comments?post=181"}],"version-history":[{"count":42,"href":"https:\/\/wp.ufpel.edu.br\/hidrologiaemodelagemhidrologica\/wp-json\/wp\/v2\/pages\/181\/revisions"}],"predecessor-version":[{"id":1932,"href":"https:\/\/wp.ufpel.edu.br\/hidrologiaemodelagemhidrologica\/wp-json\/wp\/v2\/pages\/181\/revisions\/1932"}],"up":[{"embeddable":true,"href":"https:\/\/wp.ufpel.edu.br\/hidrologiaemodelagemhidrologica\/wp-json\/wp\/v2\/pages\/175"}],"wp:attachment":[{"href":"https:\/\/wp.ufpel.edu.br\/hidrologiaemodelagemhidrologica\/wp-json\/wp\/v2\/media?parent=181"}],"curies":[{"name":"wp","href":"https:\/\/api.w.org\/{rel}","templated":true}]}}