{"id":1779,"date":"2020-05-26T09:55:12","date_gmt":"2020-05-26T12:55:12","guid":{"rendered":"https:\/\/wp.ufpel.edu.br\/hidrologiaemodelagemhidrologica\/?page_id=1779"},"modified":"2020-08-10T19:33:11","modified_gmt":"2020-08-10T22:33:11","slug":"gam-idf","status":"publish","type":"page","link":"https:\/\/wp.ufpel.edu.br\/hidrologiaemodelagemhidrologica\/gam-idf\/","title":{"rendered":"GAM-IDF"},"content":{"rendered":"<p style=\"text-align: justify\"><span style=\"color: #000000\">A ferramenta <em>Genetic Algorithm Methodoloy for IDF (<\/em>GAM-IDF) foi desenvolvida por integrantes do Grupo de Pesquisa em Hidrologia e Modelagem Hidrol\u00f3gica em Bacias Hidrogr\u00e1ficas\/CNPq da Universidade Federal de Pelotas (UFPel), a saber: Jo\u00e3o Pedro de Morais da Silveira, Ma\u00edra Martim de Moura, Marcelle Martins Vargas, Samuel Beskow, Tamara Leitzke Caldeira Beskow e Zandra Almeida da Cunha.<\/span><\/p>\n<p style=\"text-align: justify\"><span style=\"color: #000000\">O objetivo da GAM-IDF \u00e9 disponibilizar aos usu\u00e1rios uma ferramenta com boa usabilidade e fundamentada em metodologias do estado-da-arte para o ajuste de equa\u00e7\u00f5es Intensidade-Dura\u00e7\u00e3o-Frequ\u00eancia (IDF). A ferramenta, integralmente desenvolvida na linguagem de programa\u00e7\u00e3o R, consiste de dois m\u00f3dulos principais (IDF e Chuva de projeto) e de dois m\u00f3dulos informativos (Informa\u00e7\u00f5es t\u00e9cnicas e Sobre).<\/span><\/p>\n<p style=\"text-align: justify\"><span style=\"color: #000000\">A GAM-IDF permite ao usu\u00e1rio a importa\u00e7\u00e3o de dados de chuva do principal banco de dados hidrol\u00f3gicos do Brasil (HidroWeb\/ANA \u2013 Ag\u00eancia Nacional de \u00c1guas, arquivo em formato .csv) e tamb\u00e9m a importa\u00e7\u00e3o de s\u00e9ries de precipita\u00e7\u00e3o m\u00e1xima di\u00e1ria anual (PMDA) previamente constitu\u00eddas pelo usu\u00e1rio (.csv, .txt e .xls). \u00a0<\/span><\/p>\n<p style=\"text-align: justify\"><span style=\"color: #000000\">Dentre os pontos fortes da GAM-IDF e as novidades em rela\u00e7\u00e3o \u00e0s ferramentas existentes, pode-se destacar:<\/span><\/p>\n<ul style=\"text-align: justify\">\n<li><span style=\"color: #000000\">a possibilidade do usu\u00e1rio importar arquivos de chuva do Hidroweb\/ANA sem a necessidade de processamento pr\u00e9vio;<\/span><\/li>\n<li><span style=\"color: #000000\">a an\u00e1lise de tend\u00eancia na s\u00e9rie de PMDA pelo teste de Mann-Kendall (Mann, 1945; Kendall, 1975);<\/span><\/li>\n<li><span style=\"color: #000000\">a disponibiliza\u00e7\u00e3o de fun\u00e7\u00f5es densidade de probabilidades (FDPs) multipar\u00e2metros, como a GEV, Kappa e Wakeby, al\u00e9m de outras tradicionalmente utilizadas na hidrologia;<\/span><\/li>\n<li><span style=\"color: #000000\">o uso do m\u00e9todo dos Momentos-L para estimativa dos par\u00e2metros das FDPs;<\/span><\/li>\n<li><span style=\"color: #000000\">a aplica\u00e7\u00e3o do teste de ader\u00eancia de Anderson-Darling (Anderson &amp; Darling, 1954), mais robusto que aqueles comumente empregados (e.g. Kolmogorov-Smirnov e Qui-Quadrado) para avaliar o ajuste de FDPs a s\u00e9ries de PMDA;<\/span><\/li>\n<li><span style=\"color: #000000\">a desagrega\u00e7\u00e3o de chuva di\u00e1ria pelo m\u00e9todo da Rela\u00e7\u00e3o das Dura\u00e7\u00f5es empregando as constantes de desagrega\u00e7\u00e3o propostas pela CETESB (1979) e amplamente difundidas no Brasil, bem como constantes de desagrega\u00e7\u00e3o para outros locais; e<\/span><\/li>\n<li><span style=\"color: #000000\">a estimativa dos par\u00e2metros da equa\u00e7\u00e3o IDF utilizando o algoritmo gen\u00e9tico <em>Shuffled Complex Evolution\/University of Arizona <\/em>(Duan et al., 1994), bastante utilizado para outros prop\u00f3sitos em hidrologia.<\/span><\/li>\n<\/ul>\n<p style=\"text-align: justify\"><span style=\"color: #000000\">Al\u00e9m de ajustar os par\u00e2metros da IDF no m\u00f3dulo \u2018IDF\u2019, a ferramenta tamb\u00e9m oferece o m\u00f3dulo \u2018Chuva de projeto\u2019, estruturado para trazer praticidade ao usu\u00e1rio. Este m\u00f3dulo consiste de duas op\u00e7\u00f5es: i) visualiza\u00e7\u00e3o de tabelas contendo as chuvas de projetos derivadas da IDF ajustada para as diferentes combina\u00e7\u00f5es previamente informadas de tempo de retorno e dura\u00e7\u00e3o da chuva; e ii) uma calculadora IDF onde os par\u00e2metros previamente ajustados s\u00e3o dispostos diretamente na equa\u00e7\u00e3o da IDF, permitindo calcular a chuva de projeto de acordo com a demanda do usu\u00e1rio em rela\u00e7\u00e3o \u00e0 dura\u00e7\u00e3o e tempo de retorno.<\/span><\/p>\n<p style=\"text-align: justify\"><span style=\"color: #000000\">A GAM-IDF fornece uma interface web bastante intuitiva e de f\u00e1cil intera\u00e7\u00e3o com o usu\u00e1rio, n\u00e3o requer instala\u00e7\u00e3o e permite a sua utiliza\u00e7\u00e3o em computadores, tablets e smartphones. Para acessar a GAM-IDF clique <a style=\"color: #000000\" href=\"https:\/\/gphidro.shinyapps.io\/gam-idf\/\">aqui<\/a>.<\/span><\/p>\n<p>&nbsp;<\/p>\n<p><span style=\"color: #000000\">Clique <strong><a style=\"color: #000000\" href=\"https:\/\/rpubs.com\/gphidrologia\/gam-idf-users\" target=\"_blank\" rel=\"noopener noreferrer\">aqui<\/a><\/strong> e confira os locais que j\u00e1 utilizaram a GAM-IDF ao redor do mundo!<\/span><\/p>\n","protected":false},"excerpt":{"rendered":"<p>A ferramenta Genetic Algorithm Methodoloy for IDF (GAM-IDF) foi desenvolvida por integrantes do Grupo de Pesquisa em Hidrologia e Modelagem Hidrol\u00f3gica em Bacias Hidrogr\u00e1ficas\/CNPq da Universidade Federal de Pelotas (UFPel), a saber: Jo\u00e3o Pedro de Morais da Silveira, Ma\u00edra Martim de Moura, Marcelle Martins Vargas, Samuel Beskow, Tamara Leitzke Caldeira Beskow e Zandra Almeida da [&hellip;]<\/p>\n","protected":false},"author":570,"featured_media":0,"parent":0,"menu_order":0,"comment_status":"closed","ping_status":"closed","template":"","meta":{"jetpack_post_was_ever_published":false,"footnotes":""},"class_list":["post-1779","page","type-page","status-publish","hentry"],"jetpack_sharing_enabled":true,"jetpack_shortlink":"https:\/\/wp.me\/P6ZlNg-sH","jetpack-related-posts":[],"_links":{"self":[{"href":"https:\/\/wp.ufpel.edu.br\/hidrologiaemodelagemhidrologica\/wp-json\/wp\/v2\/pages\/1779","targetHints":{"allow":["GET"]}}],"collection":[{"href":"https:\/\/wp.ufpel.edu.br\/hidrologiaemodelagemhidrologica\/wp-json\/wp\/v2\/pages"}],"about":[{"href":"https:\/\/wp.ufpel.edu.br\/hidrologiaemodelagemhidrologica\/wp-json\/wp\/v2\/types\/page"}],"author":[{"embeddable":true,"href":"https:\/\/wp.ufpel.edu.br\/hidrologiaemodelagemhidrologica\/wp-json\/wp\/v2\/users\/570"}],"replies":[{"embeddable":true,"href":"https:\/\/wp.ufpel.edu.br\/hidrologiaemodelagemhidrologica\/wp-json\/wp\/v2\/comments?post=1779"}],"version-history":[{"count":10,"href":"https:\/\/wp.ufpel.edu.br\/hidrologiaemodelagemhidrologica\/wp-json\/wp\/v2\/pages\/1779\/revisions"}],"predecessor-version":[{"id":1866,"href":"https:\/\/wp.ufpel.edu.br\/hidrologiaemodelagemhidrologica\/wp-json\/wp\/v2\/pages\/1779\/revisions\/1866"}],"wp:attachment":[{"href":"https:\/\/wp.ufpel.edu.br\/hidrologiaemodelagemhidrologica\/wp-json\/wp\/v2\/media?parent=1779"}],"curies":[{"name":"wp","href":"https:\/\/api.w.org\/{rel}","templated":true}]}}