{"id":1702,"date":"2020-05-13T15:22:27","date_gmt":"2020-05-13T18:22:27","guid":{"rendered":"https:\/\/wp.ufpel.edu.br\/hidrologiaemodelagemhidrologica\/?page_id=1702"},"modified":"2020-05-13T20:21:48","modified_gmt":"2020-05-13T23:21:48","slug":"uso-consciente-e-otimizado-da-agua","status":"publish","type":"page","link":"https:\/\/wp.ufpel.edu.br\/hidrologiaemodelagemhidrologica\/projetos\/extensao\/uso-consciente-e-otimizado-da-agua\/","title":{"rendered":"Uso Consciente e Otimizado da \u00c1gua"},"content":{"rendered":"<p style=\"font-weight: 400;text-align: justify\"><span style=\"color: #000000\">O projeto de extens\u00e3o &#8220;Uso Consciente e Otimizado da \u00c1gua&#8221; \u00e9 coordenado pela Profa. Dra. Danielle Bressiani e possui parceria com a Empresa J\u00fanior Sea Solu\u00e7\u00f5es em Engenharia H\u00eddrica (Sea J\u00fanior).<\/span><\/p>\n<p style=\"font-weight: 400;text-align: justify\"><span style=\"color: #000000\">Atualmente o Rio Grande do Sul est\u00e1 sentindo os efeitos de uma estiagem, com mais de 200 de suas cidades tendo decretado situa\u00e7\u00e3o de emerg\u00eancia devido \u00e0 falta de chuvas (Defesa Civil \u2013 23 de Mar\u00e7o de 2020). O munic\u00edpio de Pelotas tamb\u00e9m enfrenta uma crise h\u00eddrica. As restri\u00e7\u00f5es ao uso de \u00e1gua impostas pelo governo municipal e os recorrentes desafios no abastecimento de \u00e1gua, pelo Servi\u00e7o Aut\u00f4nomo de Saneamento de Pelotas, t\u00eam feito a popula\u00e7\u00e3o sentir os impactos da falta de \u00e1gua.<\/span><\/p>\n<p style=\"font-weight: 400;text-align: justify\"><span style=\"color: #000000\">Nesse sentido, existem algumas alternativas que podem ser adotadas no enfrentamento \u00e0 crise h\u00eddrica, assim como podem servir como medidas de adapta\u00e7\u00e3o para a variabilidade e mudan\u00e7as clim\u00e1ticas. Dentre elas: a conscientiza\u00e7\u00e3o para o uso da \u00e1gua e responsabiliza\u00e7\u00e3o social; a orienta\u00e7\u00e3o para implementa\u00e7\u00e3o de sistemas de reuso ou reciclagem de \u00e1guas; e, a instru\u00e7\u00e3o para ado\u00e7\u00e3o de sistemas de capta\u00e7\u00e3o e aproveitamento de \u00e1guas da chuva.<\/span><\/p>\n<p style=\"font-weight: 400;text-align: justify\"><span style=\"color: #000000\">Dessa forma, o projeto extensionista \u201cUso Consciente e Otimizado da \u00c1gua\u201d configura uma ferramenta importante \u00e0 implementa\u00e7\u00e3o de medidas de adapta\u00e7\u00e3o relacionadas ao uso eficiente da \u00e1gua. Promovendo a populariza\u00e7\u00e3o do conhecimento cient\u00edfico e tecnol\u00f3gico atrav\u00e9s de material informativo digital, oficinas e consultoria para empreendimentos, e a\u00e7\u00f5es de educa\u00e7\u00e3o ambiental em escolas.\u00a0<\/span><\/p>\n","protected":false},"excerpt":{"rendered":"<p>O projeto de extens\u00e3o &#8220;Uso Consciente e Otimizado da \u00c1gua&#8221; \u00e9 coordenado pela Profa. Dra. Danielle Bressiani e possui parceria com a Empresa J\u00fanior Sea Solu\u00e7\u00f5es em Engenharia H\u00eddrica (Sea J\u00fanior). Atualmente o Rio Grande do Sul est\u00e1 sentindo os efeitos de uma estiagem, com mais de 200 de suas cidades tendo decretado situa\u00e7\u00e3o de [&hellip;]<\/p>\n","protected":false},"author":570,"featured_media":0,"parent":1102,"menu_order":0,"comment_status":"closed","ping_status":"closed","template":"","meta":{"jetpack_post_was_ever_published":false,"footnotes":""},"class_list":["post-1702","page","type-page","status-publish","hentry"],"jetpack_sharing_enabled":true,"jetpack_shortlink":"https:\/\/wp.me\/P6ZlNg-rs","jetpack-related-posts":[],"_links":{"self":[{"href":"https:\/\/wp.ufpel.edu.br\/hidrologiaemodelagemhidrologica\/wp-json\/wp\/v2\/pages\/1702","targetHints":{"allow":["GET"]}}],"collection":[{"href":"https:\/\/wp.ufpel.edu.br\/hidrologiaemodelagemhidrologica\/wp-json\/wp\/v2\/pages"}],"about":[{"href":"https:\/\/wp.ufpel.edu.br\/hidrologiaemodelagemhidrologica\/wp-json\/wp\/v2\/types\/page"}],"author":[{"embeddable":true,"href":"https:\/\/wp.ufpel.edu.br\/hidrologiaemodelagemhidrologica\/wp-json\/wp\/v2\/users\/570"}],"replies":[{"embeddable":true,"href":"https:\/\/wp.ufpel.edu.br\/hidrologiaemodelagemhidrologica\/wp-json\/wp\/v2\/comments?post=1702"}],"version-history":[{"count":2,"href":"https:\/\/wp.ufpel.edu.br\/hidrologiaemodelagemhidrologica\/wp-json\/wp\/v2\/pages\/1702\/revisions"}],"predecessor-version":[{"id":1705,"href":"https:\/\/wp.ufpel.edu.br\/hidrologiaemodelagemhidrologica\/wp-json\/wp\/v2\/pages\/1702\/revisions\/1705"}],"up":[{"embeddable":true,"href":"https:\/\/wp.ufpel.edu.br\/hidrologiaemodelagemhidrologica\/wp-json\/wp\/v2\/pages\/1102"}],"wp:attachment":[{"href":"https:\/\/wp.ufpel.edu.br\/hidrologiaemodelagemhidrologica\/wp-json\/wp\/v2\/media?parent=1702"}],"curies":[{"name":"wp","href":"https:\/\/api.w.org\/{rel}","templated":true}]}}