{"id":1698,"date":"2020-05-14T00:54:00","date_gmt":"2020-05-14T03:54:00","guid":{"rendered":"https:\/\/wp.ufpel.edu.br\/hidrologiaemodelagemhidrologica\/?page_id=1698"},"modified":"2020-05-14T00:54:00","modified_gmt":"2020-05-14T03:54:00","slug":"capacitacao-em-hidrologia-de-bacias-hidrograficas-monitoramento-analise-modelagem-e-tomada-de-decisao","status":"publish","type":"page","link":"https:\/\/wp.ufpel.edu.br\/hidrologiaemodelagemhidrologica\/projetos\/extensao\/capacitacao-em-hidrologia-de-bacias-hidrograficas-monitoramento-analise-modelagem-e-tomada-de-decisao\/","title":{"rendered":"Capacita\u00e7\u00e3o em hidrologia de bacias hidrogr\u00e1ficas: monitoramento, an\u00e1lise, modelagem e tomada de decis\u00e3o"},"content":{"rendered":"<p style=\"text-align: justify\"><span style=\"color: #000000\">Na regi\u00e3o sul do Rio Grande do Sul, bem como em outras localidades, observa-se crescente demanda perante \u00e0 disponibilidade de recursos h\u00eddricos, al\u00e9m da oscila\u00e7\u00e3o entres eventos extremos de cheias e secas em curtos per\u00edodos de tempo. Neste contexto, a efici\u00eancia tanto na gest\u00e3o da \u00e1gua quanto no dimensionamento hidrol\u00f3gico para projetos de engenharia \u00e9 de suma import\u00e2ncia, evidenciando a necessidade de capacita\u00e7\u00e3o de recursos humanos envolvidos. Frente ao exposto, o presente projeto tem por objetivo proporcionar a capacita\u00e7\u00e3o de profissionais, estudantes de gradua\u00e7\u00e3o e p\u00f3s-gradua\u00e7\u00e3o e produtores rurais, no que concerne, em uma vis\u00e3o hol\u00edstica, \u00e0 hidrologia para bacias hidrogr\u00e1ficas, compreendendo desde o monitoramento e a an\u00e1lise de dados hidrol\u00f3gicos \u00e0 modelagem e tomada de decis\u00e3o. As a\u00e7\u00f5es principais, a serem desenvolvidas no per\u00edodo de execu\u00e7\u00e3o do projeto, o caracterizam na modalidade &#8220;Cursos Presenciais de Inicia\u00e7\u00e3o&#8221;, isto \u00e9, um conjunto articulado de a\u00e7\u00f5es pedag\u00f3gicas te\u00f3ricas e pr\u00e1ticas, realizadas na presen\u00e7a de ministrantes, e que objetiva oferecer no\u00e7\u00f5es introdut\u00f3rias acerca da tem\u00e1tica. Espera-se que as a\u00e7\u00f5es propostas promovam o aperfei\u00e7oamento t\u00e9cnico-cient\u00edfico e a expans\u00e3o do conhecimento por parte de p\u00fablico alvo e da equipe envolvida.<\/span><\/p>\n","protected":false},"excerpt":{"rendered":"<p>Na regi\u00e3o sul do Rio Grande do Sul, bem como em outras localidades, observa-se crescente demanda perante \u00e0 disponibilidade de recursos h\u00eddricos, al\u00e9m da oscila\u00e7\u00e3o entres eventos extremos de cheias e secas em curtos per\u00edodos de tempo. Neste contexto, a efici\u00eancia tanto na gest\u00e3o da \u00e1gua quanto no dimensionamento hidrol\u00f3gico para projetos de engenharia \u00e9 [&hellip;]<\/p>\n","protected":false},"author":570,"featured_media":0,"parent":1102,"menu_order":0,"comment_status":"closed","ping_status":"closed","template":"","meta":{"jetpack_post_was_ever_published":false,"footnotes":""},"class_list":["post-1698","page","type-page","status-publish","hentry"],"jetpack_sharing_enabled":true,"jetpack_shortlink":"https:\/\/wp.me\/P6ZlNg-ro","jetpack-related-posts":[],"_links":{"self":[{"href":"https:\/\/wp.ufpel.edu.br\/hidrologiaemodelagemhidrologica\/wp-json\/wp\/v2\/pages\/1698","targetHints":{"allow":["GET"]}}],"collection":[{"href":"https:\/\/wp.ufpel.edu.br\/hidrologiaemodelagemhidrologica\/wp-json\/wp\/v2\/pages"}],"about":[{"href":"https:\/\/wp.ufpel.edu.br\/hidrologiaemodelagemhidrologica\/wp-json\/wp\/v2\/types\/page"}],"author":[{"embeddable":true,"href":"https:\/\/wp.ufpel.edu.br\/hidrologiaemodelagemhidrologica\/wp-json\/wp\/v2\/users\/570"}],"replies":[{"embeddable":true,"href":"https:\/\/wp.ufpel.edu.br\/hidrologiaemodelagemhidrologica\/wp-json\/wp\/v2\/comments?post=1698"}],"version-history":[{"count":1,"href":"https:\/\/wp.ufpel.edu.br\/hidrologiaemodelagemhidrologica\/wp-json\/wp\/v2\/pages\/1698\/revisions"}],"predecessor-version":[{"id":1706,"href":"https:\/\/wp.ufpel.edu.br\/hidrologiaemodelagemhidrologica\/wp-json\/wp\/v2\/pages\/1698\/revisions\/1706"}],"up":[{"embeddable":true,"href":"https:\/\/wp.ufpel.edu.br\/hidrologiaemodelagemhidrologica\/wp-json\/wp\/v2\/pages\/1102"}],"wp:attachment":[{"href":"https:\/\/wp.ufpel.edu.br\/hidrologiaemodelagemhidrologica\/wp-json\/wp\/v2\/media?parent=1698"}],"curies":[{"name":"wp","href":"https:\/\/api.w.org\/{rel}","templated":true}]}}