{"id":1668,"date":"2020-04-15T17:33:29","date_gmt":"2020-04-15T20:33:29","guid":{"rendered":"https:\/\/wp.ufpel.edu.br\/hidrologiaemodelagemhidrologica\/?page_id=1668"},"modified":"2020-04-15T17:37:29","modified_gmt":"2020-04-15T20:37:29","slug":"xxi-encontro-de-pos-graduacao-enpos-da-universidade-federal-de-pelotas-2019","status":"publish","type":"page","link":"https:\/\/wp.ufpel.edu.br\/hidrologiaemodelagemhidrologica\/xxi-encontro-de-pos-graduacao-enpos-da-universidade-federal-de-pelotas-2019\/","title":{"rendered":"XXI Encontro de P\u00f3s-Gradua\u00e7\u00e3o (ENPOS) da Universidade Federal de Pelotas &#8211; 2019"},"content":{"rendered":"<p style=\"text-align: justify\"><span style=\"color: #000000\">A aluna de doutorado em Recursos H\u00eddricos e integrante do Grupo de Pesquisa em Hidrologia e Modelagem Hidrol\u00f3gica em Bacias Hidrogr\u00e1ficas, Ma\u00edra Martim de Moura, foi agraciada com a distin\u00e7\u00e3o de trabalho destaque, na \u00e1rea de ENGENHARIAS I, no XXI Encontro de P\u00f3s-Gradua\u00e7\u00e3o (ENPOS) da Universidade Federal de Pelotas, com o trabalho intitulado \u201cAPLICABILIDADE DE PROPOSTAS GEOMORFOL\u00d3GICAS PARA O MODELO DE NASH NA BACIA HIDROGR\u00c1FICA DO RIBEIR\u00c3O JAGUARA-MG\u201d (<a style=\"color: #000000\" href=\"http:\/\/cti.ufpel.edu.br\/siepe\/arquivos\/2019\/EN_01277.pdf\">http:\/\/cti.ufpel.edu.br\/siepe\/arquivos\/2019\/EN_01277.pdf<\/a>). O evento foi realizado entre os dias 21 e 25 de outubro de 2019.<\/span><\/p>\n<p style=\"text-align: justify\"><span style=\"color: #000000\">O trabalho versa sobre a aplicabilidade de modelos geomorfol\u00f3gicos para estimativa de hidrogramas de cheias em uma bacia hidrogr\u00e1fica e \u00e9 parte de um estudo maior, desenvolvido pela aluna ao longo de sua disserta\u00e7\u00e3o de mestrado. O estudo contempla a an\u00e1lise da influ\u00eancia de diferentes fontes e escalas de informa\u00e7\u00e3o do relevo sobre a estimativa de cheias utilizando o Hidrograma Unit\u00e1rio Instant\u00e2neo de Nash. Este estudo foi conduzido em cinco bacias hidrogr\u00e1ficas com caracter\u00edsticas fisiogr\u00e1ficas distintas, sendo tr\u00eas delas sub-bacias da bacia hidrogr\u00e1fica do arroio Pelotas, e as outras duas, localizadas em Minas Gerais.<\/span><\/p>\n<p style=\"text-align: justify\"><span style=\"color: #000000\">O trabalho conta com a orienta\u00e7\u00e3o do professor Samuel Beskow e coorienta\u00e7\u00e3o do professor Fabricio da Silva Terra, al\u00e9m dos coautores Zandra Almeida da Cunha, mestranda mestranda pelo Programa de P\u00f3s-Gradua\u00e7\u00e3o em Recursos H\u00eddricos \u2013 UFPel; Carlos Rog\u00e9rio de Mello, Professor Associado no Departamento de Engenharia\/N\u00facleo de Engenharia de \u00c1gua e Solo da Universidade Federal de Lavras; e Felicio Cassalho, doutorando na George Mason University \u2013 EUA.<\/span><\/p>\n<p>&nbsp;<\/p>\n<p><img data-recalc-dims=\"1\" data-attachment-id=\"1669\" data-permalink=\"https:\/\/wp.ufpel.edu.br\/hidrologiaemodelagemhidrologica\/premiacoesdistincoes\/mair\/\" data-orig-file=\"https:\/\/i0.wp.com\/wp.ufpel.edu.br\/hidrologiaemodelagemhidrologica\/files\/2020\/04\/mair.jpg?fit=960%2C1280&amp;ssl=1\" data-orig-size=\"960,1280\" data-comments-opened=\"0\" data-image-meta=\"{&quot;aperture&quot;:&quot;0&quot;,&quot;credit&quot;:&quot;&quot;,&quot;camera&quot;:&quot;&quot;,&quot;caption&quot;:&quot;&quot;,&quot;created_timestamp&quot;:&quot;0&quot;,&quot;copyright&quot;:&quot;&quot;,&quot;focal_length&quot;:&quot;0&quot;,&quot;iso&quot;:&quot;0&quot;,&quot;shutter_speed&quot;:&quot;0&quot;,&quot;title&quot;:&quot;&quot;,&quot;orientation&quot;:&quot;0&quot;}\" data-image-title=\"mair\" data-image-description=\"\" data-image-caption=\"\" data-medium-file=\"https:\/\/i0.wp.com\/wp.ufpel.edu.br\/hidrologiaemodelagemhidrologica\/files\/2020\/04\/mair.jpg?fit=300%2C400&amp;ssl=1\" data-large-file=\"https:\/\/i0.wp.com\/wp.ufpel.edu.br\/hidrologiaemodelagemhidrologica\/files\/2020\/04\/mair.jpg?fit=768%2C1024&amp;ssl=1\" class=\"alignleft size-full wp-image-1669\" src=\"https:\/\/i0.wp.com\/wp.ufpel.edu.br\/hidrologiaemodelagemhidrologica\/files\/2020\/04\/mair.jpg?resize=960%2C1280&#038;ssl=1\" alt=\"\" width=\"960\" height=\"1280\" srcset=\"https:\/\/i0.wp.com\/wp.ufpel.edu.br\/hidrologiaemodelagemhidrologica\/files\/2020\/04\/mair.jpg?w=960&amp;ssl=1 960w, https:\/\/i0.wp.com\/wp.ufpel.edu.br\/hidrologiaemodelagemhidrologica\/files\/2020\/04\/mair.jpg?resize=300%2C400&amp;ssl=1 300w, https:\/\/i0.wp.com\/wp.ufpel.edu.br\/hidrologiaemodelagemhidrologica\/files\/2020\/04\/mair.jpg?resize=768%2C1024&amp;ssl=1 768w\" sizes=\"(max-width: 960px) 100vw, 960px\" \/><\/p>\n","protected":false},"excerpt":{"rendered":"<p>A aluna de doutorado em Recursos H\u00eddricos e integrante do Grupo de Pesquisa em Hidrologia e Modelagem Hidrol\u00f3gica em Bacias Hidrogr\u00e1ficas, Ma\u00edra Martim de Moura, foi agraciada com a distin\u00e7\u00e3o de trabalho destaque, na \u00e1rea de ENGENHARIAS I, no XXI Encontro de P\u00f3s-Gradua\u00e7\u00e3o (ENPOS) da Universidade Federal de Pelotas, com o trabalho intitulado \u201cAPLICABILIDADE DE [&hellip;]<\/p>\n","protected":false},"author":570,"featured_media":0,"parent":0,"menu_order":0,"comment_status":"closed","ping_status":"closed","template":"","meta":{"jetpack_post_was_ever_published":false,"footnotes":""},"class_list":["post-1668","page","type-page","status-publish","hentry"],"jetpack_sharing_enabled":true,"jetpack_shortlink":"https:\/\/wp.me\/P6ZlNg-qU","jetpack-related-posts":[],"_links":{"self":[{"href":"https:\/\/wp.ufpel.edu.br\/hidrologiaemodelagemhidrologica\/wp-json\/wp\/v2\/pages\/1668","targetHints":{"allow":["GET"]}}],"collection":[{"href":"https:\/\/wp.ufpel.edu.br\/hidrologiaemodelagemhidrologica\/wp-json\/wp\/v2\/pages"}],"about":[{"href":"https:\/\/wp.ufpel.edu.br\/hidrologiaemodelagemhidrologica\/wp-json\/wp\/v2\/types\/page"}],"author":[{"embeddable":true,"href":"https:\/\/wp.ufpel.edu.br\/hidrologiaemodelagemhidrologica\/wp-json\/wp\/v2\/users\/570"}],"replies":[{"embeddable":true,"href":"https:\/\/wp.ufpel.edu.br\/hidrologiaemodelagemhidrologica\/wp-json\/wp\/v2\/comments?post=1668"}],"version-history":[{"count":5,"href":"https:\/\/wp.ufpel.edu.br\/hidrologiaemodelagemhidrologica\/wp-json\/wp\/v2\/pages\/1668\/revisions"}],"predecessor-version":[{"id":1675,"href":"https:\/\/wp.ufpel.edu.br\/hidrologiaemodelagemhidrologica\/wp-json\/wp\/v2\/pages\/1668\/revisions\/1675"}],"wp:attachment":[{"href":"https:\/\/wp.ufpel.edu.br\/hidrologiaemodelagemhidrologica\/wp-json\/wp\/v2\/media?parent=1668"}],"curies":[{"name":"wp","href":"https:\/\/api.w.org\/{rel}","templated":true}]}}