{"id":1485,"date":"2019-09-03T09:47:21","date_gmt":"2019-09-03T12:47:21","guid":{"rendered":"https:\/\/wp.ufpel.edu.br\/hidrologiaemodelagemhidrologica\/?page_id=1485"},"modified":"2019-09-03T09:47:21","modified_gmt":"2019-09-03T12:47:21","slug":"turma-2018-tmhaadh","status":"publish","type":"page","link":"https:\/\/wp.ufpel.edu.br\/hidrologiaemodelagemhidrologica\/turma-2018-tmhaadh\/","title":{"rendered":"Turma 2018 &#8211; TMHAADH"},"content":{"rendered":"<p style=\"text-align: justify\">As inscri\u00e7\u00f5es ocorrer\u00e3o via formul\u00e1rio online do dia 01\/08 ao 13\/08, e o curso ser\u00e1 realizado em duas turmas:<\/p>\n<p style=\"text-align: justify\">1\u00aa Turma: 20\/08 a 24\/08, com dura\u00e7\u00e3o de 20 horas, no turno da noite.<\/p>\n<p style=\"text-align: justify\">2\u00aa Turma: 27\/08 a 31\/08, com dura\u00e7\u00e3o de 20 horas, no turno da noite.<\/p>\n<p>Atividade pr\u00e1tica, na zona rural do munic\u00edpio de Pelotas, ser\u00e1 realizada no dia 01\/09, no turno da manh\u00e3, para as duas turmas.<\/p>\n<p style=\"text-align: justify\">O local e o hor\u00e1rio ser\u00e3o enviados para os selecionados por e-mail ap\u00f3s o per\u00edodo de inscri\u00e7\u00f5es.<\/p>\n<p>Os inscritos que contemplarem as atividades propostas receber\u00e3o certificado emitido pelo Grupo de Pesquisa em Hidrologia e Modelagem Hidrol\u00f3gica em Bacias Hidrogr\u00e1ficas juntamente a Pr\u00f3-Reitoria de Extens\u00e3o e Cultura.<\/p>\n<p style=\"text-align: justify\">Para acessar o formul\u00e1rio e realizar sua inscri\u00e7\u00e3o clique\u00a0<a href=\"https:\/\/goo.gl\/forms\/Gx98CRzqyyvVyTxJ3\">aqui<\/a>.<\/p>\n<p><a href=\"https:\/\/wp.ufpel.edu.br\/hidrologiaemodelagemhidrologica\/files\/2018\/08\/Lista-de-inscritos-selecionados-e-suplentes-para-o-curso-de-T\u00e9cnicas-de-monitoramento-hidrol\u00f3gico-aquisi\u00e7\u00e3o-e-an\u00e1lise-de-dados-hidrol\u00f3gicos.pdf\">Lista de inscritos selecionados e suplentes para o curso de T\u00e9cnicas de monitoramento hidrol\u00f3gico, aquisi\u00e7\u00e3o e an\u00e1lise de dados hidrol\u00f3gicos<\/a><\/p>\n","protected":false},"excerpt":{"rendered":"<p>As inscri\u00e7\u00f5es ocorrer\u00e3o via formul\u00e1rio online do dia 01\/08 ao 13\/08, e o curso ser\u00e1 realizado em duas turmas: 1\u00aa Turma: 20\/08 a 24\/08, com dura\u00e7\u00e3o de 20 horas, no turno da noite. 2\u00aa Turma: 27\/08 a 31\/08, com dura\u00e7\u00e3o de 20 horas, no turno da noite. Atividade pr\u00e1tica, na zona rural do munic\u00edpio de [&hellip;]<\/p>\n","protected":false},"author":570,"featured_media":0,"parent":0,"menu_order":0,"comment_status":"closed","ping_status":"closed","template":"","meta":{"jetpack_post_was_ever_published":false,"footnotes":""},"class_list":["post-1485","page","type-page","status-publish","hentry"],"jetpack_sharing_enabled":true,"jetpack_shortlink":"https:\/\/wp.me\/P6ZlNg-nX","jetpack-related-posts":[],"_links":{"self":[{"href":"https:\/\/wp.ufpel.edu.br\/hidrologiaemodelagemhidrologica\/wp-json\/wp\/v2\/pages\/1485","targetHints":{"allow":["GET"]}}],"collection":[{"href":"https:\/\/wp.ufpel.edu.br\/hidrologiaemodelagemhidrologica\/wp-json\/wp\/v2\/pages"}],"about":[{"href":"https:\/\/wp.ufpel.edu.br\/hidrologiaemodelagemhidrologica\/wp-json\/wp\/v2\/types\/page"}],"author":[{"embeddable":true,"href":"https:\/\/wp.ufpel.edu.br\/hidrologiaemodelagemhidrologica\/wp-json\/wp\/v2\/users\/570"}],"replies":[{"embeddable":true,"href":"https:\/\/wp.ufpel.edu.br\/hidrologiaemodelagemhidrologica\/wp-json\/wp\/v2\/comments?post=1485"}],"version-history":[{"count":1,"href":"https:\/\/wp.ufpel.edu.br\/hidrologiaemodelagemhidrologica\/wp-json\/wp\/v2\/pages\/1485\/revisions"}],"predecessor-version":[{"id":1486,"href":"https:\/\/wp.ufpel.edu.br\/hidrologiaemodelagemhidrologica\/wp-json\/wp\/v2\/pages\/1485\/revisions\/1486"}],"wp:attachment":[{"href":"https:\/\/wp.ufpel.edu.br\/hidrologiaemodelagemhidrologica\/wp-json\/wp\/v2\/media?parent=1485"}],"curies":[{"name":"wp","href":"https:\/\/api.w.org\/{rel}","templated":true}]}}