{"id":1461,"date":"2019-08-30T18:29:38","date_gmt":"2019-08-30T21:29:38","guid":{"rendered":"https:\/\/wp.ufpel.edu.br\/hidrologiaemodelagemhidrologica\/?page_id=1461"},"modified":"2019-08-30T18:45:38","modified_gmt":"2019-08-30T21:45:38","slug":"docentes","status":"publish","type":"page","link":"https:\/\/wp.ufpel.edu.br\/hidrologiaemodelagemhidrologica\/docentes\/","title":{"rendered":"Docentes"},"content":{"rendered":"<p>&nbsp;<\/p>\n<table style=\"height: 2832px;width: 708px\" width=\"708\" cellspacing=\"0\">\n<tbody>\n<tr style=\"height: 160px\">\n<td width=\"130\"><a href=\"https:\/\/i0.wp.com\/wp.ufpel.edu.br\/hidrologiaemodelagemhidrologica\/files\/2015\/10\/samuel.jpg?ssl=1\" target=\"_blank\" rel=\"http:\/\/buscatextual.cnpq.br\/buscatextual\/visualizacv.do?id=k4718560j6 noopener noreferrer\"><img data-recalc-dims=\"1\" src=\"https:\/\/i0.wp.com\/wp.ufpel.edu.br\/hidrologiaemodelagemhidrologica\/files\/2015\/10\/samuel.jpg?resize=105%2C144&#038;ssl=1\" alt=\"samuel\" width=\"105\" height=\"144\" \/><\/a><\/td>\n<td width=\"93\"><a href=\"http:\/\/buscatextual.cnpq.br\/buscatextual\/visualizacv.do?id=K4718560J6\" target=\"_blank\" rel=\"attachment wp-att-715 noopener noreferrer\"><img data-recalc-dims=\"1\" title=\"http:\/\/buscatextual.cnpq.br\/buscatextual\/visualizacv.do?id=K4718560J6\" src=\"https:\/\/i0.wp.com\/wp.ufpel.edu.br\/hidrologiaemodelagemhidrologica\/files\/2015\/10\/curriculo.jpg?resize=73%2C35&#038;ssl=1\" alt=\"http:\/\/buscatextual.cnpq.br\/buscatextual\/visualizacv.do?id=K4718560J6\" width=\"73\" height=\"35\" \/><\/a><\/td>\n<td width=\"485\">\n<p>Samuel Beskow<\/p>\n<p>Professor Adjunto, Centro de Desenvolvimento Tecnol\u00f3gico\/Engenharia H\u00eddrica, Universidade Federal de Pelotas \u2013 UFPel.<\/p>\n<p>Bolsista de Produtividade em Pesquisa 2\/CNPq<\/p>\n<p>&nbsp;<\/td>\n<\/tr>\n<tr style=\"height: 184px\">\n<td width=\"130\"><a href=\"https:\/\/i0.wp.com\/wp.ufpel.edu.br\/hidrologiaemodelagemhidrologica\/files\/2019\/05\/carlos.png?ssl=1\"><img data-recalc-dims=\"1\" src=\"https:\/\/i0.wp.com\/wp.ufpel.edu.br\/hidrologiaemodelagemhidrologica\/files\/2019\/05\/carlos.png?resize=105%2C160&#038;ssl=1\" alt=\"\" width=\"105\" height=\"160\" \/><\/a><\/td>\n<td width=\"93\"><a href=\"http:\/\/buscatextual.cnpq.br\/buscatextual\/visualizacv.do?id=K4796795Z6\" target=\"_blank\" rel=\"http:\/\/buscatextual.cnpq.br\/buscatextual\/visualizacv.do?id=k4796795z6 noopener noreferrer\"><img data-recalc-dims=\"1\" title=\"http:\/\/buscatextual.cnpq.br\/buscatextual\/visualizacv.do?id=K4796795Z6\" src=\"https:\/\/i0.wp.com\/wp.ufpel.edu.br\/hidrologiaemodelagemhidrologica\/files\/2015\/10\/curriculo-1.jpg?resize=71%2C34&#038;ssl=1\" alt=\"http:\/\/buscatextual.cnpq.br\/buscatextual\/visualizacv.do?id=K4796795Z6\" width=\"71\" height=\"34\" \/><\/a><\/td>\n<td width=\"485\">\n<p>Carlos Rog\u00e9rio de Mello<\/p>\n<p>Professor Associado, Departamento de Engenharia\/N\u00facleo de Engenharia de \u00c1gua e Solo, Universidade Federal de Lavras \u2013 UFLA.<\/p>\n<p>Bolsista de Produtividade em Pesquisa 1A\/CNPq<\/td>\n<\/tr>\n<tr style=\"height: 184px\">\n<td style=\"width: 129px;height: 184px\" width=\"130\"><\/td>\n<td style=\"width: 94px;height: 184px\" width=\"93\">\n<p>&nbsp;<\/p>\n<p>&nbsp;<\/p>\n<p>&nbsp;<\/td>\n<td style=\"width: 475px;height: 184px\" width=\"485\">\n<p>Marcelo Ribeiro Viola<\/p>\n<p>Professor Adjunto, Departamento de Engenharia\/N\u00facleo de Engenharia de \u00c1gua e Solo, Universidade Federal de Lavras \u2013 UFLA.<\/p>\n<p><strong>Bolsista de Produtividade em Pesquisa 2\/CNPq<\/strong><\/td>\n<\/tr>\n<tr style=\"height: 184px\">\n<td style=\"width: 129px;height: 184px\" width=\"130\"><\/td>\n<td style=\"width: 94px;height: 184px\" width=\"93\">\n<p>&nbsp;<\/p>\n<p>&nbsp;<\/p>\n<p>&nbsp;<\/p>\n<p>&nbsp;<\/td>\n<td style=\"width: 475px;height: 184px\" width=\"485\">\n<p>Lu\u00eds Carlos Timm<\/p>\n<p>Professor Associado, Departamento de Engenharia Rural, Faculdade de Agronomia Eliseu Maciel, Universidade Federal de Pelotas \u2013 UFPel.<\/p>\n<p><strong>Bolsista de Produtividade em Pesquisa 1C\/CNPq<\/strong><\/td>\n<\/tr>\n<tr style=\"height: 184px\">\n<td style=\"width: 129px;height: 184px\" width=\"130\"><\/td>\n<td style=\"width: 94px;height: 184px\" width=\"93\">\n<p>&nbsp;<\/p>\n<p>&nbsp;<\/p>\n<p>&nbsp;<\/p>\n<p>&nbsp;<\/td>\n<td style=\"width: 475px;height: 184px\" width=\"485\">\n<p>Fabr\u00edcio da Silva Terra<\/p>\n<p>Professor Adjunto, Departamento de Engenharia\/N\u00facleo de Engenharia de \u00c1gua e Solo, Universidade Federal de Lavras \u2013 UFLA.<\/p>\n<p><strong>Bolsista de Produtividade em Pesquisa 2\/CNPq<\/strong><\/td>\n<\/tr>\n<tr style=\"height: 176px\">\n<td style=\"width: 129px;height: 176px\" width=\"130\"><\/td>\n<td style=\"width: 94px;height: 176px\" width=\"93\">\n<p>&nbsp;<\/p>\n<p>&nbsp;<\/p>\n<p>&nbsp;<\/p>\n<p>&nbsp;<\/td>\n<td style=\"width: 475px;height: 176px\" width=\"485\">\n<p>Tamara Leitzke Caldeira<\/p>\n<p>Professora Assistente, Centro de Engenharias (Ceng), Universidade Federal de Pelotas \u2013 UFPel.<\/td>\n<\/tr>\n<tr style=\"height: 176px\">\n<td style=\"width: 129px;height: 176px\" width=\"130\"><\/td>\n<td style=\"width: 94px;height: 176px\" width=\"93\">\n<p>&nbsp;<\/p>\n<p>&nbsp;<\/p>\n<p>&nbsp;<\/p>\n<p>&nbsp;<\/td>\n<td style=\"width: 475px;height: 176px\" width=\"485\">\n<p>Lessandro Coll Faria<\/p>\n<p>Professor Adjunto, Centro de Desenvolvimento Tecnol\u00f3gico\/Engenharia H\u00eddrica, Universidade Federal de Pelotas \u2013 UFPel.<\/td>\n<\/tr>\n<tr style=\"height: 176px\">\n<td style=\"width: 129px;height: 176px\" width=\"130\"><\/td>\n<td style=\"width: 94px;height: 176px\" width=\"93\">\n<p>&nbsp;<\/p>\n<p>&nbsp;<\/p>\n<p>&nbsp;<\/p>\n<p>&nbsp;<\/td>\n<td style=\"width: 475px;height: 176px\" width=\"485\">\n<p>Jo\u00e3o Francisco Carlexo Horn<\/p>\n<p>Professor Adjunto, Deparamento de Engenharia Sanit\u00e1ria e Ambiental, Universidade Federal de Santa Maria \u2013 UFSM.<\/td>\n<\/tr>\n<tr style=\"height: 176px\">\n<td style=\"width: 129px;height: 176px\" width=\"130\"><\/td>\n<td style=\"width: 94px;height: 176px\" width=\"93\">\n<p>&nbsp;<\/p>\n<p>&nbsp;<\/p>\n<p>&nbsp;<\/p>\n<p>&nbsp;<\/td>\n<td style=\"width: 475px;height: 176px\" width=\"485\">\n<p>Hugo Alexandre Soares Guedes<\/p>\n<p>Professor Adjunto, Centro de Engenharias (Ceng), Universidade Federal de Pelotas \u2013 UFPel.<\/td>\n<\/tr>\n<tr style=\"height: 176px\">\n<td style=\"width: 129px;height: 176px\" width=\"130\"><\/td>\n<td style=\"width: 94px;height: 176px\" width=\"93\">\n<p>&nbsp;<\/p>\n<p>&nbsp;<\/p>\n<p>&nbsp;<\/p>\n<p>&nbsp;<\/td>\n<td style=\"width: 475px;height: 176px\" width=\"485\">\n<p>Vitor Emanuel Quevedo Tavares<\/p>\n<p>Professor Titular, Departamento de Engenharia Rural, Faculdade de Agronomia Eliseu Maciel, Universidade Federal de Pelotas \u2013 UFPel.<\/td>\n<\/tr>\n<tr style=\"height: 176px\">\n<td style=\"width: 129px;height: 176px\" width=\"130\"><\/td>\n<td style=\"width: 94px;height: 176px\" width=\"93\">\n<p>&nbsp;<\/p>\n<p>&nbsp;<\/p>\n<p>&nbsp;<\/p>\n<p>&nbsp;<\/td>\n<td style=\"width: 475px;height: 176px\" width=\"485\">\n<p>Andr\u00e9 Becker Nunes<\/p>\n<p>Professor Adjunto, Faculdade de Meteorologia, Universidade Federal de Pelotas \u2013 UFPel.<\/td>\n<\/tr>\n<tr style=\"height: 176px\">\n<td style=\"width: 129px;height: 176px\" width=\"130\"><\/td>\n<td style=\"width: 94px;height: 176px\" width=\"93\">\n<p>&nbsp;<\/p>\n<p>&nbsp;<\/p>\n<p>&nbsp;<\/p>\n<p>&nbsp;<\/td>\n<td style=\"width: 475px;height: 176px\" width=\"485\">\n<p>Gilberto Coelho<\/p>\n<p>Professor Adjunto, Departamento de Engenharia\/N\u00facleo de Engenharia de \u00c1gua e Solo, Universidade Federal de Lavras \u2013 UFLA.<\/td>\n<\/tr>\n<tr style=\"height: 176px\">\n<td style=\"width: 129px;height: 176px\" width=\"130\"><\/td>\n<td style=\"width: 94px;height: 176px\" width=\"93\">\n<p>&nbsp;<\/p>\n<p>&nbsp;<\/p>\n<p>&nbsp;<\/p>\n<p>&nbsp;<\/td>\n<td style=\"width: 475px;height: 176px\" width=\"485\">\n<p>Matheus Fonseca Dur\u00e3es<\/p>\n<p>Professor Adjunto, Departamento de Solos e Engenharia Agr\u00edcola, Universidade Federal do Paran\u00e1 \u2013 UFPR.<\/td>\n<\/tr>\n<tr style=\"height: 176px\">\n<td style=\"width: 129px;height: 176px\" width=\"130\"><\/td>\n<td style=\"width: 94px;height: 176px\" width=\"93\">\n<p>&nbsp;<\/p>\n<p>&nbsp;<\/p>\n<p>&nbsp;<\/p>\n<p>&nbsp;<\/td>\n<td style=\"width: 475px;height: 176px\" width=\"485\">\n<p>Douglas Rodrigo Kaiser<\/p>\n<p>Professor Adjunto, Universidade Federal da Fronteira Sul \u2013 UFFS.<\/td>\n<\/tr>\n<tr style=\"height: 176px\">\n<td style=\"width: 129px;height: 176px\" width=\"130\"><\/td>\n<td style=\"width: 94px;height: 176px\" width=\"93\">\n<p>&nbsp;<\/p>\n<p>&nbsp;<\/p>\n<p>&nbsp;<\/p>\n<p>&nbsp;<\/td>\n<td style=\"width: 475px;height: 176px\" width=\"485\">\n<p>Adilson Lu\u00eds Bamberg<\/p>\n<p>Membro de comit\u00ea assessor, Enquadramento Funcional, Pesquisador da Empresa Brasileira de Pesquisa Agropecu\u00e1ria Embrapa \u2013 Clima Temperado.<\/td>\n<\/tr>\n<tr style=\"height: 176px\">\n<td style=\"width: 129px;height: 176px\" width=\"130\"><\/td>\n<td style=\"width: 94px;height: 176px\" width=\"93\">\n<p>&nbsp;<\/p>\n<p>&nbsp;<\/p>\n<p>&nbsp;<\/p>\n<p>&nbsp;<\/td>\n<td style=\"width: 475px;height: 176px\" width=\"485\">\n<p>Reginaldo Galski Bonczynski<\/p>\n<p>T\u00e9cnico em Hidrologia (Eng. H\u00eddrica e PPG Recursos H\u00eddricos)<\/p>\n<p>&nbsp;<\/td>\n<\/tr>\n<\/tbody>\n<\/table>\n<p>&nbsp;<\/p>\n","protected":false},"excerpt":{"rendered":"<p>&nbsp; Samuel Beskow Professor Adjunto, Centro de Desenvolvimento Tecnol\u00f3gico\/Engenharia H\u00eddrica, Universidade Federal de Pelotas \u2013 UFPel. Bolsista de Produtividade em Pesquisa 2\/CNPq &nbsp; Carlos Rog\u00e9rio de Mello Professor Associado, Departamento de Engenharia\/N\u00facleo de Engenharia de \u00c1gua e Solo, Universidade Federal de Lavras \u2013 UFLA. Bolsista de Produtividade em Pesquisa 1A\/CNPq &nbsp; &nbsp; &nbsp; Marcelo Ribeiro [&hellip;]<\/p>\n","protected":false},"author":570,"featured_media":0,"parent":0,"menu_order":0,"comment_status":"closed","ping_status":"closed","template":"","meta":{"jetpack_post_was_ever_published":false,"footnotes":""},"class_list":["post-1461","page","type-page","status-publish","hentry"],"jetpack_sharing_enabled":true,"jetpack_shortlink":"https:\/\/wp.me\/P6ZlNg-nz","jetpack-related-posts":[],"_links":{"self":[{"href":"https:\/\/wp.ufpel.edu.br\/hidrologiaemodelagemhidrologica\/wp-json\/wp\/v2\/pages\/1461","targetHints":{"allow":["GET"]}}],"collection":[{"href":"https:\/\/wp.ufpel.edu.br\/hidrologiaemodelagemhidrologica\/wp-json\/wp\/v2\/pages"}],"about":[{"href":"https:\/\/wp.ufpel.edu.br\/hidrologiaemodelagemhidrologica\/wp-json\/wp\/v2\/types\/page"}],"author":[{"embeddable":true,"href":"https:\/\/wp.ufpel.edu.br\/hidrologiaemodelagemhidrologica\/wp-json\/wp\/v2\/users\/570"}],"replies":[{"embeddable":true,"href":"https:\/\/wp.ufpel.edu.br\/hidrologiaemodelagemhidrologica\/wp-json\/wp\/v2\/comments?post=1461"}],"version-history":[{"count":11,"href":"https:\/\/wp.ufpel.edu.br\/hidrologiaemodelagemhidrologica\/wp-json\/wp\/v2\/pages\/1461\/revisions"}],"predecessor-version":[{"id":1472,"href":"https:\/\/wp.ufpel.edu.br\/hidrologiaemodelagemhidrologica\/wp-json\/wp\/v2\/pages\/1461\/revisions\/1472"}],"wp:attachment":[{"href":"https:\/\/wp.ufpel.edu.br\/hidrologiaemodelagemhidrologica\/wp-json\/wp\/v2\/media?parent=1461"}],"curies":[{"name":"wp","href":"https:\/\/api.w.org\/{rel}","templated":true}]}}