{"id":1423,"date":"2019-08-27T16:36:45","date_gmt":"2019-08-27T19:36:45","guid":{"rendered":"https:\/\/wp.ufpel.edu.br\/hidrologiaemodelagemhidrologica\/?page_id=1423"},"modified":"2020-05-23T23:16:28","modified_gmt":"2020-05-24T02:16:28","slug":"former","status":"publish","type":"page","link":"https:\/\/wp.ufpel.edu.br\/hidrologiaemodelagemhidrologica\/team\/former\/","title":{"rendered":"Former Members"},"content":{"rendered":"<ol>\n<li><span style=\"color: #000000\">Postgraduate<\/span><\/li>\n<\/ol>\n<p><span style=\"color: #000000\">Leandro Sanzi Aquino (Postraduate Program in Agronomy)<\/span><\/p>\n<p><span style=\"color: #000000\">Gabriela Schiavon Nunes (Postraduate Program in Water Resources)<\/span><\/p>\n<p><span style=\"color: #000000\">L\u00e9o Fernandes \u00c1vila (Post Doctoral)<\/span><\/p>\n<p>&nbsp;<\/p>\n<p><span style=\"color: #000000\">2. Graduate<\/span><\/p>\n<p><span style=\"color: #000000\">Aryane Ara\u00fajo Rodrigues (Water Engineering\/UFPel)<\/span><\/p>\n<p><span style=\"color: #000000\">Bruna Moreira Sell (Water Engineering\/UFPel)<\/span><\/p>\n<p><span style=\"color: #000000\">Daiana Nieswald Minks (Water Engineering\/UFPel)<\/span><\/p>\n<p><span style=\"color: #000000\">Diego Sebastian Ricci Morteo (Water Engineering\/UFPel)<\/span><\/p>\n<p><span style=\"color: #000000\">Edison Hund (Computer Science\/UFPel)<\/span><\/p>\n<p><span style=\"color: #000000\">Eduardo de Lima Corr\u00eaa (Computer Science\/UFPel)<\/span><\/p>\n<p><span style=\"color: #000000\">Everton Luz (Water Engineering\/UFPel)<\/span><\/p>\n<p><span style=\"color: #000000\">Gilvan Ritter (Computer Science\/UFPel)<\/span><\/p>\n<p><span style=\"color: #000000\">Laura Kestner (Water Engineering\/UFPel)<\/span><\/p>\n<p><span style=\"color: #000000\">Leonardo de Lima Corr\u00eaa (Computer Science\/UFPel)<\/span><\/p>\n<p><span style=\"color: #000000\">Leonardo Rodrigues (Computer Science\/UFPel)<\/span><\/p>\n<p><span style=\"color: #000000\">Marlon Mahl (Computer Science\/UFPel)<\/span><\/p>\n<p><span style=\"color: #000000\">Matheus Chagas Sim\u00f5es (Water Engineering\/UFPel)<\/span><\/p>\n<p><span style=\"color: #000000\">Mayara Roberta de Souza (Water Engineering\/UFPel)<\/span><\/p>\n<p><span style=\"color: #000000\">Michaela B\u00e1rbara Neto (Water Engineering\/UFPel)<\/span><\/p>\n<p><span style=\"color: #000000\">Mikael Poetsch (Computer Science\/UFPel)<\/span><\/p>\n<p><span style=\"color: #000000\">Nath\u00e1lia da Silva Chites (Water Engineering\/UFPel)<\/span><\/p>\n<p><span style=\"color: #000000\">Rafael Rutz dos Santos (Computer Engineering\/UFPel)<\/span><\/p>\n<p><span style=\"color: #000000\">Rodolfo Caringi Majer (Water Engineering\/UFPel)<\/span><\/p>\n<p><span style=\"color: #000000\">T\u00falio Oliveira (Civil Engineering\/UFPel)<\/span><\/p>\n<p><span style=\"color: #000000\">Wendell Antunes da Silva (Agronomy\/UFPel)<\/span><\/p>\n","protected":false},"excerpt":{"rendered":"<p>Postgraduate Leandro Sanzi Aquino (Postraduate Program in Agronomy) Gabriela Schiavon Nunes (Postraduate Program in Water Resources) L\u00e9o Fernandes \u00c1vila (Post Doctoral) &nbsp; 2. Graduate Aryane Ara\u00fajo Rodrigues (Water Engineering\/UFPel) Bruna Moreira Sell (Water Engineering\/UFPel) Daiana Nieswald Minks (Water Engineering\/UFPel) Diego Sebastian Ricci Morteo (Water Engineering\/UFPel) Edison Hund (Computer Science\/UFPel) Eduardo de Lima Corr\u00eaa (Computer Science\/UFPel) [&hellip;]<\/p>\n","protected":false},"author":570,"featured_media":0,"parent":1419,"menu_order":0,"comment_status":"closed","ping_status":"closed","template":"","meta":{"jetpack_post_was_ever_published":false,"footnotes":""},"class_list":["post-1423","page","type-page","status-publish","hentry"],"jetpack_sharing_enabled":true,"jetpack_shortlink":"https:\/\/wp.me\/P6ZlNg-mX","jetpack-related-posts":[],"_links":{"self":[{"href":"https:\/\/wp.ufpel.edu.br\/hidrologiaemodelagemhidrologica\/wp-json\/wp\/v2\/pages\/1423","targetHints":{"allow":["GET"]}}],"collection":[{"href":"https:\/\/wp.ufpel.edu.br\/hidrologiaemodelagemhidrologica\/wp-json\/wp\/v2\/pages"}],"about":[{"href":"https:\/\/wp.ufpel.edu.br\/hidrologiaemodelagemhidrologica\/wp-json\/wp\/v2\/types\/page"}],"author":[{"embeddable":true,"href":"https:\/\/wp.ufpel.edu.br\/hidrologiaemodelagemhidrologica\/wp-json\/wp\/v2\/users\/570"}],"replies":[{"embeddable":true,"href":"https:\/\/wp.ufpel.edu.br\/hidrologiaemodelagemhidrologica\/wp-json\/wp\/v2\/comments?post=1423"}],"version-history":[{"count":5,"href":"https:\/\/wp.ufpel.edu.br\/hidrologiaemodelagemhidrologica\/wp-json\/wp\/v2\/pages\/1423\/revisions"}],"predecessor-version":[{"id":1727,"href":"https:\/\/wp.ufpel.edu.br\/hidrologiaemodelagemhidrologica\/wp-json\/wp\/v2\/pages\/1423\/revisions\/1727"}],"up":[{"embeddable":true,"href":"https:\/\/wp.ufpel.edu.br\/hidrologiaemodelagemhidrologica\/wp-json\/wp\/v2\/pages\/1419"}],"wp:attachment":[{"href":"https:\/\/wp.ufpel.edu.br\/hidrologiaemodelagemhidrologica\/wp-json\/wp\/v2\/media?parent=1423"}],"curies":[{"name":"wp","href":"https:\/\/api.w.org\/{rel}","templated":true}]}}