{"id":1341,"date":"2019-05-13T11:44:25","date_gmt":"2019-05-13T14:44:25","guid":{"rendered":"https:\/\/wp.ufpel.edu.br\/hidrologiaemodelagemhidrologica\/?page_id=1341"},"modified":"2019-05-13T12:59:53","modified_gmt":"2019-05-13T15:59:53","slug":"turma-2-ciclo-hidrologico-e-bacias-hidrograficas","status":"publish","type":"page","link":"https:\/\/wp.ufpel.edu.br\/hidrologiaemodelagemhidrologica\/turma-2-ciclo-hidrologico-e-bacias-hidrograficas\/","title":{"rendered":"Turma 2 &#8211; Ciclo Hidrol\u00f3gico e Bacias Hidrogr\u00e1ficas"},"content":{"rendered":"<p>As inscri\u00e7\u00f5es ocorrer\u00e3o via formul\u00e1rio do dia 13\/05 ao 22\/05, e o curso ser\u00e1 realizado nos dias 27\/05 a 30\/05, com dura\u00e7\u00e3o de 10 horas, no turno da noite. O local e o hor\u00e1rio ser\u00e3o enviados para os selecionados por e-mail ap\u00f3s o per\u00edodo de inscri\u00e7\u00f5es.<\/p>\n<p>&nbsp;<\/p>\n<p>Para acessar o formul\u00e1rio e realizar sua inscri\u00e7\u00e3o clique <a href=\"https:\/\/forms.gle\/TPNrFZvNjH3kavPJ7\" target=\"_blank\" rel=\"noopener noreferrer\">aqui<\/a>.<\/p>\n","protected":false},"excerpt":{"rendered":"<p>As inscri\u00e7\u00f5es ocorrer\u00e3o via formul\u00e1rio do dia 13\/05 ao 22\/05, e o curso ser\u00e1 realizado nos dias 27\/05 a 30\/05, com dura\u00e7\u00e3o de 10 horas, no turno da noite. O local e o hor\u00e1rio ser\u00e3o enviados para os selecionados por e-mail ap\u00f3s o per\u00edodo de inscri\u00e7\u00f5es. &nbsp; Para acessar o formul\u00e1rio e realizar sua inscri\u00e7\u00e3o [&hellip;]<\/p>\n","protected":false},"author":570,"featured_media":0,"parent":0,"menu_order":0,"comment_status":"closed","ping_status":"closed","template":"","meta":{"jetpack_post_was_ever_published":false,"footnotes":""},"class_list":["post-1341","page","type-page","status-publish","hentry"],"jetpack_sharing_enabled":true,"jetpack_shortlink":"https:\/\/wp.me\/P6ZlNg-lD","jetpack-related-posts":[],"_links":{"self":[{"href":"https:\/\/wp.ufpel.edu.br\/hidrologiaemodelagemhidrologica\/wp-json\/wp\/v2\/pages\/1341","targetHints":{"allow":["GET"]}}],"collection":[{"href":"https:\/\/wp.ufpel.edu.br\/hidrologiaemodelagemhidrologica\/wp-json\/wp\/v2\/pages"}],"about":[{"href":"https:\/\/wp.ufpel.edu.br\/hidrologiaemodelagemhidrologica\/wp-json\/wp\/v2\/types\/page"}],"author":[{"embeddable":true,"href":"https:\/\/wp.ufpel.edu.br\/hidrologiaemodelagemhidrologica\/wp-json\/wp\/v2\/users\/570"}],"replies":[{"embeddable":true,"href":"https:\/\/wp.ufpel.edu.br\/hidrologiaemodelagemhidrologica\/wp-json\/wp\/v2\/comments?post=1341"}],"version-history":[{"count":3,"href":"https:\/\/wp.ufpel.edu.br\/hidrologiaemodelagemhidrologica\/wp-json\/wp\/v2\/pages\/1341\/revisions"}],"predecessor-version":[{"id":1345,"href":"https:\/\/wp.ufpel.edu.br\/hidrologiaemodelagemhidrologica\/wp-json\/wp\/v2\/pages\/1341\/revisions\/1345"}],"wp:attachment":[{"href":"https:\/\/wp.ufpel.edu.br\/hidrologiaemodelagemhidrologica\/wp-json\/wp\/v2\/media?parent=1341"}],"curies":[{"name":"wp","href":"https:\/\/api.w.org\/{rel}","templated":true}]}}