{"id":1338,"date":"2019-05-13T11:41:25","date_gmt":"2019-05-13T14:41:25","guid":{"rendered":"https:\/\/wp.ufpel.edu.br\/hidrologiaemodelagemhidrologica\/?page_id=1338"},"modified":"2019-05-13T11:41:25","modified_gmt":"2019-05-13T14:41:25","slug":"turma-1-ciclo-hidrologico-e-bacias-hidrograficas","status":"publish","type":"page","link":"https:\/\/wp.ufpel.edu.br\/hidrologiaemodelagemhidrologica\/turma-1-ciclo-hidrologico-e-bacias-hidrograficas\/","title":{"rendered":"Turma 1 &#8211; Ciclo Hidrol\u00f3gico e Bacias Hidrogr\u00e1ficas"},"content":{"rendered":"<p>As inscri\u00e7\u00f5es ocorrer\u00e3o via formul\u00e1rio do dia 07\/05 ao 01\/06, e o curso ser\u00e1 realizado nos dias 05, 06 e 07\/06, com dura\u00e7\u00e3o de 10 horas, no turno da noite. O local e o hor\u00e1rio ser\u00e3o enviados para os selecionados por e-mail ap\u00f3s o per\u00edodo de inscri\u00e7\u00f5es.<\/p>\n<p>&nbsp;<\/p>\n<p>Para acessar o formul\u00e1rio e realizar sua inscri\u00e7\u00e3o clique <a href=\"https:\/\/goo.gl\/forms\/uf2X0Yk1uhZo9Sh02\" target=\"_blank\" rel=\"noopener noreferrer\">aqui<\/a>.<\/p>\n<p><a href=\"https:\/\/wp.ufpel.edu.br\/hidrologiaemodelagemhidrologica\/files\/2018\/05\/Lista-de-inscritos-selecionados-e-suplentes-para-o-curso-de-Ciclo-Hidrol\u00f3gico-e-Bacias-Hidrogr\u00e1ficas-1.pdf\">Lista de inscritos selecionados e suplentes para o curso de Ciclo Hidrol\u00f3gico e Bacias Hidrogr\u00e1ficas<\/a><\/p>\n<p><a href=\"https:\/\/wp.ufpel.edu.br\/hidrologiaemodelagemhidrologica\/files\/2018\/05\/Conte\u00fado-Program\u00e1tico-curso-Ciclo-Hidrol\u00f3gico-e-Bacias-Hidrogr\u00e1ficas-1.pdf\">Conte\u00fado Program\u00e1tico curso Ciclo Hidrol\u00f3gico e Bacias Hidrogr\u00e1ficas<\/a><\/p>\n","protected":false},"excerpt":{"rendered":"<p>As inscri\u00e7\u00f5es ocorrer\u00e3o via formul\u00e1rio do dia 07\/05 ao 01\/06, e o curso ser\u00e1 realizado nos dias 05, 06 e 07\/06, com dura\u00e7\u00e3o de 10 horas, no turno da noite. O local e o hor\u00e1rio ser\u00e3o enviados para os selecionados por e-mail ap\u00f3s o per\u00edodo de inscri\u00e7\u00f5es. &nbsp; Para acessar o formul\u00e1rio e realizar sua [&hellip;]<\/p>\n","protected":false},"author":570,"featured_media":0,"parent":0,"menu_order":0,"comment_status":"closed","ping_status":"closed","template":"","meta":{"jetpack_post_was_ever_published":false,"footnotes":""},"class_list":["post-1338","page","type-page","status-publish","hentry"],"jetpack_sharing_enabled":true,"jetpack_shortlink":"https:\/\/wp.me\/P6ZlNg-lA","jetpack-related-posts":[],"_links":{"self":[{"href":"https:\/\/wp.ufpel.edu.br\/hidrologiaemodelagemhidrologica\/wp-json\/wp\/v2\/pages\/1338","targetHints":{"allow":["GET"]}}],"collection":[{"href":"https:\/\/wp.ufpel.edu.br\/hidrologiaemodelagemhidrologica\/wp-json\/wp\/v2\/pages"}],"about":[{"href":"https:\/\/wp.ufpel.edu.br\/hidrologiaemodelagemhidrologica\/wp-json\/wp\/v2\/types\/page"}],"author":[{"embeddable":true,"href":"https:\/\/wp.ufpel.edu.br\/hidrologiaemodelagemhidrologica\/wp-json\/wp\/v2\/users\/570"}],"replies":[{"embeddable":true,"href":"https:\/\/wp.ufpel.edu.br\/hidrologiaemodelagemhidrologica\/wp-json\/wp\/v2\/comments?post=1338"}],"version-history":[{"count":1,"href":"https:\/\/wp.ufpel.edu.br\/hidrologiaemodelagemhidrologica\/wp-json\/wp\/v2\/pages\/1338\/revisions"}],"predecessor-version":[{"id":1339,"href":"https:\/\/wp.ufpel.edu.br\/hidrologiaemodelagemhidrologica\/wp-json\/wp\/v2\/pages\/1338\/revisions\/1339"}],"wp:attachment":[{"href":"https:\/\/wp.ufpel.edu.br\/hidrologiaemodelagemhidrologica\/wp-json\/wp\/v2\/media?parent=1338"}],"curies":[{"name":"wp","href":"https:\/\/api.w.org\/{rel}","templated":true}]}}