{"id":1242,"date":"2018-10-16T14:53:10","date_gmt":"2018-10-16T17:53:10","guid":{"rendered":"https:\/\/wp.ufpel.edu.br\/hidrologiaemodelagemhidrologica\/?page_id=1242"},"modified":"2018-10-31T16:58:07","modified_gmt":"2018-10-31T19:58:07","slug":"acao3","status":"publish","type":"page","link":"https:\/\/wp.ufpel.edu.br\/hidrologiaemodelagemhidrologica\/projetos\/extensao\/acao3\/","title":{"rendered":"Curso de SIG aplicado \u00e0 caracteriza\u00e7\u00e3o de bacias hidrogr\u00e1ficas"},"content":{"rendered":"<p style=\"text-align: justify\">A\u00e7\u00e3o 3 &#8211;\u00a0SIG aplicado \u00e0 caracteriza\u00e7\u00e3o de bacias hidrogr\u00e1ficas<\/p>\n<p style=\"text-align: justify\">Este curso objetiva capacitar profissionais e estudantes de gradua\u00e7\u00e3o e p\u00f3s-gradua\u00e7\u00e3o para delimita\u00e7\u00e3o e caracteriza\u00e7\u00e3o de bacias hidrogr\u00e1ficas em ambiente de Sistemas de Informa\u00e7\u00f5es Geogr\u00e1ficas.<\/p>\n<p style=\"text-align: justify\">As inscri\u00e7\u00f5es ocorrer\u00e3o via formul\u00e1rio do dia 16 ao 29\/10, e o curso ser\u00e1 realizado nos dias 06, 07 e 08\/10, com dura\u00e7\u00e3o de 10 horas, no turno da noite. O local e o hor\u00e1rio ser\u00e3o enviados para os selecionados por e-mail ap\u00f3s o per\u00edodo de inscri\u00e7\u00f5es.<\/p>\n<p style=\"text-align: justify\">Os inscritos que contemplarem as atividades propostas receber\u00e3o certificado emitido pelo Grupo de Pesquisa em Hidrologia e Modelagem Hidrol\u00f3gica em Bacias Hidrogr\u00e1ficas juntamente a Pr\u00f3-Reitoria de Extens\u00e3o e Cultura.<\/p>\n<p style=\"text-align: justify\">Para acessar o formul\u00e1rio e realizar sua inscri\u00e7\u00e3o clique <a href=\"https:\/\/goo.gl\/forms\/O8oU61Q9qBplBKhA3\">aqui<\/a>.<\/p>\n<p><a href=\"https:\/\/wp.ufpel.edu.br\/hidrologiaemodelagemhidrologica\/files\/2018\/10\/Lista-de-inscritos-selecionados-e-suplentes-para-o-curso-SIG-aplicado-\u00e0-caracteriza\u00e7\u00e3o-de-bacias-hidrogr\u00e1ficas.pdf\">Lista de inscritos selecionados e suplentes para o curso SIG aplicado \u00e0 caracteriza\u00e7\u00e3o de bacias hidrogr\u00e1ficas<\/a><\/p>\n","protected":false},"excerpt":{"rendered":"<p>A\u00e7\u00e3o 3 &#8211;\u00a0SIG aplicado \u00e0 caracteriza\u00e7\u00e3o de bacias hidrogr\u00e1ficas Este curso objetiva capacitar profissionais e estudantes de gradua\u00e7\u00e3o e p\u00f3s-gradua\u00e7\u00e3o para delimita\u00e7\u00e3o e caracteriza\u00e7\u00e3o de bacias hidrogr\u00e1ficas em ambiente de Sistemas de Informa\u00e7\u00f5es Geogr\u00e1ficas. As inscri\u00e7\u00f5es ocorrer\u00e3o via formul\u00e1rio do dia 16 ao 29\/10, e o curso ser\u00e1 realizado nos dias 06, 07 e 08\/10, [&hellip;]<\/p>\n","protected":false},"author":570,"featured_media":0,"parent":1102,"menu_order":0,"comment_status":"closed","ping_status":"closed","template":"","meta":{"jetpack_post_was_ever_published":false,"footnotes":""},"class_list":["post-1242","page","type-page","status-publish","hentry"],"jetpack_sharing_enabled":true,"jetpack_shortlink":"https:\/\/wp.me\/P6ZlNg-k2","jetpack-related-posts":[],"_links":{"self":[{"href":"https:\/\/wp.ufpel.edu.br\/hidrologiaemodelagemhidrologica\/wp-json\/wp\/v2\/pages\/1242","targetHints":{"allow":["GET"]}}],"collection":[{"href":"https:\/\/wp.ufpel.edu.br\/hidrologiaemodelagemhidrologica\/wp-json\/wp\/v2\/pages"}],"about":[{"href":"https:\/\/wp.ufpel.edu.br\/hidrologiaemodelagemhidrologica\/wp-json\/wp\/v2\/types\/page"}],"author":[{"embeddable":true,"href":"https:\/\/wp.ufpel.edu.br\/hidrologiaemodelagemhidrologica\/wp-json\/wp\/v2\/users\/570"}],"replies":[{"embeddable":true,"href":"https:\/\/wp.ufpel.edu.br\/hidrologiaemodelagemhidrologica\/wp-json\/wp\/v2\/comments?post=1242"}],"version-history":[{"count":4,"href":"https:\/\/wp.ufpel.edu.br\/hidrologiaemodelagemhidrologica\/wp-json\/wp\/v2\/pages\/1242\/revisions"}],"predecessor-version":[{"id":1256,"href":"https:\/\/wp.ufpel.edu.br\/hidrologiaemodelagemhidrologica\/wp-json\/wp\/v2\/pages\/1242\/revisions\/1256"}],"up":[{"embeddable":true,"href":"https:\/\/wp.ufpel.edu.br\/hidrologiaemodelagemhidrologica\/wp-json\/wp\/v2\/pages\/1102"}],"wp:attachment":[{"href":"https:\/\/wp.ufpel.edu.br\/hidrologiaemodelagemhidrologica\/wp-json\/wp\/v2\/media?parent=1242"}],"curies":[{"name":"wp","href":"https:\/\/api.w.org\/{rel}","templated":true}]}}