{"id":1217,"date":"2018-07-20T11:01:02","date_gmt":"2018-07-20T14:01:02","guid":{"rendered":"https:\/\/wp.ufpel.edu.br\/hidrologiaemodelagemhidrologica\/?page_id=1217"},"modified":"2019-09-03T09:52:26","modified_gmt":"2019-09-03T12:52:26","slug":"acao2","status":"publish","type":"page","link":"https:\/\/wp.ufpel.edu.br\/hidrologiaemodelagemhidrologica\/projetos\/extensao\/acao2\/","title":{"rendered":"Curso de T\u00e9cnicas de monitoramento hidrol\u00f3gico, aquisi\u00e7\u00e3o e an\u00e1lise de dados hidrol\u00f3gicos"},"content":{"rendered":"<p>A\u00e7\u00e3o 2 &#8211;\u00a0T\u00e9cnicas de monitoramento hidrol\u00f3gico, aquisi\u00e7\u00e3o e an\u00e1lise de dados hidrol\u00f3gicos<\/p>\n<p>Este curso tem por objetivo capacitar profissionais e estudantes de gradua\u00e7\u00e3o e p\u00f3s-gradua\u00e7\u00e3o no tocante ao monitoramento de vari\u00e1veis hidrol\u00f3gicas, aquisi\u00e7\u00e3o e an\u00e1lise de dados observados.<\/p>\n<p><a href=\"https:\/\/wp.ufpel.edu.br\/hidrologiaemodelagemhidrologica\/turma-2018-tmhaadh\/\" target=\"_blank\" rel=\"noopener noreferrer\">Turma 2018<\/a><\/p>\n<p><a href=\"https:\/\/wp.ufpel.edu.br\/hidrologiaemodelagemhidrologica\/turma-2019-tmhaadh\/\" target=\"_blank\" rel=\"noopener noreferrer\">Turma 2019<\/a> (Novo!)<\/p>\n","protected":false},"excerpt":{"rendered":"<p>A\u00e7\u00e3o 2 &#8211;\u00a0T\u00e9cnicas de monitoramento hidrol\u00f3gico, aquisi\u00e7\u00e3o e an\u00e1lise de dados hidrol\u00f3gicos Este curso tem por objetivo capacitar profissionais e estudantes de gradua\u00e7\u00e3o e p\u00f3s-gradua\u00e7\u00e3o no tocante ao monitoramento de vari\u00e1veis hidrol\u00f3gicas, aquisi\u00e7\u00e3o e an\u00e1lise de dados observados. Turma 2018 Turma 2019 (Novo!)<\/p>\n","protected":false},"author":570,"featured_media":0,"parent":1102,"menu_order":0,"comment_status":"closed","ping_status":"closed","template":"","meta":{"jetpack_post_was_ever_published":false,"footnotes":""},"class_list":["post-1217","page","type-page","status-publish","hentry"],"jetpack_sharing_enabled":true,"jetpack_shortlink":"https:\/\/wp.me\/P6ZlNg-jD","jetpack-related-posts":[],"_links":{"self":[{"href":"https:\/\/wp.ufpel.edu.br\/hidrologiaemodelagemhidrologica\/wp-json\/wp\/v2\/pages\/1217","targetHints":{"allow":["GET"]}}],"collection":[{"href":"https:\/\/wp.ufpel.edu.br\/hidrologiaemodelagemhidrologica\/wp-json\/wp\/v2\/pages"}],"about":[{"href":"https:\/\/wp.ufpel.edu.br\/hidrologiaemodelagemhidrologica\/wp-json\/wp\/v2\/types\/page"}],"author":[{"embeddable":true,"href":"https:\/\/wp.ufpel.edu.br\/hidrologiaemodelagemhidrologica\/wp-json\/wp\/v2\/users\/570"}],"replies":[{"embeddable":true,"href":"https:\/\/wp.ufpel.edu.br\/hidrologiaemodelagemhidrologica\/wp-json\/wp\/v2\/comments?post=1217"}],"version-history":[{"count":5,"href":"https:\/\/wp.ufpel.edu.br\/hidrologiaemodelagemhidrologica\/wp-json\/wp\/v2\/pages\/1217\/revisions"}],"predecessor-version":[{"id":1489,"href":"https:\/\/wp.ufpel.edu.br\/hidrologiaemodelagemhidrologica\/wp-json\/wp\/v2\/pages\/1217\/revisions\/1489"}],"up":[{"embeddable":true,"href":"https:\/\/wp.ufpel.edu.br\/hidrologiaemodelagemhidrologica\/wp-json\/wp\/v2\/pages\/1102"}],"wp:attachment":[{"href":"https:\/\/wp.ufpel.edu.br\/hidrologiaemodelagemhidrologica\/wp-json\/wp\/v2\/media?parent=1217"}],"curies":[{"name":"wp","href":"https:\/\/api.w.org\/{rel}","templated":true}]}}