{"id":1174,"date":"2018-05-07T12:44:59","date_gmt":"2018-05-07T15:44:59","guid":{"rendered":"https:\/\/wp.ufpel.edu.br\/hidrologiaemodelagemhidrologica\/?page_id=1174"},"modified":"2019-05-13T12:57:26","modified_gmt":"2019-05-13T15:57:26","slug":"acao1","status":"publish","type":"page","link":"https:\/\/wp.ufpel.edu.br\/hidrologiaemodelagemhidrologica\/projetos\/extensao\/acao1\/","title":{"rendered":"Curso de Ciclo hidrol\u00f3gico e bacias hidrogr\u00e1ficas"},"content":{"rendered":"<p style=\"text-align: justify\">Ciclo hidrol\u00f3gico e bacias hidrogr\u00e1ficas<\/p>\n<p style=\"text-align: justify\">O objetivo espec\u00edfico deste curso \u00e9 capacitar profissionais e estudantes de gradua\u00e7\u00e3o e p\u00f3s-gradua\u00e7\u00e3o no que tange \u00e0 compreens\u00e3o do ciclo hidrol\u00f3gico em escala de bacias hidrogr\u00e1ficas. Os inscritos que contemplarem as atividades propostas receber\u00e3o certificado emitido pelo Grupo de Pesquisa em Hidrologia e Modelagem Hidrol\u00f3gica em Bacias Hidrogr\u00e1ficas juntamente a Pr\u00f3-Reitoria de Extens\u00e3o e Cultura.<\/p>\n<p>&nbsp;<\/p>\n<p><a href=\"https:\/\/wp.ufpel.edu.br\/hidrologiaemodelagemhidrologica\/turma-1-ciclo-hidrologico-e-bacias-hidrograficas\/\">Turma 1 (2018)<\/a><\/p>\n<p><a href=\"https:\/\/wp.ufpel.edu.br\/hidrologiaemodelagemhidrologica\/turma-2-ciclo-hidrologico-e-bacias-hidrograficas\/\">Turma 2 (2019)<\/a> (Novo!)<\/p>\n","protected":false},"excerpt":{"rendered":"<p>Ciclo hidrol\u00f3gico e bacias hidrogr\u00e1ficas O objetivo espec\u00edfico deste curso \u00e9 capacitar profissionais e estudantes de gradua\u00e7\u00e3o e p\u00f3s-gradua\u00e7\u00e3o no que tange \u00e0 compreens\u00e3o do ciclo hidrol\u00f3gico em escala de bacias hidrogr\u00e1ficas. Os inscritos que contemplarem as atividades propostas receber\u00e3o certificado emitido pelo Grupo de Pesquisa em Hidrologia e Modelagem Hidrol\u00f3gica em Bacias Hidrogr\u00e1ficas juntamente [&hellip;]<\/p>\n","protected":false},"author":570,"featured_media":0,"parent":1102,"menu_order":0,"comment_status":"closed","ping_status":"closed","template":"","meta":{"jetpack_post_was_ever_published":false,"footnotes":""},"class_list":["post-1174","page","type-page","status-publish","hentry"],"jetpack_sharing_enabled":true,"jetpack_shortlink":"https:\/\/wp.me\/P6ZlNg-iW","jetpack-related-posts":[],"_links":{"self":[{"href":"https:\/\/wp.ufpel.edu.br\/hidrologiaemodelagemhidrologica\/wp-json\/wp\/v2\/pages\/1174","targetHints":{"allow":["GET"]}}],"collection":[{"href":"https:\/\/wp.ufpel.edu.br\/hidrologiaemodelagemhidrologica\/wp-json\/wp\/v2\/pages"}],"about":[{"href":"https:\/\/wp.ufpel.edu.br\/hidrologiaemodelagemhidrologica\/wp-json\/wp\/v2\/types\/page"}],"author":[{"embeddable":true,"href":"https:\/\/wp.ufpel.edu.br\/hidrologiaemodelagemhidrologica\/wp-json\/wp\/v2\/users\/570"}],"replies":[{"embeddable":true,"href":"https:\/\/wp.ufpel.edu.br\/hidrologiaemodelagemhidrologica\/wp-json\/wp\/v2\/comments?post=1174"}],"version-history":[{"count":9,"href":"https:\/\/wp.ufpel.edu.br\/hidrologiaemodelagemhidrologica\/wp-json\/wp\/v2\/pages\/1174\/revisions"}],"predecessor-version":[{"id":1346,"href":"https:\/\/wp.ufpel.edu.br\/hidrologiaemodelagemhidrologica\/wp-json\/wp\/v2\/pages\/1174\/revisions\/1346"}],"up":[{"embeddable":true,"href":"https:\/\/wp.ufpel.edu.br\/hidrologiaemodelagemhidrologica\/wp-json\/wp\/v2\/pages\/1102"}],"wp:attachment":[{"href":"https:\/\/wp.ufpel.edu.br\/hidrologiaemodelagemhidrologica\/wp-json\/wp\/v2\/media?parent=1174"}],"curies":[{"name":"wp","href":"https:\/\/api.w.org\/{rel}","templated":true}]}}