{"id":1106,"date":"2018-04-16T10:44:12","date_gmt":"2018-04-16T13:44:12","guid":{"rendered":"https:\/\/wp.ufpel.edu.br\/hidrologiaemodelagemhidrologica\/?page_id=1106"},"modified":"2023-05-29T16:14:15","modified_gmt":"2023-05-29T19:14:15","slug":"encerrados","status":"publish","type":"page","link":"https:\/\/wp.ufpel.edu.br\/hidrologiaemodelagemhidrologica\/projetos\/pesquisa\/encerrados\/","title":{"rendered":"Encerrados"},"content":{"rendered":"<ul>\n<li><strong>Modelagem do hidrograma de escoamento superficial direto em bacias hidrogr\u00e1ficas do sul do Rio Grande do Sul (2013-2016)<\/strong><\/li>\n<\/ul>\n<p>Descri\u00e7\u00e3o: Projeto de Pesquisa aprovado no Edital MCTI\/CNPq N\u00ba 14\/2013<br \/>\nContou com\u00a05 alunos envolvidos, sendo 4 de gradua\u00e7\u00e3o e 5 de mestrado.<br \/>\nFinanciador: Conselho Nacional de Desenvolvimento Cient\u00edfico e Tecnol\u00f3gico &#8211; Aux\u00edlio financeiro e bolsas.<\/p>\n<p>&nbsp;<\/p>\n<ul>\n<li><strong>Modelagem conceitual de cheias em bacias hidrogr\u00e1ficas do sul do Rio Grande do Sul (2013-2015)<\/strong><\/li>\n<\/ul>\n<p>Descri\u00e7\u00e3o: Projeto de Pesquisa aprovado no Edital FAPERGS\/ N\u00ba 001\/2013.<br \/>\n<span class=\"Apple-style-span\">Contou com\u00a05 alunos envolvidos, sendo 4 de gradua\u00e7\u00e3o e 5 de mestrado.<\/span><br \/>\nFinanciador: Funda\u00e7\u00e3o de Amparo \u00e0 Pesquisa do Estado do Rio Grande do Sul &#8211; Aux\u00edlio financeiro e bolsas.<\/p>\n<p>&nbsp;<\/p>\n<ul>\n<li><strong>Concep\u00e7\u00e3o do modelo Lavras Simulation of Hydrology (LASH) em linguagens de programa\u00e7\u00e3o interpretadas: \u00eanfase na discretiza\u00e7\u00e3o espacial e em t\u00e9cnicas de calibra\u00e7\u00e3o (2019-2022)<\/strong><\/li>\n<\/ul>\n<p>Descri\u00e7\u00e3o:<br \/>\nFinanciador:<\/p>\n<p>&nbsp;<\/p>\n<ul>\n<li><strong>Impacto das mudan\u00e7as clim\u00e1ticas sobre a hidrologia e os usos de \u00e1gua da bacia hidrogr\u00e1fica do rio Camaqu\u00e3 (2019-2022)<\/strong><\/li>\n<\/ul>\n<p>Descri\u00e7\u00e3o:<br \/>\nFinanciador:<\/p>\n<p>&nbsp;<\/p>\n<ul>\n<li><strong>Modelagem hidrol\u00f3gica e clim\u00e1tica para estimativa de vaz\u00f5es na bacia hidrogr\u00e1fica Mirim-S\u00e3o Gon\u00e7alo<\/strong><\/li>\n<\/ul>\n<p>Descri\u00e7\u00e3o: Projeto de Pesquisa aprovado no Edital Chamada CNPq N\u00ba 12\/2017 \u2013 Bolsas de Produtividade em Pesquisa<br \/>\nFinanciador:<\/p>\n<p>&nbsp;<\/p>\n<ul>\n<li><strong>Modelagem de espa\u00e7o de estados, wavelets, geoestat\u00edstica e fun\u00e7\u00f5es de pedotransfer\u00eancia aplicadas no estudo da variabilidade espacial de atributos f\u00edsico-h\u00eddricos do solo em escala de bacia hidrogr\u00e1fica<\/strong><\/li>\n<\/ul>\n<p>Descri\u00e7\u00e3o:<br \/>\nFinanciador:\u00a0Conselho Nacional de Desenvolvimento Cient\u00edfico e Tecnol\u00f3gico (CNPq). Bolsas.<\/p>\n<p>&nbsp;<\/p>\n<ul>\n<li><strong>Modelo hidrol\u00f3gico LASH: desenvolvimento e avalia\u00e7\u00e3o da segunda vers\u00e3o<\/strong><\/li>\n<\/ul>\n<p>Descri\u00e7\u00e3o: Projeto de Pesquisa aprovado no Edital PRONEM FAPERGS\/CNPq 11\/2014<br \/>\nFinanciador:<\/p>\n<p>&nbsp;<\/p>\n<ul>\n<li><strong>Modelos de espa\u00e7o de estados e an\u00e1lise em wavelets no estudo do relacionamento entre atributos f\u00edsicoh\u00eddricos do solo e atributos topogr\u00e1ficos em duas bacias hidrogr\u00e1ficas da regi\u00e3o sul do Rio Grande do Sul<\/strong><\/li>\n<\/ul>\n<p>Descri\u00e7\u00e3o:<br \/>\nFinanciador: Conselho Nacional de Desenvolvimento Cient\u00edfico e Tecnol\u00f3gico (CNPq). Bolsas.<\/p>\n<p>&nbsp;<\/p>\n<ul>\n<li><strong>Espectroscopia de reflect\u00e2ncia vis\u2013NIR na modelagem de atributos do solo importantes para an\u00e1lise do comportamento hidrol\u00f3gico de bacias hidrogr\u00e1ficas<\/strong><\/li>\n<\/ul>\n<p>Descri\u00e7\u00e3o:<br \/>\nFinanciador: Conselho Nacional de Desenvolvimento Cient\u00edfico e Tecnol\u00f3gico (CNPq). Bolsas.<\/p>\n","protected":false},"excerpt":{"rendered":"<p>Modelagem do hidrograma de escoamento superficial direto em bacias hidrogr\u00e1ficas do sul do Rio Grande do Sul (2013-2016) Descri\u00e7\u00e3o: Projeto de Pesquisa aprovado no Edital MCTI\/CNPq N\u00ba 14\/2013 Contou com\u00a05 alunos envolvidos, sendo 4 de gradua\u00e7\u00e3o e 5 de mestrado. Financiador: Conselho Nacional de Desenvolvimento Cient\u00edfico e Tecnol\u00f3gico &#8211; Aux\u00edlio financeiro e bolsas. &nbsp; Modelagem [&hellip;]<\/p>\n","protected":false},"author":570,"featured_media":0,"parent":1100,"menu_order":0,"comment_status":"closed","ping_status":"closed","template":"","meta":{"jetpack_post_was_ever_published":false,"footnotes":""},"class_list":["post-1106","page","type-page","status-publish","hentry"],"jetpack_sharing_enabled":true,"jetpack_shortlink":"https:\/\/wp.me\/P6ZlNg-hQ","jetpack-related-posts":[],"_links":{"self":[{"href":"https:\/\/wp.ufpel.edu.br\/hidrologiaemodelagemhidrologica\/wp-json\/wp\/v2\/pages\/1106","targetHints":{"allow":["GET"]}}],"collection":[{"href":"https:\/\/wp.ufpel.edu.br\/hidrologiaemodelagemhidrologica\/wp-json\/wp\/v2\/pages"}],"about":[{"href":"https:\/\/wp.ufpel.edu.br\/hidrologiaemodelagemhidrologica\/wp-json\/wp\/v2\/types\/page"}],"author":[{"embeddable":true,"href":"https:\/\/wp.ufpel.edu.br\/hidrologiaemodelagemhidrologica\/wp-json\/wp\/v2\/users\/570"}],"replies":[{"embeddable":true,"href":"https:\/\/wp.ufpel.edu.br\/hidrologiaemodelagemhidrologica\/wp-json\/wp\/v2\/comments?post=1106"}],"version-history":[{"count":6,"href":"https:\/\/wp.ufpel.edu.br\/hidrologiaemodelagemhidrologica\/wp-json\/wp\/v2\/pages\/1106\/revisions"}],"predecessor-version":[{"id":2144,"href":"https:\/\/wp.ufpel.edu.br\/hidrologiaemodelagemhidrologica\/wp-json\/wp\/v2\/pages\/1106\/revisions\/2144"}],"up":[{"embeddable":true,"href":"https:\/\/wp.ufpel.edu.br\/hidrologiaemodelagemhidrologica\/wp-json\/wp\/v2\/pages\/1100"}],"wp:attachment":[{"href":"https:\/\/wp.ufpel.edu.br\/hidrologiaemodelagemhidrologica\/wp-json\/wp\/v2\/media?parent=1106"}],"curies":[{"name":"wp","href":"https:\/\/api.w.org\/{rel}","templated":true}]}}