{"id":1104,"date":"2018-04-16T10:43:40","date_gmt":"2018-04-16T13:43:40","guid":{"rendered":"https:\/\/wp.ufpel.edu.br\/hidrologiaemodelagemhidrologica\/?page_id=1104"},"modified":"2023-05-29T16:17:29","modified_gmt":"2023-05-29T19:17:29","slug":"em-andamento","status":"publish","type":"page","link":"https:\/\/wp.ufpel.edu.br\/hidrologiaemodelagemhidrologica\/projetos\/pesquisa\/em-andamento\/","title":{"rendered":"Em andamento"},"content":{"rendered":"<ul>\n<li style=\"text-align: justify;\"><span style=\"color: #000000;\"><strong>Natural Capital Accounting and Valuation of Ecosystem Services<\/strong><\/span><\/li>\n<\/ul>\n<p style=\"text-align: justify;\"><span style=\"color: #000000;\">Situa\u00e7\u00e3o: In\u00edcio na UFPel em Janeiro de 2020.<\/span><\/p>\n<p style=\"text-align: justify;\"><span style=\"color: #000000;\">Coordenador: Nelson F. Fernandes (UFRJ)<\/span><\/p>\n<p style=\"text-align: justify;\"><span style=\"color: #000000;\">Financiador: Uni\u00e3o Europeia e ONU<\/span><\/p>\n<p style=\"text-align: justify;\"><span style=\"color: #000000;\">O projeto \u201cNatural Capital Accounting and Valuation of Ecosystem Services\u201d (NCAVES) (em portugu\u00eas \u201cValora\u00e7\u00e3o de Capital Natural e Avalia\u00e7\u00e3o de Servi\u00e7os Ecossist\u00eamicos\u201d) foi lan\u00e7ado pela Organiza\u00e7\u00e3o das Na\u00e7\u00f5es Unidas (ONU) Divis\u00f5es de Estat\u00edstica e Programa Ambiental, Secretariado de Conven\u00e7\u00e3o de Diversidade Biol\u00f3gica e a Uni\u00e3o Europeia, sendo financiado pela \u00faltima atrav\u00e9s de seus Instrumentos de Parceria. O projeto possui o objetivo de auxiliar os pa\u00edses participantes: Brasil, China, \u00cdndia, M\u00e9xico e \u00c1frica do Sul a avan\u00e7ar na agenda de conhecimento em contabilidade ambiental-econ\u00f4mica, em particular servi\u00e7os ecossist\u00eamicos. O Projeto no Brasil \u00e9 um projeto inovador de pesquisa e desenvolvimento na teoria e pr\u00e1tica em servi\u00e7os ecossist\u00eamicos, com piloto na regi\u00e3o do MATOPIBA: Maranh\u00e3o-Tocantins-Piau\u00ed-Bahia, em espec\u00edfico na Bacia Hidrogr\u00e1fica do Rio Grande focando em servi\u00e7os hidrol\u00f3gicos e relativos aos solos. O projeto analisar\u00e1 v\u00e1rios servi\u00e7os ecossist\u00eamicos, como a regula\u00e7\u00e3o do fluxo de \u00e1gua e a reten\u00e7\u00e3o do solo (controle de eros\u00e3o) usando o modelo Soil &amp; Water Assessment Tool (SWAT). Esta \u00e1rea foi selecionada devido ao r\u00e1pido desenvolvimento agr\u00edcola que est\u00e1 ocorrendo com as mudan\u00e7as no uso da terra e os impactos nos ecossistemas, bem como sua diversidade de paisagens. A Universidade Federal do Rio de Janeiro (UFRJ), em conjunto com o Instituto Brasileiro de Geografia e Estat\u00edstica (IBGE), est\u00e3o implementando este projeto piloto no Brasil, a Professora Danielle de Almeida Bressiani da Universidade Federal de Pelotas participa deste projeto, atuando principalmente com modelagem ambiental e hidrol\u00f3gica. Para mais informa\u00e7\u00f5es clique <a href=\"https:\/\/seea.un.org\/home\/Natural-Capital-Accounting-Project\" target=\"_blank\" rel=\"noopener noreferrer\">aqui<\/a>.<\/span><\/p>\n<p>&nbsp;<\/p>\n<ul>\n<li><span style=\"color: #000000;\"><strong>WebSYHDA: uma plataforma online para an\u00e1lise de dados hidrol\u00f3gicos<\/strong><\/span><\/li>\n<\/ul>\n<p style=\"text-align: justify;\"><span style=\"color: #000000;\">Descri\u00e7\u00e3o: Projeto de Pesquisa aprovado no EDITAL FAPERGS 05\/2019 &#8211; PROGRAMA PESQUISADOR GA\u00daCHO-PQG<\/span><\/p>\n<p style=\"text-align: justify;\"><span style=\"color: #000000;\">Situa\u00e7\u00e3o: In\u00edcio em 30 de novembro de 2019.<\/span><\/p>\n<p><span style=\"color: #000000;\">Coordenador: Samuel Beskow<\/span><\/p>\n<p style=\"text-align: justify;\"><span style=\"color: #000000;\">Financiador: Funda\u00e7\u00e3o de Amparo \u00e0 Pesquisa do Estado do Rio Grande do Sul<\/span><\/p>\n<p style=\"text-align: justify;\"><span style=\"color: #000000;\">Em decorr\u00eancia de monitoramento, a representa\u00e7\u00e3o temporal de vari\u00e1veis hidrol\u00f3gicas, tais como precipita\u00e7\u00e3o m\u00e9dia anual, vaz\u00e3o m\u00e1xima anual e evapotranspira\u00e7\u00e3o di\u00e1ria, d\u00e1 origem \u00e0s s\u00e9ries hidrol\u00f3gicas, imprescind\u00edveis para diversas finalidades no manejo e gest\u00e3o de recursos h\u00eddricos, tomada de decis\u00f5es para os usos d\u2019\u00e1gua e dimensionamento de projetos de obras hidr\u00e1ulicas. O manuseio de s\u00e9ries hidrol\u00f3gicas \u00e9 uma tarefa bastante corriqueira para hidr\u00f3logos e usualmente ocorre sem o uso de softwares espec\u00edficos, implicando em elevado tempo de processamento e riscos consider\u00e1veis de erros. An\u00e1lises mais robustas empregando t\u00e9cnicas do estado-da-arte s\u00e3o muitas vezes inviabilizadas pela aus\u00eancia de softwares espec\u00edficos, limita\u00e7\u00f5es de aplica\u00e7\u00e3o das planilhas eletr\u00f4nicas, e do pr\u00f3prio hidr\u00f3logo a respeito de linguagens de programa\u00e7\u00e3o. Embora existam alguns softwares para facilitar a elabora\u00e7\u00e3o e an\u00e1lise de s\u00e9ries hidrol\u00f3gicas e permitir o desenvolvimento de atividades laboriosas e repetitivas, estes apresentam limita\u00e7\u00f5es diversas. Visando contemplar tais limita\u00e7\u00f5es e tendo como fator motivacional as experi\u00eancias adquiridas, o Grupo de Pesquisa em Hidrologia e Modelagem Hidrol\u00f3gica em Bacias Hidrogr\u00e1ficas\/CNPq desenvolveu o software \u201c<em>System of Hydrological Data Acquisition and Analysis<\/em>\u201d (SYHDA), registrado em 2016 junto ao Instituto Nacional de Propriedade Industrial (INPI). Desde o seu desenvolvimento, o SYHDA tem sido empregado em in\u00fameros estudos conduzidos pelo Grupo, como para constitui\u00e7\u00e3o de s\u00e9ries hidrol\u00f3gicas, an\u00e1lises locais de frequ\u00eancia com uso de modelos probabil\u00edsticos te\u00f3ricos para s\u00e9ries de chuvas intensas e de vaz\u00f5es de enchente, para an\u00e1lises da sazonalidade de vaz\u00f5es de estiagem e de vaz\u00f5es m\u00e1ximas visando \u00e0 regionaliza\u00e7\u00e3o, e para an\u00e1lise regional de frequ\u00eancia de cheias empregando modelos probabil\u00edsticos multipar\u00e2metros. Muitas destas an\u00e1lises s\u00e3o consideradas do estado-da-arte e somente foram poss\u00edveis com o aux\u00edlio do SYHDA, culminando em publica\u00e7\u00f5es em peri\u00f3dicos internacionais de alto fator de impacto. Por meio destas publica\u00e7\u00f5es, o SYHDA despertou o interesse de pesquisadores da \u00e1rea a n\u00edvel nacional e internacional. Contudo, dada a grande demanda pelo software e o anseio, por parte do Grupo, em incluir no SYHDA novas t\u00e9cnicas de an\u00e1lises de dados, tem sido avaliado outro ambiente de programa\u00e7\u00e3o para a sua cont\u00ednua atualiza\u00e7\u00e3o e o desenvolvimento de uma nova vers\u00e3o. Isso porque a linguagem de programa\u00e7\u00e3o atual tem ca\u00eddo em desuso, dificultando a capta\u00e7\u00e3o de recursos humanos e atualiza\u00e7\u00f5es do software. Neste contexto, acredita-se que a utiliza\u00e7\u00e3o de uma linguagem de programa\u00e7\u00e3o interpretada difundida entre profissionais que n\u00e3o cientistas da computa\u00e7\u00e3o venha a facilitar a constante amplia\u00e7\u00e3o e atualiza\u00e7\u00e3o do SYHDA e dar celeridade \u00e0 disponibilidade e manuten\u00e7\u00e3o do software. Outro ponto relevante \u00e9 a facilidade com que este tipo de linguagem permite incorporar \u00e0 Web produtos desenvolvidos. O desenvolvimento e a disponibiliza\u00e7\u00e3o do SYHDA em ambiente Web eliminam a necessidade de instala\u00e7\u00e3o do software e, com isso, todos os problemas verificados quanto a atualiza\u00e7\u00f5es e \u00e0 compatibilidade com o sistema operacional, al\u00e9m de permitir o controle efetivo de seus usu\u00e1rios e potencializar sua difus\u00e3o. Destaca-se o car\u00e1ter t\u00e9cnico, cient\u00edfico e de inova\u00e7\u00e3o tecnol\u00f3gica deste projeto, o qual tem como objetivo geral o desenvolvimento de uma plataforma Web para o SYHDA (WebSYHDA), incluindo aprimoramentos computacionais e novas t\u00e9cnicas para aquisi\u00e7\u00e3o, constitui\u00e7\u00e3o e an\u00e1lise de s\u00e9ries hidrol\u00f3gicas. A estrat\u00e9gia de desenvolvimento do WebSYHDA seguir\u00e1 o fluxo de uso do mesmo \u2013 aquisi\u00e7\u00e3o de dados hidrol\u00f3gicos, constitui\u00e7\u00e3o de s\u00e9ries e an\u00e1lises. Em rela\u00e7\u00e3o \u00e0 aquisi\u00e7\u00e3o de dados, ser\u00e3o implementados algoritmos para possibilitar a leitura dos bancos de dados hidrol\u00f3gicos nacionais do Hidroweb\/ANA e do BDMEP\/INMET. Tamb\u00e9m ser\u00e3o implementadas funcionalidades para permitir a aquisi\u00e7\u00e3o de dados de esta\u00e7\u00f5es diversas, cuja valida\u00e7\u00e3o ser\u00e1 realizada com base nos dados da rede de monitoramento de responsabilidade do Grupo de Pesquisa. Um diferencial projetado para o WebSYHDA ser\u00e1 permitir a aquisi\u00e7\u00e3o de um conjunto de s\u00e9ries e realizar o processamento em fila. S\u00e3o projetadas melhorias na constitui\u00e7\u00e3o de s\u00e9ries para a transi\u00e7\u00e3o SYHDA \u2013 WebSYHDA, de modo a torn\u00e1-lo mais abrangente, a saber: i) estrutura para escolha de per\u00edodo inicial e final de s\u00e9ries hidrol\u00f3gicas; ii) configura\u00e7\u00e3o das prioridades de uso de dados segundo o n\u00edvel de consist\u00eancia, quando do uso de dados do Hidroweb\/ANA; e iii) op\u00e7\u00f5es de estabelecimento de crit\u00e9rios de falhas. Nesta etapa tamb\u00e9m ser\u00e1 oportunizada a exporta\u00e7\u00e3o das s\u00e9ries constitu\u00eddas, bem como a visualiza\u00e7\u00e3o de hietogramas e hidrogramas. As an\u00e1lises hidrol\u00f3gicas ser\u00e3o possibilitadas ap\u00f3s a constitui\u00e7\u00e3o da s\u00e9rie de interesse com base no banco de dados importado para a plataforma. Neste quesito, as an\u00e1lises dispon\u00edveis no SYHDA ser\u00e3o adaptadas \u00e0 plataforma, bem como v\u00e1rias outras funcionalidades ser\u00e3o implementadas, com destaque para: estat\u00edsticas descritivas, representa\u00e7\u00f5es gr\u00e1ficas, testes n\u00e3o param\u00e9tricos, an\u00e1lises de sazonalidade, consist\u00eancia de dados de chuva, curvas IDF, an\u00e1lise de frequ\u00eancia local e an\u00e1lise de frequ\u00eancia regional. Visando uma melhor apresenta\u00e7\u00e3o dos resultados destas an\u00e1lises hidrol\u00f3gicas, ser\u00e3o estruturados relat\u00f3rios din\u00e2micos na forma de WebPage, com possibilidade de exporta\u00e7\u00e3o. Espera-se que a plataforma WebSYHDA viabilize o uso de t\u00e9cnicas ainda pouco empregadas na \u00e1rea de recursos h\u00eddricos, mas com comprova\u00e7\u00e3o cient\u00edfica de superioridade em rela\u00e7\u00e3o \u00e0s t\u00e9cnicas tradicionalmente empregadas no Brasil, para resolver quest\u00f5es associadas \u00e0 engenharia hidrol\u00f3gica e \u00e0 gest\u00e3o de recursos h\u00eddricos, trazendo solu\u00e7\u00f5es mais adequadas que t\u00eam impacto no meio ambiente, na economia e na sociedade. Al\u00e9m do mais, espera-se ampliar a difus\u00e3o do WebSYHDA entre profissionais de outros pa\u00edses, haja vista a incorpora\u00e7\u00e3o de funcionalidades que permitem a entrada de dados de fontes diversas de informa\u00e7\u00f5es.<\/span><\/p>\n<p>&nbsp;<\/p>\n<p>&nbsp;<\/p>\n<p style=\"text-align: justify;\"><span style=\"color: #000000;\"><strong>\u00a0<\/strong><\/span><\/p>\n<p style=\"text-align: justify;\">\n","protected":false},"excerpt":{"rendered":"<p>Natural Capital Accounting and Valuation of Ecosystem Services Situa\u00e7\u00e3o: In\u00edcio na UFPel em Janeiro de 2020. Coordenador: Nelson F. Fernandes (UFRJ) Financiador: Uni\u00e3o Europeia e ONU O projeto \u201cNatural Capital Accounting and Valuation of Ecosystem Services\u201d (NCAVES) (em portugu\u00eas \u201cValora\u00e7\u00e3o de Capital Natural e Avalia\u00e7\u00e3o de Servi\u00e7os Ecossist\u00eamicos\u201d) foi lan\u00e7ado pela Organiza\u00e7\u00e3o das Na\u00e7\u00f5es Unidas [&hellip;]<\/p>\n","protected":false},"author":570,"featured_media":0,"parent":1100,"menu_order":0,"comment_status":"closed","ping_status":"closed","template":"","meta":{"jetpack_post_was_ever_published":false,"footnotes":""},"class_list":["post-1104","page","type-page","status-publish","hentry"],"jetpack_sharing_enabled":true,"jetpack_shortlink":"https:\/\/wp.me\/P6ZlNg-hO","jetpack-related-posts":[],"_links":{"self":[{"href":"https:\/\/wp.ufpel.edu.br\/hidrologiaemodelagemhidrologica\/wp-json\/wp\/v2\/pages\/1104","targetHints":{"allow":["GET"]}}],"collection":[{"href":"https:\/\/wp.ufpel.edu.br\/hidrologiaemodelagemhidrologica\/wp-json\/wp\/v2\/pages"}],"about":[{"href":"https:\/\/wp.ufpel.edu.br\/hidrologiaemodelagemhidrologica\/wp-json\/wp\/v2\/types\/page"}],"author":[{"embeddable":true,"href":"https:\/\/wp.ufpel.edu.br\/hidrologiaemodelagemhidrologica\/wp-json\/wp\/v2\/users\/570"}],"replies":[{"embeddable":true,"href":"https:\/\/wp.ufpel.edu.br\/hidrologiaemodelagemhidrologica\/wp-json\/wp\/v2\/comments?post=1104"}],"version-history":[{"count":18,"href":"https:\/\/wp.ufpel.edu.br\/hidrologiaemodelagemhidrologica\/wp-json\/wp\/v2\/pages\/1104\/revisions"}],"predecessor-version":[{"id":2146,"href":"https:\/\/wp.ufpel.edu.br\/hidrologiaemodelagemhidrologica\/wp-json\/wp\/v2\/pages\/1104\/revisions\/2146"}],"up":[{"embeddable":true,"href":"https:\/\/wp.ufpel.edu.br\/hidrologiaemodelagemhidrologica\/wp-json\/wp\/v2\/pages\/1100"}],"wp:attachment":[{"href":"https:\/\/wp.ufpel.edu.br\/hidrologiaemodelagemhidrologica\/wp-json\/wp\/v2\/media?parent=1104"}],"curies":[{"name":"wp","href":"https:\/\/api.w.org\/{rel}","templated":true}]}}