{"id":50,"date":"2019-05-29T13:38:34","date_gmt":"2019-05-29T16:38:34","guid":{"rendered":"https:\/\/wp.ufpel.edu.br\/helenarap\/?page_id=50"},"modified":"2025-05-03T22:42:18","modified_gmt":"2025-05-04T01:42:18","slug":"disciplinas","status":"publish","type":"page","link":"https:\/\/wp.ufpel.edu.br\/helenarap\/ensino\/disciplinas\/","title":{"rendered":"Disciplinas"},"content":{"rendered":"<h3>P\u00f3s-Gradua\u00e7\u00e3o<\/h3>\n<p>17350299 &#8211; DID\u00c1TICA E ESTRAT\u00c9GIAS DE ENSINO &#8211; em n\u00edvel de Especializa\u00e7\u00e3o<\/p>\n<p>17350383 &#8211; PROCESSOS INTERATIVOS E A LUDICIDADE NA EDUCA\u00c7\u00c3O &#8211; em n\u00edvel de Especializa\u00e7\u00e3o<\/p>\n<p style=\"text-align: justify;\">17350387 &#8211; TRABALHO DE CONCLUS\u00c3O DE CURSO II &#8211; Produ\u00e7\u00e3o e Defesa do Artigo Cient\u00edfico &#8211; em n\u00edvel de Especializa\u00e7\u00e3o<\/p>\n<p>17350387 &#8211; TRABALHO DE CONCLUS\u00c3O DE CURSO\u00a0 I- Aspectos Metodol\u00f3gicos da Pesquisa Cient\u00edfica &#8211; em n\u00edvel de Especializa\u00e7\u00e3o<\/p>\n<p>17350387 &#8211; TRABALHO DE CONCLUS\u00c3O DE CURSO &#8211; Aspectos Metodol\u00f3gicos da Pesquisa Cient\u00edfica \u00a0&#8211; em n\u00edvel de Especializa\u00e7\u00e3o<\/p>\n<h3>Gradua\u00e7\u00e3o<\/h3>\n<p>17360104\u00a0 PR\u00c1TICA ORIENTADA III: DOC\u00caNCIA NA EDUCA\u00c7\u00c3O B\u00c1SICA<\/p>\n<p>17350155\u00a0 DID\u00c1TICA GERAL<\/p>\n<p>17350107 &#8211; MATERIAIS INSTRUCIONAIS &#8211; Curso Pedagogia<\/p>\n<p>17350234 &#8211; TEORIA E PR\u00c1TICA PEDAG\u00d3GICA &#8211; Universal<\/p>\n<p>17350294 &#8211; ENSINO-APRENDIZAGEM, CONHECIMENTO E ESCOLARIZA\u00c7\u00c3O VII &#8211; Curso Pedagogia<\/p>\n<p>17350027 \u00a0&#8211; PROFISS\u00c3O DOCENTE &#8211; Universal<\/p>\n<p>17350351 &#8211; TEORIA E PR\u00c1TICA PEDAG\u00d3GICA VIII EST FORMA\u00c7\u00c3O GEST\u00c3O DE CLASSE &#8211; Curso Pedagogia<\/p>\n<p>17350337 &#8211; PE IX &#8211; EST\u00c1GIO CURRICULAR DOC\u00caNCIA AI\/E\/EJA &#8211; Curso Pedagogia<\/p>\n<p>17360277 &#8211; PR\u00c1TICA EDUCATIVA VIII-DOC\u00caNCIA COMPARTILHADA AI\/EI\/EJA &#8211; Curso Pedagogia<\/p>\n<p>17350350 &#8211; PREPARA\u00c7\u00c3O PARA O TRABALHO FINAL DO CURSO &#8211; Curso Pedagogia<\/p>\n<p>17350031 &#8211; PR\u00c1TICAS EDUCATIVAS III &#8211; Curso Pedagogia<\/p>\n<p>17350216 &#8211; EST\u00c1GIO EM CI\u00caNCIAS SOCIAIS I &#8211; Curso Ci\u00eancias Sociais<\/p>\n<p>17350217 &#8211; EST\u00c1GIO EM CI\u00caNCIAS SOCIAIS II &#8211; Curso Ci\u00eancias Sociais<\/p>\n<p>17350218 &#8211; EST\u00c1GIO EM CI\u00caNCIAS SOCIAIS III &#8211; Curso Ci\u00eancias Sociais<\/p>\n<p>1010021 &#8211; METODOLOGIA DE ENSINO E DA PESQUISA \/ TCC &#8211; Universal<\/p>\n<p>1010262 &#8211; FUND. S\u00d3CIO-HIST\u00d3RICOS-FILOS\u00d3FICOS DA EDUCA\u00c7\u00c3O &#8211; Curso Espanhol<\/p>\n<p>1010009 &#8211; INTRODU\u00c7\u00c3O \u00c0 METODOLOGIA DO ENSINO E DA PESQUISA &#8211; Curso Espanhol<\/p>\n<p>1010021 &#8211; METODOLOGIA DE ENSINO E DA PESQUISA \/ TCC &#8211; Universal<\/p>\n<p>1010263 &#8211; PSICOLOGIA DA EDUCA\u00c7\u00c3O &#8211; Curso Espanhol<\/p>\n","protected":false},"excerpt":{"rendered":"<p>P\u00f3s-Gradua\u00e7\u00e3o 17350299 &#8211; DID\u00c1TICA E ESTRAT\u00c9GIAS DE ENSINO &#8211; em n\u00edvel de Especializa\u00e7\u00e3o 17350383 &#8211; PROCESSOS INTERATIVOS E A LUDICIDADE NA EDUCA\u00c7\u00c3O &#8211; em n\u00edvel de Especializa\u00e7\u00e3o 17350387 &#8211; TRABALHO DE CONCLUS\u00c3O DE CURSO II &#8211; Produ\u00e7\u00e3o e Defesa do Artigo Cient\u00edfico &#8211; em n\u00edvel de Especializa\u00e7\u00e3o 17350387 &#8211; TRABALHO DE CONCLUS\u00c3O DE CURSO\u00a0 I- [&hellip;]<\/p>\n","protected":false},"author":934,"featured_media":0,"parent":47,"menu_order":0,"comment_status":"closed","ping_status":"closed","template":"","meta":{"footnotes":""},"class_list":["post-50","page","type-page","status-publish","hentry"],"_links":{"self":[{"href":"https:\/\/wp.ufpel.edu.br\/helenarap\/wp-json\/wp\/v2\/pages\/50","targetHints":{"allow":["GET"]}}],"collection":[{"href":"https:\/\/wp.ufpel.edu.br\/helenarap\/wp-json\/wp\/v2\/pages"}],"about":[{"href":"https:\/\/wp.ufpel.edu.br\/helenarap\/wp-json\/wp\/v2\/types\/page"}],"author":[{"embeddable":true,"href":"https:\/\/wp.ufpel.edu.br\/helenarap\/wp-json\/wp\/v2\/users\/934"}],"replies":[{"embeddable":true,"href":"https:\/\/wp.ufpel.edu.br\/helenarap\/wp-json\/wp\/v2\/comments?post=50"}],"version-history":[{"count":16,"href":"https:\/\/wp.ufpel.edu.br\/helenarap\/wp-json\/wp\/v2\/pages\/50\/revisions"}],"predecessor-version":[{"id":205,"href":"https:\/\/wp.ufpel.edu.br\/helenarap\/wp-json\/wp\/v2\/pages\/50\/revisions\/205"}],"up":[{"embeddable":true,"href":"https:\/\/wp.ufpel.edu.br\/helenarap\/wp-json\/wp\/v2\/pages\/47"}],"wp:attachment":[{"href":"https:\/\/wp.ufpel.edu.br\/helenarap\/wp-json\/wp\/v2\/media?parent=50"}],"curies":[{"name":"wp","href":"https:\/\/api.w.org\/{rel}","templated":true}]}}