{"id":19,"date":"2019-05-27T11:45:47","date_gmt":"2019-05-27T14:45:47","guid":{"rendered":"https:\/\/wp.ufpel.edu.br\/helenarap\/?page_id=19"},"modified":"2025-05-03T23:10:18","modified_gmt":"2025-05-04T02:10:18","slug":"sobre-a-professora","status":"publish","type":"page","link":"https:\/\/wp.ufpel.edu.br\/helenarap\/sobre-a-professora\/","title":{"rendered":"Sobre a professora"},"content":{"rendered":"<p style=\"text-align: justify;\"><span style=\"font-size: 12pt;\"><strong>Helenara Plaszewski <\/strong>\u00e9 Professora Associada da Universidade Federal de Pelotas (UFPel), atuando nas licenciaturas e no Programa de P\u00f3s-Gradua\u00e7\u00e3o em Educa\u00e7\u00e3o Stricto Sensu. Coordena o Curso de Especializac\u00e3o \u00e1rea de concentra\u00e7\u00e3o Educa\u00e7\u00e3o. \u00c9 l\u00edder do grupo de Estudos e Pesquisas na Forma\u00e7\u00e3o de Professores e Pr\u00e1ticas Pedag\u00f3gicas (UFPel). Colabora em conselhos editoriais, bem como \u00e9 membro do Comit\u00ea de \u00c9tica em Pesquisa CEP\/ESEF\/UFPel desde 2010. Com rela\u00e7\u00e3o \u00e0 coordena\u00e7\u00e3o no Programa de P\u00f3s-Gradua\u00e7\u00e3o em Educa\u00e7\u00e3o em n\u00edvel de Especializa\u00e7\u00e3o per\u00edodos (2017-2018; 2023-2025 e 2025-2027) e nos Concursos P\u00fablicos, Vestibulares e entre outros Processos Seletivos da UFPel (2013-2016). Tamb\u00e9m atuou no n\u00facleo de projetos de ensino da Pr\u00f3-Reitoria de Gradua\u00e7\u00e3o (2010-2012).<\/span><\/p>\n<p style=\"text-align: justify;\">Possui Gradua\u00e7\u00e3o em Pedagogia com habilita\u00e7\u00f5es em Educa\u00e7\u00e3o Infantil e S\u00e9ries Iniciais pela Universidade Cat\u00f3lica de Pelotas (UCPEL) e Orienta\u00e7\u00e3o Educacional e Magist\u00e9rio das Mat\u00e9rias do 2\u00ba Grau pela Faculdade Porto-Alegrense (FAPA), Especializa\u00e7\u00e3o em Psicologia Escolar pela Pontif\u00edcia Universidade Cat\u00f3lica do Rio Grande do Sul (PUCRS), Mestrado e Doutorado em Educa\u00e7\u00e3o pela Universidade Federal de Pelotas (UFPel). Realizou est\u00e1gio P\u00f3s-doutoral na Universidade Federal do Pampa (UNIPAMPA).<\/p>\n<p style=\"text-align: justify;\">Tem experi\u00eancia na \u00e1rea da Educa\u00e7\u00e3o, na Educa\u00e7\u00e3o Infantil, nos Anos Inicias do Ensino Fundamental, na EJA e na Forma\u00e7\u00e3o de Professores em n\u00edvel superior. Efetua atividades de ensino, extens\u00e3o e pesquisa com \u00eanfase em estudos e temas principalmente na forma\u00e7\u00e3o inicial e continuada de professores, ensino e aprendizagem e pr\u00e1ticas pedag\u00f3gicas.<\/p>\n<p><span style=\"font-family: georgia, palatino, serif; font-size: 12pt;\"><strong>Curr\u00edculo na Plataforma Lattes:<\/strong> http:\/\/lattes.cnpq.br\/0501305200912745<\/span><\/p>\n<p><span style=\"font-size: 12pt;\"><strong><span style=\"font-family: georgia, palatino, serif;\">Orcid: <\/span><\/strong><span style=\"font-family: georgia, palatino, serif;\">https:\/\/orcid.org\/0000-0001-7114-7542<\/span><\/span><\/p>\n","protected":false},"excerpt":{"rendered":"<p>Helenara Plaszewski \u00e9 Professora Associada da Universidade Federal de Pelotas (UFPel), atuando nas licenciaturas e no Programa de P\u00f3s-Gradua\u00e7\u00e3o em Educa\u00e7\u00e3o Stricto Sensu. Coordena o Curso de Especializac\u00e3o \u00e1rea de concentra\u00e7\u00e3o Educa\u00e7\u00e3o. \u00c9 l\u00edder do grupo de Estudos e Pesquisas na Forma\u00e7\u00e3o de Professores e Pr\u00e1ticas Pedag\u00f3gicas (UFPel). Colabora em conselhos editoriais, bem como \u00e9 [&hellip;]<\/p>\n","protected":false},"author":934,"featured_media":0,"parent":0,"menu_order":1,"comment_status":"closed","ping_status":"closed","template":"","meta":{"footnotes":""},"class_list":["post-19","page","type-page","status-publish","hentry"],"_links":{"self":[{"href":"https:\/\/wp.ufpel.edu.br\/helenarap\/wp-json\/wp\/v2\/pages\/19","targetHints":{"allow":["GET"]}}],"collection":[{"href":"https:\/\/wp.ufpel.edu.br\/helenarap\/wp-json\/wp\/v2\/pages"}],"about":[{"href":"https:\/\/wp.ufpel.edu.br\/helenarap\/wp-json\/wp\/v2\/types\/page"}],"author":[{"embeddable":true,"href":"https:\/\/wp.ufpel.edu.br\/helenarap\/wp-json\/wp\/v2\/users\/934"}],"replies":[{"embeddable":true,"href":"https:\/\/wp.ufpel.edu.br\/helenarap\/wp-json\/wp\/v2\/comments?post=19"}],"version-history":[{"count":10,"href":"https:\/\/wp.ufpel.edu.br\/helenarap\/wp-json\/wp\/v2\/pages\/19\/revisions"}],"predecessor-version":[{"id":237,"href":"https:\/\/wp.ufpel.edu.br\/helenarap\/wp-json\/wp\/v2\/pages\/19\/revisions\/237"}],"wp:attachment":[{"href":"https:\/\/wp.ufpel.edu.br\/helenarap\/wp-json\/wp\/v2\/media?parent=19"}],"curies":[{"name":"wp","href":"https:\/\/api.w.org\/{rel}","templated":true}]}}