{"id":76,"date":"2021-01-14T22:33:47","date_gmt":"2021-01-15T01:33:47","guid":{"rendered":"https:\/\/wp.ufpel.edu.br\/healthycities\/?page_id=76"},"modified":"2022-09-12T18:24:38","modified_gmt":"2022-09-12T21:24:38","slug":"institutions","status":"publish","type":"page","link":"https:\/\/wp.ufpel.edu.br\/healthycities\/institutions\/","title":{"rendered":"Institutions"},"content":{"rendered":"<p style=\"text-align: justify;\">The following institutions are part of the Centre for Healthy Cities, Ageing and Citizenship:<\/p>\n<h5>brasil<\/h5>\n<h5><a href=\"https:\/\/portal.ufpel.edu.br\/\">UNIVERSIDADE FEDERAL DE PELOTAS<\/a><\/h5>\n<h5>fran\u00e7a<\/h5>\n<h5><a href=\"https:\/\/univ-cotedazur.eu\/\">UNIVERSIT\u00c9 NICE SOPHIA ANTIPOLIS (C\u00d4TE D&#8217;AZUR)<\/a><\/h5>\n<h5>reino unido<\/h5>\n<h5><a href=\"https:\/\/www.hw.ac.uk\/\">heriot-watt University<\/a><\/h5>\n<h5>ARGENTINA<\/h5>\n<h5><a href=\"http:\/\/www.unp.edu.ar\/\">UNIVERSIDAD NACIONAL DE LA PATAGONIA SAN JUAN BOSCO<\/a><\/h5>\n<h5>CHILE<\/h5>\n<h5><a href=\"https:\/\/www.ubiobio.cl\/w\/\">LA UNIVERSIDAD DEL B\u00cdO-B\u00cdO<\/a><\/h5>\n","protected":false},"excerpt":{"rendered":"<p>The following institutions are part of the Centre for Healthy Cities, Ageing and Citizenship: brasil UNIVERSIDADE FEDERAL DE PELOTAS fran\u00e7a UNIVERSIT\u00c9 NICE SOPHIA ANTIPOLIS (C\u00d4TE D&#8217;AZUR) reino unido heriot-watt University ARGENTINA UNIVERSIDAD NACIONAL DE LA PATAGONIA SAN JUAN BOSCO CHILE LA UNIVERSIDAD DEL B\u00cdO-B\u00cdO<\/p>\n","protected":false},"author":956,"featured_media":456,"parent":0,"menu_order":0,"comment_status":"closed","ping_status":"closed","template":"","meta":{"footnotes":""},"class_list":["post-76","page","type-page","status-publish","has-post-thumbnail","hentry"],"_links":{"self":[{"href":"https:\/\/wp.ufpel.edu.br\/healthycities\/wp-json\/wp\/v2\/pages\/76","targetHints":{"allow":["GET"]}}],"collection":[{"href":"https:\/\/wp.ufpel.edu.br\/healthycities\/wp-json\/wp\/v2\/pages"}],"about":[{"href":"https:\/\/wp.ufpel.edu.br\/healthycities\/wp-json\/wp\/v2\/types\/page"}],"author":[{"embeddable":true,"href":"https:\/\/wp.ufpel.edu.br\/healthycities\/wp-json\/wp\/v2\/users\/956"}],"replies":[{"embeddable":true,"href":"https:\/\/wp.ufpel.edu.br\/healthycities\/wp-json\/wp\/v2\/comments?post=76"}],"version-history":[{"count":10,"href":"https:\/\/wp.ufpel.edu.br\/healthycities\/wp-json\/wp\/v2\/pages\/76\/revisions"}],"predecessor-version":[{"id":459,"href":"https:\/\/wp.ufpel.edu.br\/healthycities\/wp-json\/wp\/v2\/pages\/76\/revisions\/459"}],"wp:featuredmedia":[{"embeddable":true,"href":"https:\/\/wp.ufpel.edu.br\/healthycities\/wp-json\/wp\/v2\/media\/456"}],"wp:attachment":[{"href":"https:\/\/wp.ufpel.edu.br\/healthycities\/wp-json\/wp\/v2\/media?parent=76"}],"curies":[{"name":"wp","href":"https:\/\/api.w.org\/{rel}","templated":true}]}}