{"id":447,"date":"2021-01-14T22:33:47","date_gmt":"2021-01-15T01:33:47","guid":{"rendered":"https:\/\/wp.ufpel.edu.br\/healthycities\/?page_id=447"},"modified":"2022-09-12T18:24:57","modified_gmt":"2022-09-12T21:24:57","slug":"instituicoes","status":"publish","type":"page","link":"https:\/\/wp.ufpel.edu.br\/healthycities\/pt\/instituicoes\/","title":{"rendered":"Institui\u00e7\u00f5es"},"content":{"rendered":"<p style=\"text-align: justify;\">Fazem parte do N\u00facleo Cidades Saud\u00e1veis, Envelhecimento e Cidadania as institui\u00e7\u00f5es:<\/p>\n<h5>brasil<\/h5>\n<h5><a href=\"https:\/\/portal.ufpel.edu.br\/\">UNIVERSIDADE FEDERAL DE PELOTAS<\/a><\/h5>\n<h5>fran\u00e7a<\/h5>\n<h5><a href=\"https:\/\/univ-cotedazur.eu\/\">UNIVERSIT\u00c9 NICE SOPHIA ANTIPOLIS (C\u00d4TE D&#8217;AZUR)<\/a><\/h5>\n<h5>reino unido<\/h5>\n<h5><a href=\"https:\/\/www.hw.ac.uk\/\">heriot-watt university<\/a><\/h5>\n<h5>ARGENTINA<\/h5>\n<h5><a href=\"http:\/\/www.unp.edu.ar\/\">UNIVERSIDAD NACIONAL DE LA PATAGONIA SAN JUAN BOSCO<\/a><\/h5>\n<h5>CHILE<\/h5>\n<h5><a href=\"https:\/\/www.ubiobio.cl\/w\/\">LA UNIVERSIDAD DEL B\u00cdO-B\u00cdO<\/a><\/h5>\n","protected":false},"excerpt":{"rendered":"<p>Fazem parte do N\u00facleo Cidades Saud\u00e1veis, Envelhecimento e Cidadania as institui\u00e7\u00f5es: brasil UNIVERSIDADE FEDERAL DE PELOTAS fran\u00e7a UNIVERSIT\u00c9 NICE SOPHIA ANTIPOLIS (C\u00d4TE D&#8217;AZUR) reino unido heriot-watt university ARGENTINA UNIVERSIDAD NACIONAL DE LA PATAGONIA SAN JUAN BOSCO CHILE LA UNIVERSIDAD DEL B\u00cdO-B\u00cdO<\/p>\n","protected":false},"author":956,"featured_media":456,"parent":0,"menu_order":0,"comment_status":"closed","ping_status":"closed","template":"","meta":{"footnotes":""},"class_list":["post-447","page","type-page","status-publish","has-post-thumbnail","hentry"],"_links":{"self":[{"href":"https:\/\/wp.ufpel.edu.br\/healthycities\/wp-json\/wp\/v2\/pages\/447","targetHints":{"allow":["GET"]}}],"collection":[{"href":"https:\/\/wp.ufpel.edu.br\/healthycities\/wp-json\/wp\/v2\/pages"}],"about":[{"href":"https:\/\/wp.ufpel.edu.br\/healthycities\/wp-json\/wp\/v2\/types\/page"}],"author":[{"embeddable":true,"href":"https:\/\/wp.ufpel.edu.br\/healthycities\/wp-json\/wp\/v2\/users\/956"}],"replies":[{"embeddable":true,"href":"https:\/\/wp.ufpel.edu.br\/healthycities\/wp-json\/wp\/v2\/comments?post=447"}],"version-history":[{"count":5,"href":"https:\/\/wp.ufpel.edu.br\/healthycities\/wp-json\/wp\/v2\/pages\/447\/revisions"}],"predecessor-version":[{"id":460,"href":"https:\/\/wp.ufpel.edu.br\/healthycities\/wp-json\/wp\/v2\/pages\/447\/revisions\/460"}],"wp:featuredmedia":[{"embeddable":true,"href":"https:\/\/wp.ufpel.edu.br\/healthycities\/wp-json\/wp\/v2\/media\/456"}],"wp:attachment":[{"href":"https:\/\/wp.ufpel.edu.br\/healthycities\/wp-json\/wp\/v2\/media?parent=447"}],"curies":[{"name":"wp","href":"https:\/\/api.w.org\/{rel}","templated":true}]}}