{"id":445,"date":"2021-01-14T16:43:36","date_gmt":"2021-01-14T19:43:36","guid":{"rendered":"https:\/\/wp.ufpel.edu.br\/healthycities\/?page_id=445"},"modified":"2022-09-12T17:32:33","modified_gmt":"2022-09-12T20:32:33","slug":"objetivos","status":"publish","type":"page","link":"https:\/\/wp.ufpel.edu.br\/healthycities\/pt\/objetivos\/","title":{"rendered":"Objetivos"},"content":{"rendered":"<p><img loading=\"lazy\" decoding=\"async\" class=\"size-full wp-image-228 aligncenter\" src=\"https:\/\/wp.ufpel.edu.br\/healthycities\/files\/2021\/01\/memoria.jpg\" alt=\"\" width=\"2048\" height=\"1152\" srcset=\"https:\/\/wp.ufpel.edu.br\/healthycities\/files\/2021\/01\/memoria.jpg 2048w, https:\/\/wp.ufpel.edu.br\/healthycities\/files\/2021\/01\/memoria-400x225.jpg 400w, https:\/\/wp.ufpel.edu.br\/healthycities\/files\/2021\/01\/memoria-1024x576.jpg 1024w, https:\/\/wp.ufpel.edu.br\/healthycities\/files\/2021\/01\/memoria-768x432.jpg 768w, https:\/\/wp.ufpel.edu.br\/healthycities\/files\/2021\/01\/memoria-1536x864.jpg 1536w\" sizes=\"auto, (max-width: 706px) 89vw, (max-width: 767px) 82vw, 740px\" \/><\/p>\n<p style=\"text-align: justify;\">Temos quatro objetivos principais:<\/p>\n<p style=\"text-align: justify;\">1. Consolidar parcerias internacionais entre a Universidade Federal de Pelotas e o Reino Unido, Fran\u00e7a, Argentina e Chile, no que diz respeito aos estudos do envelhecimento, bem como o estabelecimento de novas redes internacionais.<\/p>\n<p style=\"text-align: justify;\">2. Apoiar pesquisas que permitam que os idosos permane\u00e7am em sua comunidade, possibilitando viver ativamente e assumindo um papel significativo em suas comunidades.<\/p>\n<p style=\"text-align: justify;\">3. Promover semin\u00e1rios, workshops e minicursos relacionados com os temas envelhecimento no local e mem\u00f3ria.<\/p>\n<p style=\"text-align: justify;\">4. Promover mobilidade acad\u00eamica de pesquisadores para institui\u00e7\u00f5es internacionais parceiras espec\u00edficas para participar de estudos e redes de envelhecimento e cidades saud\u00e1veis.<\/p>\n","protected":false},"excerpt":{"rendered":"<p>Temos quatro objetivos principais: 1. Consolidar parcerias internacionais entre a Universidade Federal de Pelotas e o Reino Unido, Fran\u00e7a, Argentina e Chile, no que diz respeito aos estudos do envelhecimento, bem como o estabelecimento de novas redes internacionais. 2. Apoiar pesquisas que permitam que os idosos permane\u00e7am em sua comunidade, possibilitando viver ativamente e assumindo &hellip; <\/p>\n<p class=\"link-more\"><a href=\"https:\/\/wp.ufpel.edu.br\/healthycities\/pt\/objetivos\/\" class=\"more-link\">Continue lendo<span class=\"screen-reader-text\"> &#8220;Objetivos&#8221;<\/span><\/a><\/p>\n","protected":false},"author":956,"featured_media":0,"parent":0,"menu_order":0,"comment_status":"closed","ping_status":"closed","template":"","meta":{"footnotes":""},"class_list":["post-445","page","type-page","status-publish","hentry"],"_links":{"self":[{"href":"https:\/\/wp.ufpel.edu.br\/healthycities\/wp-json\/wp\/v2\/pages\/445","targetHints":{"allow":["GET"]}}],"collection":[{"href":"https:\/\/wp.ufpel.edu.br\/healthycities\/wp-json\/wp\/v2\/pages"}],"about":[{"href":"https:\/\/wp.ufpel.edu.br\/healthycities\/wp-json\/wp\/v2\/types\/page"}],"author":[{"embeddable":true,"href":"https:\/\/wp.ufpel.edu.br\/healthycities\/wp-json\/wp\/v2\/users\/956"}],"replies":[{"embeddable":true,"href":"https:\/\/wp.ufpel.edu.br\/healthycities\/wp-json\/wp\/v2\/comments?post=445"}],"version-history":[{"count":1,"href":"https:\/\/wp.ufpel.edu.br\/healthycities\/wp-json\/wp\/v2\/pages\/445\/revisions"}],"predecessor-version":[{"id":446,"href":"https:\/\/wp.ufpel.edu.br\/healthycities\/wp-json\/wp\/v2\/pages\/445\/revisions\/446"}],"wp:attachment":[{"href":"https:\/\/wp.ufpel.edu.br\/healthycities\/wp-json\/wp\/v2\/media?parent=445"}],"curies":[{"name":"wp","href":"https:\/\/api.w.org\/{rel}","templated":true}]}}