{"id":443,"date":"2021-01-14T16:43:07","date_gmt":"2021-01-14T19:43:07","guid":{"rendered":"https:\/\/wp.ufpel.edu.br\/healthycities\/?page_id=443"},"modified":"2023-04-05T09:50:01","modified_gmt":"2023-04-05T12:50:01","slug":"missoes-de-pesquisa-bolsas","status":"publish","type":"page","link":"https:\/\/wp.ufpel.edu.br\/healthycities\/pt\/missoes-de-pesquisa-bolsas\/","title":{"rendered":"Miss\u00f5es de Pesquisa &#038; Bolsas"},"content":{"rendered":"<h1>Research Missions<\/h1>\n<p><img loading=\"lazy\" decoding=\"async\" class=\"size-full wp-image-219 aligncenter\" src=\"https:\/\/wp.ufpel.edu.br\/healthycities\/files\/2021\/01\/personal-3108155_1920-1.jpg\" alt=\"\" width=\"1920\" height=\"1282\" srcset=\"https:\/\/wp.ufpel.edu.br\/healthycities\/files\/2021\/01\/personal-3108155_1920-1.jpg 1920w, https:\/\/wp.ufpel.edu.br\/healthycities\/files\/2021\/01\/personal-3108155_1920-1-400x267.jpg 400w, https:\/\/wp.ufpel.edu.br\/healthycities\/files\/2021\/01\/personal-3108155_1920-1-1024x684.jpg 1024w, https:\/\/wp.ufpel.edu.br\/healthycities\/files\/2021\/01\/personal-3108155_1920-1-768x513.jpg 768w, https:\/\/wp.ufpel.edu.br\/healthycities\/files\/2021\/01\/personal-3108155_1920-1-1536x1026.jpg 1536w\" sizes=\"auto, (max-width: 706px) 89vw, (max-width: 767px) 82vw, 740px\" \/><\/p>\n<p><strong>Miss\u00e3o de Pesquisa 01:<\/strong><\/p>\n<p>Benefici\u00e1rio: Professora Nirce Saffer Medvedoski, Faculdade de Arquitetura e Planejamento, Universidade Federal de Pelotas, Brasil.<\/p>\n<p>De: 21\/05\/2019 a 30\/05\/2019.<\/p>\n<p>Destino: Nova York, EUA.<\/p>\n<p>Relat\u00f3rio de miss\u00e3o de pesquisa para download <a href=\"https:\/\/wp.ufpel.edu.br\/healthycities\/files\/2021\/01\/Mission-1-Research-Report.pdf\">download<\/a>.<\/p>\n<p><strong>Miss\u00e3o de Pesquisa 02:<\/strong><\/p>\n<p>Benefici\u00e1ria: Pesquisadora Associada Sirlene de Melo Sope\u00f1a, Faculdade de Arquitetura e Planejamento, Universidade Federal de Pelotas, Brasil.<\/p>\n<p>De: 21\/05\/2019 a 30\/05\/2019.<\/p>\n<p>Destino: Nova York, EUA.<\/p>\n<p>Relat\u00f3rio de miss\u00e3o de pesquisa para\u00a0<a href=\"https:\/\/wp.ufpel.edu.br\/healthycities\/files\/2021\/01\/Mission-2-Research-Report.pdf\">download<\/a>.<\/p>\n<p><strong>Miss\u00e3o de Pesquisa 03:<\/strong><\/p>\n<p>Benefici\u00e1ria: Professora Ligia Maria Chiarelli, Faculdade de Arquitetura e Planejamento, Universidade Federal de Pelotas, Brasil.<\/p>\n<p>De: 24\/08\/2019 a 01\/09\/2019.<\/p>\n<p>Destino: Edimburgo, Reino Unido.<\/p>\n<p>Relat\u00f3rio de miss\u00e3o de pesquisa para<span style=\"font-size: 1rem;\">\u00a0<\/span><a style=\"font-size: 1rem;\" href=\"https:\/\/wp.ufpel.edu.br\/healthycities\/files\/2021\/01\/Mission-3-Research-Report.pdf\">download<\/a><span style=\"font-size: 1rem;\">.<\/span><\/p>\n<p style=\"text-align: justify;\"><strong>Research Mission 04: <\/strong><\/p>\n<p>Benefici\u00e1rio: Professora Fernanda Faot, Faculdade de Odontologia, Universidade Federal de Pelotas, Brasil.<\/p>\n<p>De: 26\/09\/2019 a 09\/10\/2019.<\/p>\n<p>Destino: Edimburgo, Reino Unido.<\/p>\n<p>Relat\u00f3rio de miss\u00e3o de pesquisa para <a style=\"font-size: 1rem;\" href=\"https:\/\/wp.ufpel.edu.br\/healthycities\/files\/2021\/01\/Mission-4-Research-Report.pdf\">download<\/a><span style=\"font-size: 1rem;\">.<\/span><\/p>\n<p><strong>Miss\u00e3o de pesquisa 05: CANCELADA devido \u00e0 pandemia de COVID-19<\/strong><\/p>\n<p>Benefici\u00e1rio: Professora Professora Maria Let\u00edcia Mazzucchi Ferreira, Instituto de Ci\u00eancias Humanas, Universidade Federal de Pelotas, Brasil.<\/p>\n<p>De: 15\/03\/2020 a 29\/03\/2020<\/p>\n<p>Destino: Nice, Fran\u00e7a.<\/p>\n<p style=\"text-align: justify;\"><strong>Research Mission 06: <\/strong><\/p>\n<p>Benefici\u00e1rio: Professora Adriana Portella, Faculdade de Arquitetura e Urbanismo, Universidade Federal de Pelotas, Brasil.<\/p>\n<p>De: 06\/11\/2022 a 16\/11\/2022.<\/p>\n<p>Destino: Patag\u00f4nia, Argentina.<\/p>\n<p>Relat\u00f3rio de miss\u00e3o de pesquisa para <a style=\"font-size: 1rem;\" href=\"https:\/\/wp.ufpel.edu.br\/healthycities\/files\/2023\/04\/RELATORIO-PATAGONIA-ADRIANA.pdf\">download<\/a><span style=\"font-size: 1rem;\">.<\/span><\/p>\n<p style=\"text-align: justify;\"><strong>Research Mission 07: <\/strong><\/p>\n<p>Benefici\u00e1rio: Professora Celina Maria Britto Corr\u00eaa, Faculdade de Arquitetura e Urbanismo, Universidade Federal de Pelotas, Brasil.<\/p>\n<p>De: 06\/11\/2022 a 16\/11\/2022.<\/p>\n<p>Destino: Patag\u00f4nia, Argentina.<\/p>\n<p>Relat\u00f3rio de miss\u00e3o de pesquisa para <a style=\"font-size: 1rem;\" href=\"https:\/\/wp.ufpel.edu.br\/healthycities\/files\/2023\/04\/RELATORIO-PATAGONIA-CELINA.pdf\">download<\/a><span style=\"font-size: 1rem;\">.<\/span><\/p>\n<h1 style=\"text-align: justify;\">Bolsas<\/h1>\n<p><img loading=\"lazy\" decoding=\"async\" class=\"size-full wp-image-223 aligncenter\" src=\"https:\/\/wp.ufpel.edu.br\/healthycities\/files\/2021\/01\/startup-593344_1920.jpg\" alt=\"\" width=\"1920\" height=\"1280\" srcset=\"https:\/\/wp.ufpel.edu.br\/healthycities\/files\/2021\/01\/startup-593344_1920.jpg 1920w, https:\/\/wp.ufpel.edu.br\/healthycities\/files\/2021\/01\/startup-593344_1920-400x267.jpg 400w, https:\/\/wp.ufpel.edu.br\/healthycities\/files\/2021\/01\/startup-593344_1920-1024x683.jpg 1024w, https:\/\/wp.ufpel.edu.br\/healthycities\/files\/2021\/01\/startup-593344_1920-768x512.jpg 768w, https:\/\/wp.ufpel.edu.br\/healthycities\/files\/2021\/01\/startup-593344_1920-1536x1024.jpg 1536w\" sizes=\"auto, (max-width: 706px) 89vw, (max-width: 767px) 82vw, 740px\" \/><\/p>\n<p><strong>Professor Visitante da Universidade Federal de Pelotas, Brasil:<\/strong><\/p>\n<p><strong>Benefici\u00e1rio: Professor Crist\u00f3bal Bravo Ferretti, Universidade de B\u00edo-B\u00edo, Chile.<\/strong><\/p>\n<p>De: 01\/03\/2021 a 30\/03\/2021.<\/p>\n<p>Destino: Pelotas, Brasil.<\/p>\n<p><strong>Benefici\u00e1rio: Professor Juan Manuel Diez Tetamanti, Universidad Nacional De La Patagonia San Juan Bosco, Argentina.<\/strong><\/p>\n<p>De: 01\/06\/2023 a 30\/06\/2023.<\/p>\n<p>Destino: Pelotas, Brasil.<\/p>\n","protected":false},"excerpt":{"rendered":"<p>Research Missions Miss\u00e3o de Pesquisa 01: Benefici\u00e1rio: Professora Nirce Saffer Medvedoski, Faculdade de Arquitetura e Planejamento, Universidade Federal de Pelotas, Brasil. De: 21\/05\/2019 a 30\/05\/2019. Destino: Nova York, EUA. Relat\u00f3rio de miss\u00e3o de pesquisa para download download. Miss\u00e3o de Pesquisa 02: Benefici\u00e1ria: Pesquisadora Associada Sirlene de Melo Sope\u00f1a, Faculdade de Arquitetura e Planejamento, Universidade Federal &hellip; <\/p>\n<p class=\"link-more\"><a href=\"https:\/\/wp.ufpel.edu.br\/healthycities\/pt\/missoes-de-pesquisa-bolsas\/\" class=\"more-link\">Continue lendo<span class=\"screen-reader-text\"> &#8220;Miss\u00f5es de Pesquisa &#038; Bolsas&#8221;<\/span><\/a><\/p>\n","protected":false},"author":956,"featured_media":0,"parent":0,"menu_order":0,"comment_status":"closed","ping_status":"closed","template":"","meta":{"footnotes":""},"class_list":["post-443","page","type-page","status-publish","hentry"],"_links":{"self":[{"href":"https:\/\/wp.ufpel.edu.br\/healthycities\/wp-json\/wp\/v2\/pages\/443","targetHints":{"allow":["GET"]}}],"collection":[{"href":"https:\/\/wp.ufpel.edu.br\/healthycities\/wp-json\/wp\/v2\/pages"}],"about":[{"href":"https:\/\/wp.ufpel.edu.br\/healthycities\/wp-json\/wp\/v2\/types\/page"}],"author":[{"embeddable":true,"href":"https:\/\/wp.ufpel.edu.br\/healthycities\/wp-json\/wp\/v2\/users\/956"}],"replies":[{"embeddable":true,"href":"https:\/\/wp.ufpel.edu.br\/healthycities\/wp-json\/wp\/v2\/comments?post=443"}],"version-history":[{"count":4,"href":"https:\/\/wp.ufpel.edu.br\/healthycities\/wp-json\/wp\/v2\/pages\/443\/revisions"}],"predecessor-version":[{"id":476,"href":"https:\/\/wp.ufpel.edu.br\/healthycities\/wp-json\/wp\/v2\/pages\/443\/revisions\/476"}],"wp:attachment":[{"href":"https:\/\/wp.ufpel.edu.br\/healthycities\/wp-json\/wp\/v2\/media?parent=443"}],"curies":[{"name":"wp","href":"https:\/\/api.w.org\/{rel}","templated":true}]}}