{"id":440,"date":"2021-01-15T00:29:55","date_gmt":"2021-01-15T03:29:55","guid":{"rendered":"https:\/\/wp.ufpel.edu.br\/healthycities\/?page_id=440"},"modified":"2022-09-12T17:21:03","modified_gmt":"2022-09-12T20:21:03","slug":"publicacoes","status":"publish","type":"page","link":"https:\/\/wp.ufpel.edu.br\/healthycities\/pt\/publicacoes\/","title":{"rendered":"Publica\u00e7\u00f5es"},"content":{"rendered":"<div class=\"ZyvIDe\">\n<div class=\"a8FIud L6rCcb\" data-apply-responsive-style=\"true\" data-classes=\"\" data-initial-translation-length=\"229\" data-saved-translation-limit-reached=\"false\">\n<div class=\"VfPpkd-Bz112c-RLmnJb\" style=\"text-align: justify;\"><span class=\"JLqJ4b ChMk0b\" style=\"font-size: 1rem;\" data-language-for-alternatives=\"pt\" data-language-to-translate-into=\"en\" data-phrase-index=\"0\" data-number-of-phrases=\"2\"><span class=\"Q4iAWc\">O N\u00facleo Cidades Saud\u00e1veis, Envelhecimento e Cidadania promoveu o desenvolvimento de dois n\u00fameros especiais sobre Estudos do Envelhecimento na revista cient\u00edfica Pixo.<\/span><\/span> <span class=\"JLqJ4b ChMk0b\" style=\"font-size: 1rem;\" data-language-for-alternatives=\"pt\" data-language-to-translate-into=\"en\" data-phrase-index=\"1\" data-number-of-phrases=\"2\"><span class=\"Q4iAWc\">Abaixo voc\u00ea pode acessar as duas edi\u00e7\u00f5es, \u00e9 de acesso aberto.<\/span><\/span><\/div>\n<div><\/div>\n<div>\n<p style=\"text-align: justify;\"><a href=\"https:\/\/periodicos.ufpel.edu.br\/ojs2\/index.php\/pixo\/issue\/view\/984\"><img loading=\"lazy\" decoding=\"async\" class=\"alignnone size-full wp-image-236\" src=\"https:\/\/wp.ufpel.edu.br\/healthycities\/files\/2021\/01\/cover_issue_984_pt_BR.jpg\" alt=\"\" width=\"400\" height=\"565\" srcset=\"https:\/\/wp.ufpel.edu.br\/healthycities\/files\/2021\/01\/cover_issue_984_pt_BR.jpg 400w, https:\/\/wp.ufpel.edu.br\/healthycities\/files\/2021\/01\/cover_issue_984_pt_BR-283x400.jpg 283w\" sizes=\"auto, (max-width: 400px) 100vw, 400px\" \/><\/a><\/p>\n<p style=\"text-align: justify;\"><a href=\"https:\/\/periodicos.ufpel.edu.br\/ojs2\/index.php\/pixo\/issue\/view\/998\"><img loading=\"lazy\" decoding=\"async\" class=\"alignnone size-full wp-image-237\" src=\"https:\/\/wp.ufpel.edu.br\/healthycities\/files\/2021\/01\/cover_issue_998_pt_BR.jpg\" alt=\"\" width=\"400\" height=\"565\" srcset=\"https:\/\/wp.ufpel.edu.br\/healthycities\/files\/2021\/01\/cover_issue_998_pt_BR.jpg 400w, https:\/\/wp.ufpel.edu.br\/healthycities\/files\/2021\/01\/cover_issue_998_pt_BR-283x400.jpg 283w\" sizes=\"auto, (max-width: 400px) 100vw, 400px\" \/><\/a><\/p>\n<p style=\"text-align: justify;\">O N\u00facle tamb\u00e9m organizou o IAPS 2019 e publicou o livro de resumos com o tema &#8220;Envelhecimento Populacional em um Mundo de Desigualdades: Como projetar cidades saud\u00e1veis para todos&#8221;. O Livro pode ser baixado abaixo:<\/p>\n<p style=\"text-align: justify;\"><a href=\"https:\/\/iaps-association.org\/blog\/2019-iaps-symposium-book-of-abstracts-is-available-now\/\"><img loading=\"lazy\" decoding=\"async\" class=\"alignnone wp-image-238\" src=\"https:\/\/wp.ufpel.edu.br\/healthycities\/files\/2021\/01\/CAPA-JPG-980x1385-1.jpg\" alt=\"\" width=\"401\" height=\"567\" srcset=\"https:\/\/wp.ufpel.edu.br\/healthycities\/files\/2021\/01\/CAPA-JPG-980x1385-1.jpg 980w, https:\/\/wp.ufpel.edu.br\/healthycities\/files\/2021\/01\/CAPA-JPG-980x1385-1-283x400.jpg 283w, https:\/\/wp.ufpel.edu.br\/healthycities\/files\/2021\/01\/CAPA-JPG-980x1385-1-725x1024.jpg 725w, https:\/\/wp.ufpel.edu.br\/healthycities\/files\/2021\/01\/CAPA-JPG-980x1385-1-768x1085.jpg 768w\" sizes=\"auto, (max-width: 401px) 100vw, 401px\" \/><\/a><\/p>\n<\/div>\n<\/div>\n<\/div>\n","protected":false},"excerpt":{"rendered":"<p>O N\u00facleo Cidades Saud\u00e1veis, Envelhecimento e Cidadania promoveu o desenvolvimento de dois n\u00fameros especiais sobre Estudos do Envelhecimento na revista cient\u00edfica Pixo. Abaixo voc\u00ea pode acessar as duas edi\u00e7\u00f5es, \u00e9 de acesso aberto. O N\u00facle tamb\u00e9m organizou o IAPS 2019 e publicou o livro de resumos com o tema &#8220;Envelhecimento Populacional em um Mundo de &hellip; <\/p>\n<p class=\"link-more\"><a href=\"https:\/\/wp.ufpel.edu.br\/healthycities\/pt\/publicacoes\/\" class=\"more-link\">Continue lendo<span class=\"screen-reader-text\"> &#8220;Publica\u00e7\u00f5es&#8221;<\/span><\/a><\/p>\n","protected":false},"author":956,"featured_media":0,"parent":0,"menu_order":0,"comment_status":"closed","ping_status":"closed","template":"","meta":{"footnotes":""},"class_list":["post-440","page","type-page","status-publish","hentry"],"_links":{"self":[{"href":"https:\/\/wp.ufpel.edu.br\/healthycities\/wp-json\/wp\/v2\/pages\/440","targetHints":{"allow":["GET"]}}],"collection":[{"href":"https:\/\/wp.ufpel.edu.br\/healthycities\/wp-json\/wp\/v2\/pages"}],"about":[{"href":"https:\/\/wp.ufpel.edu.br\/healthycities\/wp-json\/wp\/v2\/types\/page"}],"author":[{"embeddable":true,"href":"https:\/\/wp.ufpel.edu.br\/healthycities\/wp-json\/wp\/v2\/users\/956"}],"replies":[{"embeddable":true,"href":"https:\/\/wp.ufpel.edu.br\/healthycities\/wp-json\/wp\/v2\/comments?post=440"}],"version-history":[{"count":2,"href":"https:\/\/wp.ufpel.edu.br\/healthycities\/wp-json\/wp\/v2\/pages\/440\/revisions"}],"predecessor-version":[{"id":442,"href":"https:\/\/wp.ufpel.edu.br\/healthycities\/wp-json\/wp\/v2\/pages\/440\/revisions\/442"}],"wp:attachment":[{"href":"https:\/\/wp.ufpel.edu.br\/healthycities\/wp-json\/wp\/v2\/media?parent=440"}],"curies":[{"name":"wp","href":"https:\/\/api.w.org\/{rel}","templated":true}]}}