{"id":431,"date":"2021-01-14T16:42:51","date_gmt":"2021-01-14T19:42:51","guid":{"rendered":"https:\/\/wp.ufpel.edu.br\/healthycities\/?page_id=431"},"modified":"2023-04-05T10:08:26","modified_gmt":"2023-04-05T13:08:26","slug":"equipe-de-pesquisa","status":"publish","type":"page","link":"https:\/\/wp.ufpel.edu.br\/healthycities\/pt\/equipe-de-pesquisa\/","title":{"rendered":"Equipe de pesquisa"},"content":{"rendered":"<h5>Coordenador brasileiro (2023-):<\/h5>\n<p><img loading=\"lazy\" decoding=\"async\" class=\" wp-image-472 alignleft\" src=\"https:\/\/wp.ufpel.edu.br\/healthycities\/files\/2023\/04\/edu-e1680697846265-339x400.jpg\" alt=\"\" width=\"149\" height=\"176\" srcset=\"https:\/\/wp.ufpel.edu.br\/healthycities\/files\/2023\/04\/edu-e1680697846265-339x400.jpg 339w, https:\/\/wp.ufpel.edu.br\/healthycities\/files\/2023\/04\/edu-e1680697846265.jpg 717w\" sizes=\"auto, (max-width: 149px) 100vw, 149px\" \/>Professor Eduardo Rocha, Universidade Federal de Pelotas, Faculdade de Arquitetura e Urbanismo, Brasil.<\/p>\n<h5>Coordenadora brasileira (2018-2023):<\/h5>\n<p><img loading=\"lazy\" decoding=\"async\" class=\" wp-image-46 alignleft\" src=\"https:\/\/wp.ufpel.edu.br\/healthycities\/files\/2021\/01\/adri-1-327x400.jpg\" alt=\"\" width=\"146\" height=\"179\" srcset=\"https:\/\/wp.ufpel.edu.br\/healthycities\/files\/2021\/01\/adri-1-327x400.jpg 327w, https:\/\/wp.ufpel.edu.br\/healthycities\/files\/2021\/01\/adri-1.jpg 365w\" sizes=\"auto, (max-width: 146px) 100vw, 146px\" \/>Professora Adriana Portella, Universidade Federal de Pelotas, Faculdade de Arquitetura e Urbanismo, Brasil.<\/p>\n<h5>coordenador internacional (2018-):<\/h5>\n<p><img loading=\"lazy\" decoding=\"async\" class=\"wp-image-47 alignleft\" src=\"https:\/\/wp.ufpel.edu.br\/healthycities\/files\/2021\/01\/Ryan-348x400.jpg\" alt=\"\" width=\"149\" height=\"171\" srcset=\"https:\/\/wp.ufpel.edu.br\/healthycities\/files\/2021\/01\/Ryan-348x400.jpg 348w, https:\/\/wp.ufpel.edu.br\/healthycities\/files\/2021\/01\/Ryan-892x1024.jpg 892w, https:\/\/wp.ufpel.edu.br\/healthycities\/files\/2021\/01\/Ryan-768x882.jpg 768w, https:\/\/wp.ufpel.edu.br\/healthycities\/files\/2021\/01\/Ryan-1337x1536.jpg 1337w, https:\/\/wp.ufpel.edu.br\/healthycities\/files\/2021\/01\/Ryan-1783x2048.jpg 1783w\" sizes=\"auto, (max-width: 149px) 100vw, 149px\" \/>Professor Ryan Woorych, Heriot-Watt University, The Urban Institute, Edinburgh, UK.<\/p>\n<h5>parceiros Internationais:<\/h5>\n<p><img loading=\"lazy\" decoding=\"async\" class=\" wp-image-48 alignleft\" src=\"https:\/\/wp.ufpel.edu.br\/healthycities\/files\/2021\/01\/juan.jpg\" alt=\"\" width=\"152\" height=\"188\" \/>Professor Juan Manuel Diez Tetamanti, Universidad Nacional De La Patagonia San Juan Bosco, Argentina.<\/p>\n<p>&nbsp;<\/p>\n<p>&nbsp;<\/p>\n<p>&nbsp;<\/p>\n<p><img loading=\"lazy\" decoding=\"async\" class=\" wp-image-49 alignleft\" src=\"https:\/\/wp.ufpel.edu.br\/healthycities\/files\/2021\/01\/AVT_Jol-Candau_2119.jpg\" alt=\"\" width=\"153\" height=\"183\" \/>Professor Jo\u00ebl Candau, Universit\u00e9 Nice Sophia Antipolis, France.<\/p>\n<p>&nbsp;<\/p>\n<p>&nbsp;<\/p>\n<p>&nbsp;<\/p>\n<p><img loading=\"lazy\" decoding=\"async\" class=\"wp-image-195 alignleft\" src=\"https:\/\/wp.ufpel.edu.br\/healthycities\/files\/2021\/01\/Cristobal-2.jpg\" alt=\"\" width=\"154\" height=\"205\" \/><\/p>\n<p>Professor Crist\u00f3bal Bravo Ferretti, University of B\u00edo-B\u00edo, Chile.<\/p>\n<h5>parceiros Nacionais:<\/h5>\n<p><img loading=\"lazy\" decoding=\"async\" class=\" wp-image-46 alignleft\" src=\"https:\/\/wp.ufpel.edu.br\/healthycities\/files\/2021\/01\/adri-1-327x400.jpg\" alt=\"\" width=\"146\" height=\"179\" srcset=\"https:\/\/wp.ufpel.edu.br\/healthycities\/files\/2021\/01\/adri-1-327x400.jpg 327w, https:\/\/wp.ufpel.edu.br\/healthycities\/files\/2021\/01\/adri-1.jpg 365w\" sizes=\"auto, (max-width: 146px) 100vw, 146px\" \/>Professora Adriana Portella, Universidade Federal de Pelotas, Faculdade de Arquitetura e Urbanismo, Brasil.<\/p>\n<p>&nbsp;<\/p>\n<p>&nbsp;<\/p>\n<p>&nbsp;<\/p>\n<p><img loading=\"lazy\" decoding=\"async\" class=\" wp-image-50 alignleft\" src=\"https:\/\/wp.ufpel.edu.br\/healthycities\/files\/2021\/01\/aline.jpg\" alt=\"\" width=\"154\" height=\"193\" \/>Professora Aline Montagna da Silveira, Universidade Federal de Pelotas, Faculdade de Arquitetura e Urbanismo, Brasil.<\/p>\n<p>&nbsp;<\/p>\n<p>&nbsp;<\/p>\n<p>&nbsp;<\/p>\n<p><img loading=\"lazy\" decoding=\"async\" class=\" wp-image-51 alignleft\" src=\"https:\/\/wp.ufpel.edu.br\/healthycities\/files\/2021\/01\/ana.jpg\" alt=\"\" width=\"154\" height=\"195\" \/>Professora Ana L\u00facia Costa de Oliveira, Universidade Federal de Pelotas, Faculdade de Arquitetura e Urbanismo, Brasil.<\/p>\n<p>&nbsp;<\/p>\n<p>&nbsp;<\/p>\n<p>&nbsp;<\/p>\n<p><img loading=\"lazy\" decoding=\"async\" class=\" wp-image-52 alignleft\" src=\"https:\/\/wp.ufpel.edu.br\/healthycities\/files\/2021\/01\/Andre_De_Oliveira_Torres_Carrasco-351x400.jpg\" alt=\"\" width=\"155\" height=\"177\" srcset=\"https:\/\/wp.ufpel.edu.br\/healthycities\/files\/2021\/01\/Andre_De_Oliveira_Torres_Carrasco-351x400.jpg 351w, https:\/\/wp.ufpel.edu.br\/healthycities\/files\/2021\/01\/Andre_De_Oliveira_Torres_Carrasco.jpg 444w\" sizes=\"auto, (max-width: 155px) 100vw, 155px\" \/>Professor Andr\u00e9 de Oliveira Torres Carrasco, Universidade Federal de Pelotas, Faculdade de Arquitetura e Urbanismo, Brasil.<\/p>\n<p>&nbsp;<\/p>\n<p>&nbsp;<\/p>\n<p>&nbsp;<\/p>\n<p><img loading=\"lazy\" decoding=\"async\" class=\" wp-image-53 alignleft\" src=\"https:\/\/wp.ufpel.edu.br\/healthycities\/files\/2021\/01\/celia-332x400.jpg\" alt=\"\" width=\"155\" height=\"186\" srcset=\"https:\/\/wp.ufpel.edu.br\/healthycities\/files\/2021\/01\/celia-332x400.jpg 332w, https:\/\/wp.ufpel.edu.br\/healthycities\/files\/2021\/01\/celia.jpg 605w\" sizes=\"auto, (max-width: 155px) 100vw, 155px\" \/>Professor C\u00e9lia Helena Castro Gonsales, Universidade Federal de Pelotas, Faculdade de Arquitetura e Urbanismo, Brasil.<\/p>\n<p>&nbsp;<\/p>\n<p>&nbsp;<\/p>\n<p>&nbsp;<\/p>\n<p><img loading=\"lazy\" decoding=\"async\" class=\"alignleft wp-image-54\" src=\"https:\/\/wp.ufpel.edu.br\/healthycities\/files\/2021\/01\/image1-295x400.jpg\" alt=\"\" width=\"156\" height=\"212\" \/>Professora Celina Maria Britto Correa, Universidade Federal de Pelotas, Faculdade de Arquitetura e Urbanismo, Brasil.<\/p>\n<p>&nbsp;<\/p>\n<p>&nbsp;<\/p>\n<p>&nbsp;<\/p>\n<p><img loading=\"lazy\" decoding=\"async\" class=\"wp-image-353 alignleft\" src=\"https:\/\/wp.ufpel.edu.br\/healthycities\/files\/2021\/01\/Cristhin-1.jpg\" alt=\"\" width=\"156\" height=\"194\" srcset=\"https:\/\/wp.ufpel.edu.br\/healthycities\/files\/2021\/01\/Cristhin-1.jpg 540w, https:\/\/wp.ufpel.edu.br\/healthycities\/files\/2021\/01\/Cristhin-1-321x400.jpg 321w\" sizes=\"auto, (max-width: 156px) 100vw, 156px\" \/>Professor Cristhian Moreira Brum, Universidade Federal de Pelotas, Faculdade de Arquitetura e Urbanismo, Brasil.<\/p>\n<p>&nbsp;<\/p>\n<p>&nbsp;<\/p>\n<p>&nbsp;<\/p>\n<p><img loading=\"lazy\" decoding=\"async\" class=\" wp-image-55 alignleft\" src=\"https:\/\/wp.ufpel.edu.br\/healthycities\/files\/2021\/01\/diego-320x400.jpg\" alt=\"\" width=\"157\" height=\"197\" srcset=\"https:\/\/wp.ufpel.edu.br\/healthycities\/files\/2021\/01\/diego-320x400.jpg 320w, https:\/\/wp.ufpel.edu.br\/healthycities\/files\/2021\/01\/diego.jpg 393w\" sizes=\"auto, (max-width: 157px) 100vw, 157px\" \/>Professor Diego Lemos Ribeiro, Universidade Federal de Pelotas, Instituto de Ci\u00eancias Humanas, Brasil.<\/p>\n<p>&nbsp;<\/p>\n<p>&nbsp;<\/p>\n<p>&nbsp;<\/p>\n<p><img loading=\"lazy\" decoding=\"async\" class=\" wp-image-56 alignleft\" src=\"https:\/\/wp.ufpel.edu.br\/healthycities\/files\/2021\/01\/edu-319x400.jpg\" alt=\"\" width=\"156\" height=\"196\" srcset=\"https:\/\/wp.ufpel.edu.br\/healthycities\/files\/2021\/01\/edu-319x400.jpg 319w, https:\/\/wp.ufpel.edu.br\/healthycities\/files\/2021\/01\/edu-815x1024.jpg 815w, https:\/\/wp.ufpel.edu.br\/healthycities\/files\/2021\/01\/edu-768x965.jpg 768w, https:\/\/wp.ufpel.edu.br\/healthycities\/files\/2021\/01\/edu-1223x1536.jpg 1223w, https:\/\/wp.ufpel.edu.br\/healthycities\/files\/2021\/01\/edu.jpg 1235w\" sizes=\"auto, (max-width: 156px) 100vw, 156px\" \/>Professor Eduardo Rocha, Universidade Federal de Pelotas, Faculdade de Arquitetura e Urbanismo, Brasil.<\/p>\n<p>&nbsp;<\/p>\n<p>&nbsp;<\/p>\n<p>&nbsp;<\/p>\n<p><img loading=\"lazy\" decoding=\"async\" class=\" wp-image-57 alignleft\" src=\"https:\/\/wp.ufpel.edu.br\/healthycities\/files\/2021\/01\/fernanda-352x400.jpg\" alt=\"\" width=\"156\" height=\"177\" srcset=\"https:\/\/wp.ufpel.edu.br\/healthycities\/files\/2021\/01\/fernanda-352x400.jpg 352w, https:\/\/wp.ufpel.edu.br\/healthycities\/files\/2021\/01\/fernanda.jpg 671w\" sizes=\"auto, (max-width: 156px) 100vw, 156px\" \/>Professora Fernanda Faot, Universidade Federal de Pelotas, Faculdade de Odontologia, Brasil.<\/p>\n<p>&nbsp;<\/p>\n<p>&nbsp;<\/p>\n<p>&nbsp;<\/p>\n<p><img loading=\"lazy\" decoding=\"async\" class=\" wp-image-58 alignleft\" src=\"https:\/\/wp.ufpel.edu.br\/healthycities\/files\/2021\/01\/helen.jpg\" alt=\"\" width=\"158\" height=\"182\" \/>Professora Helen Gon\u00e7alves, Universidade Federal de Pelotas, Faculdade de Medicina, Brasil.<\/p>\n<p>&nbsp;<\/p>\n<p>&nbsp;<\/p>\n<p>&nbsp;<\/p>\n<p><img loading=\"lazy\" decoding=\"async\" class=\"wp-image-59 alignleft\" src=\"https:\/\/wp.ufpel.edu.br\/healthycities\/files\/2021\/01\/inacio.jpg\" alt=\"\" width=\"156\" height=\"176\" \/>Professor In\u00e1cio Crochemore Mohnsam da Silva, Universidade Federal de Pelotas, Escola Superior de Educa\u00e7\u00e3o F\u00edsica, Brasil.<\/p>\n<p>&nbsp;<\/p>\n<p>&nbsp;<\/p>\n<p><img loading=\"lazy\" decoding=\"async\" class=\" wp-image-60 alignleft\" src=\"https:\/\/wp.ufpel.edu.br\/healthycities\/files\/2021\/01\/joao.jpg\" alt=\"\" width=\"156\" height=\"163\" \/>Professor Jo\u00e3o Fernando Igansi Nunes, Universidade Federal de Pelotas, Centro de Artes, Brasil.<\/p>\n<p>&nbsp;<\/p>\n<p>&nbsp;<\/p>\n<p>&nbsp;<\/p>\n<p><img loading=\"lazy\" decoding=\"async\" class=\" wp-image-61 alignleft\" src=\"https:\/\/wp.ufpel.edu.br\/healthycities\/files\/2021\/01\/juliane-360x400.jpg\" alt=\"\" width=\"158\" height=\"176\" srcset=\"https:\/\/wp.ufpel.edu.br\/healthycities\/files\/2021\/01\/juliane-360x400.jpg 360w, https:\/\/wp.ufpel.edu.br\/healthycities\/files\/2021\/01\/juliane.jpg 428w\" sizes=\"auto, (max-width: 158px) 100vw, 158px\" \/>Professora Juliane Serres, Universidade Federal de Pelotas, Instituto de Ci\u00eancias Humanas, Brasil.<\/p>\n<p>&nbsp;<\/p>\n<p>&nbsp;<\/p>\n<p>&nbsp;<\/p>\n<p><img loading=\"lazy\" decoding=\"async\" class=\"wp-image-63 size-full alignleft\" src=\"https:\/\/wp.ufpel.edu.br\/healthycities\/files\/2021\/01\/laura-e1662400373466.jpg\" alt=\"\" width=\"156\" height=\"200\" \/>Professor Laura Lopes Cezar, Universidade Federal de Pelotas, Faculdade de Arquitetura e Urbanismo, Brasil.<\/p>\n<p>&nbsp;<\/p>\n<p>&nbsp;<\/p>\n<p>&nbsp;<\/p>\n<p>&nbsp;<\/p>\n<p><img loading=\"lazy\" decoding=\"async\" class=\" wp-image-65 alignleft\" src=\"https:\/\/wp.ufpel.edu.br\/healthycities\/files\/2021\/01\/marcelo.jpg\" alt=\"\" width=\"159\" height=\"219\" \/>Professor Marcelo Cozzensa da Silva, Universidade Federal de Pelotas, Escola Superior de Educa\u00e7\u00e3o F\u00edsica, Brasil.<\/p>\n<p>&nbsp;<\/p>\n<p>&nbsp;<\/p>\n<p>&nbsp;<\/p>\n<p>&nbsp;<\/p>\n<p><img loading=\"lazy\" decoding=\"async\" class=\" wp-image-66 alignleft\" src=\"https:\/\/wp.ufpel.edu.br\/healthycities\/files\/2021\/01\/leticia.jpg\" alt=\"\" width=\"160\" height=\"190\" \/>Professora Maria Leticia Mazzucchi Ferreira, Universidade Federal de Pelotas, Instituto de Ci\u00eancias Humanas, Brasil.<\/p>\n<p>&nbsp;<\/p>\n<p>&nbsp;<\/p>\n<p>&nbsp;<\/p>\n<p><img loading=\"lazy\" decoding=\"async\" class=\"wp-image-67 alignleft\" src=\"https:\/\/wp.ufpel.edu.br\/healthycities\/files\/2021\/01\/mauricio-e1610673735137-341x400.jpg\" alt=\"\" width=\"161\" height=\"188\" srcset=\"https:\/\/wp.ufpel.edu.br\/healthycities\/files\/2021\/01\/mauricio-e1610673735137-341x400.jpg 341w, https:\/\/wp.ufpel.edu.br\/healthycities\/files\/2021\/01\/mauricio-e1610673735137-874x1024.jpg 874w, https:\/\/wp.ufpel.edu.br\/healthycities\/files\/2021\/01\/mauricio-e1610673735137-768x900.jpg 768w, https:\/\/wp.ufpel.edu.br\/healthycities\/files\/2021\/01\/mauricio-e1610673735137.jpg 1103w\" sizes=\"auto, (max-width: 161px) 100vw, 161px\" \/>Professor Mauricio Couto Polidori, Universidade Federal de Pelotas, Faculdade de Arquitetura e Urbanismo, Brasil.<\/p>\n<p>&nbsp;<\/p>\n<p>&nbsp;<\/p>\n<p>&nbsp;<\/p>\n<p><img loading=\"lazy\" decoding=\"async\" class=\"wp-image-68 alignleft\" src=\"https:\/\/wp.ufpel.edu.br\/healthycities\/files\/2021\/01\/nirce-e1610673790334-332x400.jpg\" alt=\"\" width=\"160\" height=\"193\" srcset=\"https:\/\/wp.ufpel.edu.br\/healthycities\/files\/2021\/01\/nirce-e1610673790334-332x400.jpg 332w, https:\/\/wp.ufpel.edu.br\/healthycities\/files\/2021\/01\/nirce-e1610673790334-849x1024.jpg 849w, https:\/\/wp.ufpel.edu.br\/healthycities\/files\/2021\/01\/nirce-e1610673790334-768x927.jpg 768w, https:\/\/wp.ufpel.edu.br\/healthycities\/files\/2021\/01\/nirce-e1610673790334.jpg 1172w\" sizes=\"auto, (max-width: 160px) 100vw, 160px\" \/>Professora Nirce Saffer Medvedovski, Universidade Federal de Pelotas, Faculdade de Arquitetura e Urbanismo, Brasil.<\/p>\n<p>&nbsp;<\/p>\n<p>&nbsp;<\/p>\n<p>&nbsp;<\/p>\n<p><img loading=\"lazy\" decoding=\"async\" class=\"wp-image-71 alignleft\" src=\"https:\/\/wp.ufpel.edu.br\/healthycities\/files\/2021\/01\/Paulo-Rheingantz.jpg\" alt=\"\" width=\"162\" height=\"162\" srcset=\"https:\/\/wp.ufpel.edu.br\/healthycities\/files\/2021\/01\/Paulo-Rheingantz.jpg 200w, https:\/\/wp.ufpel.edu.br\/healthycities\/files\/2021\/01\/Paulo-Rheingantz-100x100.jpg 100w\" sizes=\"auto, (max-width: 162px) 100vw, 162px\" \/>Professor Paulo Afonso Rheingantz, Universidade Federal de Pelotas, Faculdade de Arquitetura e Urbanismo, Brasil.<\/p>\n<p>&nbsp;<\/p>\n<p>&nbsp;<\/p>\n<p><img loading=\"lazy\" decoding=\"async\" class=\" wp-image-72 alignleft\" src=\"https:\/\/wp.ufpel.edu.br\/healthycities\/files\/2021\/01\/sidney-397x400.jpeg\" alt=\"\" width=\"163\" height=\"164\" srcset=\"https:\/\/wp.ufpel.edu.br\/healthycities\/files\/2021\/01\/sidney-397x400.jpeg 397w, https:\/\/wp.ufpel.edu.br\/healthycities\/files\/2021\/01\/sidney-200x200.jpeg 200w, https:\/\/wp.ufpel.edu.br\/healthycities\/files\/2021\/01\/sidney-100x100.jpeg 100w, https:\/\/wp.ufpel.edu.br\/healthycities\/files\/2021\/01\/sidney.jpeg 720w\" sizes=\"auto, (max-width: 163px) 100vw, 163px\" \/>Professor Sidney Gon\u00e7alves Vieira, Universidade Federal de Pelotas, Instituto de Ci\u00eancias Humanas, Brasil.<\/p>\n<p>&nbsp;<\/p>\n<p>&nbsp;<\/p>\n<h5>BOLSISTAS Nacionais:<\/h5>\n<p><img loading=\"lazy\" decoding=\"async\" class=\" wp-image-487 alignleft\" src=\"https:\/\/wp.ufpel.edu.br\/healthycities\/files\/2023\/04\/natalin-400x400.jpg\" alt=\"\" width=\"159\" height=\"159\" srcset=\"https:\/\/wp.ufpel.edu.br\/healthycities\/files\/2023\/04\/natalin-400x400.jpg 400w, https:\/\/wp.ufpel.edu.br\/healthycities\/files\/2023\/04\/natalin-200x200.jpg 200w, https:\/\/wp.ufpel.edu.br\/healthycities\/files\/2023\/04\/natalin-100x100.jpg 100w, https:\/\/wp.ufpel.edu.br\/healthycities\/files\/2023\/04\/natalin.jpg 720w\" sizes=\"auto, (max-width: 159px) 100vw, 159px\" \/>Natalin Pucinelli Lourenco. Bolsista Pibic\/Cnpq (de 01\/02\/2023 \u00e0 01\/08\/2023)<\/p>\n<p>&nbsp;<\/p>\n<p>&nbsp;<\/p>\n<p>&nbsp;<\/p>\n<p><img loading=\"lazy\" decoding=\"async\" class=\" wp-image-486 alignleft\" src=\"https:\/\/wp.ufpel.edu.br\/healthycities\/files\/2023\/04\/giulia-400x400.jpeg\" alt=\"\" width=\"161\" height=\"161\" srcset=\"https:\/\/wp.ufpel.edu.br\/healthycities\/files\/2023\/04\/giulia-400x400.jpeg 400w, https:\/\/wp.ufpel.edu.br\/healthycities\/files\/2023\/04\/giulia-200x200.jpeg 200w, https:\/\/wp.ufpel.edu.br\/healthycities\/files\/2023\/04\/giulia-100x100.jpeg 100w, https:\/\/wp.ufpel.edu.br\/healthycities\/files\/2023\/04\/giulia.jpeg 569w\" sizes=\"auto, (max-width: 161px) 100vw, 161px\" \/>Giulia Vianna Dos Santos. Bolsista Pibic\/Cnpq (de 01\/09\/2022 \u00e0 31\/01\/2023)<\/p>\n<p>&nbsp;<\/p>\n<p>&nbsp;<\/p>\n<p>&nbsp;<\/p>\n<p><img loading=\"lazy\" decoding=\"async\" class=\" wp-image-485 alignleft\" src=\"https:\/\/wp.ufpel.edu.br\/healthycities\/files\/2023\/04\/emily-e1680700029618-372x400.jpg\" alt=\"\" width=\"163\" height=\"175\" srcset=\"https:\/\/wp.ufpel.edu.br\/healthycities\/files\/2023\/04\/emily-e1680700029618-372x400.jpg 372w, https:\/\/wp.ufpel.edu.br\/healthycities\/files\/2023\/04\/emily-e1680700029618-951x1024.jpg 951w, https:\/\/wp.ufpel.edu.br\/healthycities\/files\/2023\/04\/emily-e1680700029618-768x827.jpg 768w, https:\/\/wp.ufpel.edu.br\/healthycities\/files\/2023\/04\/emily-e1680700029618.jpg 1193w\" sizes=\"auto, (max-width: 163px) 100vw, 163px\" \/>Emily Schiavinatto Nogueira. Bolsista Probic\/Fapergs (de 01\/08\/2021 \u00e0 31\/08\/2022)<\/p>\n","protected":false},"excerpt":{"rendered":"<p>Coordenador brasileiro (2023-): Professor Eduardo Rocha, Universidade Federal de Pelotas, Faculdade de Arquitetura e Urbanismo, Brasil. Coordenadora brasileira (2018-2023): Professora Adriana Portella, Universidade Federal de Pelotas, Faculdade de Arquitetura e Urbanismo, Brasil. coordenador internacional (2018-): Professor Ryan Woorych, Heriot-Watt University, The Urban Institute, Edinburgh, UK. parceiros Internationais: Professor Juan Manuel Diez Tetamanti, Universidad Nacional De &hellip; <\/p>\n<p class=\"link-more\"><a href=\"https:\/\/wp.ufpel.edu.br\/healthycities\/pt\/equipe-de-pesquisa\/\" class=\"more-link\">Continue lendo<span class=\"screen-reader-text\"> &#8220;Equipe de pesquisa&#8221;<\/span><\/a><\/p>\n","protected":false},"author":956,"featured_media":0,"parent":0,"menu_order":0,"comment_status":"closed","ping_status":"closed","template":"","meta":{"footnotes":""},"class_list":["post-431","page","type-page","status-publish","hentry"],"_links":{"self":[{"href":"https:\/\/wp.ufpel.edu.br\/healthycities\/wp-json\/wp\/v2\/pages\/431","targetHints":{"allow":["GET"]}}],"collection":[{"href":"https:\/\/wp.ufpel.edu.br\/healthycities\/wp-json\/wp\/v2\/pages"}],"about":[{"href":"https:\/\/wp.ufpel.edu.br\/healthycities\/wp-json\/wp\/v2\/types\/page"}],"author":[{"embeddable":true,"href":"https:\/\/wp.ufpel.edu.br\/healthycities\/wp-json\/wp\/v2\/users\/956"}],"replies":[{"embeddable":true,"href":"https:\/\/wp.ufpel.edu.br\/healthycities\/wp-json\/wp\/v2\/comments?post=431"}],"version-history":[{"count":6,"href":"https:\/\/wp.ufpel.edu.br\/healthycities\/wp-json\/wp\/v2\/pages\/431\/revisions"}],"predecessor-version":[{"id":484,"href":"https:\/\/wp.ufpel.edu.br\/healthycities\/wp-json\/wp\/v2\/pages\/431\/revisions\/484"}],"wp:attachment":[{"href":"https:\/\/wp.ufpel.edu.br\/healthycities\/wp-json\/wp\/v2\/media?parent=431"}],"curies":[{"name":"wp","href":"https:\/\/api.w.org\/{rel}","templated":true}]}}