{"id":20,"date":"2021-01-14T16:43:07","date_gmt":"2021-01-14T19:43:07","guid":{"rendered":"https:\/\/wp.ufpel.edu.br\/healthycities\/?page_id=20"},"modified":"2023-04-05T09:49:31","modified_gmt":"2023-04-05T12:49:31","slug":"research-missions","status":"publish","type":"page","link":"https:\/\/wp.ufpel.edu.br\/healthycities\/research-missions\/","title":{"rendered":"Research Missions &amp; Fellowships"},"content":{"rendered":"<h3>Research Missions<\/h3>\n<p><img loading=\"lazy\" decoding=\"async\" class=\"size-full wp-image-219 aligncenter\" src=\"https:\/\/wp.ufpel.edu.br\/healthycities\/files\/2021\/01\/personal-3108155_1920-1.jpg\" alt=\"\" width=\"1920\" height=\"1282\" srcset=\"https:\/\/wp.ufpel.edu.br\/healthycities\/files\/2021\/01\/personal-3108155_1920-1.jpg 1920w, https:\/\/wp.ufpel.edu.br\/healthycities\/files\/2021\/01\/personal-3108155_1920-1-400x267.jpg 400w, https:\/\/wp.ufpel.edu.br\/healthycities\/files\/2021\/01\/personal-3108155_1920-1-1024x684.jpg 1024w, https:\/\/wp.ufpel.edu.br\/healthycities\/files\/2021\/01\/personal-3108155_1920-1-768x513.jpg 768w, https:\/\/wp.ufpel.edu.br\/healthycities\/files\/2021\/01\/personal-3108155_1920-1-1536x1026.jpg 1536w\" sizes=\"auto, (max-width: 706px) 89vw, (max-width: 767px) 82vw, 740px\" \/><\/p>\n<p><strong>Research Mission 01:<\/strong><\/p>\n<p style=\"text-align: justify;\"><span style=\"text-align: justify; font-size: 1rem;\">Beneficiary: Professor Nirce Saffer Medvedoski, School of Architecture and Planning, Federal University of Pelotas, Brazil.<\/span><\/p>\n<p>From: 21\/05\/2019 to 30\/05\/2019.<\/p>\n<p>Destination: New York, USA.<\/p>\n<p>Research Mission Report for <a href=\"https:\/\/wp.ufpel.edu.br\/healthycities\/files\/2021\/01\/Mission-1-Research-Report.pdf\">download<\/a>.<\/p>\n<p><strong>Research Mission 02:<\/strong><\/p>\n<p style=\"text-align: justify;\"><span style=\"text-align: justify; font-size: 1rem;\">Beneficiary: Research Associate Sirlene de Melo Sope\u00f1a, School of Architecture and Planning, Federal University of Pelotas, Brazil.<\/span><\/p>\n<p>From: 21\/05\/2019 to 30\/05\/2019.<\/p>\n<p>Destination: New York, USA.<\/p>\n<p>Research Mission Report for <a href=\"https:\/\/wp.ufpel.edu.br\/healthycities\/files\/2021\/01\/Mission-2-Research-Report.pdf\">download<\/a>.<\/p>\n<p><strong>Research Mission 03: <\/strong><\/p>\n<p style=\"text-align: justify;\"><span style=\"text-align: justify; font-size: 1rem;\">Beneficiary: Professor Ligia Maria Chiarelli, School of Architecture and Planning, Federal University of Pelotas, Brazil.<\/span><\/p>\n<p style=\"text-align: justify;\">From: 24\/08\/2019 to 01\/09\/2019.<\/p>\n<p>Destination: Edinburgh, UK.<\/p>\n<p>Research Mission Report for <a href=\"https:\/\/wp.ufpel.edu.br\/healthycities\/files\/2021\/01\/Mission-3-Research-Report.pdf\">download<\/a>.<\/p>\n<p style=\"text-align: justify;\"><strong>Research Mission 04: <\/strong><\/p>\n<p style=\"text-align: justify;\"><span style=\"text-align: justify; font-size: 1rem;\">Beneficiary: Professor Fernanda Faot, Faculty of Dentistry, Federal University of Pelotas, Brazil.<\/span><\/p>\n<p style=\"text-align: justify;\">From: 26\/09\/2019 to 09\/10\/2019.<\/p>\n<p style=\"text-align: justify;\">Destination: Edinburgh, UK.<\/p>\n<p style=\"text-align: justify;\">Research Mission Report for <a href=\"https:\/\/wp.ufpel.edu.br\/healthycities\/files\/2021\/01\/Mission-4-Research-Report.pdf\">download<\/a>.<\/p>\n<p style=\"text-align: justify;\"><strong>Research Mission 05: CANCELLED due to the COVID-19 Pandemic<\/strong><\/p>\n<p style=\"text-align: justify;\"><span style=\"text-align: justify; font-size: 1rem;\">Beneficiary: Professor Professor Maria Leticia Mazzucchi Ferreira, Institute of Human Sciences, Federal University of Pelotas, Brazil.<\/span><\/p>\n<p style=\"text-align: justify;\">From: 15\/03\/2020 to 29\/03\/2020<\/p>\n<p style=\"text-align: justify;\">Destination: Nice, France.<\/p>\n<p><strong>Research Mission 06:<\/strong><\/p>\n<p>Beneficiary: Professor Adriana Portella, Faculty of Architecture and Urbanism, Federal University of Pelotas, Brazil.<\/p>\n<p>From: 11\/06\/2022 to 11\/16\/2022.<\/p>\n<p>Destination: Patagonia, Argentina.<\/p>\n<p>Research Mission Report for <a href=\"https:\/\/wp.ufpel.edu.br\/healthycities\/files\/2023\/04\/RELATORIO-PATAGONIA-ADRIANA-1.pdf\">download<\/a>.<\/p>\n<p><strong>Research Mission 07:<\/strong><\/p>\n<p>Beneficiary: Professor Celina Maria Britto Corr\u00eaa, Faculty of Architecture and Urbanism, Federal University of Pelotas, Brazil.<\/p>\n<p>From: 11\/06\/2022 to 11\/16\/2022.<\/p>\n<p>Destination: Patagonia, Argentina.<\/p>\n<p>Research Mission Report for <a href=\"https:\/\/wp.ufpel.edu.br\/healthycities\/files\/2023\/04\/RELATORIO-PATAGONIA-CELINA-1.pdf\">download<\/a>.<\/p>\n<h3 style=\"text-align: justify;\">Fellowships<\/h3>\n<p><img loading=\"lazy\" decoding=\"async\" class=\"size-full wp-image-223 aligncenter\" src=\"https:\/\/wp.ufpel.edu.br\/healthycities\/files\/2021\/01\/startup-593344_1920.jpg\" alt=\"\" width=\"1920\" height=\"1280\" srcset=\"https:\/\/wp.ufpel.edu.br\/healthycities\/files\/2021\/01\/startup-593344_1920.jpg 1920w, https:\/\/wp.ufpel.edu.br\/healthycities\/files\/2021\/01\/startup-593344_1920-400x267.jpg 400w, https:\/\/wp.ufpel.edu.br\/healthycities\/files\/2021\/01\/startup-593344_1920-1024x683.jpg 1024w, https:\/\/wp.ufpel.edu.br\/healthycities\/files\/2021\/01\/startup-593344_1920-768x512.jpg 768w, https:\/\/wp.ufpel.edu.br\/healthycities\/files\/2021\/01\/startup-593344_1920-1536x1024.jpg 1536w\" sizes=\"auto, (max-width: 706px) 89vw, (max-width: 767px) 82vw, 740px\" \/><\/p>\n<p style=\"text-align: justify;\"><strong><span style=\"text-align: justify; font-size: 1rem;\">Visiting Professor at Federal University of Pelotas, Brazil: <\/span><\/strong><\/p>\n<p style=\"text-align: justify;\"><strong><span style=\"text-align: justify; font-size: 1rem;\">Beneficiary: Crist\u00f3bal Bravo Ferretti, University of B\u00edo-B\u00edo, Chile.<\/span><\/strong><\/p>\n<p style=\"text-align: justify;\">From: 01\/03\/2021 to 30\/03\/2021.<\/p>\n<p style=\"text-align: justify;\">Destination: Pelotas, Brazil.<\/p>\n<p><strong>Beneficiary: Professor Juan Manuel Diez Tetamanti, Universidad Nacional De La Patagonia San Juan Bosco, Argentina.<\/strong><\/p>\n<p>From: 06\/01\/2023 to 06\/30\/2023.<\/p>\n<p>Destination: Pelotas, Brazil.<\/p>\n<p>&nbsp;<\/p>\n","protected":false},"excerpt":{"rendered":"<p>Research Missions Research Mission 01: Beneficiary: Professor Nirce Saffer Medvedoski, School of Architecture and Planning, Federal University of Pelotas, Brazil. From: 21\/05\/2019 to 30\/05\/2019. Destination: New York, USA. Research Mission Report for download. Research Mission 02: Beneficiary: Research Associate Sirlene de Melo Sope\u00f1a, School of Architecture and Planning, Federal University of Pelotas, Brazil. From: 21\/05\/2019 &hellip; <\/p>\n<p class=\"link-more\"><a href=\"https:\/\/wp.ufpel.edu.br\/healthycities\/research-missions\/\" class=\"more-link\">Continue lendo<span class=\"screen-reader-text\"> &#8220;Research Missions &amp; Fellowships&#8221;<\/span><\/a><\/p>\n","protected":false},"author":956,"featured_media":0,"parent":0,"menu_order":0,"comment_status":"closed","ping_status":"closed","template":"","meta":{"footnotes":""},"class_list":["post-20","page","type-page","status-publish","hentry"],"_links":{"self":[{"href":"https:\/\/wp.ufpel.edu.br\/healthycities\/wp-json\/wp\/v2\/pages\/20","targetHints":{"allow":["GET"]}}],"collection":[{"href":"https:\/\/wp.ufpel.edu.br\/healthycities\/wp-json\/wp\/v2\/pages"}],"about":[{"href":"https:\/\/wp.ufpel.edu.br\/healthycities\/wp-json\/wp\/v2\/types\/page"}],"author":[{"embeddable":true,"href":"https:\/\/wp.ufpel.edu.br\/healthycities\/wp-json\/wp\/v2\/users\/956"}],"replies":[{"embeddable":true,"href":"https:\/\/wp.ufpel.edu.br\/healthycities\/wp-json\/wp\/v2\/comments?post=20"}],"version-history":[{"count":21,"href":"https:\/\/wp.ufpel.edu.br\/healthycities\/wp-json\/wp\/v2\/pages\/20\/revisions"}],"predecessor-version":[{"id":482,"href":"https:\/\/wp.ufpel.edu.br\/healthycities\/wp-json\/wp\/v2\/pages\/20\/revisions\/482"}],"wp:attachment":[{"href":"https:\/\/wp.ufpel.edu.br\/healthycities\/wp-json\/wp\/v2\/media?parent=20"}],"curies":[{"name":"wp","href":"https:\/\/api.w.org\/{rel}","templated":true}]}}