{"id":10,"date":"2022-09-01T19:25:10","date_gmt":"2022-09-01T22:25:10","guid":{"rendered":"https:\/\/wp.ufpel.edu.br\/healthycities\/?page_id=10"},"modified":"2023-04-05T10:14:37","modified_gmt":"2023-04-05T13:14:37","slug":"project","status":"publish","type":"page","link":"https:\/\/wp.ufpel.edu.br\/healthycities\/pt\/project\/","title":{"rendered":"N\u00facleo"},"content":{"rendered":"<p><img loading=\"lazy\" decoding=\"async\" class=\"size-full wp-image-232 aligncenter\" src=\"https:\/\/wp.ufpel.edu.br\/healthycities\/files\/2021\/01\/street-4703670_1920.jpg\" alt=\"\" width=\"1920\" height=\"1277\" srcset=\"https:\/\/wp.ufpel.edu.br\/healthycities\/files\/2021\/01\/street-4703670_1920.jpg 1920w, https:\/\/wp.ufpel.edu.br\/healthycities\/files\/2021\/01\/street-4703670_1920-400x266.jpg 400w, https:\/\/wp.ufpel.edu.br\/healthycities\/files\/2021\/01\/street-4703670_1920-1024x681.jpg 1024w, https:\/\/wp.ufpel.edu.br\/healthycities\/files\/2021\/01\/street-4703670_1920-768x511.jpg 768w, https:\/\/wp.ufpel.edu.br\/healthycities\/files\/2021\/01\/street-4703670_1920-1536x1022.jpg 1536w\" sizes=\"auto, (max-width: 706px) 89vw, (max-width: 767px) 82vw, 740px\" \/><\/p>\n<p style=\"text-align: justify;\">O envelhecimento deve ser compreendido como uma constru\u00e7\u00e3o a ser moldada a partir de uma pluralidade de abordagens, pr\u00e1ticas e valores culturais. Estudos da Organiza\u00e7\u00e3o Mundial da Sa\u00fade (OMS) indicam que at\u00e9 2050 o n\u00famero de pessoas com mais de 65 anos dobrar\u00e1; isto provocar\u00e1 in\u00fameros novos desafios, especialmente para os Pa\u00edses de Baixa e M\u00e9dia Renda (PBMRs), como o Brasil. O envelhecimento saud\u00e1vel \u00e9 pautado em algumas quest\u00f5es fundamentais como: a inclus\u00e3o de idosos em um ambiente de cidade amig\u00e1vel, o desenvolvimento de pr\u00e1ticas intergeracionais nos espa\u00e7os p\u00fablicos e pol\u00edticas p\u00fablicas voltadas para o envelhecimento no local, al\u00e9m de garantir a elimina\u00e7\u00e3o de barreiras que impedem os idosos de ter uma participa\u00e7\u00e3o social e c\u00edvica adequada na cidade. Os estudos com idosos compreendem tr\u00eas dimens\u00f5es espaciais, que correspondem a diferentes n\u00edveis de intera\u00e7\u00e3o e mem\u00f3ria: 1. a cidade, o espa\u00e7o p\u00fablico compartilhado; 2. o bairro, o espa\u00e7o privado; e 3. a casa. Essas tr\u00eas dimens\u00f5es devem ser analisadas em conjunto para que o processo de envelhecimento ocorra em um ambiente saud\u00e1vel, permitindo a autonomia do idoso e fortalecendo os v\u00ednculos sociais por meio de redes locais (como o bairro) e abordagens para evocar narrativas memoriais, fundamentais na afirma\u00e7\u00e3o da identidade social.<\/p>\n<p style=\"text-align: justify;\"><strong>O N\u00facleo Cidades Saud\u00e1veis, Envelhecimento e Cidadania envolve acad\u00eamicos dos Programas de P\u00f3s-gradua\u00e7\u00e3o em Arquitetura e Planejamento, Mem\u00f3ria Social e Patrim\u00f4nio Cultural, Odontologia, Educa\u00e7\u00e3o F\u00edsica e Epidemiologia da Universidade Federal de Pelotas. Iniciado em 2018 e ser\u00e1 executado at\u00e9 dezembro de 2023, o Centro trabalha com Reino Unido, Fran\u00e7a, Argentina e Chile, compondo um dos maiores Projetos Institucionais da Universidade Federal de Pelotas.<\/strong><\/p>\n<p style=\"text-align: justify;\">Contamos tamb\u00e9m com a participa\u00e7\u00e3o internacional do Instituto Urbano da Universidade Heriot-Watt de Edimburgo (Reino Unido), do <span class=\"VIiyi\" lang=\"pt\"><span class=\"JLqJ4b ChMk0b\" data-language-for-alternatives=\"pt\" data-language-to-translate-into=\"fr\" data-phrase-index=\"0\" data-number-of-phrases=\"1\"><span class=\"Q4iAWc\">Laborat\u00f3rio de Sociologia, Mem\u00f3ria e Cogni\u00e7\u00e3o da Universidade de <\/span><\/span><\/span>Nice-Sophia Antipolis (Fran\u00e7a), da <span class=\"VIiyi\" lang=\"pt\"><span class=\"JLqJ4b ChMk0b\" data-language-for-alternatives=\"pt\" data-language-to-translate-into=\"gn\" data-phrase-index=\"0\" data-number-of-phrases=\"1\"><span class=\"Q4iAWc\">Universidade Nacional da Patag\u00f4nia<\/span><\/span><\/span> (Argentina), e Universidade de B\u00edo-B\u00edo (Chile). O ponto de partida deste Centro foi o Projeto PlaceAge financiado pelo Economic and Social Research Council (ESRC), coordenado no Reino Unido pelo Professor Ryan Woorych da Heriot-Watt University em Edimburgo, e no Brasil pela Professora Adriana Portella (2018-2023) e pelo Professor Eduardo Rocha (2023-) da Universidade Federal de Pelotas. O Laborat\u00f3rio de Estudos do Comportamento <a href=\"https:\/\/wp.ufpel.edu.br\/labcom\/pt\/pagina-inicial\/\">(LabCom)<\/a> faz parte do Centro.<\/p>\n<p style=\"text-align: justify;\">O N\u00facleo faz parte do Programa Internacional <a href=\"https:\/\/wp.ufpel.edu.br\/print\/\">CAPES PRINT<\/a> do Governo Federal Brasileiro. O objetivo \u00e9 estimular a constru\u00e7\u00e3o, implementa\u00e7\u00e3o e consolida\u00e7\u00e3o de planos estrat\u00e9gicos de internacionaliza\u00e7\u00e3o; estimular a forma\u00e7\u00e3o de redes internacionais de pesquisa; ampliar as a\u00e7\u00f5es de apoio \u00e0 internacionaliza\u00e7\u00e3o em programas de p\u00f3s-gradua\u00e7\u00e3o; promover a mobilidade de docentes e discentes (com \u00eanfase em doutorandos, p\u00f3s-doutorandos e docentes no exterior e para o Brasil); fomentar a transforma\u00e7\u00e3o das institui\u00e7\u00f5es participantes em um ambiente internacional; e integrar outras a\u00e7\u00f5es de promo\u00e7\u00e3o da CAPES ao esfor\u00e7o brasileiro de internacionaliza\u00e7\u00e3o.<\/p>\n","protected":false},"excerpt":{"rendered":"<p>O envelhecimento deve ser compreendido como uma constru\u00e7\u00e3o a ser moldada a partir de uma pluralidade de abordagens, pr\u00e1ticas e valores culturais. Estudos da Organiza\u00e7\u00e3o Mundial da Sa\u00fade (OMS) indicam que at\u00e9 2050 o n\u00famero de pessoas com mais de 65 anos dobrar\u00e1; isto provocar\u00e1 in\u00fameros novos desafios, especialmente para os Pa\u00edses de Baixa e &hellip; <\/p>\n<p class=\"link-more\"><a href=\"https:\/\/wp.ufpel.edu.br\/healthycities\/pt\/project\/\" class=\"more-link\">Continue lendo<span class=\"screen-reader-text\"> &#8220;N\u00facleo&#8221;<\/span><\/a><\/p>\n","protected":false},"author":956,"featured_media":0,"parent":0,"menu_order":0,"comment_status":"closed","ping_status":"closed","template":"","meta":{"footnotes":""},"class_list":["post-10","page","type-page","status-publish","hentry"],"_links":{"self":[{"href":"https:\/\/wp.ufpel.edu.br\/healthycities\/wp-json\/wp\/v2\/pages\/10","targetHints":{"allow":["GET"]}}],"collection":[{"href":"https:\/\/wp.ufpel.edu.br\/healthycities\/wp-json\/wp\/v2\/pages"}],"about":[{"href":"https:\/\/wp.ufpel.edu.br\/healthycities\/wp-json\/wp\/v2\/types\/page"}],"author":[{"embeddable":true,"href":"https:\/\/wp.ufpel.edu.br\/healthycities\/wp-json\/wp\/v2\/users\/956"}],"replies":[{"embeddable":true,"href":"https:\/\/wp.ufpel.edu.br\/healthycities\/wp-json\/wp\/v2\/comments?post=10"}],"version-history":[{"count":20,"href":"https:\/\/wp.ufpel.edu.br\/healthycities\/wp-json\/wp\/v2\/pages\/10\/revisions"}],"predecessor-version":[{"id":492,"href":"https:\/\/wp.ufpel.edu.br\/healthycities\/wp-json\/wp\/v2\/pages\/10\/revisions\/492"}],"wp:attachment":[{"href":"https:\/\/wp.ufpel.edu.br\/healthycities\/wp-json\/wp\/v2\/media?parent=10"}],"curies":[{"name":"wp","href":"https:\/\/api.w.org\/{rel}","templated":true}]}}