{"id":9,"date":"2008-06-03T12:05:44","date_gmt":"2008-06-03T15:05:44","guid":{"rendered":"http:\/\/www.ufpel.edu.br\/fvet\/hcv\/?page_id=3"},"modified":"2023-06-14T15:11:28","modified_gmt":"2023-06-14T18:11:28","slug":"equipe","status":"publish","type":"page","link":"https:\/\/wp.ufpel.edu.br\/hcv\/equipe\/","title":{"rendered":"Equipe"},"content":{"rendered":"<p><a href=\"https:\/\/wp.ufpel.edu.br\/hcv\/files\/2008\/06\/Imagem1.png\"><img class=\"aligncenter wp-image-566 size-full\" src=\"https:\/\/wp.ufpel.edu.br\/hcv\/files\/2008\/06\/Imagem1.png\" alt=\"imagem1\" width=\"2000\" height=\"171\" srcset=\"https:\/\/wp.ufpel.edu.br\/hcv\/files\/2008\/06\/Imagem1.png 2000w, https:\/\/wp.ufpel.edu.br\/hcv\/files\/2008\/06\/Imagem1-212x18.png 212w, https:\/\/wp.ufpel.edu.br\/hcv\/files\/2008\/06\/Imagem1-424x36.png 424w, https:\/\/wp.ufpel.edu.br\/hcv\/files\/2008\/06\/Imagem1-768x66.png 768w\" sizes=\"(max-width: 2000px) 100vw, 2000px\" \/><\/a><\/p>\n<p><span style=\"text-decoration: underline\"><b>DIRETOR<\/b><\/span><\/p>\n<p><b>-Prof. Dr. Charles <\/b><b>Ferreira Martins (Cl\u00ednica M\u00e9dicas de grandes animais)<\/b><\/p>\n<p>link de acesso ao curr\u00edculo:\u00a0<a href=\"http:\/\/lattes.cnpq.br\/2190077981018023\">http:\/\/lattes.cnpq.br\/2190077981018023<\/a><\/p>\n<p>&nbsp;<\/p>\n<p><span style=\"text-decoration: underline\"><b>PROFESSORES<\/b><\/span><\/p>\n<p><b>-Prof. Dr\u00aa. Ana Raquel Mano Meinerz<\/b><b>\u00a0(Patologia Cl\u00ednica)<\/b><\/p>\n<p>link de acesso ao curr\u00edculo:\u00a0 <a href=\"http:\/\/lattes.cnpq.br\/1411457326256687\">http:\/\/lattes.cnpq.br\/1411457326256687<\/a><\/p>\n<p>&nbsp;<\/p>\n<p><b>-Prof. Dr\u00aa. Bruna da Rosa C\u00farcio<\/b><b>\u00a0(Cl\u00ednica M\u00e9dicas de Equinos)<\/b><\/p>\n<p>link de acesso ao curr\u00edculo:\u00a0<a href=\"http:\/\/lattes.cnpq.br\/1670738049534162\">http:\/\/lattes.cnpq.br\/1670738049534162<\/a><\/p>\n<p>&nbsp;<\/p>\n<p><b>-Prof. Dr. Carlos Eduardo Wayne Nogueira (Cl\u00ednica M\u00e9dica e Cir\u00fargica de Equinos)<\/b><\/p>\n<p>link de acesso ao curr\u00edculo:\u00a0<a href=\"http:\/\/lattes.cnpq.br\/9648618344545667\">http:\/\/<\/a><a href=\"http:\/\/lattes.cnpq.br\/9648618344545667\">lattes.cnpq.br\/9648618344545667<\/a><\/p>\n<p>&nbsp;<\/p>\n<p><b>-Prof. Dr. Charles <\/b><b>Ferreira Martins (Cl\u00ednica M\u00e9dicas de grandes animais)<\/b><\/p>\n<p>link de acesso ao curr\u00edculo:\u00a0<a href=\"http:\/\/lattes.cnpq.br\/2190077981018023\">http:\/\/lattes.cnpq.br\/2190077981018023<\/a><\/p>\n<p>&nbsp;<\/p>\n<p><b>-Prof. Dr. Cristiano Silva da Rosa<\/b><b>\u00a0(Cl\u00ednica M\u00e9dica <\/b><b>Animais <\/b><b>de <\/b><b>Companhia<\/b><b>)<\/b><\/p>\n<p>link de acesso ao curr\u00edculo:\u00a0<a href=\"http:\/\/lattes.cnpq.br\/4109518011199944\">http:\/\/lattes.cnpq.br\/4109518011199944<\/a><\/p>\n<p>&nbsp;<\/p>\n<p><b>-Prof. Dr. Eduardo <\/b><b>Santiago Ventura de Aguiar (Cl\u00ednica Cir\u00fargica de animais de companhia)<\/b><\/p>\n<p>link de acesso ao curr\u00edculo:\u00a0<a href=\"http:\/\/lattes.cnpq.br\/5855880554813533\">http:\/\/lattes.cnpq.br\/5855880554813533<\/a><\/p>\n<p>&nbsp;<\/p>\n<p><b>-Prof. Dr. Eduardo <\/b><b>Schmitt (Cl\u00ednica e Reprodu\u00e7\u00e3o de grandes animais)<\/b><\/p>\n<p>link de acesso ao curr\u00edculo:\u00a0\u00a0<a href=\"http:\/\/lattes.cnpq.br\/6459061517529181\">http:\/\/lattes.cnpq.br\/6459061517529181<\/a><\/p>\n<p>&nbsp;<\/p>\n<p><b>-Prof. Dr. Fabr\u00edcio <\/b><b>de Vargas <\/b><b>Arigony<\/b><b> Braga (Cl\u00ednica <\/b><b>Cir\u00fargica<\/b><b> de Animais de Companhia e Oftalmologia)\u00a0<\/b><\/p>\n<p>link de acesso ao curr\u00edculo: <a href=\"http:\/\/lattes.cnpq.br\/3493249676781098\">http:\/\/<\/a><a href=\"http:\/\/lattes.cnpq.br\/3493249676781098\">lattes.cnpq.br\/3493249676781098<\/a><\/p>\n<p>&nbsp;<\/p>\n<p><b>-Prof. Dr. Guilherme Albuquerque Cavalcanti<\/b><b>\u00a0(Diagn\u00f3stico por Imagem<\/b><b>)<\/b><\/p>\n<p>link de acesso ao curr\u00edculo:\u00a0<a href=\"http:\/\/lattes.cnpq.br\/3770715467351482\">http:\/\/lattes.cnpq.br\/3770715467351482<\/a><\/p>\n<p>&nbsp;<\/p>\n<p><b>-Prof. Dr\u00aa. <\/b><b>Josaine<\/b> <b>Cristina da Silva <\/b><b>Rappeti<\/b><b> (Cl\u00ednica Cir\u00fargica de Animais de Companhia)<\/b><\/p>\n<p>link de acesso ao curr\u00edculo:\u00a0<a href=\"http:\/\/lattes.cnpq.br\/0920500176191229\">http:\/\/<\/a><a href=\"http:\/\/lattes.cnpq.br\/0920500176191229\">lattes.cnpq.br\/0920500176191229<\/a><\/p>\n<p>&nbsp;<\/p>\n<p><b>-Prof. Dr. <strong>Luiz Fernando Jantzen Gaspar<\/strong><\/b><b>\u00a0(Cl\u00ednica M\u00e9dicas de Animais de Companhia)<\/b><\/p>\n<p>link de acesso ao curr\u00edculo:\u00a0<a href=\"http:\/\/lattes.cnpq.br\/5179606270447442\">http:\/\/lattes.cnpq.br\/5179606270447442<\/a><\/p>\n<p>&nbsp;<\/p>\n<p><b>-Prof. <\/b><b>Dr. M\u00e1rcio<\/b> <b>Nunes Correa (Cl\u00ednica M\u00e9dica de grandes animais)<\/b><\/p>\n<p>link de acesso ao curr\u00edculo: \u00a0<a href=\"http:\/\/lattes.cnpq.br\/9004968476181175\">http:\/\/<\/a><a href=\"http:\/\/lattes.cnpq.br\/9004968476181175\">lattes.cnpq.br\/9004968476181175<\/a><\/p>\n<p>&nbsp;<\/p>\n<p><b>-Prof. Dr\u00aa. Mariana Cristina Hoeppner Rondelli <\/b><b>\u00a0(Cl\u00ednica M\u00e9dica <\/b><b>Animais <\/b><b>de <\/b><b>Companhia<\/b><b>)<\/b><\/p>\n<p>link de acesso ao curr\u00edculo:\u00a0<a href=\"http:\/\/lattes.cnpq.br\/0865584270935020\">http:\/\/lattes.cnpq.br\/0865584270935020<\/a><\/p>\n<p>&nbsp;<\/p>\n<p><b>-Prof. Dr\u00aa. Marlete Brum Cleff<\/b><b>\u00a0(Cl\u00ednica M\u00e9dica <\/b><b>Animais <\/b><b>de <\/b><b>Companhia<\/b><b>)<\/b><\/p>\n<p>link de acesso ao curr\u00edculo:\u00a0<a href=\"http:\/\/lattes.cnpq.br\/9916986411712495\">http:\/\/lattes.cnpq.br\/9916986411712495<\/a><\/p>\n<p>&nbsp;<\/p>\n<p><b>-Prof. Dr. <\/b><b>Martielo<\/b> <b>Ivan <\/b><b>Gehrcke<\/b><b> (<\/b><b>Anestesiologista<\/b><b>)<\/b><\/p>\n<p>link de acesso ao curr\u00edculo:\u00a0<a href=\"http:\/\/lattes.cnpq.br\/3357966005978156\">http:\/\/<\/a><a href=\"http:\/\/lattes.cnpq.br\/3357966005978156\">lattes.cnpq.br\/3357966005978156<\/a><\/p>\n<p>&nbsp;<\/p>\n<p><b>-Prof. Dr\u00aa. Raqueli Teresinha Fran\u00e7a<\/b><b>\u00a0(<\/b><b>Animais Silvestres<\/b><b>)<\/b><\/p>\n<p>link de acesso ao curr\u00edculo:\u00a0<a href=\"http:\/\/lattes.cnpq.br\/1873207812219742\">http:\/\/lattes.cnpq.br\/1873207812219742<\/a><\/p>\n<p>&nbsp;<\/p>\n<p><strong>-Prof. Dr\u00aa. Paula Priscila Correia Costa ( Cl\u00ednica M\u00e9dica Animais de Companhia e Toxicologia\/Plantas t\u00f3xicas)<\/strong><\/p>\n<p>link de acesso ao curr\u00edculo:\u00a0<a href=\"http:\/\/lattes.cnpq.br\/6227957374635529\">http:\/\/lattes.cnpq.br\/6227957374635529<\/a><\/p>\n<p>&nbsp;<\/p>\n<p><b>-Prof. Dr. S\u00e9rgio Jorge (Cl\u00ednica M\u00e9dica\u00a0Animais\u00a0de\u00a0Companhia)<\/b><\/p>\n<p>link de acesso ao curr\u00edculo: <a href=\"http:\/\/lattes.cnpq.br\/4952257308264821\">http:\/\/lattes.cnpq.br\/4952257308264821<\/a><\/p>\n<p>&nbsp;<\/p>\n<p><b>-Prof. Dr\u00aa. Viviane <\/b><b>Rohrig<\/b> <b>Rabassa<\/b><b> (Cl\u00ednica e Reprodu\u00e7\u00e3o de Ruminantes)<\/b><\/p>\n<p>link de acesso ao curr\u00edculo:\u00a0<a href=\"http:\/\/lattes.cnpq.br\/8957203614372999\">http:\/\/lattes.cnpq.br\/8957203614372999<\/a><\/p>\n<p>&nbsp;<\/p>\n<p><b>T\u00c9CNICOS ADMINISTRATIVOS EM EDUCA\u00c7\u00c3O<\/b><\/p>\n<p>&nbsp;<\/p>\n<p><span style=\"text-decoration: underline\"><b>M\u00c9DICOS <\/b><b>VETERIN\u00c1RIOS<\/b><\/span><\/p>\n<p><b>-MV. Ms. F\u00e1bio <\/b><b>da Silva e Silva (Cl\u00ednica <\/b><b>de Animais <\/b><b>de <\/b><b>Companhia<\/b><b>)<\/b><\/p>\n<p>link de acesso ao curr\u00edculo: <a href=\"http:\/\/lattes.cnpq.br\/3341165240168004\">http<\/a><a href=\"http:\/\/lattes.cnpq.br\/3341165240168004\">:\/\/<\/a><a href=\"http:\/\/lattes.cnpq.br\/3341165240168004\">lattes.cnpq.br\/3341165240168004<\/a><\/p>\n<p>&nbsp;<\/p>\n<p><strong>-MV Dr. Leandro Am\u00e9rico Rafael \u00a0(Clinica M\u00e9dica e Cirurgica de Grande Animais)<\/strong><\/p>\n<p>link de acesso ao curr\u00edculo:\u00a0 <a href=\"http:\/\/lattes.cnpq.br\/3567682896951096\">http:\/\/lattes.cnpq.br\/3567682896951096<\/a><\/p>\n<p>&nbsp;<\/p>\n<p><b>-MV. Dra<\/b><b>. <\/b><b>Patricia<\/b> <b>Silva Vives <\/b><b>(Cl\u00ednica <\/b><b>Cir\u00fargia<\/b> <b>de <\/b><b>Animais <\/b><b>de <\/b><b>Companhia<\/b><b>)<\/b><\/p>\n<p>link de acesso ao curr\u00edculo:\u00a0<a href=\"http:\/\/lattes.cnpq.br\/0543989493162443\">http:\/\/<\/a><a href=\"http:\/\/lattes.cnpq.br\/0543989493162443\">lattes.cnpq.br\/0543989493162443<\/a><\/p>\n<p>&nbsp;<\/p>\n<p><b>-MV. Dr. Thomas <\/b><b>Normanton<\/b> <b>Guim<\/b><b> (<\/b><b>Anestesiologista<\/b><b> e Oncologia)<\/b><\/p>\n<p>link de acesso ao curr\u00edculo:\u00a0<a href=\"http:\/\/lattes.cnpq.br\/7249015065471838\">http:\/\/<\/a><a href=\"http:\/\/lattes.cnpq.br\/7249015065471838\">lattes.cnpq.br\/7249015065471838<\/a><\/p>\n<p>&nbsp;<\/p>\n<p><span style=\"text-decoration: underline\"><b>ENFERMAGEM<\/b><\/span><\/p>\n<p>&#8211; Ana Paula Albano<\/p>\n<p>-Paulo Ditgen<\/p>\n<p>&nbsp;<\/p>\n<p><span style=\"text-decoration: underline\"><b>T\u00c9CNICOS <\/b><b>ADMINISTRATIVOS<\/b><\/span><\/p>\n<p>&#8211; Diego Bastos (Auxiliar administrativo)<\/p>\n<p>&#8211; Carla dos Santos (Assistente em Administra\u00e7\u00e3o)<\/p>\n<p>&#8211; Gladis Teresinha Borges (T\u00e9cnico em contabilidade)<\/p>\n<p>&nbsp;<\/p>\n<p><span style=\"text-decoration: underline\"><strong>RESIDENTES<\/strong><\/span><\/p>\n<p><strong><span style=\"color: #000000\">Cl\u00ednica M\u00e9dica de Animais de Companhia\u00a0<\/span><\/strong><\/p>\n<p><strong><span style=\"color: #000000\">Cl\u00ednica Cir\u00fargica de Animais de Companhia\u00a0<\/span><\/strong><\/p>\n<p><strong><span style=\"color: #000000\">Anestesiologia\u00a0<\/span><\/strong><\/p>\n<p><strong><span style=\"color: #000000\">Setor de Imagem\u00a0<\/span><\/strong><\/p>\n<p><strong><span style=\"color: #000000\">Laborat\u00f3rio de Patologia\u00a0<\/span><\/strong><\/p>\n<p><strong><span style=\"color: #000000\">Cl\u00ednica M\u00e9dica e Cir\u00fargica de Equinos\u00a0<\/span><\/strong><\/p>\n<p><strong><span style=\"color: #000000\">Cl\u00ednica M\u00e9dica e Cir\u00fargica de Ruminantes\u00a0<\/span><\/strong><\/p>\n<p>&nbsp;<\/p>\n<p><span style=\"text-decoration: underline\"><strong>RECEP\u00c7\u00c3O<\/strong><\/span><\/p>\n<p>&#8211; Priscila Furtado<\/p>\n<p>&nbsp;<\/p>\n<p><span style=\"text-decoration: underline\"><strong>FARM\u00c1CIA<\/strong><\/span><\/p>\n<p>&#8211; Marta Santos<\/p>\n<p>&nbsp;<\/p>\n<p><span style=\"text-decoration: underline\"><strong>SETOR DE LIMPEZA E TRATADORES <\/strong><\/span><\/p>\n<p>&nbsp;<\/p>\n<p><span style=\"text-decoration: underline\"><strong>ALUNOS DA GRADUA\u00c7\u00c3O E P\u00d3S GRADUA\u00c7\u00c3O EM CONSTANTE TREINAMENTO E CAPACITA\u00c7\u00c3O <\/strong><\/span><\/p>\n<p>&nbsp;<\/p>\n<p>&nbsp;<\/p>\n<p>&nbsp;<\/p>\n<p>&nbsp;<\/p>\n<p>&nbsp;<\/p>\n<p>&nbsp;<\/p>\n","protected":false},"excerpt":{"rendered":"<p>DIRETOR -Prof. Dr. Charles Ferreira Martins (Cl\u00ednica M\u00e9dicas de grandes animais) link de acesso ao curr\u00edculo:\u00a0http:\/\/lattes.cnpq.br\/2190077981018023 &nbsp; PROFESSORES -Prof. Dr\u00aa. Ana Raquel Mano Meinerz\u00a0(Patologia Cl\u00ednica) link de acesso ao curr\u00edculo:\u00a0 http:\/\/lattes.cnpq.br\/1411457326256687 &nbsp; -Prof. Dr\u00aa. Bruna da Rosa C\u00farcio\u00a0(Cl\u00ednica M\u00e9dicas de Equinos) link de acesso ao curr\u00edculo:\u00a0http:\/\/lattes.cnpq.br\/1670738049534162 &nbsp; -Prof. Dr. Carlos Eduardo Wayne Nogueira (Cl\u00ednica M\u00e9dica [&hellip;]<\/p>\n","protected":false},"author":4,"featured_media":0,"parent":0,"menu_order":0,"comment_status":"closed","ping_status":"closed","template":"","meta":{"footnotes":""},"class_list":["post-9","page","type-page","status-publish","hentry"],"_links":{"self":[{"href":"https:\/\/wp.ufpel.edu.br\/hcv\/wp-json\/wp\/v2\/pages\/9","targetHints":{"allow":["GET"]}}],"collection":[{"href":"https:\/\/wp.ufpel.edu.br\/hcv\/wp-json\/wp\/v2\/pages"}],"about":[{"href":"https:\/\/wp.ufpel.edu.br\/hcv\/wp-json\/wp\/v2\/types\/page"}],"author":[{"embeddable":true,"href":"https:\/\/wp.ufpel.edu.br\/hcv\/wp-json\/wp\/v2\/users\/4"}],"replies":[{"embeddable":true,"href":"https:\/\/wp.ufpel.edu.br\/hcv\/wp-json\/wp\/v2\/comments?post=9"}],"version-history":[{"count":32,"href":"https:\/\/wp.ufpel.edu.br\/hcv\/wp-json\/wp\/v2\/pages\/9\/revisions"}],"predecessor-version":[{"id":1736,"href":"https:\/\/wp.ufpel.edu.br\/hcv\/wp-json\/wp\/v2\/pages\/9\/revisions\/1736"}],"wp:attachment":[{"href":"https:\/\/wp.ufpel.edu.br\/hcv\/wp-json\/wp\/v2\/media?parent=9"}],"curies":[{"name":"wp","href":"https:\/\/api.w.org\/{rel}","templated":true}]}}