{"id":8,"date":"2008-06-03T10:50:46","date_gmt":"2008-06-03T13:50:46","guid":{"rendered":"http:\/\/www.ufpel.edu.br\/fvet\/hcv\/?page_id=2"},"modified":"2017-01-03T08:48:00","modified_gmt":"2017-01-03T10:48:00","slug":"about","status":"publish","type":"page","link":"https:\/\/wp.ufpel.edu.br\/hcv\/about\/","title":{"rendered":"Sobre N\u00f3s"},"content":{"rendered":"<h2 style=\"text-align: center\"><span style=\"color: #008000;font-family: 'arial black', sans-serif\">SEJAM BEM VINDOS AO\u00a0HOSPITAL DE CL\u00cdNICAS VETERIN\u00c1RIA DA UFPel\u00a0<\/span><\/h2>\n<h3 style=\"text-align: justify\"><span style=\"color: #008000;font-family: 'arial black', sans-serif\">Este site foi criado com a finalidade de facilitar a comunica\u00e7\u00e3o entre o Hospital de Clinicas Veterin\u00e1ria da Faculdade de Veterin\u00e1ria da Universidade Federal de Pelotas e aqueles que com ele desejarem interagir no campo profissional, na presta\u00e7\u00e3o de servi\u00e7os, sua clientela e para sugest\u00f5es que nos fa\u00e7am progredir, cada vez mais, no nosso compromisso com a comunidade .<\/span><\/h3>\n<h3 style=\"text-align: left\"><\/h3>\n<h3 style=\"text-align: left\"><span style=\"color: #008000;font-family: 'arial black', sans-serif\">MISS\u00c3O DO HOSPITAL VETERIN\u00c1RIO<\/span><\/h3>\n<p><span style=\"color: #008000;font-family: 'arial black', sans-serif\">\u201cProporcionar atrav\u00e9s do atendimento m\u00e9dico veterin\u00e1rio o ensino, a pesquisa e a extens\u00e3o. Utilizando os recursos tecnol\u00f3gicos para \u00e0 presta\u00e7\u00e3o de servi\u00e7os, na busca da satisfa\u00e7\u00e3o e dos cumprimento legal dos padr\u00f5es da ci\u00eancia para o incremento da sa\u00fade\u201d<\/span><\/p>\n<h3 style=\"text-align: left\"><span style=\"color: #008000;font-family: 'arial black', sans-serif\">\u00a0<\/span><\/h3>\n<p><span style=\"color: #008000;font-family: 'arial black', sans-serif\"><strong>DO \u00d3RG\u00c3O E SUA FINALIDADE<\/strong><\/span><\/p>\n<p><span style=\"color: #008000;font-family: 'arial black', sans-serif\">Art. 1<sup>o<\/sup> \u2013 O Hospital de Cl\u00ednicas\u00a0\u2013 UFPel, \u00e9 um \u00f3rg\u00e3o complementar da Faculdade de Veterin\u00e1ria da Universidade Federal de Pelotas que tem por finalidade:<\/span><\/p>\n<p><span style=\"color: #008000;font-family: 'arial black', sans-serif\">I \u2013 colaborar com os departamentos do Curso de Medicina Veterin\u00e1ria e de outros cursos da UFPel, selecionando e disponibilizando casos de interesse did\u00e1tico e\/ou cient\u00edfico. Com o objetivo de atender seus programas de ensino de gradua\u00e7\u00e3o e p\u00f3s-gradua\u00e7\u00e3o, pesquisa e extens\u00e3o;<\/span><\/p>\n<p><span style=\"color: #008000;font-family: 'arial black', sans-serif\">II \u2013 proporcionar treinamento a M\u00e9dicos Veterin\u00e1rios inscritos nos Conselhos Regionais de Medicina Veterin\u00e1ria, bem como ao corpo discente de entidades de Ensino de Medicina Veterin\u00e1ria, sob supervis\u00e3o de docentes dos Departamentos da Faculdade de Veterin\u00e1ria que exer\u00e7am atividades no Hospital;<\/span><\/p>\n<p><span style=\"color: #008000;font-family: 'arial black', sans-serif\">III &#8211; proporcionar treinamento t\u00e9cnico a discentes de outras Institui\u00e7\u00f5es de Ensino em \u00e1reas que o Hospital esteja capacitado;<\/span><\/p>\n<p><span style=\"color: #008000;font-family: 'arial black', sans-serif\">IV \u2013 prestar servi\u00e7os m\u00e9dico-cir\u00fargicos, ambulatoriais e\/ou hospitalares \u00e0 comunidade, no campo da Medicina Veterin\u00e1ria, dentro de Programas de Extens\u00e3o definidos e aprovados em editais institucionais, visando atender as atividades de ensino de gradua\u00e7\u00e3o e p\u00f3s-gradua\u00e7\u00e3o, pesquisa e extens\u00e3o;<\/span><\/p>\n<p><span style=\"color: #008000;font-family: 'arial black', sans-serif\">VI \u2013 garantir a realiza\u00e7\u00e3o da Especializa\u00e7\u00e3o em Resid\u00eancia M\u00e9dica Veterin\u00e1ria;<\/span><\/p>\n<p><span style=\"color: #008000;font-family: 'arial black', sans-serif\">VII \u2013 apoiar e executar programas de educa\u00e7\u00e3o continuada e de aprimoramento profissional e discente atrav\u00e9s de cursos de atualiza\u00e7\u00e3o e aperfei\u00e7oamento e concess\u00e3o de est\u00e1gios pr\u00e9-profissionais e profissionais;<\/span><\/p>\n<p><span style=\"color: #008000;font-family: 'arial black', sans-serif\">VIII \u2013 apoiar e executar programas de extens\u00e3o junto \u00e0 comunidade urbana e rural, atrav\u00e9s da assist\u00eancia t\u00e9cnica m\u00e9dico veterin\u00e1ria, consultoria agropecu\u00e1ria e de sa\u00fade p\u00fablica.<\/span><\/p>\n<h2 style=\"text-align: left\"><span style=\"font-family: 'arial black', sans-serif\">\u00a0<\/span><\/h2>\n<p>&nbsp;<\/p>\n<p>&nbsp;<\/p>\n","protected":false},"excerpt":{"rendered":"<p>SEJAM BEM VINDOS AO\u00a0HOSPITAL DE CL\u00cdNICAS VETERIN\u00c1RIA DA UFPel\u00a0 Este site foi criado com a finalidade de facilitar a comunica\u00e7\u00e3o entre o Hospital de Clinicas Veterin\u00e1ria da Faculdade de Veterin\u00e1ria da Universidade Federal de Pelotas e aqueles que com ele desejarem interagir no campo profissional, na presta\u00e7\u00e3o de servi\u00e7os, sua clientela e para sugest\u00f5es que [&hellip;]<\/p>\n","protected":false},"author":4,"featured_media":0,"parent":0,"menu_order":0,"comment_status":"closed","ping_status":"closed","template":"","meta":{"footnotes":""},"class_list":["post-8","page","type-page","status-publish","hentry"],"_links":{"self":[{"href":"https:\/\/wp.ufpel.edu.br\/hcv\/wp-json\/wp\/v2\/pages\/8","targetHints":{"allow":["GET"]}}],"collection":[{"href":"https:\/\/wp.ufpel.edu.br\/hcv\/wp-json\/wp\/v2\/pages"}],"about":[{"href":"https:\/\/wp.ufpel.edu.br\/hcv\/wp-json\/wp\/v2\/types\/page"}],"author":[{"embeddable":true,"href":"https:\/\/wp.ufpel.edu.br\/hcv\/wp-json\/wp\/v2\/users\/4"}],"replies":[{"embeddable":true,"href":"https:\/\/wp.ufpel.edu.br\/hcv\/wp-json\/wp\/v2\/comments?post=8"}],"version-history":[{"count":8,"href":"https:\/\/wp.ufpel.edu.br\/hcv\/wp-json\/wp\/v2\/pages\/8\/revisions"}],"predecessor-version":[{"id":361,"href":"https:\/\/wp.ufpel.edu.br\/hcv\/wp-json\/wp\/v2\/pages\/8\/revisions\/361"}],"wp:attachment":[{"href":"https:\/\/wp.ufpel.edu.br\/hcv\/wp-json\/wp\/v2\/media?parent=8"}],"curies":[{"name":"wp","href":"https:\/\/api.w.org\/{rel}","templated":true}]}}