{"id":776,"date":"2017-05-25T15:15:05","date_gmt":"2017-05-25T18:15:05","guid":{"rendered":"https:\/\/wp.ufpel.edu.br\/hcv\/?page_id=776"},"modified":"2023-06-13T15:12:15","modified_gmt":"2023-06-13T18:12:15","slug":"horario-de-atendimento","status":"publish","type":"page","link":"https:\/\/wp.ufpel.edu.br\/hcv\/horario-de-atendimento\/","title":{"rendered":"Hor\u00e1rio de Atendimento"},"content":{"rendered":"<p style=\"text-align: center\">\n<p>&nbsp;<\/p>\n<p style=\"text-align: center\"><span style=\"font-size: 18pt;color: #008000\">HOSPITAL DE CL\u00cdNICAS VETERIN\u00c1RIAS DA UFPEL<\/span><\/p>\n<p style=\"text-align: center\"><span style=\"font-size: 18pt;color: #008000\">CONSULTAS POR AGENDAMENTO<\/span><\/p>\n<p>&nbsp;<\/p>\n<ul>\n<li><span style=\"font-size: 14pt\">As consultas ser\u00e3o realizadas de segunda \u00e0 sexta-feira (manh\u00e3 e tarde), mediante agendamento pr\u00e9vio, na recep\u00e7\u00e3o do hospital ou pelos telefones;<\/span><\/li>\n<li><span style=\"font-size: 14pt\">Atendimentos de especialidades ser\u00e3o realizados mediante agendamento, conforme a disponibilidade dos profissionais.<\/span><\/li>\n<\/ul>\n<p>&nbsp;<\/p>\n<p style=\"text-align: center\"><span style=\"color: #008000\">TELEFONES:<\/span><\/p>\n<p style=\"text-align: center\"><span style=\"color: #008000\">PEQUENOS ANIMAIS 99150-1303<\/span><\/p>\n<p style=\"text-align: center\"><span style=\"color: #008000\">GRANDES ANIMAIS 99113-0528<\/span><\/p>\n<p style=\"text-align: center\"><span style=\"color: #008000\">N\u00c3O LIGAR VIA WHATSAPP<\/span>.<\/p>\n<p>&nbsp;<\/p>\n<p><em>Agradecemos a compreens\u00e3o de todos e estamos sempre dispon\u00edveis para esclarecer d\u00favidas e melhor atend\u00ea-los.<\/em><\/p>\n<p>&nbsp;<\/p>\n<h6><span style=\"font-size: 8pt\"><em>Hospital de Cl\u00ednicas Veterin\u00e1rias UFPel<\/em><\/span><\/h6>\n<h6><span style=\"font-size: 8pt\"><em>hospitalveterinarioufpel@gmail.com<\/em><\/span><\/h6>\n<h6><span style=\"font-size: 8pt\"><em>Avenida Eliseu Maciel S\/N \u2013 Jardim Am\u00e9rica<\/em><\/span><\/h6>\n<h6><span style=\"font-size: 8pt\"><em>Cap\u00e3o do Le\u00e3o- RS, 96010610<\/em><\/span><\/h6>\n<h6><span style=\"font-size: 8pt\"><em>53- 991 50 13 03<\/em><\/span><\/h6>\n","protected":false},"excerpt":{"rendered":"<p>&nbsp; HOSPITAL DE CL\u00cdNICAS VETERIN\u00c1RIAS DA UFPEL CONSULTAS POR AGENDAMENTO &nbsp; As consultas ser\u00e3o realizadas de segunda \u00e0 sexta-feira (manh\u00e3 e tarde), mediante agendamento pr\u00e9vio, na recep\u00e7\u00e3o do hospital ou pelos telefones; Atendimentos de especialidades ser\u00e3o realizados mediante agendamento, conforme a disponibilidade dos profissionais. &nbsp; TELEFONES: PEQUENOS ANIMAIS 99150-1303 GRANDES ANIMAIS 99113-0528 N\u00c3O LIGAR VIA [&hellip;]<\/p>\n","protected":false},"author":22,"featured_media":0,"parent":0,"menu_order":0,"comment_status":"closed","ping_status":"closed","template":"","meta":{"footnotes":""},"class_list":["post-776","page","type-page","status-publish","hentry"],"_links":{"self":[{"href":"https:\/\/wp.ufpel.edu.br\/hcv\/wp-json\/wp\/v2\/pages\/776","targetHints":{"allow":["GET"]}}],"collection":[{"href":"https:\/\/wp.ufpel.edu.br\/hcv\/wp-json\/wp\/v2\/pages"}],"about":[{"href":"https:\/\/wp.ufpel.edu.br\/hcv\/wp-json\/wp\/v2\/types\/page"}],"author":[{"embeddable":true,"href":"https:\/\/wp.ufpel.edu.br\/hcv\/wp-json\/wp\/v2\/users\/22"}],"replies":[{"embeddable":true,"href":"https:\/\/wp.ufpel.edu.br\/hcv\/wp-json\/wp\/v2\/comments?post=776"}],"version-history":[{"count":9,"href":"https:\/\/wp.ufpel.edu.br\/hcv\/wp-json\/wp\/v2\/pages\/776\/revisions"}],"predecessor-version":[{"id":1734,"href":"https:\/\/wp.ufpel.edu.br\/hcv\/wp-json\/wp\/v2\/pages\/776\/revisions\/1734"}],"wp:attachment":[{"href":"https:\/\/wp.ufpel.edu.br\/hcv\/wp-json\/wp\/v2\/media?parent=776"}],"curies":[{"name":"wp","href":"https:\/\/api.w.org\/{rel}","templated":true}]}}