{"id":6,"date":"2009-03-23T13:56:19","date_gmt":"2009-03-23T15:56:19","guid":{"rendered":"http:\/\/www.ufpel.edu.br\/fvet\/hcv\/?page_id=6"},"modified":"2024-08-06T19:54:59","modified_gmt":"2024-08-06T22:54:59","slug":"servicos","status":"publish","type":"page","link":"https:\/\/wp.ufpel.edu.br\/hcv\/servicos\/","title":{"rendered":"Servi\u00e7os"},"content":{"rendered":"<h3 style=\"text-align: center\"><span style=\"color: #008000\"><strong><br \/>\n<a href=\"https:\/\/wp.ufpel.edu.br\/hcv\/files\/2009\/03\/MEDICINA_VETERINARIA_FEAD-590x310-1.jpg\" rel=\"attachment wp-att-356\"><img class=\"aligncenter wp-image-356\" src=\"https:\/\/wp.ufpel.edu.br\/hcv\/files\/2009\/03\/MEDICINA_VETERINARIA_FEAD-590x310-1-424x195.jpg\" alt=\"MEDICINA_VETERINARIA_FEAD-590x310\" width=\"491\" height=\"226\" srcset=\"https:\/\/wp.ufpel.edu.br\/hcv\/files\/2009\/03\/MEDICINA_VETERINARIA_FEAD-590x310-1-424x195.jpg 424w, https:\/\/wp.ufpel.edu.br\/hcv\/files\/2009\/03\/MEDICINA_VETERINARIA_FEAD-590x310-1-212x98.jpg 212w, https:\/\/wp.ufpel.edu.br\/hcv\/files\/2009\/03\/MEDICINA_VETERINARIA_FEAD-590x310-1.jpg 590w\" sizes=\"(max-width: 491px) 100vw, 491px\" \/><\/a><br \/>\n<\/strong><\/span><\/h3>\n<h3 style=\"text-align: center\"><span style=\"color: #008000\"><strong>CL\u00cdNICA M\u00c9DICA E CIR\u00daRGICA DE PEQUENOS ANIMAIS<\/strong><\/span><\/h3>\n<h3 style=\"text-align: center\"><span style=\"color: #008000\"><strong>CL\u00cdNICA M\u00c9DICA E CIR\u00daRGICA DE EQUINOS<\/strong><\/span><\/h3>\n<h3 style=\"text-align: center\"><span style=\"color: #008000\">CL\u00cdNICA M\u00c9DICA E CIR\u00daRGICA DE RUMINANTES\u00a0<\/span><\/h3>\n<h3 style=\"text-align: center\"><span style=\"color: #008000\">CL\u00cdNICA M\u00c9DICA E CIR\u00daRGICA DE ANIMAIS SILVESTRES<\/span><\/h3>\n<h3 style=\"text-align: center\"><span style=\"color: #008000\"><strong>LABORAT\u00d3RIO DE AN\u00c1LISES CL\u00cdNICAS\u00a0<\/strong><\/span><\/h3>\n<h3 style=\"text-align: center\"><span style=\"color: #008000\"><strong>SETOR \u00a0DE DIAGN\u00d3STICO POR IMAGEM <\/strong><\/span><\/h3>\n<h3 style=\"text-align: center\"><span style=\"color: #008000\"><strong>O HCV POSSUI ESPECIALIDADES EM: \u00a0<\/strong><\/span><span style=\"color: #008000\">\u00a0Acupuntura, Cardiologia, Dermatologia, Diagn\u00f3stico por imagem, Homeopatia, Oftalmologia, Oncologia, Ortopedia e Patologia Cl\u00ednica.<\/span><\/h3>\n<p>&nbsp;<\/p>\n<p>&nbsp;<\/p>\n<p>&nbsp;<\/p>\n<p><span style=\"color: #008000\"><strong>Estruturas de uso comum do HCV somente para docentes e t\u00e9cnicos da UFPel:<\/strong> agendamento de espa\u00e7os e equipamentos de uso comum lotados no Hospital de Cl\u00ednicas Veterin\u00e1rias dever\u00e3o ser agendados pelo e-mail hcv@ufpel.edu.br.<\/span><\/p>\n","protected":false},"excerpt":{"rendered":"<p>CL\u00cdNICA M\u00c9DICA E CIR\u00daRGICA DE PEQUENOS ANIMAIS CL\u00cdNICA M\u00c9DICA E CIR\u00daRGICA DE EQUINOS CL\u00cdNICA M\u00c9DICA E CIR\u00daRGICA DE RUMINANTES\u00a0 CL\u00cdNICA M\u00c9DICA E CIR\u00daRGICA DE ANIMAIS SILVESTRES LABORAT\u00d3RIO DE AN\u00c1LISES CL\u00cdNICAS\u00a0 SETOR \u00a0DE DIAGN\u00d3STICO POR IMAGEM O HCV POSSUI ESPECIALIDADES EM: \u00a0\u00a0Acupuntura, Cardiologia, Dermatologia, Diagn\u00f3stico por imagem, Homeopatia, Oftalmologia, Oncologia, Ortopedia e Patologia Cl\u00ednica. &nbsp; &nbsp; [&hellip;]<\/p>\n","protected":false},"author":4,"featured_media":0,"parent":0,"menu_order":0,"comment_status":"closed","ping_status":"closed","template":"","meta":{"footnotes":""},"class_list":["post-6","page","type-page","status-publish","hentry"],"_links":{"self":[{"href":"https:\/\/wp.ufpel.edu.br\/hcv\/wp-json\/wp\/v2\/pages\/6","targetHints":{"allow":["GET"]}}],"collection":[{"href":"https:\/\/wp.ufpel.edu.br\/hcv\/wp-json\/wp\/v2\/pages"}],"about":[{"href":"https:\/\/wp.ufpel.edu.br\/hcv\/wp-json\/wp\/v2\/types\/page"}],"author":[{"embeddable":true,"href":"https:\/\/wp.ufpel.edu.br\/hcv\/wp-json\/wp\/v2\/users\/4"}],"replies":[{"embeddable":true,"href":"https:\/\/wp.ufpel.edu.br\/hcv\/wp-json\/wp\/v2\/comments?post=6"}],"version-history":[{"count":10,"href":"https:\/\/wp.ufpel.edu.br\/hcv\/wp-json\/wp\/v2\/pages\/6\/revisions"}],"predecessor-version":[{"id":1791,"href":"https:\/\/wp.ufpel.edu.br\/hcv\/wp-json\/wp\/v2\/pages\/6\/revisions\/1791"}],"wp:attachment":[{"href":"https:\/\/wp.ufpel.edu.br\/hcv\/wp-json\/wp\/v2\/media?parent=6"}],"curies":[{"name":"wp","href":"https:\/\/api.w.org\/{rel}","templated":true}]}}