{"id":589,"date":"2016-11-30T16:16:37","date_gmt":"2016-11-30T18:16:37","guid":{"rendered":"https:\/\/wp.ufpel.edu.br\/hcv\/?page_id=589"},"modified":"2023-06-13T15:04:34","modified_gmt":"2023-06-13T18:04:34","slug":"estagios","status":"publish","type":"page","link":"https:\/\/wp.ufpel.edu.br\/hcv\/estagios\/","title":{"rendered":"Est\u00e1gios"},"content":{"rendered":"<p style=\"text-align: center\"><a href=\"https:\/\/wp.ufpel.edu.br\/hcv\/files\/2008\/06\/Imagem2.png\"><img class=\"aligncenter wp-image-572\" src=\"https:\/\/wp.ufpel.edu.br\/hcv\/files\/2008\/06\/Imagem2.png\" alt=\"\" width=\"1212\" height=\"104\" srcset=\"https:\/\/wp.ufpel.edu.br\/hcv\/files\/2008\/06\/Imagem2.png 2000w, https:\/\/wp.ufpel.edu.br\/hcv\/files\/2008\/06\/Imagem2-212x18.png 212w, https:\/\/wp.ufpel.edu.br\/hcv\/files\/2008\/06\/Imagem2-424x36.png 424w, https:\/\/wp.ufpel.edu.br\/hcv\/files\/2008\/06\/Imagem2-768x66.png 768w\" sizes=\"(max-width: 1212px) 100vw, 1212px\" \/><\/a><\/p>\n<p>&nbsp;<\/p>\n<p style=\"text-align: center\"><span style=\"font-size: 18pt\"><strong>EST\u00c1GIO CURRICULAR E TREINAMENTO EXTRACURRICULAR NO HCV<\/strong><\/span><\/p>\n<p>&nbsp;<\/p>\n<p><strong>\u00a0<\/strong>O Hospital de Cl\u00ednicas Veterin\u00e1rias oferece oportunidade de est\u00e1gio curricular para alunos da UFPel e de outras institui\u00e7\u00f5es de ensino, mas <strong>N\u00c3O<\/strong> oferece <strong>EST\u00c1GIOS EXTRACURRICULARES<\/strong> em virtude da lei governamental LEI N\u00ba 11.788 DE 25 DE SETEMBRO DE 2008.<\/p>\n<p style=\"text-align: justify\">Oferece tamb\u00e9m o treinamento extracurricular<strong>&#8211; EXCLUSIVO PARA ALUNOS DA UFPEL \u2013 <\/strong>que consiste no acompanhamento das atividades pr\u00e1ticas do hospital. Para tanto, o HCV lan\u00e7a editais de treinamento extracurricular nas semanas que antecedem o in\u00edcio dos semestres letivos e tamb\u00e9m no per\u00edodo de f\u00e9rias. Os alunos da UFPel podem inscrever-se, conforme orienta\u00e7\u00e3o do edital.<\/p>\n<p style=\"text-align: justify\">Aos alunos de institui\u00e7\u00f5es externas que desejam acompanhar atividades extracurriculares a recomenda\u00e7\u00e3o \u00e9 de buscar grupos de ensino, pesquisa e extens\u00e3o para inser\u00e7\u00e3o em per\u00edodos de f\u00e9rias.<\/p>\n<p>J\u00e1 para as situa\u00e7\u00f5es de viv\u00eancia, os estudantes de resid\u00eancia devem seguir as orienta\u00e7\u00f5es do est\u00e1gio curricular (formul\u00e1rio de solicita\u00e7\u00e3o e hist\u00f3rico escolar).<\/p>\n<p style=\"text-align: justify\">O HCV possui as seguintes \u00e1reas de atua\u00e7\u00e3o para est\u00e1gio curricular:<\/p>\n<ul>\n<li style=\"text-align: justify\">Anestesiologia Animal<\/li>\n<li style=\"text-align: justify\">Cl\u00ednica M\u00e9dica de Pequenos Animais<\/li>\n<li style=\"text-align: justify\">Cl\u00ednica Cir\u00fargica de Pequenos Animais<\/li>\n<li style=\"text-align: justify\">Cl\u00ednica M\u00e9dica e Cir\u00fargica de equinos<\/li>\n<li style=\"text-align: justify\">Diagn\u00f3stico por imagem<\/li>\n<li style=\"text-align: justify\">Patologia Cl\u00ednica veterin\u00e1ria<\/li>\n<li style=\"text-align: justify\">Cl\u00ednica de Ruminantes<\/li>\n<\/ul>\n<p><strong>\u00a0<\/strong><\/p>\n<p style=\"text-align: center\"><span style=\"font-size: 14pt\"><strong>COMO SOLICITAR EST\u00c1GIO CURRICULAR<\/strong><\/span><\/p>\n<p style=\"text-align: justify\">O aluno \u2013 da UFPel ou EXTERNO &#8211; deve enviar o formul\u00e1rio de solicita\u00e7\u00e3o de est\u00e1gio curricular (<a href=\"https:\/\/wp.ufpel.edu.br\/hcv\/files\/2022\/03\/FORMULARIO-DE-SOLICITACAO-DE-ESTAGIO-final.pdf\">FORMUL\u00c1RIO DE SOLICITA\u00c7\u00c3O DE EST\u00c1GIO CURRICULAR<\/a>) devidamente preenchido e assinado (escaneado ou formato digital) juntamente com o hist\u00f3rico escolar para o e-mail correspondente \u00e0 \u00e1rea solicitada.<\/p>\n<p style=\"text-align: justify\"><strong>Anestesiologia Animal, Cl\u00ednica M\u00e9dica e Cir\u00fargica de pequenos animais, diagn\u00f3stico por Imagem e Patologia Cl\u00ednica Veterin\u00e1ria:<\/strong> <a href=\"mailto:estagiohcvufpel@gmail.com\">estagiohcvufpel@gmail.com<\/a> .<\/p>\n<p style=\"text-align: justify\"><strong>\u00c1rea de Cl\u00ednica M\u00e9dica e Cir\u00fargica de Equinos:<\/strong> <a href=\"mailto:estagioequinosufpel@gmail.com\">estagioequinosufpel@gmail.com<\/a> .<\/p>\n<p style=\"text-align: justify\"><strong>Cl\u00ednica de Ruminantes:<\/strong> <a href=\"mailto:nupeec@gmail.com\">nupeec@gmail.com<\/a> .<\/p>\n<p style=\"text-align: justify\">S\u00f3 ser\u00e3o aceitos pedidos de no m\u00ednimo 30 dias de est\u00e1gio. O per\u00edodo m\u00e1ximo de solicita\u00e7\u00e3o pode variar conforme a demanda.<\/p>\n<p style=\"text-align: center\"><span style=\"font-size: 14pt\"><strong>SELE\u00c7\u00c3O E VAGAS<\/strong><\/span><\/p>\n<p style=\"text-align: justify\">A sele\u00e7\u00e3o se dar\u00e1 por ordem de chegada das solicita\u00e7\u00f5es e conforme disponibilidade nas datas solicitadas.<\/p>\n<p style=\"text-align: justify\">O n\u00famero de vagas a serem preenchidas varia, conforme normas sanit\u00e1rias e rotina da \u00e1rea.<\/p>\n<p style=\"text-align: justify\">A resposta de aceite ou recusa do est\u00e1gio se dar\u00e1 pelo e-mail da \u00e1rea solicitada.<\/p>\n<p style=\"text-align: center\"><span style=\"font-size: 14pt\"><strong>PER\u00cdODO DE SOLICITA\u00c7\u00c3O<\/strong><\/span><\/p>\n<p style=\"text-align: justify\">Os pedidos podem ser realizados em qualquer tempo, por\u00e9m com no m\u00ednimo 60 dias antes do in\u00edcio do est\u00e1gio curricular. Contudo, como a sele\u00e7\u00e3o ser\u00e1 em ordem de chegada sugere-se maior anteced\u00eancia para garantia das vagas.<\/p>\n<p style=\"text-align: center\"><strong>\u00a0<\/strong><span style=\"font-size: 14pt\"><strong>ORIENTA\u00c7\u00d5ES IMPORTANTES<\/strong><\/span><\/p>\n<p style=\"text-align: justify\">Os estagi\u00e1rios curriculares dever\u00e3o apresentar, at\u00e9 a data de in\u00edcio do per\u00edodo de est\u00e1gio (ou no primeiro dia de est\u00e1gio), o termo de compromisso (TCE) sob pena de n\u00e3o poderem realizar o mesmo.<\/p>\n<p>As informa\u00e7\u00f5es referentes a cobertura de seguro de acidentes pessoais durante a vig\u00eancia do est\u00e1gio obrigat\u00f3rio (responsabilidade da institui\u00e7\u00e3o de origem) e o plano de atividades devem estar especificados no TCE.<\/p>\n<p style=\"text-align: justify\">Apresentar a documenta\u00e7\u00e3o na secretaria do HCV e assinar o termo de ci\u00eancia e consentimento.<\/p>\n<p style=\"text-align: justify\"><strong><em>Todos alunos de est\u00e1gio curricular dever\u00e3o fazer a leitura pr\u00e9via do Manual B\u00e1sico HCV e do termo de ci\u00eancia e consentimento.<\/em><\/strong><\/p>\n<p><a href=\"https:\/\/wp.ufpel.edu.br\/hcv\/files\/2019\/08\/Manual-b\u00e1sico-HCV.pdf\">Manual b\u00e1sico HCV<\/a><\/p>\n<p><a href=\"https:\/\/wp.ufpel.edu.br\/hcv\/files\/2019\/08\/Termo-ci\u00eancia-e-Consentimento-HCV.pdf\">Termo ci\u00eancia e Consentimento HCV<\/a><\/p>\n","protected":false},"excerpt":{"rendered":"<p>&nbsp; EST\u00c1GIO CURRICULAR E TREINAMENTO EXTRACURRICULAR NO HCV &nbsp; \u00a0O Hospital de Cl\u00ednicas Veterin\u00e1rias oferece oportunidade de est\u00e1gio curricular para alunos da UFPel e de outras institui\u00e7\u00f5es de ensino, mas N\u00c3O oferece EST\u00c1GIOS EXTRACURRICULARES em virtude da lei governamental LEI N\u00ba 11.788 DE 25 DE SETEMBRO DE 2008. Oferece tamb\u00e9m o treinamento extracurricular&#8211; EXCLUSIVO PARA [&hellip;]<\/p>\n","protected":false},"author":22,"featured_media":0,"parent":0,"menu_order":0,"comment_status":"closed","ping_status":"closed","template":"","meta":{"footnotes":""},"class_list":["post-589","page","type-page","status-publish","hentry"],"_links":{"self":[{"href":"https:\/\/wp.ufpel.edu.br\/hcv\/wp-json\/wp\/v2\/pages\/589","targetHints":{"allow":["GET"]}}],"collection":[{"href":"https:\/\/wp.ufpel.edu.br\/hcv\/wp-json\/wp\/v2\/pages"}],"about":[{"href":"https:\/\/wp.ufpel.edu.br\/hcv\/wp-json\/wp\/v2\/types\/page"}],"author":[{"embeddable":true,"href":"https:\/\/wp.ufpel.edu.br\/hcv\/wp-json\/wp\/v2\/users\/22"}],"replies":[{"embeddable":true,"href":"https:\/\/wp.ufpel.edu.br\/hcv\/wp-json\/wp\/v2\/comments?post=589"}],"version-history":[{"count":18,"href":"https:\/\/wp.ufpel.edu.br\/hcv\/wp-json\/wp\/v2\/pages\/589\/revisions"}],"predecessor-version":[{"id":1733,"href":"https:\/\/wp.ufpel.edu.br\/hcv\/wp-json\/wp\/v2\/pages\/589\/revisions\/1733"}],"wp:attachment":[{"href":"https:\/\/wp.ufpel.edu.br\/hcv\/wp-json\/wp\/v2\/media?parent=589"}],"curies":[{"name":"wp","href":"https:\/\/api.w.org\/{rel}","templated":true}]}}