{"id":12,"date":"2008-06-25T09:35:37","date_gmt":"2008-06-25T12:35:37","guid":{"rendered":"http:\/\/www.ufpel.edu.br\/fvet\/hcv\/?page_id=7"},"modified":"2009-03-23T13:58:29","modified_gmt":"2009-03-23T15:58:29","slug":"parcerias","status":"publish","type":"page","link":"https:\/\/wp.ufpel.edu.br\/hcv\/parcerias\/","title":{"rendered":"Parcerias"},"content":{"rendered":"<p><strong>LABORAT\u00d3RIO REGIONAL DE DIAGN\u00d3STICO<\/strong><br \/>\n\u00a0<br \/>\nO Laborat\u00f3rio Regional de Diagn\u00f3stico (LRD), criado no ano de 1978 por portaria do Reitor Ibsen Stephen, \u00e9 um \u00f3rg\u00e3o da Faculdade de Veterin\u00e1ria que desenvolve atividades de diagn\u00f3stico e determina\u00e7\u00e3o da epidemiologia e formas de controle das enfermidades das diversas esp\u00e9cies animais na \u00e1rea de influ\u00eancia da UFPel. Neste contexto trabalha em parceria com o Hospital de Cl\u00ednicas Veterin\u00e1ria (HCV) no diagn\u00f3stico dos casos que chegam a este hospital e que s\u00e3o encaminhados ao LRD para estudo macrosc\u00f3pico e histol\u00f3gico de les\u00f5es tanto em bi\u00f3psias como em cad\u00e1veres, incluindo animais de produ\u00e7\u00e3o e animais de companhia. Essa parceria se estende a exames bacteriol\u00f3gicos, micol\u00f3gicos e parasitol\u00f3gicos. Desenvolvem atividades na \u00e1rea de Patologia os M\u00e9dicos Veterin\u00e1rios Dr\u00aa Ana Lucia Schild, Dr. Jo\u00e3o Luiz Montiel Ferreira e Dr. Mauro Pereira Soares; na \u00e1rea de Bacteriologia Dr\u00aa Silvia R. L. Ladeira, e, na \u00e1rea de Parasitologia, Dr. Jer\u00f4nimo Lopes Ruas.\u00a0 O Laborat\u00f3rio conta ainda com os professores dos Departamentos Patologia Animal e Veterin\u00e1ria Preventiva da Faculdade de Veterin\u00e1ria da UFPel, no auxilio ao diagn\u00f3stico das diversas entidades nosol\u00f3gicas. O endere\u00e7o do LRD \u00e9 Universidade Federal de Pelotas \u2013 Laborat\u00f3rio Regional de Diagn\u00f3stico, Faculdade de Veterin\u00e1ria, Caixa Postal 354 \u2013 CEP 96010-900 \u2013 Pelotas \u2013 RS. Telefone\/Fax (53) 3275.7310.<\/p>\n<p><strong>N\u00daCLEO DE REABILITA\u00c7\u00c3O DA FAUNA SILVESTRE (NURFS)\u00a0 e CENTRO DE TRIAGEM DE ANIMAIS SILVESTRES<\/strong><\/p>\n<p>O <strong>NURFS-CETAS\/UFPel<\/strong>, \u00f3rg\u00e3o criado por iniciativa do Instituto de Biologia da Universidade Federal de Pelotas em associa\u00e7\u00e3o com a Faculdade de Veterin\u00e1ria objetivando atender a demanda regional de aten\u00e7\u00e3o a Fauna Silvestre Brasileira, est\u00e1 entre os principais parceiros do Hospital Universit\u00e1rio de Cl\u00ednicas Veterin\u00e1ria, uma vez que, coloca sua estrutura t\u00e9cnica-cient\u00edfica para auxiliar no diagn\u00f3stico, tratamento e recupera\u00e7\u00e3o de animais que chegam ao NURFS oriundos de apreens\u00f5es, do tr\u00e1fico ilegal, v\u00edtimas de acidentes e \u00f3rf\u00e3os.<\/p>\n<p>O <strong>NURFS-CETAS\/UFPel<\/strong> atualmente \u00e9 uma das principais refer\u00eancias de apoio ao trabalho de fiscaliza\u00e7\u00e3o e apreens\u00e3o de animais silvestres pertencentes \u00e0 fauna silvestre brasileira capturados ilegalmente na zona sul do Estado do Rio Grande do Sul, desenvolvendo sua atividades em parceria com as Pol\u00edcias Civil, Militar (BABM) e Federal, IBAMA e Minist\u00e9rios P\u00fablicos Estadual e Federal e CRAM.<br \/>\n\u00a0<br \/>\nS\u00e3o respons\u00e1veis pelas atividades do NURFS-CETAS\/UFPEL os professores. Dr. Luiz Fernando Minello e Dr\u00aa Ana Luisa Schifino Valente, a M\u00e9dica Veterin\u00e1ria Ana Paula Neuschrank Albano e os Bi\u00f3logos MSc. Marco Antonio Afonso Coimbra, MSc.Greici Maia Behling e Rocelle Vt\u00f3ria D&#8217;Avila.<br \/>\n\u00a0<br \/>\nO <strong>NURFS-CETAS\/UFPel<\/strong> est\u00e1 localizado no Campus Universit\u00e1rio UFPEL no Cap\u00e3o do Le\u00e3o, Pr\u00e9dio 40. Caixa Postal 354 \u2013 CEP 96010.900\u00a0 &#8211;\u00a0 Pelotas RS. Fones 3275.7227 \/ 3275.7159 (FAX).<br \/>\n\u00a0\u00a0<br \/>\n<strong>E-mail: <\/strong><a href=\"mailto:nurfs@ufpel.edu.br\">nurfs@ufpel.edu.br<\/a><br \/>\n<strong>Site: <\/strong><a href=\"http:\/\/www.ufpel.edu.br\/ib\/nurfs\">http:\/\/www.ufpel.edu.br\/ib\/nurfs<\/a>, <a href=\"http:\/\/ib.ufpel.edu.br\/nurfs\/\">http:\/\/ib.ufpel.edu.br\/nurfs\/<\/a><\/p>\n<p><strong>PROMOTORIA P\u00daBLICA DO ESTADO DO RIO GRANDE DO SUL<\/strong><\/p>\n<p>A Promotoria P\u00fablica do Estado do Rio Grande do Sul, atrav\u00e9s do Promotor\u00a0\u00a0P\u00fablico Dr. Jaime Chatkin, desenvolve na cidade de Pelotas importante\u00a0 trabalho em defesa do bem estar animal abrangendo os animais de pequenos\u00a0 porte (c\u00e3es e gatos) e animais de grande porte (eq\u00fcinos, principalmente),\u00a0que s\u00e3o v\u00edtimas de maus tratos ou que se encontram errantes pelas ruas de\u00a0 Pelotas.<br \/>\nO Hospital Universit\u00e1rio Veterin\u00e1rio da UFPel firmou\u00a0 acordo com a\u00a0Promotoria P\u00fablica para dar aten\u00e7\u00e3o profissional a esses animais desde que\u00a0 os mesmos sejam encaminhados pela pr\u00f3pria Promotoria ou pela Prefeitura de\u00a0 Pelotas.<br \/>\nInforma\u00e7\u00f5es sobre animais errantes que apresentam sinais de les\u00f5es ou de\u00a0 maus tratos podem ser comunicadas \u00e0 Promotoria P\u00fablica pelo telefone\u00a0(53) 3279.3555.<br \/>\nO Hospital Veterin\u00e1rio n\u00e3o tem a responsabilidade de atendimento cl\u00ednico\u00a0 para animais sem propriet\u00e1rios que n\u00e3o sejam encaminhados pela Promotoria\u00a0ou\u00a0 pela Prefeitura de Pelotas.<\/p>\n<p><strong>CENTRO DE RECUPERA\u00c7\u00c3O DE ANIMAIS MARINHOS &#8211; CRAM<\/strong><br \/>\n\u00a0<br \/>\nO Centro de Recupera\u00e7\u00e3o de Animais Marinhos &#8211; CRAM, da Funda\u00e7\u00e3o Universidade do Rio Grande \u00e9 outro outro importante PARCEIRO nas atividades do Hospital Universit\u00e1rio de Cl\u00ednicas Veterin\u00e1ria da Faculdade de Veterin\u00e1ria da UFPel.<br \/>\nPara desenvolver seu incompar\u00e1vel trabaho de recupera\u00e7\u00e3o de animais enfermos e debilitados encontrados na costa atl\u00e2ntica do extremo sul do pa\u00eds o CRAM tem encontrado no Hospital Veterin\u00e1rio todo o apoio t\u00e9cnico para auxiliar a formula\u00e7\u00e3o do diagn\u00f3stico e a institui\u00e7\u00e3o da terapia.<br \/>\nFrequentemente s\u00e3o trazidos ao Hospital Veterin\u00e1rio\u00a0 focas, ping\u00fcins, albatrozes, petr\u00e9is e gaivotas, tartarugas, alguns animais de animais de banhado tais como\u00a0 flamingos, lontras, capivaras, rat\u00f5es e v\u00e1rias esp\u00e9cies de aves continentais que s\u00e3o encontradas pela Equipe de Profissionais do CRAM, enfermos ou debilitados, necessitando de ajuda para sobreviverem.<br \/>\nO CRAM se encontra sob a coordena\u00e7\u00e3o do oceon\u00f3logo Dr. Lauro Barcellos, do M\u00e9dico Veterin\u00e1rio Dr Rodolfo Pinho da Silva e da ocean\u00f3grafa Dr\u00aaAndr\u00e9a Adornes, e oferece in\u00fameras oportunidades de aprendizado aos discentes da UFPel que se interessam pela \u00e1rea.<br \/>\nO CRAM est\u00e1 localizado na cidade de Rio Grande &#8211; RS, e para comunicar-se com ele, pode ser\u00a0 atrav\u00e9s do seguinte endere\u00e7o: Caixa postal 379 &#8211; CEP 96200-970 Rio Grande &#8211; RS.<br \/>\nEndere\u00e7o eletr\u00f4nico: <a href=\"mailto:museus@furg.br\">museus@furg.br<\/a><br \/>\nFones: (53) 3232.9633\u00a0 &#8211;\u00a0 3231.9107<br \/>\nFax: (53) 3232.9633<\/p>\n","protected":false},"excerpt":{"rendered":"<p>LABORAT\u00d3RIO REGIONAL DE DIAGN\u00d3STICO \u00a0 O Laborat\u00f3rio Regional de Diagn\u00f3stico (LRD), criado no ano de 1978 por portaria do Reitor Ibsen Stephen, \u00e9 um \u00f3rg\u00e3o da Faculdade de Veterin\u00e1ria que desenvolve atividades de diagn\u00f3stico e determina\u00e7\u00e3o da epidemiologia e formas de controle das enfermidades das diversas esp\u00e9cies animais na \u00e1rea de influ\u00eancia da UFPel. Neste [&hellip;]<\/p>\n","protected":false},"author":4,"featured_media":0,"parent":0,"menu_order":0,"comment_status":"closed","ping_status":"closed","template":"","meta":{"footnotes":""},"class_list":["post-12","page","type-page","status-publish","hentry"],"_links":{"self":[{"href":"https:\/\/wp.ufpel.edu.br\/hcv\/wp-json\/wp\/v2\/pages\/12","targetHints":{"allow":["GET"]}}],"collection":[{"href":"https:\/\/wp.ufpel.edu.br\/hcv\/wp-json\/wp\/v2\/pages"}],"about":[{"href":"https:\/\/wp.ufpel.edu.br\/hcv\/wp-json\/wp\/v2\/types\/page"}],"author":[{"embeddable":true,"href":"https:\/\/wp.ufpel.edu.br\/hcv\/wp-json\/wp\/v2\/users\/4"}],"replies":[{"embeddable":true,"href":"https:\/\/wp.ufpel.edu.br\/hcv\/wp-json\/wp\/v2\/comments?post=12"}],"version-history":[{"count":1,"href":"https:\/\/wp.ufpel.edu.br\/hcv\/wp-json\/wp\/v2\/pages\/12\/revisions"}],"predecessor-version":[{"id":38,"href":"https:\/\/wp.ufpel.edu.br\/hcv\/wp-json\/wp\/v2\/pages\/12\/revisions\/38"}],"wp:attachment":[{"href":"https:\/\/wp.ufpel.edu.br\/hcv\/wp-json\/wp\/v2\/media?parent=12"}],"curies":[{"name":"wp","href":"https:\/\/api.w.org\/{rel}","templated":true}]}}