{"id":1123,"date":"2018-07-03T10:01:27","date_gmt":"2018-07-03T13:01:27","guid":{"rendered":"https:\/\/wp.ufpel.edu.br\/hcv\/?page_id=1123"},"modified":"2019-08-02T10:23:27","modified_gmt":"2019-08-02T13:23:27","slug":"escala-de-plantoes-estagios","status":"publish","type":"page","link":"https:\/\/wp.ufpel.edu.br\/hcv\/escala-de-plantoes-estagios\/","title":{"rendered":"Plant\u00f5es (EST\u00c1GIOS)"},"content":{"rendered":"<p style=\"text-align: center\">ESCALA DE PLANT\u00d5ES NOVEMBRO<\/p>\n<p><a href=\"https:\/\/wp.ufpel.edu.br\/hcv\/files\/2018\/10\/escala-novembro.png\"><img class=\"aligncenter size-full wp-image-1163\" src=\"https:\/\/wp.ufpel.edu.br\/hcv\/files\/2018\/10\/escala-novembro.png\" alt=\"\" width=\"893\" height=\"529\" srcset=\"https:\/\/wp.ufpel.edu.br\/hcv\/files\/2018\/10\/escala-novembro.png 893w, https:\/\/wp.ufpel.edu.br\/hcv\/files\/2018\/10\/escala-novembro-400x237.png 400w, https:\/\/wp.ufpel.edu.br\/hcv\/files\/2018\/10\/escala-novembro-768x455.png 768w\" sizes=\"(max-width: 893px) 100vw, 893px\" \/><\/a><\/p>\n<p style=\"text-align: center\">ESCALA DE PLANT\u00d5ES OUTUBRO<\/p>\n<p><a href=\"https:\/\/wp.ufpel.edu.br\/hcv\/files\/2018\/10\/thumbnail_FB_IMG_1539085584842.jpg\"><img class=\"aligncenter size-full wp-image-1157\" src=\"https:\/\/wp.ufpel.edu.br\/hcv\/files\/2018\/10\/thumbnail_FB_IMG_1539085584842.jpg\" alt=\"\" width=\"720\" height=\"422\" srcset=\"https:\/\/wp.ufpel.edu.br\/hcv\/files\/2018\/10\/thumbnail_FB_IMG_1539085584842.jpg 720w, https:\/\/wp.ufpel.edu.br\/hcv\/files\/2018\/10\/thumbnail_FB_IMG_1539085584842-400x234.jpg 400w\" sizes=\"(max-width: 720px) 100vw, 720px\" \/><\/a><\/p>\n<p style=\"text-align: center\">ESCALA DE PLANT\u00d5ES SETEMBRO<a href=\"https:\/\/wp.ufpel.edu.br\/hcv\/files\/2018\/09\/IMG-20180828-WA0010-1.jpg\"><img class=\"aligncenter size-full wp-image-1147\" src=\"https:\/\/wp.ufpel.edu.br\/hcv\/files\/2018\/09\/IMG-20180828-WA0010-1.jpg\" alt=\"\" width=\"974\" height=\"636\" srcset=\"https:\/\/wp.ufpel.edu.br\/hcv\/files\/2018\/09\/IMG-20180828-WA0010-1.jpg 974w, https:\/\/wp.ufpel.edu.br\/hcv\/files\/2018\/09\/IMG-20180828-WA0010-1-400x261.jpg 400w, https:\/\/wp.ufpel.edu.br\/hcv\/files\/2018\/09\/IMG-20180828-WA0010-1-768x501.jpg 768w\" sizes=\"(max-width: 974px) 100vw, 974px\" \/><\/a><a href=\"https:\/\/wp.ufpel.edu.br\/hcv\/files\/2018\/07\/Slide1.jpg\"><img class=\"aligncenter size-full wp-image-1125\" src=\"https:\/\/wp.ufpel.edu.br\/hcv\/files\/2018\/07\/Slide1.jpg\" alt=\"\" width=\"1280\" height=\"720\" srcset=\"https:\/\/wp.ufpel.edu.br\/hcv\/files\/2018\/07\/Slide1.jpg 1280w, https:\/\/wp.ufpel.edu.br\/hcv\/files\/2018\/07\/Slide1-400x225.jpg 400w, https:\/\/wp.ufpel.edu.br\/hcv\/files\/2018\/07\/Slide1-768x432.jpg 768w, https:\/\/wp.ufpel.edu.br\/hcv\/files\/2018\/07\/Slide1-1024x576.jpg 1024w\" sizes=\"(max-width: 1280px) 100vw, 1280px\" \/><\/a> <a href=\"https:\/\/wp.ufpel.edu.br\/hcv\/files\/2018\/07\/Slide2.jpg\"><img class=\"aligncenter size-full wp-image-1126\" src=\"https:\/\/wp.ufpel.edu.br\/hcv\/files\/2018\/07\/Slide2.jpg\" alt=\"\" width=\"1280\" height=\"720\" srcset=\"https:\/\/wp.ufpel.edu.br\/hcv\/files\/2018\/07\/Slide2.jpg 1280w, https:\/\/wp.ufpel.edu.br\/hcv\/files\/2018\/07\/Slide2-400x225.jpg 400w, https:\/\/wp.ufpel.edu.br\/hcv\/files\/2018\/07\/Slide2-768x432.jpg 768w, https:\/\/wp.ufpel.edu.br\/hcv\/files\/2018\/07\/Slide2-1024x576.jpg 1024w\" sizes=\"(max-width: 1280px) 100vw, 1280px\" \/><\/a><\/p>\n","protected":false},"excerpt":{"rendered":"<p>ESCALA DE PLANT\u00d5ES NOVEMBRO ESCALA DE PLANT\u00d5ES OUTUBRO ESCALA DE PLANT\u00d5ES SETEMBRO<\/p>\n","protected":false},"author":22,"featured_media":0,"parent":0,"menu_order":14,"comment_status":"closed","ping_status":"closed","template":"","meta":{"footnotes":""},"class_list":["post-1123","page","type-page","status-publish","hentry"],"_links":{"self":[{"href":"https:\/\/wp.ufpel.edu.br\/hcv\/wp-json\/wp\/v2\/pages\/1123","targetHints":{"allow":["GET"]}}],"collection":[{"href":"https:\/\/wp.ufpel.edu.br\/hcv\/wp-json\/wp\/v2\/pages"}],"about":[{"href":"https:\/\/wp.ufpel.edu.br\/hcv\/wp-json\/wp\/v2\/types\/page"}],"author":[{"embeddable":true,"href":"https:\/\/wp.ufpel.edu.br\/hcv\/wp-json\/wp\/v2\/users\/22"}],"replies":[{"embeddable":true,"href":"https:\/\/wp.ufpel.edu.br\/hcv\/wp-json\/wp\/v2\/comments?post=1123"}],"version-history":[{"count":6,"href":"https:\/\/wp.ufpel.edu.br\/hcv\/wp-json\/wp\/v2\/pages\/1123\/revisions"}],"predecessor-version":[{"id":1341,"href":"https:\/\/wp.ufpel.edu.br\/hcv\/wp-json\/wp\/v2\/pages\/1123\/revisions\/1341"}],"wp:attachment":[{"href":"https:\/\/wp.ufpel.edu.br\/hcv\/wp-json\/wp\/v2\/media?parent=1123"}],"curies":[{"name":"wp","href":"https:\/\/api.w.org\/{rel}","templated":true}]}}