{"id":10,"date":"2008-06-03T12:06:35","date_gmt":"2008-06-03T15:06:35","guid":{"rendered":"http:\/\/www.ufpel.edu.br\/fvet\/hcv\/?page_id=4"},"modified":"2016-11-24T16:12:44","modified_gmt":"2016-11-24T18:12:44","slug":"projetos","status":"publish","type":"page","link":"https:\/\/wp.ufpel.edu.br\/hcv\/projetos\/","title":{"rendered":"Projetos"},"content":{"rendered":"<p><a href=\"https:\/\/wp.ufpel.edu.br\/hcv\/files\/2008\/06\/Imagem2.png\"><img class=\"aligncenter wp-image-572 size-full\" src=\"https:\/\/wp.ufpel.edu.br\/hcv\/files\/2008\/06\/Imagem2.png\" alt=\"imagem2\" width=\"2000\" height=\"171\" srcset=\"https:\/\/wp.ufpel.edu.br\/hcv\/files\/2008\/06\/Imagem2.png 2000w, https:\/\/wp.ufpel.edu.br\/hcv\/files\/2008\/06\/Imagem2-212x18.png 212w, https:\/\/wp.ufpel.edu.br\/hcv\/files\/2008\/06\/Imagem2-424x36.png 424w, https:\/\/wp.ufpel.edu.br\/hcv\/files\/2008\/06\/Imagem2-768x66.png 768w\" sizes=\"(max-width: 2000px) 100vw, 2000px\" \/><\/a><\/p>\n<p>-EDITAL PARA SELE\u00c7\u00c3O DE PROJETOS DE ENSINO, EXTENS\u00c3O E PESQUISA REALIZADOS OU QUE TENHAM ENVOLVIMENTO DO HOSPITAL DE CL\u00cdNCAS VETERIN\u00c1RIA-HCV<\/p>\n<p>Clique no link e confira o edital:\u00a0<a href=\"https:\/\/wp.ufpel.edu.br\/hcv\/files\/2008\/06\/Edital-para-Sele\u00e7ao-Projetos-realizados-ou-com-envolvimento-do-HCV-Ago-2016-2.pdf\">edital-para-selecao-projetos-realizados-ou-com-envolvimento-do-hcv-ago-2016-2<\/a><\/p>\n","protected":false},"excerpt":{"rendered":"<p>-EDITAL PARA SELE\u00c7\u00c3O DE PROJETOS DE ENSINO, EXTENS\u00c3O E PESQUISA REALIZADOS OU QUE TENHAM ENVOLVIMENTO DO HOSPITAL DE CL\u00cdNCAS VETERIN\u00c1RIA-HCV Clique no link e confira o edital:\u00a0edital-para-selecao-projetos-realizados-ou-com-envolvimento-do-hcv-ago-2016-2<\/p>\n","protected":false},"author":4,"featured_media":0,"parent":0,"menu_order":0,"comment_status":"closed","ping_status":"closed","template":"","meta":{"footnotes":""},"class_list":["post-10","page","type-page","status-publish","hentry"],"_links":{"self":[{"href":"https:\/\/wp.ufpel.edu.br\/hcv\/wp-json\/wp\/v2\/pages\/10","targetHints":{"allow":["GET"]}}],"collection":[{"href":"https:\/\/wp.ufpel.edu.br\/hcv\/wp-json\/wp\/v2\/pages"}],"about":[{"href":"https:\/\/wp.ufpel.edu.br\/hcv\/wp-json\/wp\/v2\/types\/page"}],"author":[{"embeddable":true,"href":"https:\/\/wp.ufpel.edu.br\/hcv\/wp-json\/wp\/v2\/users\/4"}],"replies":[{"embeddable":true,"href":"https:\/\/wp.ufpel.edu.br\/hcv\/wp-json\/wp\/v2\/comments?post=10"}],"version-history":[{"count":4,"href":"https:\/\/wp.ufpel.edu.br\/hcv\/wp-json\/wp\/v2\/pages\/10\/revisions"}],"predecessor-version":[{"id":574,"href":"https:\/\/wp.ufpel.edu.br\/hcv\/wp-json\/wp\/v2\/pages\/10\/revisions\/574"}],"wp:attachment":[{"href":"https:\/\/wp.ufpel.edu.br\/hcv\/wp-json\/wp\/v2\/media?parent=10"}],"curies":[{"name":"wp","href":"https:\/\/api.w.org\/{rel}","templated":true}]}}