{"id":32,"date":"2014-05-04T23:40:33","date_gmt":"2014-05-05T02:40:33","guid":{"rendered":"https:\/\/wp.ufpel.edu.br\/gtlt\/?page_id=32"},"modified":"2015-12-19T00:00:25","modified_gmt":"2015-12-19T02:00:25","slug":"relatorios-de-atividade","status":"publish","type":"page","link":"https:\/\/wp.ufpel.edu.br\/gtlt\/relatorios-de-atividade\/","title":{"rendered":"Relat\u00f3rios de Atividade"},"content":{"rendered":"<p><img decoding=\"async\" title=\"PDF\" src=\"http:\/\/anpoll.org.br\/gt\/a-mulher-na-literatura\/wp-content\/uploads\/sites\/2\/2013\/02\/pdf_button.png\" alt=\"PDF\" \/>\u00a0<a href=\"http:\/\/anpoll.org.br\/gt\/linguagem-e-tecnologias\/wp-content\/uploads\/sites\/25\/2013\/03\/Relat\u00f3rio-GT-Lingtec2010-212.docx\" target=\"blank\">Relat\u00f3rio de Atividade 2010-2012 <\/a><\/p>\n<p><a href=\"https:\/\/wp.ufpel.edu.br\/gtlt\/files\/2014\/05\/excel.png\"><img loading=\"lazy\" decoding=\"async\" class=\" wp-image-63 alignnone\" src=\"https:\/\/wp.ufpel.edu.br\/gtlt\/files\/2014\/05\/excel.png\" alt=\"excel\" width=\"15\" height=\"15\" srcset=\"https:\/\/wp.ufpel.edu.br\/gtlt\/files\/2014\/05\/excel.png 204w, https:\/\/wp.ufpel.edu.br\/gtlt\/files\/2014\/05\/excel-150x150.png 150w\" sizes=\"auto, (max-width: 15px) 100vw, 15px\" \/><\/a><a href=\"https:\/\/wp.ufpel.edu.br\/gtlt\/files\/2014\/05\/Teses-e-disserta\u00e7\u00f5es-2000-2010-GT-ANPOLL.xlsx\" target=\"_blank\"> Levantamento de Teses e Disserta\u00e7\u00f5es sobre Linguagem e Tecnologias produzidas em PPG de Letras\/Lingu\u00edstica entre 2000 e 2010<\/a><\/p>\n","protected":false},"excerpt":{"rendered":"<p>\u00a0Relat\u00f3rio de Atividade 2010-2012 Levantamento de Teses e Disserta\u00e7\u00f5es sobre Linguagem e Tecnologias produzidas em PPG de Letras\/Lingu\u00edstica entre 2000 e 2010<\/p>\n","protected":false},"author":257,"featured_media":0,"parent":0,"menu_order":0,"comment_status":"closed","ping_status":"closed","template":"","meta":{"footnotes":""},"class_list":["post-32","page","type-page","status-publish","hentry"],"jetpack_sharing_enabled":true,"_links":{"self":[{"href":"https:\/\/wp.ufpel.edu.br\/gtlt\/wp-json\/wp\/v2\/pages\/32","targetHints":{"allow":["GET"]}}],"collection":[{"href":"https:\/\/wp.ufpel.edu.br\/gtlt\/wp-json\/wp\/v2\/pages"}],"about":[{"href":"https:\/\/wp.ufpel.edu.br\/gtlt\/wp-json\/wp\/v2\/types\/page"}],"author":[{"embeddable":true,"href":"https:\/\/wp.ufpel.edu.br\/gtlt\/wp-json\/wp\/v2\/users\/257"}],"replies":[{"embeddable":true,"href":"https:\/\/wp.ufpel.edu.br\/gtlt\/wp-json\/wp\/v2\/comments?post=32"}],"version-history":[{"count":3,"href":"https:\/\/wp.ufpel.edu.br\/gtlt\/wp-json\/wp\/v2\/pages\/32\/revisions"}],"predecessor-version":[{"id":64,"href":"https:\/\/wp.ufpel.edu.br\/gtlt\/wp-json\/wp\/v2\/pages\/32\/revisions\/64"}],"wp:attachment":[{"href":"https:\/\/wp.ufpel.edu.br\/gtlt\/wp-json\/wp\/v2\/media?parent=32"}],"curies":[{"name":"wp","href":"https:\/\/api.w.org\/{rel}","templated":true}]}}