{"id":61,"date":"2021-05-20T17:33:37","date_gmt":"2021-05-20T20:33:37","guid":{"rendered":"https:\/\/wp.ufpel.edu.br\/gthistoriaculturalrs\/?page_id=61"},"modified":"2021-05-20T17:36:59","modified_gmt":"2021-05-20T20:36:59","slug":"links","status":"publish","type":"page","link":"https:\/\/wp.ufpel.edu.br\/gthistoriaculturalrs\/links\/","title":{"rendered":"Links"},"content":{"rendered":"<p style=\"text-align: center\"><strong>GT Hist\u00f3ria Cultural no Facebook<\/strong><\/p>\n<p style=\"text-align: center\"><a href=\"http:\/\/www.facebook.com\/gthistoriaculturalrs\">www.facebook.com\/gthistoriaculturalrs<\/a><\/p>\n<p style=\"text-align: center\"><strong>Grupo de mensagens do GT Hist\u00f3ria Cultural RS<\/strong><\/p>\n<p style=\"text-align: center\"><a href=\"https:\/\/groups.google.com\/forum\/?hl=pt-BR#!forum\/gthc-rs\">groups.google.com\/forum\/?hl=pt-BR#!forum\/gthc-rs<\/a><\/p>\n<p style=\"text-align: center\"><strong>Associa\u00e7\u00e3o Nacional de Hist\u00f3ria \u2013 Se\u00e7\u00e3o Rio Grande do Sul<\/strong><\/p>\n<p style=\"text-align: center\"><a href=\"http:\/\/www.anpuh-rs.org.br\/\">www.anpuh-rs.org.br<\/a><\/p>\n<p style=\"text-align: center\"><strong>Associa\u00e7\u00e3o Nacional de Hist\u00f3ria<\/strong><\/p>\n<p style=\"text-align: center\"><a href=\"http:\/\/www.anpuh.org\/\">www.anpuh.org<\/a><\/p>\n<p style=\"text-align: center\"><strong>Grupo de Trabalho Nacional de Hist\u00f3ria Cultural<\/strong><\/p>\n<p style=\"text-align: center\"><a href=\"http:\/\/gthistoriacultural.com.br\/\">gthistoriacultural.com.br<\/a><\/p>\n<p style=\"text-align: center\"><strong>Association pour le D\u00e9veloppement de l&#8217;Histoire Culturelle \u2013 ADHC<\/strong><\/p>\n<p style=\"text-align: center\"><a href=\"http:\/\/www.adhc.asso.fr\/\">www.adhc.asso.fr<\/a><\/p>\n<p style=\"text-align: center\"><strong>Arquivo P\u00fablico do Estado do Rio Grande do Sul<\/strong><\/p>\n<p style=\"text-align: center\"><a href=\"https:\/\/www.apers.rs.gov.br\/inicial\">https:\/\/www.apers.rs.gov.br<\/a><\/p>\n<p style=\"text-align: center\"><strong>Memorial do Rio Grande do Sul<\/strong><\/p>\n<p style=\"text-align: center\"><a href=\"https:\/\/cultura.rs.gov.br\/memorial-rgs\">https:\/\/cultura.rs.gov.br\/memorial-rgs<\/a><\/p>\n<p style=\"text-align: center\"><strong>Museu de Arte do Rio Grande do Sul<\/strong><\/p>\n<p style=\"text-align: center\"><a href=\"http:\/\/www.margs.rs.gov.br\/\">www.margs.rs.gov.br<\/a><\/p>\n<p style=\"text-align: center\"><strong>Museu J\u00falio de Castilhos<\/strong><\/p>\n<p style=\"text-align: center\"><a href=\"http:\/\/www.museujuliodecastilhos.rs.gov.br\/\">www.museujuliodecastilhos.rs.gov.br<\/a><\/p>\n<p style=\"text-align: center\">\n","protected":false},"excerpt":{"rendered":"<p>GT Hist\u00f3ria Cultural no Facebook www.facebook.com\/gthistoriaculturalrs Grupo de mensagens do GT Hist\u00f3ria Cultural RS groups.google.com\/forum\/?hl=pt-BR#!forum\/gthc-rs Associa\u00e7\u00e3o Nacional de Hist\u00f3ria \u2013 Se\u00e7\u00e3o Rio Grande do Sul www.anpuh-rs.org.br Associa\u00e7\u00e3o Nacional de Hist\u00f3ria www.anpuh.org Grupo de Trabalho Nacional de Hist\u00f3ria Cultural gthistoriacultural.com.br Association pour le D\u00e9veloppement de l&#8217;Histoire Culturelle \u2013 ADHC www.adhc.asso.fr Arquivo P\u00fablico do Estado do Rio&hellip;<\/p>\n","protected":false},"author":1069,"featured_media":0,"parent":0,"menu_order":0,"comment_status":"closed","ping_status":"closed","template":"","meta":{"footnotes":""},"class_list":["post-61","page","type-page","status-publish","hentry"],"_links":{"self":[{"href":"https:\/\/wp.ufpel.edu.br\/gthistoriaculturalrs\/wp-json\/wp\/v2\/pages\/61","targetHints":{"allow":["GET"]}}],"collection":[{"href":"https:\/\/wp.ufpel.edu.br\/gthistoriaculturalrs\/wp-json\/wp\/v2\/pages"}],"about":[{"href":"https:\/\/wp.ufpel.edu.br\/gthistoriaculturalrs\/wp-json\/wp\/v2\/types\/page"}],"author":[{"embeddable":true,"href":"https:\/\/wp.ufpel.edu.br\/gthistoriaculturalrs\/wp-json\/wp\/v2\/users\/1069"}],"replies":[{"embeddable":true,"href":"https:\/\/wp.ufpel.edu.br\/gthistoriaculturalrs\/wp-json\/wp\/v2\/comments?post=61"}],"version-history":[{"count":4,"href":"https:\/\/wp.ufpel.edu.br\/gthistoriaculturalrs\/wp-json\/wp\/v2\/pages\/61\/revisions"}],"predecessor-version":[{"id":69,"href":"https:\/\/wp.ufpel.edu.br\/gthistoriaculturalrs\/wp-json\/wp\/v2\/pages\/61\/revisions\/69"}],"wp:attachment":[{"href":"https:\/\/wp.ufpel.edu.br\/gthistoriaculturalrs\/wp-json\/wp\/v2\/media?parent=61"}],"curies":[{"name":"wp","href":"https:\/\/api.w.org\/{rel}","templated":true}]}}