{"id":53,"date":"2021-05-20T17:22:40","date_gmt":"2021-05-20T20:22:40","guid":{"rendered":"https:\/\/wp.ufpel.edu.br\/gthistoriaculturalrs\/?page_id=53"},"modified":"2021-05-23T19:44:03","modified_gmt":"2021-05-23T22:44:03","slug":"parceiros","status":"publish","type":"page","link":"https:\/\/wp.ufpel.edu.br\/gthistoriaculturalrs\/parceiros\/","title":{"rendered":"Parceiros"},"content":{"rendered":"<p><strong>\u00a0<\/strong><strong><img loading=\"lazy\" decoding=\"async\" class=\"alignnone wp-image-57 aligncenter\" src=\"https:\/\/wp.ufpel.edu.br\/gthistoriaculturalrs\/files\/2021\/05\/menu-gt-nacional-de-historia-400x90.png\" alt=\"\" width=\"427\" height=\"96\" srcset=\"https:\/\/wp.ufpel.edu.br\/gthistoriaculturalrs\/files\/2021\/05\/menu-gt-nacional-de-historia-400x90.png 400w, https:\/\/wp.ufpel.edu.br\/gthistoriaculturalrs\/files\/2021\/05\/menu-gt-nacional-de-historia-768x172.png 768w, https:\/\/wp.ufpel.edu.br\/gthistoriaculturalrs\/files\/2021\/05\/menu-gt-nacional-de-historia.png 940w\" sizes=\"auto, (max-width: 427px) 100vw, 427px\" \/><\/strong><\/p>\n<p style=\"text-align: center\"><a href=\"http:\/\/gthistoriacultural.com.br\/\">http:\/\/gthistoriacultural.com.br<\/a><\/p>\n<p style=\"text-align: justify\">Desde a d\u00e9cada de 1990 diversos pesquisadores vinham se articulando em grupos de trabalho voltados para a Hist\u00f3ria Cultural. Estimulados pela Associa\u00e7\u00e3o Nacional de Historiadores \u2013 ANPUH \u2013 esses coletivos dispersos passaram a se reunir fundando, em 2000, o Grupo de Trabalho Nacional de Hist\u00f3ria Cultural. A sua cria\u00e7\u00e3o cumpriu estritamente as normas estabelecidas pela ANPUH Nacional, isto \u00e9, a de que fosse constitu\u00eddo pela iniciativa de dois\u00a0GTs\u00a0de diferentes N\u00facleos Regionais (GT de Hist\u00f3ria Cultural da ANPUH-RS \u2013 criado em 1998 \u2013 e o GT de Hist\u00f3ria e Linguagens da ANPUH-MG \u2013 criado em 2000). Esta iniciativa deu-se em setembro de 2000, na Universidade Federal do Rio Grande do Sul (UFRGS), em evento organizado pelo GT\u2013RS de Hist\u00f3ria Cultural. Nesta ocasi\u00e3o, em Assembleia, foi criado o GT Nacional de Hist\u00f3ria Cultural, sendo eleita como Coordenadora do GT a Prof.\u00aa Sandra\u00a0Pesavento, que deu in\u00edcio aos tr\u00e2mites junto a ANPUH Nacional, com vistas \u00e0 formaliza\u00e7\u00e3o do GT. Atualmente, Ros\u00e2ngela Patriota Ramos, professora da Universidade Federal de Uberl\u00e2ndia (UFU), \u00e9 a coordenadora do GT Nacional de Hist\u00f3ria Cultural.<\/p>\n<p>&nbsp;<\/p>\n<p><strong><img loading=\"lazy\" decoding=\"async\" class=\" wp-image-55 aligncenter\" src=\"https:\/\/wp.ufpel.edu.br\/gthistoriaculturalrs\/files\/2021\/05\/Logo100anosNome2-400x278.png\" alt=\"\" width=\"368\" height=\"256\" srcset=\"https:\/\/wp.ufpel.edu.br\/gthistoriaculturalrs\/files\/2021\/05\/Logo100anosNome2-400x278.png 400w, https:\/\/wp.ufpel.edu.br\/gthistoriaculturalrs\/files\/2021\/05\/Logo100anosNome2-1024x713.png 1024w, https:\/\/wp.ufpel.edu.br\/gthistoriaculturalrs\/files\/2021\/05\/Logo100anosNome2-768x535.png 768w, https:\/\/wp.ufpel.edu.br\/gthistoriaculturalrs\/files\/2021\/05\/Logo100anosNome2-1536x1069.png 1536w, https:\/\/wp.ufpel.edu.br\/gthistoriaculturalrs\/files\/2021\/05\/Logo100anosNome2-2048x1425.png 2048w\" sizes=\"auto, (max-width: 368px) 100vw, 368px\" \/><\/strong><\/p>\n<p style=\"text-align: center\"><a href=\"https:\/\/www.ihgrgs.org.br\/\">https:\/\/www.ihgrgs.org.br\/<\/a><\/p>\n<p style=\"text-align: justify\">O Instituto Hist\u00f3rico e Geogr\u00e1fico do Rio Grande do Sul (IHGRGS) \u00e9 uma institui\u00e7\u00e3o privada sem fins lucrativos, fundada a 05 de agosto de 1920 por Octavio Augusto de Faria, capit\u00e3o Manoel Joaquim de Faria Corr\u00eaa, tenente Em\u00edlio Fernandes de Souza Docca, Afonso Aur\u00e9lio Porto e o Pe. Jo\u00e3o Batista Hafkemeyer, juntamente com o Desembargador Flor\u00eancio de Abreu e o apoio decisivo do Governador Borges de Medeiros.<\/p>\n<p style=\"text-align: justify\">O IHGRGS tem por finalidade promover estudos e investiga\u00e7\u00f5es sobre Hist\u00f3ria, Geografia, Arqueologia, Filologia, Antropologia e campos correlatos de conhecimento, principalmente centrados no Rio Grande do Sul. Preserva a mem\u00f3ria rio-grandense atrav\u00e9s de fundos documentais e acervos bibliogr\u00e1ficos que servem, tamb\u00e9m, para embasar as investiga\u00e7\u00f5es e a constru\u00e7\u00e3o de massa cr\u00edtica sobre seu objeto de trabalho.<\/p>\n<p style=\"text-align: justify\"><strong>\u00a0<\/strong><em>ACERVO SANDRA JATAHY PESAVENTO<\/em><\/p>\n<p style=\"text-align: justify\"><strong>\u00a0<\/strong>O Acervo de Sandra Jatahy Pesavento (SJP) est\u00e1 sob cust\u00f3dia do IHGRGS desde final de 2014, por doa\u00e7\u00e3o da fam\u00edlia Pesavento, encontrando-se em fase final de organiza\u00e7\u00e3o. A Curadoria do acervo est\u00e1 a cargo da historiadora Dra N\u00e1dia Maria Weber Santos desde mar\u00e7o de 2015. O material do acervo est\u00e1 aberto para consultas a pesquisadores da \u00e1rea de Hist\u00f3ria e afins, que podem ser feitas nas 3\u00aas e 5\u00aas feiras, das 14 \u00e0s 18h, sob agendamento pr\u00e9vio, escrevendo um e-mail [contendo proposta de consulta e tem\u00e1tica] para acervosjp@gmail.com.<\/p>\n<p>&nbsp;<\/p>\n<p><img loading=\"lazy\" decoding=\"async\" class=\"size-medium wp-image-56 aligncenter\" src=\"https:\/\/wp.ufpel.edu.br\/gthistoriaculturalrs\/files\/2021\/05\/logo-horizontal-2-400x111.png\" alt=\"\" width=\"400\" height=\"111\" srcset=\"https:\/\/wp.ufpel.edu.br\/gthistoriaculturalrs\/files\/2021\/05\/logo-horizontal-2-400x111.png 400w, https:\/\/wp.ufpel.edu.br\/gthistoriaculturalrs\/files\/2021\/05\/logo-horizontal-2.png 435w\" sizes=\"auto, (max-width: 400px) 100vw, 400px\" \/><\/p>\n<p style=\"text-align: center\"><a href=\"http:\/\/www.camaradolivro.com.br\/\">www.camaradolivro.com.br<\/a><\/p>\n<p style=\"text-align: justify\">A C\u00e2mara Rio-Grandense do Livro (CRL) \u00e9 uma sociedade civil sem fins lucrativos que representa os interesses do setor editorial ga\u00facho. A entidade, que atua de forma totalmente independente, tem como principal finalidade unir todos os que trabalham pelo livro, promovendo sua defesa e fomento, a difus\u00e3o do gosto da leitura, a forma\u00e7\u00e3o de novos leitores e o desenvolvimento da economia livreira e da cultura ga\u00facha.\u00a0\u00a0Atualmente, a CRL conta com 164 associados, todos com sede no Rio Grande do Sul, entre editores, distribuidores de livros, livreiros e\u00a0creditistas, assim como outras institui\u00e7\u00f5es que se dedicam \u00e0 produ\u00e7\u00e3o e comercializa\u00e7\u00e3o do livro.\u00a0\u00a0A entidade realiza, anualmente, a Feira do Livro de Porto Alegre e a Semana do Livro. Al\u00e9m disso, promove\u00a0atividades de forma\u00e7\u00e3o para professores, bibliotec\u00e1rios\u00a0e outros mediadores da leitura, desenvolve programas de leitura que viabilizam encontros, em escolas, entre escritores e alunos, e ainda presta assessoria aos organizadores de feiras de livros do Estado.<\/p>\n<p>&nbsp;<\/p>\n<p><img loading=\"lazy\" decoding=\"async\" class=\"wp-image-59 aligncenter\" src=\"https:\/\/wp.ufpel.edu.br\/gthistoriaculturalrs\/files\/2021\/05\/pageHeaderLogoImage_pt_BR-400x41.png\" alt=\"\" width=\"537\" height=\"55\" srcset=\"https:\/\/wp.ufpel.edu.br\/gthistoriaculturalrs\/files\/2021\/05\/pageHeaderLogoImage_pt_BR-400x41.png 400w, https:\/\/wp.ufpel.edu.br\/gthistoriaculturalrs\/files\/2021\/05\/pageHeaderLogoImage_pt_BR-768x78.png 768w, https:\/\/wp.ufpel.edu.br\/gthistoriaculturalrs\/files\/2021\/05\/pageHeaderLogoImage_pt_BR.png 805w\" sizes=\"auto, (max-width: 537px) 100vw, 537px\" \/><\/p>\n<p style=\"text-align: center\"><a href=\"http:\/\/www.revistafenix.pro.br\/\">www.revistafenix.pro.br<\/a><\/p>\n<p style=\"text-align: justify\">O N\u00facleo de Estudos em Hist\u00f3ria Social da Arte e da Cultura (NEHAC), da Universidade Federal de Uberl\u00e2ndia, completou, em 2004, dez anos de exist\u00eancia. Ao longo desse per\u00edodo, o NEHAC fomentou pesquisas voltadas para o estudo das rela\u00e7\u00f5es existentes entre Hist\u00f3ria e Linguagens Art\u00edsticas, especialmente no que se refere \u00e0s interlocu\u00e7\u00f5es com Teatro, Cinema, Literatura e M\u00fasica. Nesse sentido, desenvolveu trabalhos ao n\u00edvel de monografias de conclus\u00e3o de curso, inicia\u00e7\u00e3o cient\u00edfica, mestrado que, integrados aos projetos dos professores Rosangela Patriota e Alcides Freire Ramos, t\u00eam contribu\u00eddo tanto para a forma\u00e7\u00e3o de profissionais da \u00e1rea de Hist\u00f3ria, quanto com oportunas reflex\u00f5es sobre o Brasil Contempor\u00e2neo sob o olhar da Hist\u00f3ria Cultural.\u00a0\u00a0As expectativas do NEHAC, por\u00e9m, n\u00e3o se restringiram somente \u00e0 produ\u00e7\u00e3o de conhecimento. Pelo contr\u00e1rio, esse grupo de pesquisa participa ativamente de congressos cient\u00edficos e desenvolve uma produ\u00e7\u00e3o bibliogr\u00e1fica com o objetivo de tornar p\u00fablicas essas investiga\u00e7\u00f5es. Como resultado dessa empreitada, al\u00e9m de publica\u00e7\u00f5es especializadas, o N\u00facleo de Estudos em Hist\u00f3ria Social da Arte e da Cultura assina uma coluna semanal \u2013 NEHAC \u2013 no Caderno Revista, do jornal Correio, de Uberl\u00e2ndia, al\u00e9m de contribuir, quinzenalmente, no mesmo peri\u00f3dico, com a coluna de cinema intitulada Script\u00a0Tease. Ambas podem ser acessadas pelo site http:\/\/www.jornalcorreio.com.br. Como desdobramento dessas propostas que visam divulgar a produ\u00e7\u00e3o acad\u00eamica de seus integrantes, assim como estabelecer e estimular um instigante debate intelectual com colegas de distintas \u00e1reas das humanidades, o NEHAC criou a F\u00eanix \u2013 Revista de Hist\u00f3ria e Estudos Culturais. Esta publica\u00e7\u00e3o eletr\u00f4nica tem o objetivo de dinamizar a circula\u00e7\u00e3o de ideias, permitindo um acesso \u00e1gil, amplo e gratuito a todos que se interessem pelas tem\u00e1ticas que ser\u00e3o aqui veiculadas.<\/p>\n<p>&nbsp;<\/p>\n<p><img loading=\"lazy\" decoding=\"async\" class=\"wp-image-58 aligncenter\" src=\"https:\/\/wp.ufpel.edu.br\/gthistoriaculturalrs\/files\/2021\/05\/pageHeaderLogoImage_pt_BR-1-400x98.png\" alt=\"\" width=\"461\" height=\"113\" srcset=\"https:\/\/wp.ufpel.edu.br\/gthistoriaculturalrs\/files\/2021\/05\/pageHeaderLogoImage_pt_BR-1-400x98.png 400w, https:\/\/wp.ufpel.edu.br\/gthistoriaculturalrs\/files\/2021\/05\/pageHeaderLogoImage_pt_BR-1.png 563w\" sizes=\"auto, (max-width: 461px) 100vw, 461px\" \/><\/p>\n<p style=\"text-align: center\"><a href=\"http:\/\/revistas.unisinos.br\/rla\/index.php\/rla\/index\">http:\/\/revistas.unisinos.br\/rla\/index.php\/rla\/index<\/a><\/p>\n<p style=\"text-align: justify\">Revista Latino-Americana de Hist\u00f3ria (ISSN 2238-0620) \u00e9 uma revista eletr\u00f4nica organizada e administrada por discentes p\u00f3s-graduandos em Hist\u00f3ria da Universidade do Vale do Rio dos Sinos, UNISINOS. Com periodicidade semestral, \u00e9 dedicada \u00e0 hist\u00f3ria latino-americana vista a partir de uma perspectiva multidisciplinar. Em car\u00e1ter binacional, tem como unidades associadas o Programa de P\u00f3s-Gradua\u00e7\u00e3o em Hist\u00f3ria (PPGH) da Universidade do Vale do Rio dos Sinos (UNISINOS, Brasil) e o Centro de\u00a0Estudios\u00a0Sociales\u00a0de Am\u00e9rica Latina (CESAL) da\u00a0Universidad\u00a0Nacional\u00a0del\u00a0Centro de\u00a0la\u00a0Prov\u00edncia de Buenos Aires (UNICEN, Argentina). Al\u00e9m de buscar o di\u00e1logo intelectual mediante a publica\u00e7\u00e3o de trabalhos acad\u00eamicos voltados ao tema da hist\u00f3ria\u00a0latino\u2013americana, a revista proporciona o interc\u00e2mbio e o debate entre os pesquisadores da \u00e1rea de seu enfoque tem\u00e1tico. Voltada para p\u00f3s-graduandos stricto sensu da comunidade acad\u00eamica nacional e internacional, a Revista Latino-Americana de Hist\u00f3ria tamb\u00e9m se constitui num ve\u00edculo \u00e1gil para a divulga\u00e7\u00e3o da produ\u00e7\u00e3o recente de pesquisas, pr\u00e1ticas de ensino e escritos em geral sobre a hist\u00f3ria do continente. Com esses objetivos,\u00a0recebe\u00a0para publica\u00e7\u00e3o, submetidos aos pareceres, trabalhos nos formatos de artigos, informes parciais de pesquisa, entrevistas, documentos, resenhas cr\u00edticas e s\u00ednteses de pesquisa.<\/p>\n","protected":false},"excerpt":{"rendered":"<p>\u00a0 http:\/\/gthistoriacultural.com.br Desde a d\u00e9cada de 1990 diversos pesquisadores vinham se articulando em grupos de trabalho voltados para a Hist\u00f3ria Cultural. Estimulados pela Associa\u00e7\u00e3o Nacional de Historiadores \u2013 ANPUH \u2013 esses coletivos dispersos passaram a se reunir fundando, em 2000, o Grupo de Trabalho Nacional de Hist\u00f3ria Cultural. A sua cria\u00e7\u00e3o cumpriu estritamente as normas&hellip;<\/p>\n","protected":false},"author":1069,"featured_media":0,"parent":0,"menu_order":0,"comment_status":"closed","ping_status":"closed","template":"","meta":{"footnotes":""},"class_list":["post-53","page","type-page","status-publish","hentry"],"_links":{"self":[{"href":"https:\/\/wp.ufpel.edu.br\/gthistoriaculturalrs\/wp-json\/wp\/v2\/pages\/53","targetHints":{"allow":["GET"]}}],"collection":[{"href":"https:\/\/wp.ufpel.edu.br\/gthistoriaculturalrs\/wp-json\/wp\/v2\/pages"}],"about":[{"href":"https:\/\/wp.ufpel.edu.br\/gthistoriaculturalrs\/wp-json\/wp\/v2\/types\/page"}],"author":[{"embeddable":true,"href":"https:\/\/wp.ufpel.edu.br\/gthistoriaculturalrs\/wp-json\/wp\/v2\/users\/1069"}],"replies":[{"embeddable":true,"href":"https:\/\/wp.ufpel.edu.br\/gthistoriaculturalrs\/wp-json\/wp\/v2\/comments?post=53"}],"version-history":[{"count":3,"href":"https:\/\/wp.ufpel.edu.br\/gthistoriaculturalrs\/wp-json\/wp\/v2\/pages\/53\/revisions"}],"predecessor-version":[{"id":138,"href":"https:\/\/wp.ufpel.edu.br\/gthistoriaculturalrs\/wp-json\/wp\/v2\/pages\/53\/revisions\/138"}],"wp:attachment":[{"href":"https:\/\/wp.ufpel.edu.br\/gthistoriaculturalrs\/wp-json\/wp\/v2\/media?parent=53"}],"curies":[{"name":"wp","href":"https:\/\/api.w.org\/{rel}","templated":true}]}}